{"id":307,"date":"2026-02-03T05:29:23","date_gmt":"2026-02-03T05:29:23","guid":{"rendered":"https:\/\/vsbet.spot\/?page_id=307"},"modified":"2026-02-03T05:29:23","modified_gmt":"2026-02-03T05:29:23","slug":"ve-chung-toi-vsbet","status":"publish","type":"page","link":"https:\/\/vsbet.spot\/index.php\/ve-chung-toi-vsbet\/","title":{"rendered":"V\u1ec1 Ch\u00fang T\u00f4i Vsbet"},"content":{"rendered":"<div id=\"ez-toc-container\" class=\"ez-toc-v2_0_80 counter-hierarchy ez-toc-counter ez-toc-grey ez-toc-container-direction\">\n<div class=\"ez-toc-title-container\">\n<p class=\"ez-toc-title\" style=\"cursor:inherit\">Table of Contents<\/p>\n<span class=\"ez-toc-title-toggle\"><a href=\"#\" class=\"ez-toc-pull-right ez-toc-btn ez-toc-btn-xs ez-toc-btn-default ez-toc-toggle\" aria-label=\"Toggle Table of Content\"><span class=\"ez-toc-js-icon-con\"><span class=\"\"><span class=\"eztoc-hide\" style=\"display:none;\">Toggle<\/span><span class=\"ez-toc-icon-toggle-span\"><svg style=\"fill: #999;color:#999\" xmlns=\"http:\/\/www.w3.org\/2000\/svg\" class=\"list-377408\" width=\"20px\" height=\"20px\" viewBox=\"0 0 24 24\" fill=\"none\"><path d=\"M6 6H4v2h2V6zm14 0H8v2h12V6zM4 11h2v2H4v-2zm16 0H8v2h12v-2zM4 16h2v2H4v-2zm16 0H8v2h12v-2z\" fill=\"currentColor\"><\/path><\/svg><svg style=\"fill: #999;color:#999\" class=\"arrow-unsorted-368013\" xmlns=\"http:\/\/www.w3.org\/2000\/svg\" width=\"10px\" height=\"10px\" viewBox=\"0 0 24 24\" version=\"1.2\" baseProfile=\"tiny\"><path d=\"M18.2 9.3l-6.2-6.3-6.2 6.3c-.2.2-.3.4-.3.7s.1.5.3.7c.2.2.4.3.7.3h11c.3 0 .5-.1.7-.3.2-.2.3-.5.3-.7s-.1-.5-.3-.7zM5.8 14.7l6.2 6.3 6.2-6.3c.2-.2.3-.5.3-.7s-.1-.5-.3-.7c-.2-.2-.4-.3-.7-.3h-11c-.3 0-.5.1-.7.3-.2.2-.3.5-.3.7s.1.5.3.7z\"\/><\/svg><\/span><\/span><\/span><\/a><\/span><\/div>\n<nav><ul class='ez-toc-list ez-toc-list-level-1 ' ><li class='ez-toc-page-1 ez-toc-heading-level-1'><a class=\"ez-toc-link ez-toc-heading-1\" href=\"https:\/\/vsbet.spot\/index.php\/ve-chung-toi-vsbet\/#Ve_Chung_Toi_Vsbet_%E2%80%93_Gioi_Thieu_Va_Cam_Ket_Hoat_Dong\" >V\u1ec1 Ch\u00fang T\u00f4i Vsbet \u2013 Gi\u1edbi Thi\u1ec7u V\u00e0 Cam K\u1ebft Ho\u1ea1t \u0110\u1ed9ng<\/a><ul class='ez-toc-list-level-2' ><li class='ez-toc-heading-level-2'><a class=\"ez-toc-link ez-toc-heading-2\" href=\"https:\/\/vsbet.spot\/index.php\/ve-chung-toi-vsbet\/#Tong_quan_ve_chung_toi_Vsbet\" >T\u1ed5ng quan v\u1ec1 ch\u00fang t\u00f4i Vsbet<\/a><\/li><li class='ez-toc-page-1 ez-toc-heading-level-2'><a class=\"ez-toc-link ez-toc-heading-3\" href=\"https:\/\/vsbet.spot\/index.php\/ve-chung-toi-vsbet\/#Nhung_nguyen_tac_nen_tang_dinh_huong_hoat_dong_cua_Vsbet\" >Nh\u1eefng nguy\u00ean t\u1eafc n\u1ec1n t\u1ea3ng \u0111\u1ecbnh h\u01b0\u1edbng ho\u1ea1t \u0111\u1ed9ng c\u1ee7a Vsbet<\/a><ul class='ez-toc-list-level-3' ><li class='ez-toc-heading-level-3'><a class=\"ez-toc-link ez-toc-heading-4\" href=\"https:\/\/vsbet.spot\/index.php\/ve-chung-toi-vsbet\/#Tinh_ro_rang_va_su_cong_bang_trong_van_hanh\" >T\u00ednh r\u00f5 r\u00e0ng v\u00e0 s\u1ef1 c\u00f4ng b\u1eb1ng trong v\u1eadn h\u00e0nh<\/a><\/li><li class='ez-toc-page-1 ez-toc-heading-level-3'><a class=\"ez-toc-link ez-toc-heading-5\" href=\"https:\/\/vsbet.spot\/index.php\/ve-chung-toi-vsbet\/#Bao_ve_du_lieu\" >B\u1ea3o v\u1ec7 d\u1eef li\u1ec7u<\/a><\/li><li class='ez-toc-page-1 ez-toc-heading-level-3'><a class=\"ez-toc-link ez-toc-heading-6\" href=\"https:\/\/vsbet.spot\/index.php\/ve-chung-toi-vsbet\/#Trai_nghiem_nguoi_dung_duoc_dat_lam_trong_tam\" >Tr\u1ea3i nghi\u1ec7m ng\u01b0\u1eddi d\u00f9ng \u0111\u01b0\u1ee3c \u0111\u1eb7t l\u00e0m tr\u1ecdng t\u00e2m<\/a><\/li><\/ul><\/li><li class='ez-toc-page-1 ez-toc-heading-level-2'><a class=\"ez-toc-link ez-toc-heading-7\" href=\"https:\/\/vsbet.spot\/index.php\/ve-chung-toi-vsbet\/#Nhung_dam_bao_ve_chung_toi_Vsbet_danh_cho_khach_hang\" >Nh\u1eefng \u0111\u1ea3m b\u1ea3o v\u1ec1 ch\u00fang t\u00f4i Vsbet d\u00e0nh cho kh\u00e1ch h\u00e0ng<\/a><ul class='ez-toc-list-level-3' ><li class='ez-toc-heading-level-3'><a class=\"ez-toc-link ez-toc-heading-8\" href=\"https:\/\/vsbet.spot\/index.php\/ve-chung-toi-vsbet\/#Bao_ve_quyen_rieng_tu\" >B\u1ea3o v\u1ec7 quy\u1ec1n ri\u00eang t\u01b0<\/a><\/li><li class='ez-toc-page-1 ez-toc-heading-level-3'><a class=\"ez-toc-link ez-toc-heading-9\" href=\"https:\/\/vsbet.spot\/index.php\/ve-chung-toi-vsbet\/#Thuc_hien_giao_dich_nhanh_va_ro_rang\" >Th\u1ef1c hi\u1ec7n giao d\u1ecbch nhanh v\u00e0 r\u00f5 r\u00e0ng<\/a><\/li><li class='ez-toc-page-1 ez-toc-heading-level-3'><a class=\"ez-toc-link ez-toc-heading-10\" href=\"https:\/\/vsbet.spot\/index.php\/ve-chung-toi-vsbet\/#Cham_soc_khach_hang_247\" >Ch\u0103m s\u00f3c kh\u00e1ch h\u00e0ng 24\/7<\/a><\/li><\/ul><\/li><li class='ez-toc-page-1 ez-toc-heading-level-2'><a class=\"ez-toc-link ez-toc-heading-11\" href=\"https:\/\/vsbet.spot\/index.php\/ve-chung-toi-vsbet\/#Ket_luan\" >K\u1ebft lu\u1eadn<\/a><\/li><\/ul><\/li><\/ul><\/nav><\/div>\n<h1 style=\"text-align: center;\"><span class=\"ez-toc-section\" id=\"Ve_Chung_Toi_Vsbet_%E2%80%93_Gioi_Thieu_Va_Cam_Ket_Hoat_Dong\"><\/span><b>V\u1ec1 Ch\u00fang T\u00f4i Vsbet \u2013 Gi\u1edbi Thi\u1ec7u V\u00e0 Cam K\u1ebft Ho\u1ea1t \u0110\u1ed9ng<\/b><span class=\"ez-toc-section-end\"><\/span><\/h1>\n<p><b>V\u1ec1 ch\u00fang t\u00f4i Vsbet<\/b><span style=\"font-weight: 400;\"> l\u00e0 n\u1ed9i dung gi\u00fap h\u1ed9i vi\u00ean hi\u1ec3u r\u00f5 n\u1ec1n t\u1ea3ng \u0111ang \u0111\u1ed3ng h\u00e0nh trong su\u1ed1t qu\u00e1 tr\u00ecnh gi\u1ea3i tr\u00ed tr\u1ef1c tuy\u1ebfn. Th\u01b0\u01a1ng hi\u1ec7u <a href=\"https:\/\/vsbet.spot\/\">Vsbet<\/a> x\u00e2y d\u1ef1ng h\u1ec7 th\u1ed1ng v\u1eadn h\u00e0nh d\u1ef1a tr\u00ean ti\u00eau ch\u00ed minh b\u1ea1ch, \u1ed5n \u0111\u1ecbnh v\u00e0 l\u1ea5y ng\u01b0\u1eddi d\u00f9ng l\u00e0m trung t\u00e2m. M\u1ecdi d\u1ecbch v\u1ee5 \u0111\u1ec1u \u0111\u01b0\u1ee3c ki\u1ec3m so\u00e1t b\u1eb1ng quy tr\u00ecnh r\u00f5 r\u00e0ng, c\u1eadp nh\u1eadt li\u00ean t\u1ee5c theo xu h\u01b0\u1edbng c\u00f4ng ngh\u1ec7.<\/span><\/p>\n<h2><span class=\"ez-toc-section\" id=\"Tong_quan_ve_chung_toi_Vsbet\"><\/span><b>T\u1ed5ng quan v\u1ec1 ch\u00fang t\u00f4i Vsbet<\/b><span class=\"ez-toc-section-end\"><\/span><\/h2>\n<p><span style=\"font-weight: 400;\">V\u1ec1 ch\u00fang t\u00f4i Vsbet \u0111\u01b0\u1ee3c x\u00e2y d\u1ef1ng nh\u01b0 m\u1ed9t n\u1ed9i dung minh b\u1ea1ch nh\u1eb1m gi\u00fap h\u1ed9i vi\u00ean hi\u1ec3u r\u00f5 n\u1ec1n t\u1ea3ng \u0111ang \u0111\u1ed3ng h\u00e0nh l\u00e2u d\u00e0i. H\u1ec7 th\u1ed1ng b\u1eaft \u0111\u1ea7u v\u1eadn h\u00e0nh ch\u00ednh th\u1ee9c t\u1eeb n\u0103m 2019, duy tr\u00ec ho\u1ea1t \u0111\u1ed9ng \u1ed5n \u0111\u1ecbnh su\u1ed1t h\u01a1n 1.800 ng\u00e0y li\u00ean t\u1ee5c. Trong giai \u0111o\u1ea1n \u0111\u00f3, n\u1ec1n t\u1ea3ng ph\u1ee5c v\u1ee5 trung b\u00ecnh 42.000 l\u01b0\u1ee3t truy c\u1eadp m\u1ed7i ng\u00e0y, th\u1eddi gian online li\u00ean t\u1ee5c \u0111\u1ea1t 99,96%.<\/span><\/p>\n<p><span style=\"font-weight: 400;\">M\u1ee5c ti\u00eau c\u1ed1t l\u00f5i c\u1ee7a nh\u00e0 c\u00e1i kh\u00f4ng d\u1eebng l\u1ea1i \u1edf vi\u1ec7c cung c\u1ea5p s\u1ea3n ph\u1ea9m c\u00e1 c\u01b0\u1ee3c, m\u00e0 t\u1eadp trung h\u00ecnh th\u00e0nh m\u00f4i tr\u01b0\u1eddng gi\u1ea3i tr\u00ed c\u00f3 ki\u1ec3m so\u00e1t. To\u00e0n b\u1ed9 c\u1ea5u tr\u00fac h\u1ec7 th\u1ed1ng \u0111\u01b0\u1ee3c thi\u1ebft k\u1ebf theo m\u00f4 h\u00ecnh ph\u00e2n l\u1edbp, gi\u00fap qu\u1ea3n l\u00fd hi\u1ec7u qu\u1ea3 t\u1eebng m\u1ea3ng ch\u1ee9c n\u0103ng. Ch\u00ednh c\u00e1ch v\u1eadn h\u00e0nh r\u00f5 r\u00e0ng n\u00e0y gi\u00fap Vsbet tr\u1edf th\u00e0nh ngu\u1ed3n th\u00f4ng tin tham chi\u1ebfu \u0111\u00e1ng tin c\u1eady cho h\u1ed9i vi\u00ean m\u1edbi l\u1eabn ng\u01b0\u1eddi d\u00f9ng l\u00e2u n\u0103m.<\/span><\/p>\n<figure id=\"attachment_220\" aria-describedby=\"caption-attachment-220\" style=\"width: 800px\" class=\"wp-caption aligncenter\"><img loading=\"lazy\" decoding=\"async\" class=\"size-full wp-image-220\" src=\"https:\/\/vsbet.spot\/wp-content\/uploads\/2026\/02\/gioi-thieu-chung-thong-tin-ve-chung-toi-vsbet.jpg\" alt=\"Gi\u1edbi thi\u1ec7u chung th\u00f4ng tin v\u1ec1 ch\u00fang t\u00f4i Vsbet\" width=\"800\" height=\"400\" srcset=\"https:\/\/vsbet.spot\/wp-content\/uploads\/2026\/02\/gioi-thieu-chung-thong-tin-ve-chung-toi-vsbet.jpg 800w, https:\/\/vsbet.spot\/wp-content\/uploads\/2026\/02\/gioi-thieu-chung-thong-tin-ve-chung-toi-vsbet-300x150.jpg 300w, https:\/\/vsbet.spot\/wp-content\/uploads\/2026\/02\/gioi-thieu-chung-thong-tin-ve-chung-toi-vsbet-768x384.jpg 768w\" sizes=\"auto, (max-width: 800px) 100vw, 800px\" \/><figcaption id=\"caption-attachment-220\" class=\"wp-caption-text\">Gi\u1edbi thi\u1ec7u chung th\u00f4ng tin v\u1ec1 ch\u00fang t\u00f4i Vsbet<\/figcaption><\/figure>\n<h2><span class=\"ez-toc-section\" id=\"Nhung_nguyen_tac_nen_tang_dinh_huong_hoat_dong_cua_Vsbet\"><\/span><b>Nh\u1eefng nguy\u00ean t\u1eafc n\u1ec1n t\u1ea3ng \u0111\u1ecbnh h\u01b0\u1edbng ho\u1ea1t \u0111\u1ed9ng c\u1ee7a Vsbet<\/b><span class=\"ez-toc-section-end\"><\/span><\/h2>\n<p><span style=\"font-weight: 400;\">M\u1ecdi \u0111\u1ecbnh h\u01b0\u1edbng ph\u00e1t tri\u1ec3n \u0111\u1ec1u xoay quanh c\u00e1c gi\u00e1 tr\u1ecb c\u1ed1t l\u00f5i \u0111\u00e3 \u0111\u01b0\u1ee3c x\u00e1c l\u1eadp ngay t\u1eeb \u0111\u1ea7u. V\u1ec1 ch\u00fang t\u00f4i Vsbet ph\u1ea3n \u00e1nh r\u00f5 c\u00e1ch th\u01b0\u01a1ng hi\u1ec7u duy tr\u00ec t\u00ednh \u1ed5n \u0111\u1ecbnh th\u00f4ng qua nguy\u00ean t\u1eafc v\u1eadn h\u00e0nh nh\u1ea5t qu\u00e1n. Nh\u1eefng nguy\u00ean t\u1eafc n\u00e0y kh\u00f4ng mang t\u00ednh kh\u1ea9u hi\u1ec7u, m\u00e0 \u0111\u01b0\u1ee3c tri\u1ec3n khai b\u1eb1ng quy tr\u00ecnh, m\u1ed1c th\u1eddi gian c\u1ee5 th\u1ec3.<\/span><\/p>\n<h3><span class=\"ez-toc-section\" id=\"Tinh_ro_rang_va_su_cong_bang_trong_van_hanh\"><\/span><b>T\u00ednh r\u00f5 r\u00e0ng v\u00e0 s\u1ef1 c\u00f4ng b\u1eb1ng trong v\u1eadn h\u00e0nh<\/b><span class=\"ez-toc-section-end\"><\/span><\/h3>\n<p><span style=\"font-weight: 400;\">M\u1ed9t trong c\u00e1c y\u1ebfu t\u1ed1 tr\u1ecdng t\u00e2m c\u1ee7a v\u1ec1 ch\u00fang t\u00f4i Vsbet l\u00e0 s\u1ef1 r\u00f5 r\u00e0ng trong m\u1ecdi ho\u1ea1t \u0111\u1ed9ng. T\u1ea5t c\u1ea3 \u0111i\u1ec1u kho\u1ea3n s\u1eed d\u1ee5ng \u0111\u01b0\u1ee3c c\u00f4ng b\u1ed1 c\u00f4ng khai, c\u1eadp nh\u1eadt \u0111\u1ecbnh k\u1ef3 m\u1ed7i 120 ng\u00e0y. M\u1ed7i thay \u0111\u1ed5i \u0111\u1ec1u c\u00f3 th\u00f4ng b\u00e1o tr\u01b0\u1edbc t\u1ed1i thi\u1ec3u 7 ng\u00e0y \u0111\u1ec3 h\u1ed9i vi\u00ean n\u1eafm b\u1eaft.<\/span><\/p>\n<p><span style=\"font-weight: 400;\">H\u1ec7 th\u1ed1ng x\u1eed l\u00fd k\u1ebft qu\u1ea3 \u0111\u01b0\u1ee3c v\u1eadn h\u00e0nh t\u1ef1 \u0111\u1ed9ng, th\u1eddi gian ph\u1ea3n h\u1ed3i trung b\u00ecnh cho m\u1ed7i l\u01b0\u1ee3t truy v\u1ea5n d\u01b0\u1edbi 0,8 gi\u00e2y. Vi\u1ec7c \u00e1p d\u1ee5ng c\u00f4ng ngh\u1ec7 n\u00e0y gi\u00fap h\u1ea1n ch\u1ebf t\u1ed1i \u0111a can thi\u1ec7p th\u1ee7 c\u00f4ng, t\u1eeb \u0111\u00f3 \u0111\u1ea3m b\u1ea3o t\u00ednh c\u00f4ng b\u1eb1ng xuy\u00ean su\u1ed1t.<\/span><\/p>\n<figure id=\"attachment_216\" aria-describedby=\"caption-attachment-216\" style=\"width: 800px\" class=\"wp-caption aligncenter\"><img loading=\"lazy\" decoding=\"async\" class=\"size-full wp-image-216\" src=\"https:\/\/vsbet.spot\/wp-content\/uploads\/2026\/02\/cac-gia-tri-cot-loi-lam-nen-tang-cho-moi-hoat-dong-nha-cai.jpg\" alt=\"C\u00e1c gi\u00e1 tr\u1ecb c\u1ed1t l\u00f5i l\u00e0m n\u1ec1n t\u1ea3ng cho m\u1ecdi ho\u1ea1t \u0111\u1ed9ng nh\u00e0 c\u00e1i\" width=\"800\" height=\"400\" srcset=\"https:\/\/vsbet.spot\/wp-content\/uploads\/2026\/02\/cac-gia-tri-cot-loi-lam-nen-tang-cho-moi-hoat-dong-nha-cai.jpg 800w, https:\/\/vsbet.spot\/wp-content\/uploads\/2026\/02\/cac-gia-tri-cot-loi-lam-nen-tang-cho-moi-hoat-dong-nha-cai-300x150.jpg 300w, https:\/\/vsbet.spot\/wp-content\/uploads\/2026\/02\/cac-gia-tri-cot-loi-lam-nen-tang-cho-moi-hoat-dong-nha-cai-768x384.jpg 768w\" sizes=\"auto, (max-width: 800px) 100vw, 800px\" \/><figcaption id=\"caption-attachment-216\" class=\"wp-caption-text\">C\u00e1c gi\u00e1 tr\u1ecb c\u1ed1t l\u00f5i l\u00e0m n\u1ec1n t\u1ea3ng cho m\u1ecdi ho\u1ea1t \u0111\u1ed9ng nh\u00e0 c\u00e1i<\/figcaption><\/figure>\n<h3><span class=\"ez-toc-section\" id=\"Bao_ve_du_lieu\"><\/span><b>B\u1ea3o v\u1ec7 d\u1eef li\u1ec7u<\/b><span class=\"ez-toc-section-end\"><\/span><\/h3>\n<p><span style=\"font-weight: 400;\">An ninh d\u1eef li\u1ec7u l\u00e0 tr\u1ee5 c\u1ed9t kh\u00f4ng th\u1ec3 thi\u1ebfu trong v\u1ec1 ch\u00fang t\u00f4i Vsbet. To\u00e0n b\u1ed9 th\u00f4ng tin c\u00e1 nh\u00e2n \u0111\u01b0\u1ee3c l\u01b0u tr\u1eef tr\u00ean h\u1ec7 th\u1ed1ng m\u00e1y ch\u1ee7 \u0111\u1eb7t t\u1ea1i trung t\u00e2m d\u1eef li\u1ec7u \u0111\u1ea1t chu\u1ea9n Tier 3. M\u1ed7i b\u1ea3n ghi d\u1eef li\u1ec7u \u0111\u01b0\u1ee3c m\u00e3 h\u00f3a b\u1eb1ng kh\u00f3a 256 bit, th\u1eddi gian l\u01b0u tr\u1eef t\u1ed1i \u0111a 36 th\u00e1ng k\u1ec3 t\u1eeb l\u1ea7n \u0111\u0103ng nh\u1eadp cu\u1ed1i.<\/span><\/p>\n<p><span style=\"font-weight: 400;\">Ngo\u00e0i ra, h\u1ec7 th\u1ed1ng c\u00f2n tri\u1ec3n khai c\u01a1 ch\u1ebf gi\u00e1m s\u00e1t truy c\u1eadp 24\/24, t\u1ef1 \u0111\u1ed9ng ph\u00e1t hi\u1ec7n b\u1ea5t th\u01b0\u1eddng trong v\u00f2ng 15 gi\u00e2y. Nh\u1edd \u0111\u00f3, nh\u00e0 c\u00e1i kh\u00f4ng ch\u1ec9 th\u1ec3 hi\u1ec7n cam k\u1ebft b\u1eb1ng l\u1eddi n\u00f3i m\u00e0 c\u00f2n b\u1eb1ng bi\u1ec7n ph\u00e1p k\u1ef9 thu\u1eadt c\u1ee5 th\u1ec3.<\/span><\/p>\n<h3><span class=\"ez-toc-section\" id=\"Trai_nghiem_nguoi_dung_duoc_dat_lam_trong_tam\"><\/span><b>Tr\u1ea3i nghi\u1ec7m ng\u01b0\u1eddi d\u00f9ng \u0111\u01b0\u1ee3c \u0111\u1eb7t l\u00e0m tr\u1ecdng t\u00e2m<\/b><span class=\"ez-toc-section-end\"><\/span><\/h3>\n<p><span style=\"font-weight: 400;\">M\u1ed9t y\u1ebfu t\u1ed1 quan tr\u1ecdng kh\u00e1c l\u00e0 \u0111\u1ecbnh h\u01b0\u1edbng l\u1ea5y tr\u1ea3i nghi\u1ec7m h\u1ed9i vi\u00ean l\u00e0m trung t\u00e2m. Giao di\u1ec7n n\u1ec1n t\u1ea3ng \u0111\u01b0\u1ee3c t\u1ed1i \u01b0u cho c\u1ea3 m\u00e1y t\u00ednh l\u1eabn thi\u1ebft b\u1ecb di \u0111\u1ed9ng, th\u1eddi gian t\u1ea3i trang trung b\u00ecnh ch\u1ec9 1,6 gi\u00e2y.<\/span><\/p>\n<p><span style=\"font-weight: 400;\">C\u00e1c thao t\u00e1c \u0111\u0103ng k\u00fd, x\u00e1c minh, giao d\u1ecbch \u0111\u1ec1u \u0111\u01b0\u1ee3c r\u00fat g\u1ecdn xu\u1ed1ng d\u01b0\u1edbi 5 b\u01b0\u1edbc. M\u1ed7i ph\u1ea3n h\u1ed3i t\u1eeb ng\u01b0\u1eddi d\u00f9ng \u0111\u1ec1u \u0111\u01b0\u1ee3c ghi nh\u1eadn, ph\u00e2n t\u00edch theo chu k\u1ef3 30 ng\u00e0y \u0111\u1ec3 c\u1ea3i ti\u1ebfn h\u1ec7 th\u1ed1ng. Nh\u1edd \u0111\u00f3, v\u1ec1 ch\u00fang t\u00f4i Vsbet n\u1ec1n t\u1ea3ng lu\u00f4n gi\u1eef \u0111\u01b0\u1ee3c s\u1ef1 linh ho\u1ea1t trong qu\u00e1 tr\u00ecnh ph\u00e1t tri\u1ec3n.<\/span><\/p>\n<h2><span class=\"ez-toc-section\" id=\"Nhung_dam_bao_ve_chung_toi_Vsbet_danh_cho_khach_hang\"><\/span><b>Nh\u1eefng \u0111\u1ea3m b\u1ea3o v\u1ec1 ch\u00fang t\u00f4i Vsbet d\u00e0nh cho kh\u00e1ch h\u00e0ng<\/b><span class=\"ez-toc-section-end\"><\/span><\/h2>\n<p><span style=\"font-weight: 400;\">B\u00ean c\u1ea1nh nguy\u00ean t\u1eafc v\u1eadn h\u00e0nh, v\u1ec1 ch\u00fang t\u00f4i Vsbet c\u00f2n th\u1ec3 hi\u1ec7n r\u00f5 qua c\u00e1c cam k\u1ebft d\u00e0nh cho h\u1ed9i vi\u00ean. M\u1ed7i cam k\u1ebft \u0111\u1ec1u \u0111i k\u00e8m c\u01a1 ch\u1ebf ki\u1ec3m so\u00e1t nh\u1eb1m \u0111\u1ea3m b\u1ea3o th\u1ef1c thi \u0111\u00fang nh\u01b0 c\u00f4ng b\u1ed1. \u0110i\u1ec1u n\u00e0y t\u1ea1o n\u00ean s\u1ef1 kh\u00e1c bi\u1ec7t r\u00f5 r\u00e0ng trong c\u00e1ch n\u1ec1n t\u1ea3ng x\u00e2y d\u1ef1ng uy t\u00edn.<\/span><\/p>\n<h3><span class=\"ez-toc-section\" id=\"Bao_ve_quyen_rieng_tu\"><\/span><b>B\u1ea3o v\u1ec7 quy\u1ec1n ri\u00eang t\u01b0<\/b><span class=\"ez-toc-section-end\"><\/span><\/h3>\n<p><span style=\"font-weight: 400;\">Trong n\u1ed9i dung v\u1ec1 ch\u00fang t\u00f4i Vsbet, quy\u1ec1n ki\u1ec3m so\u00e1t d\u1eef li\u1ec7u c\u00e1 nh\u00e2n lu\u00f4n thu\u1ed9c v\u1ec1 h\u1ed9i vi\u00ean. Ng\u01b0\u1eddi d\u00f9ng c\u00f3 th\u1ec3 xem, ch\u1ec9nh s\u1eeda th\u00f4ng tin tr\u1ef1c ti\u1ebfp trong t\u00e0i kho\u1ea3n, th\u1eddi gian x\u1eed l\u00fd c\u1eadp nh\u1eadt t\u1ed1i \u0111a 48 gi\u1edd.<\/span><\/p>\n<p><span style=\"font-weight: 400;\">M\u1ecdi y\u00eau c\u1ea7u x\u00f3a d\u1eef li\u1ec7u \u0111\u01b0\u1ee3c ti\u1ebfp nh\u1eadn v\u00e0 ho\u00e0n t\u1ea5t trong 72 gi\u1edd, tr\u1eeb tr\u01b0\u1eddng h\u1ee3p th\u00f4ng tin c\u1ea7n l\u01b0u theo quy \u0111\u1ecbnh ph\u00e1p l\u00fd. C\u01a1 ch\u1ebf n\u00e0y gi\u00fap nh\u00e0 c\u00e1i duy tr\u00ec s\u1ef1 minh b\u1ea1ch, h\u1ea1n ch\u1ebf tranh ch\u1ea5p ph\u00e1t sinh li\u00ean quan d\u1eef li\u1ec7u.<\/span><\/p>\n<figure id=\"attachment_218\" aria-describedby=\"caption-attachment-218\" style=\"width: 800px\" class=\"wp-caption aligncenter\"><img loading=\"lazy\" decoding=\"async\" class=\"size-full wp-image-218\" src=\"https:\/\/vsbet.spot\/wp-content\/uploads\/2026\/02\/cam-ket-va-bao-chung-ma-nha-cai-mang-den-cho-khach-hang.jpg\" alt=\"Cam k\u1ebft v\u00e0 b\u1ea3o ch\u1ee9ng m\u00e0 nh\u00e0 c\u00e1i mang \u0111\u1ebfn cho kh\u00e1ch h\u00e0ng\" width=\"800\" height=\"400\" srcset=\"https:\/\/vsbet.spot\/wp-content\/uploads\/2026\/02\/cam-ket-va-bao-chung-ma-nha-cai-mang-den-cho-khach-hang.jpg 800w, https:\/\/vsbet.spot\/wp-content\/uploads\/2026\/02\/cam-ket-va-bao-chung-ma-nha-cai-mang-den-cho-khach-hang-300x150.jpg 300w, https:\/\/vsbet.spot\/wp-content\/uploads\/2026\/02\/cam-ket-va-bao-chung-ma-nha-cai-mang-den-cho-khach-hang-768x384.jpg 768w\" sizes=\"auto, (max-width: 800px) 100vw, 800px\" \/><figcaption id=\"caption-attachment-218\" class=\"wp-caption-text\">Cam k\u1ebft v\u00e0 b\u1ea3o ch\u1ee9ng m\u00e0 nh\u00e0 c\u00e1i mang \u0111\u1ebfn cho kh\u00e1ch h\u00e0ng<\/figcaption><\/figure>\n<h3><span class=\"ez-toc-section\" id=\"Thuc_hien_giao_dich_nhanh_va_ro_rang\"><\/span><b>Th\u1ef1c hi\u1ec7n giao d\u1ecbch nhanh v\u00e0 r\u00f5 r\u00e0ng<\/b><span class=\"ez-toc-section-end\"><\/span><\/h3>\n<p><span style=\"font-weight: 400;\">Giao d\u1ecbch l\u00e0 ph\u1ea7n kh\u00f4ng th\u1ec3 t\u00e1ch r\u1eddi khi nh\u1eafc t\u1edbi ch\u00fang t\u00f4i Vsbet. H\u1ec7 th\u1ed1ng x\u1eed l\u00fd t\u1ef1 \u0111\u1ed9ng cho ph\u00e9p ti\u1ebfp nh\u1eadn y\u00eau c\u1ea7u 24\/7, th\u1eddi gian ph\u1ea3n h\u1ed3i trung b\u00ecnh t\u1eeb 3 \u0111\u1ebfn 10 ph\u00fat t\u00f9y ph\u01b0\u01a1ng th\u1ee9c. H\u1ea1n m\u1ee9c m\u1ed7i giao d\u1ecbch \u0111\u01b0\u1ee3c hi\u1ec3n th\u1ecb r\u00f5 tr\u01b0\u1edbc khi x\u00e1c nh\u1eadn, kh\u00f4ng ph\u00e1t sinh chi ph\u00ed \u1ea9n. To\u00e0n b\u1ed9 l\u1ecbch s\u1eed \u0111\u1ec1u \u0111\u01b0\u1ee3c l\u01b0u trong 180 ng\u00e0y \u0111\u1ec3 h\u1ed9i vi\u00ean d\u1ec5 d\u00e0ng \u0111\u1ed1i so\u00e1t.<\/span><\/p>\n<h3><span class=\"ez-toc-section\" id=\"Cham_soc_khach_hang_247\"><\/span><b>Ch\u0103m s\u00f3c kh\u00e1ch h\u00e0ng 24\/7<\/b><span class=\"ez-toc-section-end\"><\/span><\/h3>\n<p><span style=\"font-weight: 400;\">M\u1ed9t \u0111i\u1ec3m nh\u1ea5n kh\u00e1c v\u1ec1 ch\u00fang t\u00f4i Vsbet l\u00e0 h\u1ec7 th\u1ed1ng h\u1ed7 tr\u1ee3 ho\u1ea1t \u0111\u1ed9ng xuy\u00ean su\u1ed1t ng\u00e0y \u0111\u00eam. \u0110\u1ed9i ng\u0169 t\u01b0 v\u1ea5n \u0111\u01b0\u1ee3c chia th\u00e0nh 3 ca, m\u1ed7i ca k\u00e9o d\u00e0i 8 gi\u1edd, \u0111\u1ea3m b\u1ea3o kh\u00f4ng c\u00f3 kho\u1ea3ng tr\u1ed1ng h\u1ed7 tr\u1ee3.<\/span><\/p>\n<p><span style=\"font-weight: 400;\">Th\u1eddi gian ph\u1ea3n h\u1ed3i trung b\u00ecnh qua live chat l\u00e0 40 gi\u00e2y, qua email l\u00e0 30 ph\u00fat. M\u1ed7i y\u00eau c\u1ea7u \u0111\u1ec1u \u0111\u01b0\u1ee3c g\u1eafn m\u00e3 theo d\u00f5i ri\u00eang \u0111\u1ec3 ki\u1ec3m so\u00e1t ti\u1ebfn \u0111\u1ed9 x\u1eed l\u00fd. Ch\u00ednh s\u1ef1 \u0111\u1ea7u t\u01b0 b\u00e0i b\u1ea3n n\u00e0y gi\u00fap nh\u00e0 c\u00e1i duy tr\u00ec m\u1ee9c \u0111\u1ed9 h\u00e0i l\u00f2ng cao t\u1eeb ph\u00eda h\u1ed9i vi\u00ean.<\/span><\/p>\n<h2><span class=\"ez-toc-section\" id=\"Ket_luan\"><\/span><b>K\u1ebft lu\u1eadn<\/b><span class=\"ez-toc-section-end\"><\/span><\/h2>\n<p><a href=\"https:\/\/vsbet.spot\/index.php\/ve-chung-toi-vsbet\/\"><b>V\u1ec1 ch\u00fang t\u00f4i Vsbet<\/b><\/a><span style=\"font-weight: 400;\"> th\u1ec3 hi\u1ec7n r\u00f5 \u0111\u1ecbnh h\u01b0\u1edbng ho\u1ea1t \u0111\u1ed9ng minh b\u1ea1ch, l\u1ea5y tr\u1ea3i nghi\u1ec7m ng\u01b0\u1eddi d\u00f9ng l\u00e0m n\u1ec1n t\u1ea3ng. C\u00e1c cam k\u1ebft \u0111\u01b0\u1ee3c c\u1ee5 th\u1ec3 h\u00f3a b\u1eb1ng quy tr\u00ecnh v\u00e0 ti\u00eau chu\u1ea9n v\u1eadn h\u00e0nh r\u00f5 r\u00e0ng. \u0110\u00e2y ch\u00ednh l\u00e0 y\u1ebfu t\u1ed1 gi\u00fap Vsbet duy tr\u00ec s\u1ef1 tin c\u1eady l\u00e2u d\u00e0i tr\u00ean th\u1ecb tr\u01b0\u1eddng.<\/span><\/p>\n","protected":false},"excerpt":{"rendered":"<p>V\u1ec1 Ch\u00fang T\u00f4i Vsbet \u2013 Gi\u1edbi Thi\u1ec7u V\u00e0 Cam K\u1ebft Ho\u1ea1t \u0110\u1ed9ng V\u1ec1 ch\u00fang t\u00f4i Vsbet l\u00e0 n\u1ed9i dung gi\u00fap h\u1ed9i vi\u00ean hi\u1ec3u r\u00f5 n\u1ec1n t\u1ea3ng \u0111ang \u0111\u1ed3ng h\u00e0nh trong su\u1ed1t qu\u00e1 tr\u00ecnh gi\u1ea3i tr\u00ed tr\u1ef1c tuy\u1ebfn. Th\u01b0\u01a1ng hi\u1ec7u Vsbet x\u00e2y d\u1ef1ng h\u1ec7 th\u1ed1ng v\u1eadn h\u00e0nh d\u1ef1a tr\u00ean ti\u00eau ch\u00ed minh b\u1ea1ch, \u1ed5n \u0111\u1ecbnh v\u00e0 [&#8230;]\n","protected":false},"author":1,"featured_media":222,"parent":0,"menu_order":0,"comment_status":"closed","ping_status":"closed","template":"","meta":{"footnotes":""},"class_list":["post-307","page","type-page","status-publish","has-post-thumbnail","hentry"],"_links":{"self":[{"href":"https:\/\/vsbet.spot\/index.php\/wp-json\/wp\/v2\/pages\/307","targetHints":{"allow":["GET"]}}],"collection":[{"href":"https:\/\/vsbet.spot\/index.php\/wp-json\/wp\/v2\/pages"}],"about":[{"href":"https:\/\/vsbet.spot\/index.php\/wp-json\/wp\/v2\/types\/page"}],"author":[{"embeddable":true,"href":"https:\/\/vsbet.spot\/index.php\/wp-json\/wp\/v2\/users\/1"}],"replies":[{"embeddable":true,"href":"https:\/\/vsbet.spot\/index.php\/wp-json\/wp\/v2\/comments?post=307"}],"version-history":[{"count":2,"href":"https:\/\/vsbet.spot\/index.php\/wp-json\/wp\/v2\/pages\/307\/revisions"}],"predecessor-version":[{"id":309,"href":"https:\/\/vsbet.spot\/index.php\/wp-json\/wp\/v2\/pages\/307\/revisions\/309"}],"wp:featuredmedia":[{"embeddable":true,"href":"https:\/\/vsbet.spot\/index.php\/wp-json\/wp\/v2\/media\/222"}],"wp:attachment":[{"href":"https:\/\/vsbet.spot\/index.php\/wp-json\/wp\/v2\/media?parent=307"}],"curies":[{"name":"wp","href":"https:\/\/api.w.org\/{rel}","templated":true}]}}