{"id":304,"date":"2026-02-03T05:27:36","date_gmt":"2026-02-03T05:27:36","guid":{"rendered":"https:\/\/vsbet.spot\/?page_id=304"},"modified":"2026-02-03T05:27:36","modified_gmt":"2026-02-03T05:27:36","slug":"tai-app-vsbet","status":"publish","type":"page","link":"https:\/\/vsbet.spot\/index.php\/tai-app-vsbet\/","title":{"rendered":"T\u1ea3i App Vsbet"},"content":{"rendered":"<div id=\"ez-toc-container\" class=\"ez-toc-v2_0_80 counter-hierarchy ez-toc-counter ez-toc-grey ez-toc-container-direction\">\n<div class=\"ez-toc-title-container\">\n<p class=\"ez-toc-title\" style=\"cursor:inherit\">Table of Contents<\/p>\n<span class=\"ez-toc-title-toggle\"><a href=\"#\" class=\"ez-toc-pull-right ez-toc-btn ez-toc-btn-xs ez-toc-btn-default ez-toc-toggle\" aria-label=\"Toggle Table of Content\"><span class=\"ez-toc-js-icon-con\"><span class=\"\"><span class=\"eztoc-hide\" style=\"display:none;\">Toggle<\/span><span class=\"ez-toc-icon-toggle-span\"><svg style=\"fill: #999;color:#999\" xmlns=\"http:\/\/www.w3.org\/2000\/svg\" class=\"list-377408\" width=\"20px\" height=\"20px\" viewBox=\"0 0 24 24\" fill=\"none\"><path d=\"M6 6H4v2h2V6zm14 0H8v2h12V6zM4 11h2v2H4v-2zm16 0H8v2h12v-2zM4 16h2v2H4v-2zm16 0H8v2h12v-2z\" fill=\"currentColor\"><\/path><\/svg><svg style=\"fill: #999;color:#999\" class=\"arrow-unsorted-368013\" xmlns=\"http:\/\/www.w3.org\/2000\/svg\" width=\"10px\" height=\"10px\" viewBox=\"0 0 24 24\" version=\"1.2\" baseProfile=\"tiny\"><path d=\"M18.2 9.3l-6.2-6.3-6.2 6.3c-.2.2-.3.4-.3.7s.1.5.3.7c.2.2.4.3.7.3h11c.3 0 .5-.1.7-.3.2-.2.3-.5.3-.7s-.1-.5-.3-.7zM5.8 14.7l6.2 6.3 6.2-6.3c.2-.2.3-.5.3-.7s-.1-.5-.3-.7c-.2-.2-.4-.3-.7-.3h-11c-.3 0-.5.1-.7.3-.2.2-.3.5-.3.7s.1.5.3.7z\"\/><\/svg><\/span><\/span><\/span><\/a><\/span><\/div>\n<nav><ul class='ez-toc-list ez-toc-list-level-1 ' ><li class='ez-toc-page-1 ez-toc-heading-level-1'><a class=\"ez-toc-link ez-toc-heading-1\" href=\"https:\/\/vsbet.spot\/index.php\/tai-app-vsbet\/#Tai_App_Vsbet_Moi_Nhat_Cho_Dien_Thoai_Android_Ios\" >T\u1ea3i App Vsbet M\u1edbi Nh\u1ea5t Cho \u0110i\u1ec7n Tho\u1ea1i Android, Ios<\/a><ul class='ez-toc-list-level-2' ><li class='ez-toc-heading-level-2'><a class=\"ez-toc-link ez-toc-heading-2\" href=\"https:\/\/vsbet.spot\/index.php\/tai-app-vsbet\/#Tong_quan_ve_app_Vsbet\" >T\u1ed5ng quan v\u1ec1 app Vsbet<\/a><\/li><li class='ez-toc-page-1 ez-toc-heading-level-2'><a class=\"ez-toc-link ez-toc-heading-3\" href=\"https:\/\/vsbet.spot\/index.php\/tai-app-vsbet\/#Chi_dan_thanh_vien_thuc_hien_tai_app_Vsbet_tren_Android\" >Ch\u1ec9 d\u1eabn th\u00e0nh vi\u00ean th\u1ef1c hi\u1ec7n t\u1ea3i app Vsbet tr\u00ean Android<\/a><ul class='ez-toc-list-level-3' ><li class='ez-toc-heading-level-3'><a class=\"ez-toc-link ez-toc-heading-4\" href=\"https:\/\/vsbet.spot\/index.php\/tai-app-vsbet\/#Yeu_cau_cau_hinh\" >Y\u00eau c\u1ea7u c\u1ea5u h\u00ecnh<\/a><\/li><li class='ez-toc-page-1 ez-toc-heading-level-3'><a class=\"ez-toc-link ez-toc-heading-5\" href=\"https:\/\/vsbet.spot\/index.php\/tai-app-vsbet\/#Quy_trinh_tai_file_cai_dat_APK_tung_buoc\" >Quy tr\u00ecnh t\u1ea3i file c\u00e0i \u0111\u1eb7t APK t\u1eebng b\u01b0\u1edbc<\/a><\/li><li class='ez-toc-page-1 ez-toc-heading-level-3'><a class=\"ez-toc-link ez-toc-heading-6\" href=\"https:\/\/vsbet.spot\/index.php\/tai-app-vsbet\/#Thiet_lap_cho_phep_cai_ung_dung_ngoai_cua_hang\" >Thi\u1ebft l\u1eadp cho ph\u00e9p c\u00e0i \u1ee9ng d\u1ee5ng ngo\u00e0i c\u1eeda h\u00e0ng<\/a><\/li><\/ul><\/li><li class='ez-toc-page-1 ez-toc-heading-level-2'><a class=\"ez-toc-link ez-toc-heading-7\" href=\"https:\/\/vsbet.spot\/index.php\/tai-app-vsbet\/#Huong_dan_cai_dat_app_Vsbet_tren_iOS\" >H\u01b0\u1edbng d\u1eabn c\u00e0i \u0111\u1eb7t app Vsbet tr\u00ean iOS<\/a><ul class='ez-toc-list-level-3' ><li class='ez-toc-heading-level-3'><a class=\"ez-toc-link ez-toc-heading-8\" href=\"https:\/\/vsbet.spot\/index.php\/tai-app-vsbet\/#Dieu_kien_tuong_thich_khi_cai_app_cho_iPhone\" >\u0110i\u1ec1u ki\u1ec7n t\u01b0\u01a1ng th\u00edch khi c\u00e0i app cho iPhone<\/a><\/li><li class='ez-toc-page-1 ez-toc-heading-level-3'><a class=\"ez-toc-link ez-toc-heading-9\" href=\"https:\/\/vsbet.spot\/index.php\/tai-app-vsbet\/#Cac_buoc_tai_app_IOS_dam_bao_an_toan\" >C\u00e1c b\u01b0\u1edbc t\u1ea3i app IOS \u0111\u1ea3m b\u1ea3o an to\u00e0n<\/a><\/li><li class='ez-toc-page-1 ez-toc-heading-level-3'><a class=\"ez-toc-link ez-toc-heading-10\" href=\"https:\/\/vsbet.spot\/index.php\/tai-app-vsbet\/#Cach_xac_nhan_do_tin_cay_cua_nha_phat_trien_ung_d\" >C\u00e1ch x\u00e1c nh\u1eadn \u0111\u1ed9 tin c\u1eady c\u1ee7a nh\u00e0 ph\u00e1t tri\u1ec3n \u1ee9ng d<\/a><\/li><\/ul><\/li><li class='ez-toc-page-1 ez-toc-heading-level-2'><a class=\"ez-toc-link ez-toc-heading-11\" href=\"https:\/\/vsbet.spot\/index.php\/tai-app-vsbet\/#Ket_luan\" >K\u1ebft lu\u1eadn<\/a><\/li><\/ul><\/li><\/ul><\/nav><\/div>\n<h1 style=\"text-align: center;\"><span class=\"ez-toc-section\" id=\"Tai_App_Vsbet_Moi_Nhat_Cho_Dien_Thoai_Android_Ios\"><\/span><b>T\u1ea3i App Vsbet M\u1edbi Nh\u1ea5t Cho \u0110i\u1ec7n Tho\u1ea1i Android, Ios<\/b><span class=\"ez-toc-section-end\"><\/span><\/h1>\n<p><b>T\u1ea3i app Vsbet<\/b><span style=\"font-weight: 400;\"> l\u00e0 l\u1ef1a ch\u1ecdn gi\u00fap h\u1ed9i vi\u00ean ti\u1ebfp c\u1eadn \u0111\u1ea7y \u0111\u1ee7 t\u00ednh n\u0103ng c\u00e1 c\u01b0\u1ee3c ch\u1ec9 v\u1edbi v\u00e0i thao t\u00e1c \u0111\u01a1n gi\u1ea3n tr\u00ean \u0111i\u1ec7n tho\u1ea1i. \u1ee8ng d\u1ee5ng <strong><a href=\"https:\/\/vsbet.spot\/\">Vsbet<\/a><\/strong> \u0111\u01b0\u1ee3c t\u1ed1i \u01b0u ri\u00eang cho Android l\u1eabn iOS, giao di\u1ec7n g\u1ecdn nh\u1eb9, t\u1ed1c \u0111\u1ed9 t\u1ea3i nhanh. Phi\u00ean b\u1ea3n m\u1edbi nh\u1ea5t li\u00ean t\u1ee5c \u0111\u01b0\u1ee3c c\u1eadp nh\u1eadt nh\u1eb1m c\u1ea3i thi\u1ec7n hi\u1ec7u su\u1ea5t, gi\u1ea3m l\u1ed7i ph\u00e1t sinh khi s\u1eed d\u1ee5ng.<\/span><\/p>\n<h2><span class=\"ez-toc-section\" id=\"Tong_quan_ve_app_Vsbet\"><\/span><b>T\u1ed5ng quan v\u1ec1 app Vsbet<\/b><span class=\"ez-toc-section-end\"><\/span><\/h2>\n<p><span style=\"font-weight: 400;\">T\u1ea3i app Vsbet l\u00e0 gi\u1ea3i ph\u00e1p \u0111\u01b0\u1ee3c nhi\u1ec1u h\u1ed9i vi\u00ean l\u1ef1a ch\u1ecdn nh\u1eb1m t\u1ed1i \u01b0u tr\u1ea3i nghi\u1ec7m c\u00e1 c\u01b0\u1ee3c tr\u00ean thi\u1ebft b\u1ecb di \u0111\u1ed9ng. Phi\u00ean b\u1ea3n di \u0111\u1ed9ng c\u1ee7a Vsbet \u0111\u01b0\u1ee3c ph\u00e1t tri\u1ec3n ri\u00eang cho m\u00e0n h\u00ecnh nh\u1ecf, b\u1ed1 c\u1ee5c tinh g\u1ecdn, t\u1ed1c \u0111\u1ed9 ph\u1ea3n h\u1ed3i nhanh. Dung l\u01b0\u1ee3ng c\u00e0i \u0111\u1eb7t \u1edf m\u1ee9c 68 MB \u0111\u1ed1i v\u1edbi Android, 75 MB v\u1edbi iOS, ph\u00f9 h\u1ee3p c\u1ea3 nh\u1eefng thi\u1ebft b\u1ecb c\u00f3 b\u1ed9 nh\u1edb tr\u1ed1ng h\u1ea1n ch\u1ebf.<\/span><\/p>\n<p><span style=\"font-weight: 400;\">Ngay sau khi ho\u00e0n t\u1ea5t t\u1ea3i app, ng\u01b0\u1eddi d\u00f9ng c\u00f3 th\u1ec3 \u0111\u0103ng nh\u1eadp trong v\u00f2ng 3 gi\u00e2y nh\u1edd c\u01a1 ch\u1ebf ghi nh\u1edb th\u00f4ng tin an to\u00e0n. T\u1ea5t c\u1ea3 chuy\u00ean m\u1ee5c c\u00e1 c\u01b0\u1ee3c, qu\u1ea3n l\u00fd t\u00e0i kho\u1ea3n, giao d\u1ecbch \u0111\u1ec1u \u0111\u01b0\u1ee3c t\u00edch h\u1ee3p \u0111\u1ea7y \u0111\u1ee7, kh\u00f4ng b\u1ecb c\u1eaft gi\u1ea3m so v\u1edbi n\u1ec1n t\u1ea3ng web.<\/span><\/p>\n<p><span style=\"font-weight: 400;\">Chu k\u1ef3 c\u1eadp nh\u1eadt phi\u00ean b\u1ea3n m\u1edbi di\u1ec5n ra m\u1ed7i 45 ng\u00e0y, t\u1eadp trung c\u1ea3i thi\u1ec7n hi\u1ec7u su\u1ea5t, gi\u1ea3m l\u1ed7i hi\u1ec3n th\u1ecb. \u0110\u00e2y l\u00e0 l\u00fd do t\u1ea3i app \u0111\u01b0\u1ee3c xem l\u00e0 l\u1ef1a ch\u1ecdn l\u00e2u d\u00e0i cho h\u1ed9i vi\u00ean th\u01b0\u1eddng xuy\u00ean tham gia.<\/span><\/p>\n<figure id=\"attachment_225\" aria-describedby=\"caption-attachment-225\" style=\"width: 800px\" class=\"wp-caption aligncenter\"><img loading=\"lazy\" decoding=\"async\" class=\"size-full wp-image-225\" src=\"https:\/\/vsbet.spot\/wp-content\/uploads\/2026\/02\/gioi-thieu-khai-quat-ve-ung-dung-vsbet.jpg\" alt=\"Gi\u1edbi thi\u1ec7u kh\u00e1i qu\u00e1t v\u1ec1 \u1ee9ng d\u1ee5ng Vsbet\" width=\"800\" height=\"400\" srcset=\"https:\/\/vsbet.spot\/wp-content\/uploads\/2026\/02\/gioi-thieu-khai-quat-ve-ung-dung-vsbet.jpg 800w, https:\/\/vsbet.spot\/wp-content\/uploads\/2026\/02\/gioi-thieu-khai-quat-ve-ung-dung-vsbet-300x150.jpg 300w, https:\/\/vsbet.spot\/wp-content\/uploads\/2026\/02\/gioi-thieu-khai-quat-ve-ung-dung-vsbet-768x384.jpg 768w\" sizes=\"auto, (max-width: 800px) 100vw, 800px\" \/><figcaption id=\"caption-attachment-225\" class=\"wp-caption-text\">Gi\u1edbi thi\u1ec7u kh\u00e1i qu\u00e1t v\u1ec1 \u1ee9ng d\u1ee5ng Vsbet<\/figcaption><\/figure>\n<h2><span class=\"ez-toc-section\" id=\"Chi_dan_thanh_vien_thuc_hien_tai_app_Vsbet_tren_Android\"><\/span><b>Ch\u1ec9 d\u1eabn th\u00e0nh vi\u00ean th\u1ef1c hi\u1ec7n t\u1ea3i app Vsbet tr\u00ean Android<\/b><span class=\"ez-toc-section-end\"><\/span><\/h2>\n<p><span style=\"font-weight: 400;\">\u0110\u1ed1i v\u1edbi thi\u1ebft b\u1ecb Android, t\u1ea3i app Vsbet c\u1ea7n th\u1ef1c hi\u1ec7n qua file c\u00e0i \u0111\u1eb7t ri\u00eang do h\u1ec7 th\u1ed1ng cung c\u1ea5p. Quy tr\u00ecnh \u0111\u01b0\u1ee3c thi\u1ebft k\u1ebf \u0111\u01a1n gi\u1ea3n, ph\u00f9 h\u1ee3p c\u1ea3 ng\u01b0\u1eddi \u00edt thao t\u00e1c k\u1ef9 thu\u1eadt. Tr\u01b0\u1edbc khi b\u1eaft \u0111\u1ea7u, h\u1ed9i vi\u00ean n\u00ean ki\u1ec3m tra c\u1ea5u h\u00ecnh \u0111\u1ec3 \u0111\u1ea3m b\u1ea3o qu\u00e1 tr\u00ecnh s\u1eed d\u1ee5ng \u1ed5n \u0111\u1ecbnh.<\/span><\/p>\n<h3><span class=\"ez-toc-section\" id=\"Yeu_cau_cau_hinh\"><\/span><b>Y\u00eau c\u1ea7u c\u1ea5u h\u00ecnh<\/b><span class=\"ez-toc-section-end\"><\/span><\/h3>\n<p><span style=\"font-weight: 400;\">\u0110\u1ec3 t\u1ea3i app Vsbet tr\u00ean Android, thi\u1ebft b\u1ecb c\u1ea7n ch\u1ea1y h\u1ec7 \u0111i\u1ec1u h\u00e0nh t\u1eeb phi\u00ean b\u1ea3n 8.0 tr\u1edf l\u00ean. B\u1ed9 nh\u1edb tr\u1ed1ng t\u1ed1i thi\u1ec3u 150 MB nh\u1eb1m \u0111\u1ea3m b\u1ea3o kh\u00f4ng ph\u00e1t sinh l\u1ed7i trong qu\u00e1 tr\u00ecnh c\u00e0i. RAM khuy\u1ebfn ngh\u1ecb t\u1eeb 3 GB gi\u00fap thao t\u00e1c m\u01b0\u1ee3t, h\u1ea1n ch\u1ebf gi\u1eadt lag khi truy c\u1eadp nhi\u1ec1u t\u00ednh n\u0103ng c\u00f9ng l\u00fac.<\/span><\/p>\n<p><span style=\"font-weight: 400;\">Ngo\u00e0i ra, thi\u1ebft b\u1ecb c\u1ea7n k\u1ebft n\u1ed1i m\u1ea1ng \u1ed5n \u0111\u1ecbnh v\u1edbi t\u1ed1c \u0111\u1ed9 t\u1eeb 5 Mbps. \u0110i\u1ec1u ki\u1ec7n c\u1ea5u h\u00ecnh ph\u00f9 h\u1ee3p s\u1ebd gi\u00fap t\u1ea3i app ho\u00e0n t\u1ea5t nhanh, \u0111\u1ed3ng th\u1eddi \u0111\u1ea3m b\u1ea3o tr\u1ea3i nghi\u1ec7m l\u00e2u d\u00e0i kh\u00f4ng b\u1ecb gi\u00e1n \u0111o\u1ea1n.<\/span><\/p>\n<figure id=\"attachment_223\" aria-describedby=\"caption-attachment-223\" style=\"width: 800px\" class=\"wp-caption aligncenter\"><img loading=\"lazy\" decoding=\"async\" class=\"size-full wp-image-223\" src=\"https:\/\/vsbet.spot\/wp-content\/uploads\/2026\/02\/cach-tai-va-cai-dat-ung-dung-danh-cho-thiet-bi-android.jpg\" alt=\"C\u00e1ch t\u1ea3i v\u00e0 c\u00e0i \u0111\u1eb7t \u1ee9ng d\u1ee5ng d\u00e0nh cho thi\u1ebft b\u1ecb Android\" width=\"800\" height=\"400\" srcset=\"https:\/\/vsbet.spot\/wp-content\/uploads\/2026\/02\/cach-tai-va-cai-dat-ung-dung-danh-cho-thiet-bi-android.jpg 800w, https:\/\/vsbet.spot\/wp-content\/uploads\/2026\/02\/cach-tai-va-cai-dat-ung-dung-danh-cho-thiet-bi-android-300x150.jpg 300w, https:\/\/vsbet.spot\/wp-content\/uploads\/2026\/02\/cach-tai-va-cai-dat-ung-dung-danh-cho-thiet-bi-android-768x384.jpg 768w\" sizes=\"auto, (max-width: 800px) 100vw, 800px\" \/><figcaption id=\"caption-attachment-223\" class=\"wp-caption-text\">C\u00e1ch t\u1ea3i v\u00e0 c\u00e0i \u0111\u1eb7t \u1ee9ng d\u1ee5ng d\u00e0nh cho thi\u1ebft b\u1ecb Android<\/figcaption><\/figure>\n<h3><span class=\"ez-toc-section\" id=\"Quy_trinh_tai_file_cai_dat_APK_tung_buoc\"><\/span><b>Quy tr\u00ecnh t\u1ea3i file c\u00e0i \u0111\u1eb7t APK t\u1eebng b\u01b0\u1edbc<\/b><span class=\"ez-toc-section-end\"><\/span><\/h3>\n<p><span style=\"font-weight: 400;\">Quy tr\u00ecnh tr\u00ean Android g\u1ed3m 4 b\u01b0\u1edbc r\u00f5 r\u00e0ng. B\u01b0\u1edbc \u0111\u1ea7u, h\u1ed9i vi\u00ean truy c\u1eadp trang ch\u1ee7 b\u1eb1ng tr\u00ecnh duy\u1ec7t m\u1eb7c \u0111\u1ecbnh. Ti\u1ebfp theo, ch\u1ecdn m\u1ee5c phi\u00ean b\u1ea3n Android \u0111\u1ec3 nh\u1eadn file APK dung l\u01b0\u1ee3ng 68 MB.<\/span><\/p>\n<p><span style=\"font-weight: 400;\">Sau khi file \u0111\u01b0\u1ee3c l\u01b0u v\u1ec1 thi\u1ebft b\u1ecb, ng\u01b0\u1eddi d\u00f9ng m\u1edf th\u01b0 m\u1ee5c t\u1ea3i xu\u1ed1ng, nh\u1ea5n v\u00e0o file \u0111\u1ec3 b\u1eaft \u0111\u1ea7u c\u00e0i \u0111\u1eb7t. Th\u1eddi gian x\u1eed l\u00fd trung b\u00ecnh kho\u1ea3ng 20\u201330 gi\u00e2y. Khi ho\u00e0n t\u1ea5t, bi\u1ec3u t\u01b0\u1ee3ng s\u1ebd xu\u1ea5t hi\u1ec7n tr\u00ean m\u00e0n h\u00ecnh ch\u00ednh. Vi\u1ec7c n\u1eafm \u0111\u00fang quy tr\u00ecnh gi\u00fap t\u1ea3i app Vsbet di\u1ec5n ra tr\u01a1n tru, kh\u00f4ng c\u1ea7n h\u1ed7 tr\u1ee3 k\u1ef9 thu\u1eadt.<\/span><\/p>\n<h3><span class=\"ez-toc-section\" id=\"Thiet_lap_cho_phep_cai_ung_dung_ngoai_cua_hang\"><\/span><b>Thi\u1ebft l\u1eadp cho ph\u00e9p c\u00e0i \u1ee9ng d\u1ee5ng ngo\u00e0i c\u1eeda h\u00e0ng<\/b><span class=\"ez-toc-section-end\"><\/span><\/h3>\n<p><span style=\"font-weight: 400;\">Tr\u01b0\u1edbc khi ho\u00e0n t\u1ea5t t\u1ea3i app Vsbet, Android y\u00eau c\u1ea7u cho ph\u00e9p c\u00e0i \u0111\u1eb7t t\u1eeb ngu\u1ed3n ngo\u00e0i. H\u1ed9i vi\u00ean v\u00e0o ph\u1ea7n C\u00e0i \u0111\u1eb7t, ch\u1ecdn B\u1ea3o m\u1eadt, k\u00edch ho\u1ea1t t\u00f9y ch\u1ecdn cho ph\u00e9p c\u00e0i t\u1eeb tr\u00ecnh duy\u1ec7t \u0111ang s\u1eed d\u1ee5ng. Thi\u1ebft l\u1eadp n\u00e0y ch\u1ec9 c\u1ea7n th\u1ef1c hi\u1ec7n m\u1ed9t l\u1ea7n duy nh\u1ea5t. Sau khi c\u00e0i xong, ng\u01b0\u1eddi d\u00f9ng c\u00f3 th\u1ec3 t\u1eaft l\u1ea1i \u0111\u1ec3 t\u0103ng \u0111\u1ed9 an to\u00e0n cho thi\u1ebft b\u1ecb.<\/span><\/p>\n<h2><span class=\"ez-toc-section\" id=\"Huong_dan_cai_dat_app_Vsbet_tren_iOS\"><\/span><b>H\u01b0\u1edbng d\u1eabn c\u00e0i \u0111\u1eb7t app Vsbet tr\u00ean iOS<\/b><span class=\"ez-toc-section-end\"><\/span><\/h2>\n<p><span style=\"font-weight: 400;\">V\u1edbi h\u1ec7 \u0111i\u1ec1u h\u00e0nh iOS, t\u1ea3i app Vsbet \u0111\u01b0\u1ee3c th\u1ef1c hi\u1ec7n th\u00f4ng qua li\u00ean k\u1ebft x\u00e1c th\u1ef1c ri\u00eang. Apple \u00e1p d\u1ee5ng quy tr\u00ecnh ki\u1ec3m so\u00e1t nghi\u00eam ng\u1eb7t n\u00ean ng\u01b0\u1eddi d\u00f9ng c\u1ea7n tu\u00e2n th\u1ee7 \u0111\u00fang h\u01b0\u1edbng d\u1eabn \u0111\u1ec3 tr\u00e1nh b\u1ecb ch\u1eb7n c\u00e0i \u0111\u1eb7t. C\u00e1c b\u01b0\u1edbc d\u01b0\u1edbi \u0111\u00e2y s\u1ebd gi\u00fap qu\u00e1 tr\u00ecnh di\u1ec5n ra su\u00f4n s\u1ebb.<\/span><\/p>\n<h3><span class=\"ez-toc-section\" id=\"Dieu_kien_tuong_thich_khi_cai_app_cho_iPhone\"><\/span><b>\u0110i\u1ec1u ki\u1ec7n t\u01b0\u01a1ng th\u00edch khi c\u00e0i app cho iPhone<\/b><span class=\"ez-toc-section-end\"><\/span><\/h3>\n<p><span style=\"font-weight: 400;\">\u0110\u1ec3 t\u1ea3i app Vsbet tr\u00ean iPhone, thi\u1ebft b\u1ecb c\u1ea7n s\u1eed d\u1ee5ng iOS t\u1eeb phi\u00ean b\u1ea3n 12.0 tr\u1edf l\u00ean. Dung l\u01b0\u1ee3ng b\u1ed9 nh\u1edb tr\u1ed1ng t\u1ed1i thi\u1ec3u 200 MB nh\u1eb1m \u0111\u1ea3m b\u1ea3o kh\u00f4ng ph\u00e1t sinh l\u1ed7i trong qu\u00e1 tr\u00ecnh x\u00e1c minh.<\/span><\/p>\n<p><span style=\"font-weight: 400;\">Ngo\u00e0i ra, t\u00e0i kho\u1ea3n iCloud ph\u1ea3i \u0111ang ho\u1ea1t \u0111\u1ed9ng b\u00ecnh th\u01b0\u1eddng. \u0110i\u1ec1u ki\u1ec7n t\u01b0\u01a1ng th\u00edch ph\u00f9 h\u1ee3p gi\u00fap t\u1ea3i app ho\u00e0n t\u1ea5t trong kho\u1ea3ng 1 ph\u00fat, kh\u00f4ng c\u1ea7n th\u1ef1c hi\u1ec7n l\u1ea1i nhi\u1ec1u l\u1ea7n.<\/span><\/p>\n<h3><span class=\"ez-toc-section\" id=\"Cac_buoc_tai_app_IOS_dam_bao_an_toan\"><\/span><b>C\u00e1c b\u01b0\u1edbc t\u1ea3i app IOS \u0111\u1ea3m b\u1ea3o an to\u00e0n<\/b><span class=\"ez-toc-section-end\"><\/span><\/h3>\n<p><span style=\"font-weight: 400;\">Quy tr\u00ecnh tr\u00ean iOS b\u1eaft \u0111\u1ea7u b\u1eb1ng vi\u1ec7c truy c\u1eadp trang ch\u00ednh th\u1ee9c c\u1ee7a h\u1ec7 th\u00f3ng. T\u1ea1i \u0111\u00e2y, h\u1ed9i vi\u00ean ch\u1ecdn phi\u00ean b\u1ea3n d\u00e0nh cho iPhone, h\u1ec7 th\u1ed1ng s\u1ebd chuy\u1ec3n h\u01b0\u1edbng t\u1edbi li\u00ean k\u1ebft c\u00e0i \u0111\u1eb7t.<\/span><\/p>\n<p><span style=\"font-weight: 400;\">Sau khi nh\u1ea5n x\u00e1c nh\u1eadn, thi\u1ebft b\u1ecb s\u1ebd hi\u1ec3n th\u1ecb th\u00f4ng b\u00e1o y\u00eau c\u1ea7u \u0111\u1ed3ng \u00fd c\u00e0i \u0111\u1eb7t. Th\u1eddi gian t\u1ea3i d\u1eef li\u1ec7u kho\u1ea3ng 30\u201340 gi\u00e2y t\u00f9y t\u1ed1c \u0111\u1ed9 m\u1ea1ng. Khi bi\u1ec3u t\u01b0\u1ee3ng xu\u1ea5t hi\u1ec7n tr\u00ean m\u00e0n h\u00ecnh, ng\u01b0\u1eddi d\u00f9ng ch\u01b0a th\u1ec3 m\u1edf ngay m\u00e0 c\u1ea7n th\u00eam b\u01b0\u1edbc x\u00e1c th\u1ef1c. Vi\u1ec7c l\u00e0m \u0111\u00fang tr\u00ecnh t\u1ef1 gi\u00fap t\u1ea3i app Vsbet an to\u00e0n, tr\u00e1nh r\u1ee7i ro t\u1eeb ngu\u1ed3n kh\u00f4ng r\u00f5 r\u00e0ng.<\/span><\/p>\n<figure id=\"attachment_219\" aria-describedby=\"caption-attachment-219\" style=\"width: 800px\" class=\"wp-caption aligncenter\"><img loading=\"lazy\" decoding=\"async\" class=\"size-full wp-image-219\" src=\"https:\/\/vsbet.spot\/wp-content\/uploads\/2026\/02\/cac-buoc-tai-app-vsbet-tren-he-dieu-hanh-ios-nhanh-gon.jpg\" alt=\"C\u00e1c b\u01b0\u1edbc t\u1ea3i app Vsbet tr\u00ean h\u1ec7 \u0111i\u1ec1u h\u00e0nh iOS nhanh g\u1ecdn\" width=\"800\" height=\"400\" srcset=\"https:\/\/vsbet.spot\/wp-content\/uploads\/2026\/02\/cac-buoc-tai-app-vsbet-tren-he-dieu-hanh-ios-nhanh-gon.jpg 800w, https:\/\/vsbet.spot\/wp-content\/uploads\/2026\/02\/cac-buoc-tai-app-vsbet-tren-he-dieu-hanh-ios-nhanh-gon-300x150.jpg 300w, https:\/\/vsbet.spot\/wp-content\/uploads\/2026\/02\/cac-buoc-tai-app-vsbet-tren-he-dieu-hanh-ios-nhanh-gon-768x384.jpg 768w\" sizes=\"auto, (max-width: 800px) 100vw, 800px\" \/><figcaption id=\"caption-attachment-219\" class=\"wp-caption-text\">C\u00e1c b\u01b0\u1edbc t\u1ea3i app Vsbet tr\u00ean h\u1ec7 \u0111i\u1ec1u h\u00e0nh iOS nhanh g\u1ecdn<\/figcaption><\/figure>\n<h3><span class=\"ez-toc-section\" id=\"Cach_xac_nhan_do_tin_cay_cua_nha_phat_trien_ung_d\"><\/span><b>C\u00e1ch x\u00e1c nh\u1eadn \u0111\u1ed9 tin c\u1eady c\u1ee7a nh\u00e0 ph\u00e1t tri\u1ec3n \u1ee9ng d<\/b><span class=\"ez-toc-section-end\"><\/span><\/h3>\n<p><span style=\"font-weight: 400;\">Sau khi ho\u00e0n t\u1ea5t, iOS y\u00eau c\u1ea7u x\u00e1c nh\u1eadn \u0111\u1ed9 tin c\u1eady c\u1ee7a nh\u00e0 ph\u00e1t tri\u1ec3n. H\u1ed9i vi\u00ean v\u00e0o C\u00e0i \u0111\u1eb7t, ch\u1ecdn C\u00e0i \u0111\u1eb7t chung, ti\u1ebfp \u0111\u1ebfn l\u00e0 Qu\u1ea3n l\u00fd thi\u1ebft b\u1ecb.<\/span><\/p>\n<p><span style=\"font-weight: 400;\">T\u1ea1i \u0111\u00e2y, ch\u1ecdn h\u1ed3 s\u01a1 nh\u00e0 ph\u00e1t tri\u1ec3n c\u1ee7a Vsbet r\u1ed3i nh\u1ea5n \u201cTin c\u1eady\u201d. B\u01b0\u1edbc x\u00e1c nh\u1eadn n\u00e0y m\u1ea5t ch\u01b0a \u0111\u1ebfn 10 gi\u00e2y nh\u01b0ng l\u00e0 \u0111i\u1ec1u ki\u1ec7n b\u1eaft bu\u1ed9c tr\u01b0\u1edbc khi s\u1eed d\u1ee5ng. Khi ho\u00e0n th\u00e0nh, ng\u01b0\u1eddi d\u00f9ng c\u00f3 th\u1ec3 m\u1edf \u1ee9ng d\u1ee5ng b\u00ecnh th\u01b0\u1eddng. Thao t\u00e1c x\u00e1c th\u1ef1c gi\u00fap t\u1ea3i app Vsbet \u0111\u00e1p \u1ee9ng \u0111\u1ea7y \u0111\u1ee7 ti\u00eau chu\u1ea9n b\u1ea3o m\u1eadt c\u1ee7a h\u1ec7 \u0111i\u1ec1u h\u00e0nh iOS.<\/span><\/p>\n<h2><span class=\"ez-toc-section\" id=\"Ket_luan\"><\/span><b>K\u1ebft lu\u1eadn<\/b><span class=\"ez-toc-section-end\"><\/span><\/h2>\n<p><a href=\"https:\/\/vsbet.spot\/index.php\/tai-app-vsbet\/\"><b>T\u1ea3i app Vsbet<\/b><\/a><span style=\"font-weight: 400;\"> mang \u0111\u1ebfn tr\u1ea3i nghi\u1ec7m \u1ed5n \u0111\u1ecbnh, linh ho\u1ea1t cho h\u1ed9i vi\u00ean tr\u00ean m\u1ecdi thi\u1ebft b\u1ecb di \u0111\u1ed9ng. Phi\u00ean b\u1ea3n m\u1edbi nh\u1ea5t \u0111\u01b0\u1ee3c thi\u1ebft k\u1ebf t\u1ed1i \u01b0u gi\u00fap thao t\u00e1c nhanh v\u00e0 m\u01b0\u1ee3t h\u01a1n. \u0110\u00e2y l\u00e0 gi\u1ea3i ph\u00e1p \u0111\u01b0\u1ee3c Vsbet \u01b0u ti\u00ean \u0111\u1ec3 n\u00e2ng cao ti\u1ec7n \u00edch cho ng\u01b0\u1eddi d\u00f9ng.<\/span><\/p>\n","protected":false},"excerpt":{"rendered":"<p>T\u1ea3i App Vsbet M\u1edbi Nh\u1ea5t Cho \u0110i\u1ec7n Tho\u1ea1i Android, Ios T\u1ea3i app Vsbet l\u00e0 l\u1ef1a ch\u1ecdn gi\u00fap h\u1ed9i vi\u00ean ti\u1ebfp c\u1eadn \u0111\u1ea7y \u0111\u1ee7 t\u00ednh n\u0103ng c\u00e1 c\u01b0\u1ee3c ch\u1ec9 v\u1edbi v\u00e0i thao t\u00e1c \u0111\u01a1n gi\u1ea3n tr\u00ean \u0111i\u1ec7n tho\u1ea1i. \u1ee8ng d\u1ee5ng Vsbet \u0111\u01b0\u1ee3c t\u1ed1i \u01b0u ri\u00eang cho Android l\u1eabn iOS, giao di\u1ec7n g\u1ecdn nh\u1eb9, t\u1ed1c \u0111\u1ed9 t\u1ea3i [&#8230;]\n","protected":false},"author":1,"featured_media":227,"parent":0,"menu_order":0,"comment_status":"closed","ping_status":"closed","template":"","meta":{"footnotes":""},"class_list":["post-304","page","type-page","status-publish","has-post-thumbnail","hentry"],"_links":{"self":[{"href":"https:\/\/vsbet.spot\/index.php\/wp-json\/wp\/v2\/pages\/304","targetHints":{"allow":["GET"]}}],"collection":[{"href":"https:\/\/vsbet.spot\/index.php\/wp-json\/wp\/v2\/pages"}],"about":[{"href":"https:\/\/vsbet.spot\/index.php\/wp-json\/wp\/v2\/types\/page"}],"author":[{"embeddable":true,"href":"https:\/\/vsbet.spot\/index.php\/wp-json\/wp\/v2\/users\/1"}],"replies":[{"embeddable":true,"href":"https:\/\/vsbet.spot\/index.php\/wp-json\/wp\/v2\/comments?post=304"}],"version-history":[{"count":2,"href":"https:\/\/vsbet.spot\/index.php\/wp-json\/wp\/v2\/pages\/304\/revisions"}],"predecessor-version":[{"id":306,"href":"https:\/\/vsbet.spot\/index.php\/wp-json\/wp\/v2\/pages\/304\/revisions\/306"}],"wp:featuredmedia":[{"embeddable":true,"href":"https:\/\/vsbet.spot\/index.php\/wp-json\/wp\/v2\/media\/227"}],"wp:attachment":[{"href":"https:\/\/vsbet.spot\/index.php\/wp-json\/wp\/v2\/media?parent=304"}],"curies":[{"name":"wp","href":"https:\/\/api.w.org\/{rel}","templated":true}]}}