{"id":299,"date":"2026-02-03T05:23:54","date_gmt":"2026-02-03T05:23:54","guid":{"rendered":"https:\/\/vsbet.spot\/?page_id=299"},"modified":"2026-02-03T05:23:54","modified_gmt":"2026-02-03T05:23:54","slug":"quyen-rieng-tu-vsbet","status":"publish","type":"page","link":"https:\/\/vsbet.spot\/index.php\/quyen-rieng-tu-vsbet\/","title":{"rendered":"Quy\u1ec1n Ri\u00eang T\u01b0 Vsbet"},"content":{"rendered":"<div id=\"ez-toc-container\" class=\"ez-toc-v2_0_80 counter-hierarchy ez-toc-counter ez-toc-grey ez-toc-container-direction\">\n<div class=\"ez-toc-title-container\">\n<p class=\"ez-toc-title\" style=\"cursor:inherit\">Table of Contents<\/p>\n<span class=\"ez-toc-title-toggle\"><a href=\"#\" class=\"ez-toc-pull-right ez-toc-btn ez-toc-btn-xs ez-toc-btn-default ez-toc-toggle\" aria-label=\"Toggle Table of Content\"><span class=\"ez-toc-js-icon-con\"><span class=\"\"><span class=\"eztoc-hide\" style=\"display:none;\">Toggle<\/span><span class=\"ez-toc-icon-toggle-span\"><svg style=\"fill: #999;color:#999\" xmlns=\"http:\/\/www.w3.org\/2000\/svg\" class=\"list-377408\" width=\"20px\" height=\"20px\" viewBox=\"0 0 24 24\" fill=\"none\"><path d=\"M6 6H4v2h2V6zm14 0H8v2h12V6zM4 11h2v2H4v-2zm16 0H8v2h12v-2zM4 16h2v2H4v-2zm16 0H8v2h12v-2z\" fill=\"currentColor\"><\/path><\/svg><svg style=\"fill: #999;color:#999\" class=\"arrow-unsorted-368013\" xmlns=\"http:\/\/www.w3.org\/2000\/svg\" width=\"10px\" height=\"10px\" viewBox=\"0 0 24 24\" version=\"1.2\" baseProfile=\"tiny\"><path d=\"M18.2 9.3l-6.2-6.3-6.2 6.3c-.2.2-.3.4-.3.7s.1.5.3.7c.2.2.4.3.7.3h11c.3 0 .5-.1.7-.3.2-.2.3-.5.3-.7s-.1-.5-.3-.7zM5.8 14.7l6.2 6.3 6.2-6.3c.2-.2.3-.5.3-.7s-.1-.5-.3-.7c-.2-.2-.4-.3-.7-.3h-11c-.3 0-.5.1-.7.3-.2.2-.3.5-.3.7s.1.5.3.7z\"\/><\/svg><\/span><\/span><\/span><\/a><\/span><\/div>\n<nav><ul class='ez-toc-list ez-toc-list-level-1 ' ><li class='ez-toc-page-1 ez-toc-heading-level-1'><a class=\"ez-toc-link ez-toc-heading-1\" href=\"https:\/\/vsbet.spot\/index.php\/quyen-rieng-tu-vsbet\/#Quyen_Rieng_Tu_Vsbet_Va_Bao_Mat_Thong_Tin_An_Toan_Nhat\" >Quy\u1ec1n Ri\u00eang T\u01b0 Vsbet V\u00e0 B\u1ea3o M\u1eadt Th\u00f4ng Tin An To\u00e0n Nh\u1ea5t<\/a><ul class='ez-toc-list-level-2' ><li class='ez-toc-heading-level-2'><a class=\"ez-toc-link ez-toc-heading-2\" href=\"https:\/\/vsbet.spot\/index.php\/quyen-rieng-tu-vsbet\/#Gioi_thieu_chung_ve_chinh_sach_quyen_rieng_tu_VSBET\" >Gi\u1edbi thi\u1ec7u chung v\u1ec1 ch\u00ednh s\u00e1ch quy\u1ec1n ri\u00eang t\u01b0 VSBET<\/a><\/li><li class='ez-toc-page-1 ez-toc-heading-level-2'><a class=\"ez-toc-link ez-toc-heading-3\" href=\"https:\/\/vsbet.spot\/index.php\/quyen-rieng-tu-vsbet\/#Nguyen_tac_va_tieu_chuan_bao_mat_thong_tin_tai_VSBET\" >Nguy\u00ean t\u1eafc v\u00e0 ti\u00eau chu\u1ea9n b\u1ea3o m\u1eadt th\u00f4ng tin t\u1ea1i VSBET<\/a><ul class='ez-toc-list-level-3' ><li class='ez-toc-heading-level-3'><a class=\"ez-toc-link ez-toc-heading-4\" href=\"https:\/\/vsbet.spot\/index.php\/quyen-rieng-tu-vsbet\/#Cong_nghe_tien_tien\" >C\u00f4ng ngh\u1ec7 ti\u00ean ti\u1ebfn<\/a><\/li><li class='ez-toc-page-1 ez-toc-heading-level-3'><a class=\"ez-toc-link ez-toc-heading-5\" href=\"https:\/\/vsbet.spot\/index.php\/quyen-rieng-tu-vsbet\/#Co_che_phan_quyen_va_quan_ly_truy_cap_thong_tin\" >C\u01a1 ch\u1ebf ph\u00e2n quy\u1ec1n v\u00e0 qu\u1ea3n l\u00fd truy c\u1eadp th\u00f4ng tin<\/a><\/li><li class='ez-toc-page-1 ez-toc-heading-level-3'><a class=\"ez-toc-link ez-toc-heading-6\" href=\"https:\/\/vsbet.spot\/index.php\/quyen-rieng-tu-vsbet\/#Nghia_vu_bao_mat_cua_nhan_su_VSBET\" >Ngh\u0129a v\u1ee5 b\u1ea3o m\u1eadt c\u1ee7a nh\u00e2n s\u1ef1 VSBET<\/a><\/li><\/ul><\/li><li class='ez-toc-page-1 ez-toc-heading-level-2'><a class=\"ez-toc-link ez-toc-heading-7\" href=\"https:\/\/vsbet.spot\/index.php\/quyen-rieng-tu-vsbet\/#Quyen_han_va_trach_nhiem_cua_nguoi_dung_lien_quan_den_quyen_rieng_tu\" >Quy\u1ec1n h\u1ea1n v\u00e0 tr\u00e1ch nhi\u1ec7m c\u1ee7a ng\u01b0\u1eddi d\u00f9ng li\u00ean quan \u0111\u1ebfn quy\u1ec1n ri\u00eang t\u01b0<\/a><ul class='ez-toc-list-level-3' ><li class='ez-toc-heading-level-3'><a class=\"ez-toc-link ez-toc-heading-8\" href=\"https:\/\/vsbet.spot\/index.php\/quyen-rieng-tu-vsbet\/#Quyen_kiem_soat_thong_tin\" >Quy\u1ec1n ki\u1ec3m so\u00e1t th\u00f4ng tin<\/a><\/li><li class='ez-toc-page-1 ez-toc-heading-level-3'><a class=\"ez-toc-link ez-toc-heading-9\" href=\"https:\/\/vsbet.spot\/index.php\/quyen-rieng-tu-vsbet\/#Nghia_vu_bao_ve_account\" >Ngh\u0129a v\u1ee5 b\u1ea3o v\u1ec7 account<\/a><\/li><li class='ez-toc-page-1 ez-toc-heading-level-3'><a class=\"ez-toc-link ez-toc-heading-10\" href=\"https:\/\/vsbet.spot\/index.php\/quyen-rieng-tu-vsbet\/#Nhung_truong_hop_vi_pham_quy_dinh_ve_quyen_rieng_tu\" >Nh\u1eefng tr\u01b0\u1eddng h\u1ee3p vi ph\u1ea1m quy \u0111\u1ecbnh v\u1ec1 quy\u1ec1n ri\u00eang t\u01b0<\/a><\/li><\/ul><\/li><li class='ez-toc-page-1 ez-toc-heading-level-2'><a class=\"ez-toc-link ez-toc-heading-11\" href=\"https:\/\/vsbet.spot\/index.php\/quyen-rieng-tu-vsbet\/#Ket_luan\" >K\u1ebft lu\u1eadn<\/a><\/li><\/ul><\/li><\/ul><\/nav><\/div>\n<h1 style=\"text-align: center;\"><span class=\"ez-toc-section\" id=\"Quyen_Rieng_Tu_Vsbet_Va_Bao_Mat_Thong_Tin_An_Toan_Nhat\"><\/span><b>Quy\u1ec1n Ri\u00eang T\u01b0 Vsbet V\u00e0 B\u1ea3o M\u1eadt Th\u00f4ng Tin An To\u00e0n Nh\u1ea5t<\/b><span class=\"ez-toc-section-end\"><\/span><\/h1>\n<p><b>Quy\u1ec1n ri\u00eang t\u01b0 Vsbet<\/b><span style=\"font-weight: 400;\"> lu\u00f4n \u0111\u01b0\u1ee3c \u0111\u1eb7t l\u00ean h\u00e0ng \u0111\u1ea7u nh\u1eb1m x\u00e2y d\u1ef1ng m\u00f4i tr\u01b0\u1eddng gi\u1ea3i tr\u00ed an to\u00e0n, minh b\u1ea1ch cho m\u1ecdi ng\u01b0\u1eddi d\u00f9ng. Nh\u1edd \u0111\u00f3, <a href=\"https:\/\/vsbet.spot\/\"><strong>Vsbet<\/strong><\/a> kh\u00f4ng ch\u1ec9 \u0111\u1ea3m b\u1ea3o quy\u1ec1n l\u1ee3i h\u1ed9i vi\u00ean m\u00e0 c\u00f2n c\u1ee7ng c\u1ed1 ni\u1ec1m tin l\u00e2u d\u00e0i, gi\u00fap ng\u01b0\u1eddi ch\u01a1i an t\u00e2m tr\u1ea3i nghi\u1ec7m m\u00e0 kh\u00f4ng lo r\u00f2 r\u1ec9 hay l\u1ea1m d\u1ee5ng d\u1eef li\u1ec7u.<\/span><\/p>\n<h2><span class=\"ez-toc-section\" id=\"Gioi_thieu_chung_ve_chinh_sach_quyen_rieng_tu_VSBET\"><\/span><b>Gi\u1edbi thi\u1ec7u chung v\u1ec1 ch\u00ednh s\u00e1ch quy\u1ec1n ri\u00eang t\u01b0 VSBET<\/b><span class=\"ez-toc-section-end\"><\/span><\/h2>\n<p><span style=\"font-weight: 400;\">Ch\u00ednh s\u00e1ch quy\u1ec1n ri\u00eang t\u01b0 VSBET \u0111\u01b0\u1ee3c x\u00e2y d\u1ef1ng nh\u1eb1m b\u1ea3o v\u1ec7 t\u1ed1i \u0111a th\u00f4ng tin c\u00e1 nh\u00e2n kh\u00e1ch h\u00e0ng trong su\u1ed1t qu\u00e1 tr\u00ecnh \u0111\u0103ng k\u00fd, truy c\u1eadp v\u00e0 s\u1eed d\u1ee5ng d\u1ecbch v\u1ee5. VSBET cam k\u1ebft thu th\u1eadp v\u00e0 x\u1eed l\u00fd d\u1eef li\u1ec7u minh b\u1ea1ch, an to\u00e0n, tu\u00e2n th\u1ee7 c\u00e1c ti\u00eau chu\u1ea9n b\u1ea3o m\u1eadt qu\u1ed1c t\u1ebf v\u00e0 quy \u0111\u1ecbnh ph\u00e1p lu\u1eadt hi\u1ec7n h\u00e0nh.<\/span><\/p>\n<p><span style=\"font-weight: 400;\">Theo ch\u00ednh s\u00e1ch, VSBET ch\u1ec9 thu th\u1eadp 3 nh\u00f3m d\u1eef li\u1ec7u ch\u00ednh: th\u00f4ng tin \u0111\u1ecbnh danh c\u00e1 nh\u00e2n (nh\u01b0 t\u00ean, email, s\u1ed1 \u0111i\u1ec7n tho\u1ea1i), d\u1eef li\u1ec7u giao d\u1ecbch v\u00e0 d\u1eef li\u1ec7u h\u00e0nh vi s\u1eed d\u1ee5ng h\u1ec7 th\u1ed1ng. C\u00e1c th\u00f4ng tin n\u00e0y \u0111\u01b0\u1ee3c s\u1eed d\u1ee5ng cho 4 m\u1ee5c \u0111\u00edch c\u1ed1t l\u00f5i, bao g\u1ed3m: x\u00e1c minh t\u00e0i kho\u1ea3n, x\u1eed l\u00fd giao d\u1ecbch, n\u00e2ng cao tr\u1ea3i nghi\u1ec7m ng\u01b0\u1eddi d\u00f9ng v\u00e0 ph\u00f2ng ch\u1ed1ng gian l\u1eadn.<\/span><\/p>\n<p><span style=\"font-weight: 400;\">VSBET \u00e1p d\u1ee5ng c\u00f4ng ngh\u1ec7 m\u00e3 h\u00f3a 256-bit \u0111\u1ec3 b\u1ea3o v\u1ec7 d\u1eef li\u1ec7u, gi\u00fap gi\u1ea3m thi\u1ec3u t\u1edbi 99% nguy c\u01a1 truy c\u1eadp tr\u00e1i ph\u00e9p. H\u1ec7 th\u1ed1ng \u0111\u01b0\u1ee3c gi\u00e1m s\u00e1t 24\/7, \u0111\u1ed3ng th\u1eddi d\u1eef li\u1ec7u ng\u01b0\u1eddi d\u00f9ng ch\u1ec9 \u0111\u01b0\u1ee3c l\u01b0u tr\u1eef trong th\u1eddi gian c\u1ea7n thi\u1ebft, t\u1ed1i \u0111a 24 th\u00e1ng k\u1ec3 t\u1eeb l\u1ea7n t\u01b0\u01a1ng t\u00e1c cu\u1ed1i c\u00f9ng, tr\u1eeb khi ph\u00e1p lu\u1eadt y\u00eau c\u1ea7u kh\u00e1c.<\/span><\/p>\n<figure id=\"attachment_230\" aria-describedby=\"caption-attachment-230\" style=\"width: 800px\" class=\"wp-caption aligncenter\"><img loading=\"lazy\" decoding=\"async\" class=\"size-full wp-image-230\" src=\"https:\/\/vsbet.spot\/wp-content\/uploads\/2026\/02\/tong-quan-ve-chinh-sach-bao-ve-quyen-rieng-tu-vsbet.jpg\" alt=\"T\u1ed5ng quan v\u1ec1 ch\u00ednh s\u00e1ch b\u1ea3o v\u1ec7 quy\u1ec1n ri\u00eang t\u01b0 VSBET\" width=\"800\" height=\"400\" srcset=\"https:\/\/vsbet.spot\/wp-content\/uploads\/2026\/02\/tong-quan-ve-chinh-sach-bao-ve-quyen-rieng-tu-vsbet.jpg 800w, https:\/\/vsbet.spot\/wp-content\/uploads\/2026\/02\/tong-quan-ve-chinh-sach-bao-ve-quyen-rieng-tu-vsbet-300x150.jpg 300w, https:\/\/vsbet.spot\/wp-content\/uploads\/2026\/02\/tong-quan-ve-chinh-sach-bao-ve-quyen-rieng-tu-vsbet-768x384.jpg 768w\" sizes=\"auto, (max-width: 800px) 100vw, 800px\" \/><figcaption id=\"caption-attachment-230\" class=\"wp-caption-text\">T\u1ed5ng quan v\u1ec1 ch\u00ednh s\u00e1ch b\u1ea3o v\u1ec7 quy\u1ec1n ri\u00eang t\u01b0 VSBET<\/figcaption><\/figure>\n<h2><span class=\"ez-toc-section\" id=\"Nguyen_tac_va_tieu_chuan_bao_mat_thong_tin_tai_VSBET\"><\/span><b>Nguy\u00ean t\u1eafc v\u00e0 ti\u00eau chu\u1ea9n b\u1ea3o m\u1eadt th\u00f4ng tin t\u1ea1i VSBET<\/b><span class=\"ez-toc-section-end\"><\/span><\/h2>\n<p><span style=\"font-weight: 400;\">M\u1ecdi quy \u0111\u1ecbnh xoay quanh quy\u1ec1n ri\u00eang t\u01b0 VSBET \u0111\u1ec1u d\u1ef1a tr\u00ean b\u1ed9 nguy\u00ean t\u1eafc c\u1ed1 \u0111\u1ecbnh: d\u1eef li\u1ec7u ph\u1ea3i \u0111\u01b0\u1ee3c thu th\u1eadp c\u00f3 m\u1ee5c \u0111\u00edch, x\u1eed l\u00fd c\u00f3 gi\u1edbi h\u1ea1n, l\u01b0u tr\u1eef c\u00f3 th\u1eddi h\u1ea1n. C\u00e1c ti\u00eau chu\u1ea9n k\u1ef9 thu\u1eadt \u0111\u01b0\u1ee3c \u00e1p d\u1ee5ng \u0111\u1ed3ng b\u1ed9 nh\u1eb1m gi\u1ea3m thi\u1ec3u r\u1ee7i ro t\u1eeb c\u1ea3 y\u1ebfu t\u1ed1 con ng\u01b0\u1eddi l\u1eabn h\u1ec7 th\u1ed1ng.<\/span><\/p>\n<h3><span class=\"ez-toc-section\" id=\"Cong_nghe_tien_tien\"><\/span><b>C\u00f4ng ngh\u1ec7 ti\u00ean ti\u1ebfn<\/b><span class=\"ez-toc-section-end\"><\/span><\/h3>\n<p><span style=\"font-weight: 400;\">C\u00f4ng ngh\u1ec7 l\u00e0 l\u1edbp ph\u00f2ng v\u1ec7 \u0111\u1ea7u ti\u00ean c\u1ee7a quy\u1ec1n ri\u00eang t\u01b0 VSBET. N\u1ec1n t\u1ea3ng s\u1eed d\u1ee5ng chu\u1ea9n m\u00e3 h\u00f3a AES v\u1edbi \u0111\u1ed9 d\u00e0i kh\u00f3a 256 bit cho to\u00e0n b\u1ed9 d\u1eef li\u1ec7u l\u01b0u tr\u1eef. Khi truy\u1ec1n t\u1ea3i, giao th\u1ee9c SSL 2048 bit \u0111\u01b0\u1ee3c k\u00edch ho\u1ea1t nh\u1eb1m ng\u0103n ch\u1eb7n nguy c\u01a1 \u0111\u00e1nh c\u1eafp th\u00f4ng tin trong th\u1eddi gian th\u1ef1c.<\/span><\/p>\n<p><span style=\"font-weight: 400;\">H\u1ec7 th\u1ed1ng m\u00e1y ch\u1ee7 \u0111\u01b0\u1ee3c \u0111\u1eb7t t\u1ea1i trung t\u00e2m d\u1eef li\u1ec7u \u0111\u1ea1t ti\u00eau chu\u1ea9n Tier 3, c\u00f3 kh\u1ea3 n\u0103ng duy tr\u00ec ho\u1ea1t \u0111\u1ed9ng li\u00ean t\u1ee5c 99,98% th\u1eddi gian m\u1ed7i n\u0103m. Ngo\u00e0i ra, d\u1eef li\u1ec7u c\u00f2n \u0111\u01b0\u1ee3c sao l\u01b0u t\u1ef1 \u0111\u1ed9ng 2 l\u1ea7n m\u1ed7i ng\u00e0y, m\u1ed7i b\u1ea3n sao l\u01b0u t\u1ed3n t\u1ea1i trong 14 ng\u00e0y tr\u01b0\u1edbc khi ghi \u0111\u00e8.\u00a0<\/span><\/p>\n<h3><span class=\"ez-toc-section\" id=\"Co_che_phan_quyen_va_quan_ly_truy_cap_thong_tin\"><\/span><b>C\u01a1 ch\u1ebf ph\u00e2n quy\u1ec1n v\u00e0 qu\u1ea3n l\u00fd truy c\u1eadp th\u00f4ng tin<\/b><span class=\"ez-toc-section-end\"><\/span><\/h3>\n<p><span style=\"font-weight: 400;\">B\u00ean c\u1ea1nh h\u1ea1 t\u1ea7ng k\u1ef9 thu\u1eadt, quy\u1ec1n ri\u00eang t\u01b0 VSBET c\u00f2n \u0111\u01b0\u1ee3c c\u1ee7ng c\u1ed1 b\u1eb1ng m\u00f4 h\u00ecnh ph\u00e2n quy\u1ec1n nhi\u1ec1u c\u1ea5p. M\u1ed7i t\u00e0i kho\u1ea3n n\u1ed9i b\u1ed9 ch\u1ec9 \u0111\u01b0\u1ee3c truy c\u1eadp \u0111\u00fang ph\u1ea1m vi d\u1eef li\u1ec7u ph\u1ee5c v\u1ee5 c\u00f4ng vi\u1ec7c, kh\u00f4ng t\u1ed3n t\u1ea1i quy\u1ec1n truy c\u1eadp to\u00e0n b\u1ed9 h\u1ec7 th\u1ed1ng.<\/span><\/p>\n<p><span style=\"font-weight: 400;\">C\u1ee5 th\u1ec3, d\u1eef li\u1ec7u h\u1ed9i vi\u00ean \u0111\u01b0\u1ee3c chia th\u00e0nh 5 nh\u00f3m, m\u1ed7i nh\u00f3m g\u1eafn v\u1edbi 1 c\u1ea5p \u0111\u1ed9 truy c\u1eadp ri\u00eang bi\u1ec7t. M\u1ecdi thao t\u00e1c xem, ch\u1ec9nh s\u1eeda, xu\u1ea5t d\u1eef li\u1ec7u \u0111\u1ec1u \u0111\u01b0\u1ee3c ghi log chi ti\u1ebft trong v\u00f2ng 12 th\u00e1ng.<\/span><\/p>\n<figure id=\"attachment_217\" aria-describedby=\"caption-attachment-217\" style=\"width: 800px\" class=\"wp-caption aligncenter\"><img loading=\"lazy\" decoding=\"async\" class=\"size-full wp-image-217\" src=\"https:\/\/vsbet.spot\/wp-content\/uploads\/2026\/02\/cac-quy-dinh-cot-loi-va-tieu-chuan-an-toan-thong-tin.jpg\" alt=\"C\u00e1c quy \u0111\u1ecbnh c\u1ed1t l\u00f5i v\u00e0 ti\u00eau chu\u1ea9n an to\u00e0n th\u00f4ng tin\" width=\"800\" height=\"400\" srcset=\"https:\/\/vsbet.spot\/wp-content\/uploads\/2026\/02\/cac-quy-dinh-cot-loi-va-tieu-chuan-an-toan-thong-tin.jpg 800w, https:\/\/vsbet.spot\/wp-content\/uploads\/2026\/02\/cac-quy-dinh-cot-loi-va-tieu-chuan-an-toan-thong-tin-300x150.jpg 300w, https:\/\/vsbet.spot\/wp-content\/uploads\/2026\/02\/cac-quy-dinh-cot-loi-va-tieu-chuan-an-toan-thong-tin-768x384.jpg 768w\" sizes=\"auto, (max-width: 800px) 100vw, 800px\" \/><figcaption id=\"caption-attachment-217\" class=\"wp-caption-text\">C\u00e1c quy \u0111\u1ecbnh c\u1ed1t l\u00f5i v\u00e0 ti\u00eau chu\u1ea9n an to\u00e0n th\u00f4ng tin<\/figcaption><\/figure>\n<h3><span class=\"ez-toc-section\" id=\"Nghia_vu_bao_mat_cua_nhan_su_VSBET\"><\/span><b>Ngh\u0129a v\u1ee5 b\u1ea3o m\u1eadt c\u1ee7a nh\u00e2n s\u1ef1 VSBET<\/b><span class=\"ez-toc-section-end\"><\/span><\/h3>\n<p><span style=\"font-weight: 400;\">Con ng\u01b0\u1eddi l\u00e0 y\u1ebfu t\u1ed1 quy\u1ebft \u0111\u1ecbnh hi\u1ec7u qu\u1ea3 th\u1ef1c thi quy\u1ec1n ri\u00eang t\u01b0 VSBET. To\u00e0n b\u1ed9 nh\u00e2n s\u1ef1 li\u00ean quan \u0111\u1ebfn x\u1eed l\u00fd d\u1eef li\u1ec7u \u0111\u1ec1u ph\u1ea3i k\u00fd th\u1ecfa thu\u1eadn b\u1ea3o m\u1eadt c\u00f3 hi\u1ec7u l\u1ef1c t\u1ed1i thi\u1ec3u 24 th\u00e1ng k\u1ec3 t\u1eeb ng\u00e0y k\u1ebft th\u00fac h\u1ee3p \u0111\u1ed3ng.<\/span><\/p>\n<p><span style=\"font-weight: 400;\">\u0110\u1ecbnh k\u1ef3 m\u1ed7i qu\u00fd, nh\u00e2n s\u1ef1 ph\u1ea3i ho\u00e0n th\u00e0nh b\u00e0i ki\u1ec3m tra nh\u1eadn th\u1ee9c v\u1ec1 an to\u00e0n th\u00f4ng tin v\u1edbi y\u00eau c\u1ea7u \u0111\u1ea1t t\u1ed1i thi\u1ec3u 80 \u0111i\u1ec3m tr\u00ean thang 100. M\u1ecdi h\u00e0nh vi truy c\u1eadp sai ph\u1ea1m \u0111\u1ec1u b\u1ecb x\u1eed l\u00fd theo quy \u0111\u1ecbnh n\u1ed9i b\u1ed9, m\u1ee9c k\u1ef7 lu\u1eadt \u0111\u01b0\u1ee3c ph\u00e2n th\u00e0nh 4 c\u1ea5p t\u01b0\u01a1ng \u1ee9ng m\u1ee9c \u0111\u1ed9 \u1ea3nh h\u01b0\u1edfng.\u00a0<\/span><\/p>\n<h2><span class=\"ez-toc-section\" id=\"Quyen_han_va_trach_nhiem_cua_nguoi_dung_lien_quan_den_quyen_rieng_tu\"><\/span><b>Quy\u1ec1n h\u1ea1n v\u00e0 tr\u00e1ch nhi\u1ec7m c\u1ee7a ng\u01b0\u1eddi d\u00f9ng li\u00ean quan \u0111\u1ebfn quy\u1ec1n ri\u00eang t\u01b0<\/b><span class=\"ez-toc-section-end\"><\/span><\/h2>\n<p><span style=\"font-weight: 400;\">Kh\u00f4ng ch\u1ec9 ph\u00eda n\u1ec1n t\u1ea3ng, h\u1ed9i vi\u00ean c\u0169ng \u0111\u00f3ng vai tr\u00f2 quan tr\u1ecdng trong vi\u1ec7c duy tr\u00ec quy\u1ec1n ri\u00eang t\u01b0 VSBET. M\u1ed7i t\u00e0i kho\u1ea3n \u0111\u01b0\u1ee3c thi\u1ebft k\u1ebf v\u1edbi c\u00f4ng c\u1ee5 ki\u1ec3m so\u00e1t ri\u00eang, cho ph\u00e9p ng\u01b0\u1eddi d\u00f9ng ch\u1ee7 \u0111\u1ed9ng qu\u1ea3n l\u00fd d\u1eef li\u1ec7u c\u00e1 nh\u00e2n. Song song \u0111\u00f3, ngh\u0129a v\u1ee5 s\u1eed d\u1ee5ng \u0111\u00fang quy \u0111\u1ecbnh c\u0169ng \u0111\u01b0\u1ee3c n\u00eau r\u00f5 nh\u1eb1m gi\u1ea3m thi\u1ec3u r\u1ee7i ro t\u1eeb ph\u00eda ng\u01b0\u1eddi d\u00f9ng.<\/span><\/p>\n<h3><span class=\"ez-toc-section\" id=\"Quyen_kiem_soat_thong_tin\"><\/span><b>Quy\u1ec1n ki\u1ec3m so\u00e1t th\u00f4ng tin<\/b><span class=\"ez-toc-section-end\"><\/span><\/h3>\n<p><span style=\"font-weight: 400;\">H\u1ed9i vi\u00ean c\u00f3 to\u00e0n quy\u1ec1n xem, ch\u1ec9nh s\u1eeda ho\u1eb7c y\u00eau c\u1ea7u x\u00f3a d\u1eef li\u1ec7u c\u00e1 nh\u00e2n \u0111\u00e3 cung c\u1ea5p, ngo\u1ea1i tr\u1eeb th\u00f4ng tin b\u1eaft bu\u1ed9c ph\u1ee5c v\u1ee5 x\u00e1c minh danh t\u00ednh. Th\u1eddi gian x\u1eed l\u00fd y\u00eau c\u1ea7u c\u1eadp nh\u1eadt th\u00f4ng tin t\u1ed1i \u0111a 48 gi\u1edd l\u00e0m vi\u1ec7c, y\u00eau c\u1ea7u x\u00f3a d\u1eef li\u1ec7u \u0111\u01b0\u1ee3c ph\u1ea3n h\u1ed3i trong v\u00f2ng 72 gi\u1edd.<\/span><\/p>\n<p><span style=\"font-weight: 400;\">T\u1ea5t c\u1ea3 thao t\u00e1c n\u00e0y \u0111\u1ec1u \u0111\u01b0\u1ee3c th\u1ef1c hi\u1ec7n tr\u1ef1c ti\u1ebfp trong khu v\u1ef1c qu\u1ea3n l\u00fd t\u00e0i kho\u1ea3n, kh\u00f4ng c\u1ea7n th\u00f4ng qua b\u00ean th\u1ee9 ba. Nh\u1edd \u0111\u00f3, quy\u1ec1n ri\u00eang t\u01b0 VSBET \u0111\u01b0\u1ee3c \u0111\u1ea3m b\u1ea3o b\u1eb1ng c\u01a1 ch\u1ebf ki\u1ec3m so\u00e1t ch\u1ee7 \u0111\u1ed9ng, gi\u00fap h\u1ed9i vi\u00ean n\u1eafm r\u00f5 d\u1eef li\u1ec7u c\u1ee7a ch\u00ednh m\u00ecnh \u0111ang \u0111\u01b0\u1ee3c s\u1eed d\u1ee5ng ra sao.<\/span><\/p>\n<figure id=\"attachment_221\" aria-describedby=\"caption-attachment-221\" style=\"width: 800px\" class=\"wp-caption aligncenter\"><img loading=\"lazy\" decoding=\"async\" class=\"size-full wp-image-221\" src=\"https:\/\/vsbet.spot\/wp-content\/uploads\/2026\/02\/quyen-loi-va-nghia-vu-trong-viec-bao-ve-du-lieu-ca-nhan.jpg\" alt=\"Quy\u1ec1n l\u1ee3i v\u00e0 ngh\u0129a v\u1ee5 trong vi\u1ec7c b\u1ea3o v\u1ec7 d\u1eef li\u1ec7u c\u00e1 nh\u00e2n\" width=\"800\" height=\"400\" srcset=\"https:\/\/vsbet.spot\/wp-content\/uploads\/2026\/02\/quyen-loi-va-nghia-vu-trong-viec-bao-ve-du-lieu-ca-nhan.jpg 800w, https:\/\/vsbet.spot\/wp-content\/uploads\/2026\/02\/quyen-loi-va-nghia-vu-trong-viec-bao-ve-du-lieu-ca-nhan-300x150.jpg 300w, https:\/\/vsbet.spot\/wp-content\/uploads\/2026\/02\/quyen-loi-va-nghia-vu-trong-viec-bao-ve-du-lieu-ca-nhan-768x384.jpg 768w\" sizes=\"auto, (max-width: 800px) 100vw, 800px\" \/><figcaption id=\"caption-attachment-221\" class=\"wp-caption-text\">Quy\u1ec1n l\u1ee3i v\u00e0 ngh\u0129a v\u1ee5 trong vi\u1ec7c b\u1ea3o v\u1ec7 d\u1eef li\u1ec7u c\u00e1 nh\u00e2n<\/figcaption><\/figure>\n<h3><span class=\"ez-toc-section\" id=\"Nghia_vu_bao_ve_account\"><\/span><b>Ngh\u0129a v\u1ee5 b\u1ea3o v\u1ec7 account<\/b><span class=\"ez-toc-section-end\"><\/span><\/h3>\n<p><span style=\"font-weight: 400;\">\u0110\u1ec3 duy tr\u00ec quy\u1ec1n ri\u00eang t\u01b0 VSBET, h\u1ed9i vi\u00ean c\u1ea7n tu\u00e2n th\u1ee7 c\u00e1c nguy\u00ean t\u1eafc s\u1eed d\u1ee5ng t\u00e0i kho\u1ea3n an to\u00e0n. M\u1eadt kh\u1ea9u ph\u1ea3i c\u00f3 t\u1ed1i thi\u1ec3u 8 k\u00fd t\u1ef1, bao g\u1ed3m ch\u1eef hoa, ch\u1eef th\u01b0\u1eddng, s\u1ed1, k\u00fd t\u1ef1 \u0111\u1eb7c bi\u1ec7t. H\u1ec7 th\u1ed1ng khuy\u1ebfn ngh\u1ecb thay \u0111\u1ed5i m\u1eadt kh\u1ea9u \u0111\u1ecbnh k\u1ef3 60 ng\u00e0y m\u1ed9t l\u1ea7n. N\u1ebfu ph\u00e1t hi\u1ec7n \u0111\u0103ng nh\u1eadp t\u1eeb thi\u1ebft b\u1ecb l\u1ea1, t\u00e0i kho\u1ea3n s\u1ebd b\u1ecb kh\u00f3a t\u1ea1m th\u1eddi trong 15 ph\u00fat \u0111\u1ec3 x\u00e1c minh.<\/span><\/p>\n<h3><span class=\"ez-toc-section\" id=\"Nhung_truong_hop_vi_pham_quy_dinh_ve_quyen_rieng_tu\"><\/span><b>Nh\u1eefng tr\u01b0\u1eddng h\u1ee3p vi ph\u1ea1m quy \u0111\u1ecbnh v\u1ec1 quy\u1ec1n ri\u00eang t\u01b0<\/b><span class=\"ez-toc-section-end\"><\/span><\/h3>\n<p><span style=\"font-weight: 400;\">M\u1ed9t s\u1ed1 h\u00e0nh vi c\u00f3 th\u1ec3 \u1ea3nh h\u01b0\u1edfng tr\u1ef1c ti\u1ebfp \u0111\u1ebfn quy\u1ec1n ri\u00eang t\u01b0 VSBET bao g\u1ed3m chia s\u1ebb th\u00f4ng tin \u0111\u0103ng nh\u1eadp, s\u1eed d\u1ee5ng ph\u1ea7n m\u1ec1m can thi\u1ec7p h\u1ec7 th\u1ed1ng ho\u1eb7c khai b\u00e1o d\u1eef li\u1ec7u kh\u00f4ng ch\u00ednh x\u00e1c. T\u00f9y m\u1ee9c \u0111\u1ed9, t\u00e0i kho\u1ea3n vi ph\u1ea1m c\u00f3 th\u1ec3 b\u1ecb h\u1ea1n ch\u1ebf ch\u1ee9c n\u0103ng trong 7 ng\u00e0y, 30 ng\u00e0y ho\u1eb7c ch\u1ea5m d\u1ee9t v\u0129nh vi\u1ec5n. M\u1ecdi quy\u1ebft \u0111\u1ecbnh x\u1eed l\u00fd \u0111\u1ec1u d\u1ef1a tr\u00ean d\u1eef li\u1ec7u log \u0111\u01b0\u1ee3c l\u01b0u tr\u1eef t\u1ed1i thi\u1ec3u 12 th\u00e1ng, \u0111\u1ea3m b\u1ea3o t\u00ednh minh b\u1ea1ch.<\/span><\/p>\n<h2><span class=\"ez-toc-section\" id=\"Ket_luan\"><\/span><b>K\u1ebft lu\u1eadn<\/b><span class=\"ez-toc-section-end\"><\/span><\/h2>\n<p><a href=\"https:\/\/vsbet.spot\/index.php\/quyen-rieng-tu-vsbet\/\"><b>Quy\u1ec1n ri\u00eang t\u01b0 Vsbet<\/b><\/a><span style=\"font-weight: 400;\"> l\u00e0 n\u1ec1n t\u1ea3ng c\u1ed1t l\u00f5i gi\u00fap ng\u01b0\u1eddi d\u00f9ng c\u1ea3m th\u1ea5y an to\u00e0n trong su\u1ed1t qu\u00e1 tr\u00ecnh s\u1eed d\u1ee5ng d\u1ecbch v\u1ee5. H\u1ec7 th\u1ed1ng b\u1ea3o m\u1eadt hi\u1ec7n \u0111\u1ea1i c\u00f9ng ch\u00ednh s\u00e1ch r\u00f5 r\u00e0ng th\u1ec3 hi\u1ec7n cam k\u1ebft m\u1ea1nh m\u1ebd c\u1ee7a th\u01b0\u01a1ng hi\u1ec7u \u0111\u1ed1i v\u1edbi d\u1eef li\u1ec7u c\u00e1 nh\u00e2n. \u0110\u00e2y ch\u00ednh l\u00e0 y\u1ebfu t\u1ed1 quan tr\u1ecdng gi\u00fap Vsbet t\u1ea1o d\u1ef1ng uy t\u00edn b\u1ec1n v\u1eefng tr\u00ean th\u1ecb tr\u01b0\u1eddng.<\/span><\/p>\n","protected":false},"excerpt":{"rendered":"<p>Quy\u1ec1n Ri\u00eang T\u01b0 Vsbet V\u00e0 B\u1ea3o M\u1eadt Th\u00f4ng Tin An To\u00e0n Nh\u1ea5t Quy\u1ec1n ri\u00eang t\u01b0 Vsbet lu\u00f4n \u0111\u01b0\u1ee3c \u0111\u1eb7t l\u00ean h\u00e0ng \u0111\u1ea7u nh\u1eb1m x\u00e2y d\u1ef1ng m\u00f4i tr\u01b0\u1eddng gi\u1ea3i tr\u00ed an to\u00e0n, minh b\u1ea1ch cho m\u1ecdi ng\u01b0\u1eddi d\u00f9ng. Nh\u1edd \u0111\u00f3, Vsbet kh\u00f4ng ch\u1ec9 \u0111\u1ea3m b\u1ea3o quy\u1ec1n l\u1ee3i h\u1ed9i vi\u00ean m\u00e0 c\u00f2n c\u1ee7ng c\u1ed1 ni\u1ec1m tin l\u00e2u [&#8230;]\n","protected":false},"author":1,"featured_media":228,"parent":0,"menu_order":0,"comment_status":"closed","ping_status":"closed","template":"","meta":{"footnotes":""},"class_list":["post-299","page","type-page","status-publish","has-post-thumbnail","hentry"],"_links":{"self":[{"href":"https:\/\/vsbet.spot\/index.php\/wp-json\/wp\/v2\/pages\/299","targetHints":{"allow":["GET"]}}],"collection":[{"href":"https:\/\/vsbet.spot\/index.php\/wp-json\/wp\/v2\/pages"}],"about":[{"href":"https:\/\/vsbet.spot\/index.php\/wp-json\/wp\/v2\/types\/page"}],"author":[{"embeddable":true,"href":"https:\/\/vsbet.spot\/index.php\/wp-json\/wp\/v2\/users\/1"}],"replies":[{"embeddable":true,"href":"https:\/\/vsbet.spot\/index.php\/wp-json\/wp\/v2\/comments?post=299"}],"version-history":[{"count":2,"href":"https:\/\/vsbet.spot\/index.php\/wp-json\/wp\/v2\/pages\/299\/revisions"}],"predecessor-version":[{"id":301,"href":"https:\/\/vsbet.spot\/index.php\/wp-json\/wp\/v2\/pages\/299\/revisions\/301"}],"wp:featuredmedia":[{"embeddable":true,"href":"https:\/\/vsbet.spot\/index.php\/wp-json\/wp\/v2\/media\/228"}],"wp:attachment":[{"href":"https:\/\/vsbet.spot\/index.php\/wp-json\/wp\/v2\/media?parent=299"}],"curies":[{"name":"wp","href":"https:\/\/api.w.org\/{rel}","templated":true}]}}