{"id":294,"date":"2026-02-03T05:20:51","date_gmt":"2026-02-03T05:20:51","guid":{"rendered":"https:\/\/vsbet.spot\/?page_id=294"},"modified":"2026-02-03T05:20:51","modified_gmt":"2026-02-03T05:20:51","slug":"cau-hoi-thuong-gap","status":"publish","type":"page","link":"https:\/\/vsbet.spot\/index.php\/cau-hoi-thuong-gap\/","title":{"rendered":"C\u00e2u H\u1ecfi Th\u01b0\u1eddng G\u1eb7p"},"content":{"rendered":"<div id=\"ez-toc-container\" class=\"ez-toc-v2_0_80 counter-hierarchy ez-toc-counter ez-toc-grey ez-toc-container-direction\">\n<div class=\"ez-toc-title-container\">\n<p class=\"ez-toc-title\" style=\"cursor:inherit\">Table of Contents<\/p>\n<span class=\"ez-toc-title-toggle\"><a href=\"#\" class=\"ez-toc-pull-right ez-toc-btn ez-toc-btn-xs ez-toc-btn-default ez-toc-toggle\" aria-label=\"Toggle Table of Content\"><span class=\"ez-toc-js-icon-con\"><span class=\"\"><span class=\"eztoc-hide\" style=\"display:none;\">Toggle<\/span><span class=\"ez-toc-icon-toggle-span\"><svg style=\"fill: #999;color:#999\" xmlns=\"http:\/\/www.w3.org\/2000\/svg\" class=\"list-377408\" width=\"20px\" height=\"20px\" viewBox=\"0 0 24 24\" fill=\"none\"><path d=\"M6 6H4v2h2V6zm14 0H8v2h12V6zM4 11h2v2H4v-2zm16 0H8v2h12v-2zM4 16h2v2H4v-2zm16 0H8v2h12v-2z\" fill=\"currentColor\"><\/path><\/svg><svg style=\"fill: #999;color:#999\" class=\"arrow-unsorted-368013\" xmlns=\"http:\/\/www.w3.org\/2000\/svg\" width=\"10px\" height=\"10px\" viewBox=\"0 0 24 24\" version=\"1.2\" baseProfile=\"tiny\"><path d=\"M18.2 9.3l-6.2-6.3-6.2 6.3c-.2.2-.3.4-.3.7s.1.5.3.7c.2.2.4.3.7.3h11c.3 0 .5-.1.7-.3.2-.2.3-.5.3-.7s-.1-.5-.3-.7zM5.8 14.7l6.2 6.3 6.2-6.3c.2-.2.3-.5.3-.7s-.1-.5-.3-.7c-.2-.2-.4-.3-.7-.3h-11c-.3 0-.5.1-.7.3-.2.2-.3.5-.3.7s.1.5.3.7z\"\/><\/svg><\/span><\/span><\/span><\/a><\/span><\/div>\n<nav><ul class='ez-toc-list ez-toc-list-level-1 ' ><li class='ez-toc-page-1 ez-toc-heading-level-1'><a class=\"ez-toc-link ez-toc-heading-1\" href=\"https:\/\/vsbet.spot\/index.php\/cau-hoi-thuong-gap\/#Cau_Hoi_Thuong_Gap_Ve_Vsbet_%E2%80%93_Giai_Dap_Chi_Tiet_Tu_A_Den_Z\" >C\u00e2u H\u1ecfi Th\u01b0\u1eddng G\u1eb7p V\u1ec1 Vsbet \u2013 Gi\u1ea3i \u0110\u00e1p Chi Ti\u1ebft T\u1eeb A \u0110\u1ebfn Z<\/a><ul class='ez-toc-list-level-2' ><li class='ez-toc-heading-level-2'><a class=\"ez-toc-link ez-toc-heading-2\" href=\"https:\/\/vsbet.spot\/index.php\/cau-hoi-thuong-gap\/#Tong_quan_chuyen_muc_cau_hoi_thuong_gap_Vsbet\" >T\u1ed5ng quan chuy\u00ean m\u1ee5c c\u00e2u h\u1ecfi th\u01b0\u1eddng g\u1eb7p Vsbet<\/a><\/li><li class='ez-toc-page-1 ez-toc-heading-level-2'><a class=\"ez-toc-link ez-toc-heading-3\" href=\"https:\/\/vsbet.spot\/index.php\/cau-hoi-thuong-gap\/#Nhom_cau_hoi_lien_quan_den_viec_tao_va_quan_ly_tai_khoan\" >Nh\u00f3m c\u00e2u h\u1ecfi li\u00ean quan \u0111\u1ebfn vi\u1ec7c t\u1ea1o v\u00e0 qu\u1ea3n l\u00fd t\u00e0i kho\u1ea3n<\/a><ul class='ez-toc-list-level-3' ><li class='ez-toc-heading-level-3'><a class=\"ez-toc-link ez-toc-heading-4\" href=\"https:\/\/vsbet.spot\/index.php\/cau-hoi-thuong-gap\/#Quy_trinh_mo_tai_khoan_moi_tren_nen_tang_Vsbet\" >Quy tr\u00ecnh m\u1edf t\u00e0i kho\u1ea3n m\u1edbi tr\u00ean n\u1ec1n t\u1ea3ng Vsbet?<\/a><\/li><li class='ez-toc-page-1 ez-toc-heading-level-3'><a class=\"ez-toc-link ez-toc-heading-5\" href=\"https:\/\/vsbet.spot\/index.php\/cau-hoi-thuong-gap\/#Tien_hanh_tao_tai_khoan_phat_sinh_chi_phi_hay_khong\" >Ti\u1ebfn h\u00e0nh t\u1ea1o t\u00e0i kho\u1ea3n ph\u00e1t sinh chi ph\u00ed hay kh\u00f4ng?<\/a><\/li><li class='ez-toc-page-1 ez-toc-heading-level-3'><a class=\"ez-toc-link ez-toc-heading-6\" href=\"https:\/\/vsbet.spot\/index.php\/cau-hoi-thuong-gap\/#Cach_xu_ly_khi_khong_nho_mat_khau_dang_nhap_Vsbet\" >C\u00e1ch x\u1eed l\u00fd khi kh\u00f4ng nh\u1edb m\u1eadt kh\u1ea9u \u0111\u0103ng nh\u1eadp Vsbet?<\/a><\/li><li class='ez-toc-page-1 ez-toc-heading-level-3'><a class=\"ez-toc-link ez-toc-heading-7\" href=\"https:\/\/vsbet.spot\/index.php\/cau-hoi-thuong-gap\/#Kha_nang_chinh_sua_thong_tin_da_dang_ky_tren_tai_khoan\" >Kh\u1ea3 n\u0103ng ch\u1ec9nh s\u1eeda th\u00f4ng tin \u0111\u00e3 \u0111\u0103ng k\u00fd tr\u00ean t\u00e0i kho\u1ea3n?<\/a><\/li><li class='ez-toc-page-1 ez-toc-heading-level-3'><a class=\"ez-toc-link ez-toc-heading-8\" href=\"https:\/\/vsbet.spot\/index.php\/cau-hoi-thuong-gap\/#So_luong_tai_khoan_duoc_phep_so_huu_la_bao_nhieu\" >S\u1ed1 l\u01b0\u1ee3ng t\u00e0i kho\u1ea3n \u0111\u01b0\u1ee3c ph\u00e9p s\u1edf h\u1eefu l\u00e0 bao nhi\u00eau?<\/a><\/li><\/ul><\/li><li class='ez-toc-page-1 ez-toc-heading-level-2'><a class=\"ez-toc-link ez-toc-heading-9\" href=\"https:\/\/vsbet.spot\/index.php\/cau-hoi-thuong-gap\/#Nhom_cau_hoi_ve_truy_cap_va_dang_nhap_he_thong\" >Nh\u00f3m c\u00e2u h\u1ecfi v\u1ec1 truy c\u1eadp v\u00e0 \u0111\u0103ng nh\u1eadp h\u1ec7 th\u1ed1ng<\/a><ul class='ez-toc-list-level-3' ><li class='ez-toc-heading-level-3'><a class=\"ez-toc-link ez-toc-heading-10\" href=\"https:\/\/vsbet.spot\/index.php\/cau-hoi-thuong-gap\/#Huong_khac_phuc_khi_khong_the_dang_nhap_vao_Vsbet\" >H\u01b0\u1edbng kh\u1eafc ph\u1ee5c khi kh\u00f4ng th\u1ec3 \u0111\u0103ng nh\u1eadp v\u00e0o Vsbet?<\/a><\/li><li class='ez-toc-page-1 ez-toc-heading-level-3'><a class=\"ez-toc-link ez-toc-heading-11\" href=\"https:\/\/vsbet.spot\/index.php\/cau-hoi-thuong-gap\/#Nguyen_nhan_khien_tai_khoan_Vsbet_bi_tam_khoa\" >Nguy\u00ean nh\u00e2n khi\u1ebfn t\u00e0i kho\u1ea3n Vsbet b\u1ecb t\u1ea1m kh\u00f3a?<\/a><\/li><li class='ez-toc-page-1 ez-toc-heading-level-3'><a class=\"ez-toc-link ez-toc-heading-12\" href=\"https:\/\/vsbet.spot\/index.php\/cau-hoi-thuong-gap\/#Kha_nang_su_dung_Vsbet_tren_thiet_bi_di_dong\" >Kh\u1ea3 n\u0103ng s\u1eed d\u1ee5ng Vsbet tr\u00ean thi\u1ebft b\u1ecb di \u0111\u1ed9ng?<\/a><\/li><\/ul><\/li><li class='ez-toc-page-1 ez-toc-heading-level-2'><a class=\"ez-toc-link ez-toc-heading-13\" href=\"https:\/\/vsbet.spot\/index.php\/cau-hoi-thuong-gap\/#Ket_luan\" >K\u1ebft lu\u1eadn<\/a><\/li><\/ul><\/li><\/ul><\/nav><\/div>\n<h1 style=\"text-align: center;\"><span class=\"ez-toc-section\" id=\"Cau_Hoi_Thuong_Gap_Ve_Vsbet_%E2%80%93_Giai_Dap_Chi_Tiet_Tu_A_Den_Z\"><\/span><b>C\u00e2u H\u1ecfi Th\u01b0\u1eddng G\u1eb7p V\u1ec1 Vsbet \u2013 Gi\u1ea3i \u0110\u00e1p Chi Ti\u1ebft T\u1eeb A \u0110\u1ebfn Z<\/b><span class=\"ez-toc-section-end\"><\/span><\/h1>\n<p><span style=\"font-weight: 400;\">C\u00e2u h\u1ecfi th\u01b0\u1eddng g\u1eb7p<\/span> <span style=\"font-weight: 400;\">v\u1ec1 <strong><a href=\"https:\/\/vsbet.spot\/\">Vsbet<\/a><\/strong> lu\u00f4n l\u00e0 m\u1ed1i quan t\u00e2m h\u00e0ng \u0111\u1ea7u c\u1ee7a ng\u01b0\u1eddi ch\u01a1i khi t\u00ecm hi\u1ec3u v\u1ec1 nh\u00e0 c\u00e1i tr\u1ef1c tuy\u1ebfn n\u00e0y. T\u1eeb c\u00e1ch t\u1ea1o t\u00e0i kho\u1ea3n, x\u00e1c minh th\u00f4ng tin, \u0111\u1ebfn quy tr\u00ecnh n\u1ea1p r\u00fat ti\u1ec1n v\u00e0 c\u00e1c ch\u01b0\u01a1ng tr\u00ecnh \u01b0u \u0111\u00e3i, m\u1ecdi v\u1ea5n \u0111\u1ec1 \u0111\u1ec1u c\u1ea7n \u0111\u01b0\u1ee3c gi\u1ea3i \u0111\u00e1p r\u00f5 r\u00e0ng \u0111\u1ec3 \u0111\u1ea3m b\u1ea3o tr\u1ea3i nghi\u1ec7m an to\u00e0n.<\/span><\/p>\n<h2><span class=\"ez-toc-section\" id=\"Tong_quan_chuyen_muc_cau_hoi_thuong_gap_Vsbet\"><\/span><b>T\u1ed5ng quan chuy\u00ean m\u1ee5c c\u00e2u h\u1ecfi th\u01b0\u1eddng g\u1eb7p Vsbet<\/b><span class=\"ez-toc-section-end\"><\/span><\/h2>\n<p><span style=\"font-weight: 400;\">Chuy\u00ean m\u1ee5c C\u00e2u h\u1ecfi th\u01b0\u1eddng g\u1eb7p (FAQ) c\u1ee7a Vsbet \u0111\u01b0\u1ee3c x\u00e2y d\u1ef1ng nh\u1eb1m h\u1ed7 tr\u1ee3 ng\u01b0\u1eddi d\u00f9ng ti\u1ebfp c\u1eadn th\u00f4ng tin nhanh ch\u00f3ng, ch\u00ednh x\u00e1c v\u00e0 \u0111\u1ea7y \u0111\u1ee7 nh\u1ea5t. Hi\u1ec7n t\u1ea1i, FAQ Vsbet bao g\u1ed3m h\u01a1n 50 c\u00e2u h\u1ecfi ph\u1ed5 bi\u1ebfn, \u0111\u01b0\u1ee3c ph\u00e2n chia r\u00f5 r\u00e0ng th\u00e0nh 6 nh\u00f3m n\u1ed9i dung ch\u00ednh: \u0111\u0103ng k\u00fd t\u00e0i kho\u1ea3n, \u0111\u0103ng nh\u1eadp, n\u1ea1p ti\u1ec1n, r\u00fat ti\u1ec1n, khuy\u1ebfn m\u00e3i v\u00e0 h\u1ed7 tr\u1ee3 k\u1ef9 thu\u1eadt.<\/span><\/p>\n<p><span style=\"font-weight: 400;\">C\u00e1ch ph\u00e2n lo\u1ea1i n\u00e0y gi\u00fap ng\u01b0\u1eddi ch\u01a1i ti\u1ebft ki\u1ec7m \u0111\u1ebfn 70% th\u1eddi gian t\u00ecm ki\u1ebfm th\u00f4ng tin so v\u1edbi vi\u1ec7c li\u00ean h\u1ec7 tr\u1ef1c ti\u1ebfp b\u1ed9 ph\u1eadn ch\u0103m s\u00f3c kh\u00e1ch h\u00e0ng. Kho\u1ea3ng 65% ng\u01b0\u1eddi d\u00f9ng m\u1edbi c\u00f3 th\u1ec3 t\u1ef1 gi\u1ea3i quy\u1ebft v\u1ea5n \u0111\u1ec1 ch\u1ec9 th\u00f4ng qua vi\u1ec7c tham kh\u1ea3o FAQ m\u00e0 kh\u00f4ng c\u1ea7n g\u1eedi y\u00eau c\u1ea7u h\u1ed7 tr\u1ee3.<\/span><\/p>\n<p><span style=\"font-weight: 400;\">\u0110\u1eb7c bi\u1ec7t, c\u00e1c c\u00e2u h\u1ecfi li\u00ean quan \u0111\u1ebfn n\u1ea1p \u2013 r\u00fat ti\u1ec1n chi\u1ebfm g\u1ea7n 40% t\u1ed5ng l\u01b0\u1ee3t truy c\u1eadp, ph\u1ea3n \u00e1nh m\u1ee9c \u0111\u1ed9 quan t\u00e2m cao \u0111\u1ebfn t\u00ednh minh b\u1ea1ch v\u00e0 t\u1ed1c \u0111\u1ed9 giao d\u1ecbch t\u1ea1i Vsbet. Th\u1eddi gian x\u1eed l\u00fd giao d\u1ecbch \u0111\u01b0\u1ee3c c\u1eadp nh\u1eadt r\u00f5 r\u00e0ng trong FAQ, v\u1edbi n\u1ea1p ti\u1ec1n g\u1ea7n nh\u01b0 t\u1ee9c th\u00ec (1\u20133 ph\u00fat) v\u00e0 r\u00fat ti\u1ec1n trung b\u00ecnh t\u1eeb 5\u201315 ph\u00fat.<\/span><\/p>\n<figure id=\"attachment_240\" aria-describedby=\"caption-attachment-240\" style=\"width: 800px\" class=\"wp-caption aligncenter\"><img loading=\"lazy\" decoding=\"async\" class=\"size-full wp-image-240\" src=\"https:\/\/vsbet.spot\/wp-content\/uploads\/2026\/02\/khai-quat-noi-dung-chuyen-muc-cau-hoi-thuong-gap-vsbet.jpg\" alt=\"Kh\u00e1i qu\u00e1t n\u1ed9i dung chuy\u00ean m\u1ee5c c\u00e2u h\u1ecfi th\u01b0\u1eddng g\u1eb7p Vsbet\" width=\"800\" height=\"400\" srcset=\"https:\/\/vsbet.spot\/wp-content\/uploads\/2026\/02\/khai-quat-noi-dung-chuyen-muc-cau-hoi-thuong-gap-vsbet.jpg 800w, https:\/\/vsbet.spot\/wp-content\/uploads\/2026\/02\/khai-quat-noi-dung-chuyen-muc-cau-hoi-thuong-gap-vsbet-300x150.jpg 300w, https:\/\/vsbet.spot\/wp-content\/uploads\/2026\/02\/khai-quat-noi-dung-chuyen-muc-cau-hoi-thuong-gap-vsbet-768x384.jpg 768w\" sizes=\"auto, (max-width: 800px) 100vw, 800px\" \/><figcaption id=\"caption-attachment-240\" class=\"wp-caption-text\">Kh\u00e1i qu\u00e1t n\u1ed9i dung chuy\u00ean m\u1ee5c c\u00e2u h\u1ecfi th\u01b0\u1eddng g\u1eb7p Vsbet<\/figcaption><\/figure>\n<h2><span class=\"ez-toc-section\" id=\"Nhom_cau_hoi_lien_quan_den_viec_tao_va_quan_ly_tai_khoan\"><\/span><b>Nh\u00f3m c\u00e2u h\u1ecfi li\u00ean quan \u0111\u1ebfn vi\u1ec7c t\u1ea1o v\u00e0 qu\u1ea3n l\u00fd t\u00e0i kho\u1ea3n<\/b><span class=\"ez-toc-section-end\"><\/span><\/h2>\n<p><span style=\"font-weight: 400;\">Nh\u00f3m n\u1ed9i dung n\u00e0y t\u1eadp trung v\u00e0o \u0111i\u1ec1u ki\u1ec7n kh\u1edfi t\u1ea1o t\u00e0i kho\u1ea3n, chi ph\u00ed ph\u00e1t sinh, quy\u1ec1n ch\u1ec9nh s\u1eeda d\u1eef li\u1ec7u c\u00e1 nh\u00e2n. \u0110\u00e2y l\u00e0 ph\u1ea7n \u0111\u01b0\u1ee3c ng\u01b0\u1eddi d\u00f9ng m\u1edbi quan t\u00e2m nhi\u1ec1u nh\u1ea5t trong c\u00e2u h\u1ecfi th\u01b0\u1eddng g\u1eb7p Vsbet.<\/span><\/p>\n<h3><span class=\"ez-toc-section\" id=\"Quy_trinh_mo_tai_khoan_moi_tren_nen_tang_Vsbet\"><\/span><b>Quy tr\u00ecnh m\u1edf t\u00e0i kho\u1ea3n m\u1edbi tr\u00ean n\u1ec1n t\u1ea3ng Vsbet?<\/b><span class=\"ez-toc-section-end\"><\/span><\/h3>\n<p><span style=\"font-weight: 400;\">Vi\u1ec7c kh\u1edfi t\u1ea1o t\u00e0i kho\u1ea3n \u0111\u01b0\u1ee3c th\u1ef1c hi\u1ec7n ho\u00e0n to\u00e0n tr\u1ef1c tuy\u1ebfn v\u1edbi quy tr\u00ecnh g\u1ed3m 5 b\u01b0\u1edbc c\u01a1 b\u1ea3n. Ng\u01b0\u1eddi d\u00f9ng truy c\u1eadp trang ch\u1ee7 Vsbet, ch\u1ecdn m\u1ee5c \u0111\u0103ng k\u00fd, nh\u1eadp t\u00ean \u0111\u0103ng nh\u1eadp t\u1eeb 6 \u0111\u1ebfn 12 k\u00fd t\u1ef1, thi\u1ebft l\u1eadp m\u1eadt kh\u1ea9u t\u1ed1i thi\u1ec3u 8 k\u00fd t\u1ef1 c\u00f3 ch\u1eef hoa, sau \u0111\u00f3 x\u00e1c nh\u1eadn th\u00f4ng tin.<\/span><span style=\"font-weight: 400;\"><\/p>\n<p><\/span><\/p>\n<p><span style=\"font-weight: 400;\">Th\u1eddi gian ho\u00e0n t\u1ea5t trung b\u00ecnh dao \u0111\u1ed9ng t\u1eeb 2 \u0111\u1ebfn 3 ph\u00fat n\u1ebfu d\u1eef li\u1ec7u nh\u1eadp ch\u00ednh x\u00e1c. Theo c\u00e2u h\u1ecfi th\u01b0\u1eddng g\u1eb7p, h\u1ec7 th\u1ed1ng s\u1ebd t\u1eeb ch\u1ed1i c\u00e1c t\u00ean \u0111\u0103ng nh\u1eadp tr\u00f9ng l\u1eb7p ho\u1eb7c ch\u1ee9a k\u00fd t\u1ef1 \u0111\u1eb7c bi\u1ec7t kh\u00f4ng h\u1ee3p l\u1ec7.<\/span><\/p>\n<h3><span class=\"ez-toc-section\" id=\"Tien_hanh_tao_tai_khoan_phat_sinh_chi_phi_hay_khong\"><\/span><b>Ti\u1ebfn h\u00e0nh t\u1ea1o t\u00e0i kho\u1ea3n ph\u00e1t sinh chi ph\u00ed hay kh\u00f4ng?<\/b><span class=\"ez-toc-section-end\"><\/span><\/h3>\n<p><span style=\"font-weight: 400;\">Vsbet kh\u00f4ng thu b\u1ea5t k\u1ef3 kho\u1ea3n ph\u00ed n\u00e0o li\u00ean quan \u0111\u1ebfn vi\u1ec7c \u0111\u0103ng k\u00fd t\u00e0i kho\u1ea3n. H\u1ed9i vi\u00ean ch\u1ec9 c\u1ea7n cung c\u1ea5p th\u00f4ng tin c\u00e1 nh\u00e2n theo y\u00eau c\u1ea7u x\u00e1c th\u1ef1c c\u01a1 b\u1ea3n. C\u00e1c n\u1ed9i dung trong c\u00e2u h\u1ecfi th\u01b0\u1eddng g\u1eb7p cho th\u1ea5y m\u1ecdi chi ph\u00ed ch\u1ec9 xu\u1ea5t hi\u1ec7n khi ng\u01b0\u1eddi d\u00f9ng th\u1ef1c hi\u1ec7n giao d\u1ecbch t\u00e0i ch\u00ednh th\u00f4ng qua c\u1ed5ng thanh to\u00e1n trung gian, ho\u00e0n to\u00e0n kh\u00f4ng li\u00ean quan \u0111\u1ebfn b\u01b0\u1edbc m\u1edf t\u00e0i kho\u1ea3n.<\/span><\/p>\n<figure id=\"attachment_234\" aria-describedby=\"caption-attachment-234\" style=\"width: 800px\" class=\"wp-caption aligncenter\"><img loading=\"lazy\" decoding=\"async\" class=\"size-full wp-image-234\" src=\"https:\/\/vsbet.spot\/wp-content\/uploads\/2026\/02\/cac-thac-mac-xoay-quanh-qua-trinh-dang-ky-quan-ly-tai-khoan.jpg\" alt=\"C\u00e1c th\u1eafc m\u1eafc xoay quanh qu\u00e1 tr\u00ecnh \u0111\u0103ng k\u00fd, qu\u1ea3n l\u00fd t\u00e0i kho\u1ea3n\" width=\"800\" height=\"400\" srcset=\"https:\/\/vsbet.spot\/wp-content\/uploads\/2026\/02\/cac-thac-mac-xoay-quanh-qua-trinh-dang-ky-quan-ly-tai-khoan.jpg 800w, https:\/\/vsbet.spot\/wp-content\/uploads\/2026\/02\/cac-thac-mac-xoay-quanh-qua-trinh-dang-ky-quan-ly-tai-khoan-300x150.jpg 300w, https:\/\/vsbet.spot\/wp-content\/uploads\/2026\/02\/cac-thac-mac-xoay-quanh-qua-trinh-dang-ky-quan-ly-tai-khoan-768x384.jpg 768w\" sizes=\"auto, (max-width: 800px) 100vw, 800px\" \/><figcaption id=\"caption-attachment-234\" class=\"wp-caption-text\">C\u00e1c th\u1eafc m\u1eafc xoay quanh qu\u00e1 tr\u00ecnh \u0111\u0103ng k\u00fd, qu\u1ea3n l\u00fd t\u00e0i kho\u1ea3n<\/figcaption><\/figure>\n<h3><span class=\"ez-toc-section\" id=\"Cach_xu_ly_khi_khong_nho_mat_khau_dang_nhap_Vsbet\"><\/span><b>C\u00e1ch x\u1eed l\u00fd khi kh\u00f4ng nh\u1edb m\u1eadt kh\u1ea9u \u0111\u0103ng nh\u1eadp Vsbet?<\/b><span class=\"ez-toc-section-end\"><\/span><\/h3>\n<p><span style=\"font-weight: 400;\">Khi kh\u00f4ng th\u1ec3 truy c\u1eadp do qu\u00ean m\u1eadt kh\u1ea9u, ng\u01b0\u1eddi d\u00f9ng s\u1eed d\u1ee5ng ch\u1ee9c n\u0103ng kh\u00f4i ph\u1ee5c ngay tr\u00ean giao di\u1ec7n \u0111\u0103ng nh\u1eadp. Quy tr\u00ecnh g\u1ed3m 4 b\u01b0\u1edbc: nh\u1eadp t\u00ean t\u00e0i kho\u1ea3n, x\u00e1c minh m\u00e3 b\u1ea3o m\u1eadt, t\u1ea1o m\u1eadt kh\u1ea9u m\u1edbi, x\u00e1c nh\u1eadn ho\u00e0n t\u1ea5t.<\/span><\/p>\n<h3><span class=\"ez-toc-section\" id=\"Kha_nang_chinh_sua_thong_tin_da_dang_ky_tren_tai_khoan\"><\/span><b>Kh\u1ea3 n\u0103ng ch\u1ec9nh s\u1eeda th\u00f4ng tin \u0111\u00e3 \u0111\u0103ng k\u00fd tr\u00ean t\u00e0i kho\u1ea3n?<\/b><span class=\"ez-toc-section-end\"><\/span><\/h3>\n<p><span style=\"font-weight: 400;\">Tr\u1ea3 l\u1eddi cho c\u00e2u h\u1ecfi th\u01b0\u1eddng g\u1eb7p n\u00e0y, M\u1ed9t s\u1ed1 d\u1eef li\u1ec7u nh\u01b0 m\u1eadt kh\u1ea9u, email li\u00ean k\u1ebft, ph\u01b0\u01a1ng th\u1ee9c b\u1ea3o m\u1eadt c\u00f3 th\u1ec3 thay \u0111\u1ed5i trong m\u1ee5c qu\u1ea3n l\u00fd c\u00e1 nh\u00e2n. Ri\u00eang t\u00ean \u0111\u0103ng nh\u1eadp c\u00f9ng s\u1ed1 \u0111i\u1ec7n tho\u1ea1i x\u00e1c minh ban \u0111\u1ea7u s\u1ebd b\u1ecb kh\u00f3a c\u1ed1 \u0111\u1ecbnh.<\/span><\/p>\n<h3><span class=\"ez-toc-section\" id=\"So_luong_tai_khoan_duoc_phep_so_huu_la_bao_nhieu\"><\/span><b>S\u1ed1 l\u01b0\u1ee3ng t\u00e0i kho\u1ea3n \u0111\u01b0\u1ee3c ph\u00e9p s\u1edf h\u1eefu l\u00e0 bao nhi\u00eau?<\/b><span class=\"ez-toc-section-end\"><\/span><\/h3>\n<p><span style=\"font-weight: 400;\">M\u1ed7i c\u00e1 nh\u00e2n ch\u1ec9 \u0111\u01b0\u1ee3c ph\u00e9p s\u1eed d\u1ee5ng duy nh\u1ea5t m\u1ed9t t\u00e0i kho\u1ea3n tr\u00ean to\u00e0n b\u1ed9 h\u1ec7 th\u1ed1ng. Vi\u1ec7c ki\u1ec3m so\u00e1t \u0111\u01b0\u1ee3c th\u1ef1c hi\u1ec7n th\u00f4ng qua IP, thi\u1ebft b\u1ecb truy c\u1eadp, d\u1eef li\u1ec7u x\u00e1c th\u1ef1c. H\u00e0nh vi t\u1ea1o nhi\u1ec1u t\u00e0i kho\u1ea3n c\u00f3 th\u1ec3 d\u1eabn \u0111\u1ebfn kh\u00f3a v\u0129nh vi\u1ec5n m\u00e0 kh\u00f4ng c\u1ea7n th\u00f4ng b\u00e1o tr\u01b0\u1edbc, k\u1ec3 c\u1ea3 khi ch\u01b0a ph\u00e1t sinh giao d\u1ecbch.<\/span><\/p>\n<h2><span class=\"ez-toc-section\" id=\"Nhom_cau_hoi_ve_truy_cap_va_dang_nhap_he_thong\"><\/span><b>Nh\u00f3m c\u00e2u h\u1ecfi v\u1ec1 truy c\u1eadp v\u00e0 \u0111\u0103ng nh\u1eadp h\u1ec7 th\u1ed1ng<\/b><span class=\"ez-toc-section-end\"><\/span><\/h2>\n<p><span style=\"font-weight: 400;\">N\u1ed9i dung trong nh\u00f3m n\u00e0y t\u1eadp trung gi\u1ea3i quy\u1ebft c\u00e1c t\u00ecnh hu\u1ed1ng gi\u00e1n \u0111o\u1ea1n truy c\u1eadp, l\u1ed7i x\u00e1c th\u1ef1c, t\u01b0\u01a1ng th\u00edch thi\u1ebft b\u1ecb. C\u00e2u h\u1ecfi th\u01b0\u1eddng g\u1eb7p \u1edf ph\u1ea7n n\u00e0y gi\u00fap duy tr\u00ec tr\u1ea3i nghi\u1ec7m \u1ed5n \u0111\u1ecbnh cho h\u1ed9i vi\u00ean.<\/span><\/p>\n<h3><span class=\"ez-toc-section\" id=\"Huong_khac_phuc_khi_khong_the_dang_nhap_vao_Vsbet\"><\/span><b>H\u01b0\u1edbng kh\u1eafc ph\u1ee5c khi kh\u00f4ng th\u1ec3 \u0111\u0103ng nh\u1eadp v\u00e0o Vsbet?<\/b><span class=\"ez-toc-section-end\"><\/span><\/h3>\n<p><span style=\"font-weight: 400;\">Khi g\u1eb7p l\u1ed7i \u0111\u0103ng nh\u1eadp, ng\u01b0\u1eddi d\u00f9ng c\u1ea7n ki\u1ec3m tra ba y\u1ebfu t\u1ed1 ch\u00ednh g\u1ed3m: t\u00ean t\u00e0i kho\u1ea3n nh\u1eadp \u0111\u00fang \u0111\u1ecbnh d\u1ea1ng, m\u1eadt kh\u1ea9u kh\u00f4ng b\u1eadt b\u1ed9 g\u00f5 ti\u1ebfng Vi\u1ec7t, k\u1ebft n\u1ed1i m\u1ea1ng \u1ed5n \u0111\u1ecbnh tr\u00ean 10 Mbps. N\u1ebfu \u0111\u0103ng nh\u1eadp sai qu\u00e1 3 l\u1ea7n, h\u1ec7 th\u1ed1ng s\u1ebd t\u1ea1m ng\u01b0ng x\u00e1c th\u1ef1c trong 5 ph\u00fat.\u00a0<\/span><\/p>\n<h3><span class=\"ez-toc-section\" id=\"Nguyen_nhan_khien_tai_khoan_Vsbet_bi_tam_khoa\"><\/span><b>Nguy\u00ean nh\u00e2n khi\u1ebfn t\u00e0i kho\u1ea3n Vsbet b\u1ecb t\u1ea1m kh\u00f3a?<\/b><span class=\"ez-toc-section-end\"><\/span><\/h3>\n<p><span style=\"font-weight: 400;\">T\u00e0i kho\u1ea3n c\u00f3 th\u1ec3 b\u1ecb kh\u00f3a t\u1ea1m th\u1eddi khi nh\u1eadp sai m\u1eadt kh\u1ea9u qu\u00e1 5 l\u1ea7n, \u0111\u0103ng nh\u1eadp \u0111\u1ed3ng th\u1eddi t\u1eeb nhi\u1ec1u IP trong 1 gi\u1edd, ho\u1eb7c vi ph\u1ea1m \u0111i\u1ec1u kho\u1ea3n s\u1eed d\u1ee5ng.V\u1edbi c\u00e2u h\u1ecfi th\u01b0\u1eddng g\u1eb7p n\u00e0y, th\u1eddi gian kh\u00f3a dao \u0111\u1ed9ng t\u1eeb 30 ph\u00fat \u0111\u1ebfn 24 gi\u1edd t\u00f9y m\u1ee9c \u0111\u1ed9 r\u1ee7i ro \u0111\u01b0\u1ee3c h\u1ec7 th\u1ed1ng ghi nh\u1eadn.<\/span><\/p>\n<figure id=\"attachment_241\" aria-describedby=\"caption-attachment-241\" style=\"width: 800px\" class=\"wp-caption aligncenter\"><img loading=\"lazy\" decoding=\"async\" class=\"size-full wp-image-241\" src=\"https:\/\/vsbet.spot\/wp-content\/uploads\/2026\/02\/nhom-cau-hoi-lien-quan-den-viec-truy-cap-va-dang-nhap.jpg\" alt=\"Nh\u00f3m c\u00e2u h\u1ecfi li\u00ean quan \u0111\u1ebfn vi\u1ec7c truy c\u1eadp v\u00e0 \u0111\u0103ng nh\u1eadp\" width=\"800\" height=\"400\" srcset=\"https:\/\/vsbet.spot\/wp-content\/uploads\/2026\/02\/nhom-cau-hoi-lien-quan-den-viec-truy-cap-va-dang-nhap.jpg 800w, https:\/\/vsbet.spot\/wp-content\/uploads\/2026\/02\/nhom-cau-hoi-lien-quan-den-viec-truy-cap-va-dang-nhap-300x150.jpg 300w, https:\/\/vsbet.spot\/wp-content\/uploads\/2026\/02\/nhom-cau-hoi-lien-quan-den-viec-truy-cap-va-dang-nhap-768x384.jpg 768w\" sizes=\"auto, (max-width: 800px) 100vw, 800px\" \/><figcaption id=\"caption-attachment-241\" class=\"wp-caption-text\">Nh\u00f3m c\u00e2u h\u1ecfi li\u00ean quan \u0111\u1ebfn vi\u1ec7c truy c\u1eadp v\u00e0 \u0111\u0103ng nh\u1eadp<\/figcaption><\/figure>\n<h3><span class=\"ez-toc-section\" id=\"Kha_nang_su_dung_Vsbet_tren_thiet_bi_di_dong\"><\/span><b>Kh\u1ea3 n\u0103ng s\u1eed d\u1ee5ng Vsbet tr\u00ean thi\u1ebft b\u1ecb di \u0111\u1ed9ng?<\/b><span class=\"ez-toc-section-end\"><\/span><\/h3>\n<p><span style=\"font-weight: 400;\">Vsbet h\u1ed7 tr\u1ee3 \u0111\u1ea7y \u0111\u1ee7 tr\u00ean \u0111i\u1ec7n tho\u1ea1i s\u1eed d\u1ee5ng iOS t\u1eeb phi\u00ean b\u1ea3n 12 tr\u1edf l\u00ean, Android t\u1eeb 8.0 tr\u1edf l\u00ean. Giao di\u1ec7n \u0111\u01b0\u1ee3c t\u1ed1i \u01b0u cho m\u00e0n h\u00ecnh k\u00edch th\u01b0\u1edbc 5 \u0111\u1ebfn 7 inch, \u0111\u1ea3m b\u1ea3o thao t\u00e1c m\u01b0\u1ee3t. Th\u00f4ng tin trong c\u00e2u h\u1ecfi th\u01b0\u1eddng g\u1eb7p Vsbet x\u00e1c nh\u1eadn ng\u01b0\u1eddi d\u00f9ng kh\u00f4ng c\u1ea7n c\u00e0i \u0111\u1eb7t \u1ee9ng d\u1ee5ng ri\u00eang, ch\u1ec9 c\u1ea7n tr\u00ecnh duy\u1ec7t c\u1eadp nh\u1eadt l\u00e0 c\u00f3 th\u1ec3 truy c\u1eadp \u0111\u1ea7y \u0111\u1ee7 ch\u1ee9c n\u0103ng.<\/span><\/p>\n<h2><span class=\"ez-toc-section\" id=\"Ket_luan\"><\/span><b>K\u1ebft lu\u1eadn<\/b><span class=\"ez-toc-section-end\"><\/span><\/h2>\n<p><a href=\"https:\/\/vsbet.spot\/index.php\/cau-hoi-thuong-gap\/\"><b>C\u00e2u h\u1ecfi th\u01b0\u1eddng g\u1eb7p <\/b><\/a><span style=\"font-weight: 400;\">v\u1ec1 Vsbet \u0111\u00e3 \u0111\u01b0\u1ee3c t\u1ed5ng h\u1ee3p nh\u1eb1m gi\u00fap ng\u01b0\u1eddi ch\u01a1i n\u1eafm b\u1eaft \u0111\u1ea7y \u0111\u1ee7 th\u00f4ng tin c\u1ea7n thi\u1ebft tr\u01b0\u1edbc khi tham gia. Qua nh\u1eefng chia s\u1ebb tr\u00ean, b\u1ea1n c\u00f3 th\u1ec3 ch\u1ee7 \u0111\u1ed9ng h\u01a1n trong vi\u1ec7c \u0111\u0103ng k\u00fd, n\u1ea1p r\u00fat v\u00e0 t\u1eadn d\u1ee5ng \u01b0u \u0111\u00e3i hi\u1ec7u qu\u1ea3. Nh\u00e0 c\u00e1i lu\u00f4n h\u01b0\u1edbng t\u1edbi tr\u1ea3i nghi\u1ec7m minh b\u1ea1ch, an to\u00e0n v\u00e0 t\u1ed1i \u01b0u cho m\u1ecdi ng\u01b0\u1eddi ch\u01a1i.<\/span><\/p>\n","protected":false},"excerpt":{"rendered":"<p>C\u00e2u H\u1ecfi Th\u01b0\u1eddng G\u1eb7p V\u1ec1 Vsbet \u2013 Gi\u1ea3i \u0110\u00e1p Chi Ti\u1ebft T\u1eeb A \u0110\u1ebfn Z C\u00e2u h\u1ecfi th\u01b0\u1eddng g\u1eb7p v\u1ec1 Vsbet lu\u00f4n l\u00e0 m\u1ed1i quan t\u00e2m h\u00e0ng \u0111\u1ea7u c\u1ee7a ng\u01b0\u1eddi ch\u01a1i khi t\u00ecm hi\u1ec3u v\u1ec1 nh\u00e0 c\u00e1i tr\u1ef1c tuy\u1ebfn n\u00e0y. T\u1eeb c\u00e1ch t\u1ea1o t\u00e0i kho\u1ea3n, x\u00e1c minh th\u00f4ng tin, \u0111\u1ebfn quy tr\u00ecnh n\u1ea1p r\u00fat ti\u1ec1n [&#8230;]\n","protected":false},"author":1,"featured_media":239,"parent":0,"menu_order":0,"comment_status":"closed","ping_status":"closed","template":"","meta":{"footnotes":""},"class_list":["post-294","page","type-page","status-publish","has-post-thumbnail","hentry"],"_links":{"self":[{"href":"https:\/\/vsbet.spot\/index.php\/wp-json\/wp\/v2\/pages\/294","targetHints":{"allow":["GET"]}}],"collection":[{"href":"https:\/\/vsbet.spot\/index.php\/wp-json\/wp\/v2\/pages"}],"about":[{"href":"https:\/\/vsbet.spot\/index.php\/wp-json\/wp\/v2\/types\/page"}],"author":[{"embeddable":true,"href":"https:\/\/vsbet.spot\/index.php\/wp-json\/wp\/v2\/users\/1"}],"replies":[{"embeddable":true,"href":"https:\/\/vsbet.spot\/index.php\/wp-json\/wp\/v2\/comments?post=294"}],"version-history":[{"count":2,"href":"https:\/\/vsbet.spot\/index.php\/wp-json\/wp\/v2\/pages\/294\/revisions"}],"predecessor-version":[{"id":296,"href":"https:\/\/vsbet.spot\/index.php\/wp-json\/wp\/v2\/pages\/294\/revisions\/296"}],"wp:featuredmedia":[{"embeddable":true,"href":"https:\/\/vsbet.spot\/index.php\/wp-json\/wp\/v2\/media\/239"}],"wp:attachment":[{"href":"https:\/\/vsbet.spot\/index.php\/wp-json\/wp\/v2\/media?parent=294"}],"curies":[{"name":"wp","href":"https:\/\/api.w.org\/{rel}","templated":true}]}}