{"id":290,"date":"2026-02-03T05:16:52","date_gmt":"2026-02-03T05:16:52","guid":{"rendered":"https:\/\/vsbet.spot\/?page_id=290"},"modified":"2026-02-03T05:16:52","modified_gmt":"2026-02-03T05:16:52","slug":"dieu-khoan-dieu-kien-vsbet","status":"publish","type":"page","link":"https:\/\/vsbet.spot\/index.php\/dieu-khoan-dieu-kien-vsbet\/","title":{"rendered":"\u0110i\u1ec1u Kho\u1ea3n \u0110i\u1ec1u Ki\u1ec7n Vsbet"},"content":{"rendered":"<div id=\"ez-toc-container\" class=\"ez-toc-v2_0_80 counter-hierarchy ez-toc-counter ez-toc-grey ez-toc-container-direction\">\n<div class=\"ez-toc-title-container\">\n<p class=\"ez-toc-title\" style=\"cursor:inherit\">Table of Contents<\/p>\n<span class=\"ez-toc-title-toggle\"><a href=\"#\" class=\"ez-toc-pull-right ez-toc-btn ez-toc-btn-xs ez-toc-btn-default ez-toc-toggle\" aria-label=\"Toggle Table of Content\"><span class=\"ez-toc-js-icon-con\"><span class=\"\"><span class=\"eztoc-hide\" style=\"display:none;\">Toggle<\/span><span class=\"ez-toc-icon-toggle-span\"><svg style=\"fill: #999;color:#999\" xmlns=\"http:\/\/www.w3.org\/2000\/svg\" class=\"list-377408\" width=\"20px\" height=\"20px\" viewBox=\"0 0 24 24\" fill=\"none\"><path d=\"M6 6H4v2h2V6zm14 0H8v2h12V6zM4 11h2v2H4v-2zm16 0H8v2h12v-2zM4 16h2v2H4v-2zm16 0H8v2h12v-2z\" fill=\"currentColor\"><\/path><\/svg><svg style=\"fill: #999;color:#999\" class=\"arrow-unsorted-368013\" xmlns=\"http:\/\/www.w3.org\/2000\/svg\" width=\"10px\" height=\"10px\" viewBox=\"0 0 24 24\" version=\"1.2\" baseProfile=\"tiny\"><path d=\"M18.2 9.3l-6.2-6.3-6.2 6.3c-.2.2-.3.4-.3.7s.1.5.3.7c.2.2.4.3.7.3h11c.3 0 .5-.1.7-.3.2-.2.3-.5.3-.7s-.1-.5-.3-.7zM5.8 14.7l6.2 6.3 6.2-6.3c.2-.2.3-.5.3-.7s-.1-.5-.3-.7c-.2-.2-.4-.3-.7-.3h-11c-.3 0-.5.1-.7.3-.2.2-.3.5-.3.7s.1.5.3.7z\"\/><\/svg><\/span><\/span><\/span><\/a><\/span><\/div>\n<nav><ul class='ez-toc-list ez-toc-list-level-1 ' ><li class='ez-toc-page-1 ez-toc-heading-level-1'><a class=\"ez-toc-link ez-toc-heading-1\" href=\"https:\/\/vsbet.spot\/index.php\/dieu-khoan-dieu-kien-vsbet\/#Dieu_Khoan_Dieu_Kien_Vsbet_%E2%80%93_Quy_Dinh_Tham_Gia_Quyen_Loi\" >\u0110i\u1ec1u Kho\u1ea3n \u0110i\u1ec1u Ki\u1ec7n Vsbet \u2013 Quy \u0110\u1ecbnh Tham Gia &amp; Quy\u1ec1n L\u1ee3i<\/a><ul class='ez-toc-list-level-2' ><li class='ez-toc-heading-level-2'><a class=\"ez-toc-link ez-toc-heading-2\" href=\"https:\/\/vsbet.spot\/index.php\/dieu-khoan-dieu-kien-vsbet\/#Khai_quat_noi_dung_quy_dinh_dieu_khoan_dieu_kien_vsbet\" >Kh\u00e1i qu\u00e1t n\u1ed9i dung quy \u0111\u1ecbnh \u0111i\u1ec1u kho\u1ea3n \u0111i\u1ec1u ki\u1ec7n vsbet<\/a><\/li><li class='ez-toc-page-1 ez-toc-heading-level-2'><a class=\"ez-toc-link ez-toc-heading-3\" href=\"https:\/\/vsbet.spot\/index.php\/dieu-khoan-dieu-kien-vsbet\/#Nguyen_tac_ap_dung_khi_trai_nghiem_dich_vu_tren_Vsbet\" >Nguy\u00ean t\u1eafc \u00e1p d\u1ee5ng khi tr\u1ea3i nghi\u1ec7m d\u1ecbch v\u1ee5 tr\u00ean Vsbet<\/a><ul class='ez-toc-list-level-3' ><li class='ez-toc-heading-level-3'><a class=\"ez-toc-link ez-toc-heading-4\" href=\"https:\/\/vsbet.spot\/index.php\/dieu-khoan-dieu-kien-vsbet\/#Su_dung_nen_tang_dung_muc_dich_giai_tri_va_tuan_thu_phap_luat\" >S\u1eed d\u1ee5ng n\u1ec1n t\u1ea3ng \u0111\u00fang m\u1ee5c \u0111\u00edch gi\u1ea3i tr\u00ed v\u00e0 tu\u00e2n th\u1ee7 ph\u00e1p lu\u1eadt<\/a><\/li><li class='ez-toc-page-1 ez-toc-heading-level-3'><a class=\"ez-toc-link ez-toc-heading-5\" href=\"https:\/\/vsbet.spot\/index.php\/dieu-khoan-dieu-kien-vsbet\/#Ngan_chan_cac_hanh_vi_sai_pham_va_gian_lan_he_thong\" >Ng\u0103n ch\u1eb7n c\u00e1c h\u00e0nh vi sai ph\u1ea1m v\u00e0 gian l\u1eadn h\u1ec7 th\u1ed1ng<\/a><\/li><li class='ez-toc-page-1 ez-toc-heading-level-3'><a class=\"ez-toc-link ez-toc-heading-6\" href=\"https:\/\/vsbet.spot\/index.php\/dieu-khoan-dieu-kien-vsbet\/#Quyen_so_huu_noi_dung_va_trach_nhiem_ban_quyen\" >Quy\u1ec1n s\u1edf h\u1eefu n\u1ed9i dung v\u00e0 tr\u00e1ch nhi\u1ec7m b\u1ea3n quy\u1ec1n<\/a><\/li><\/ul><\/li><li class='ez-toc-page-1 ez-toc-heading-level-2'><a class=\"ez-toc-link ez-toc-heading-7\" href=\"https:\/\/vsbet.spot\/index.php\/dieu-khoan-dieu-kien-vsbet\/#Dieu_kien_can_dap_ung_de_tham_gia_he_thong_Vsbet\" >\u0110i\u1ec1u ki\u1ec7n c\u1ea7n \u0111\u00e1p \u1ee9ng \u0111\u1ec3 tham gia h\u1ec7 th\u1ed1ng Vsbet<\/a><ul class='ez-toc-list-level-3' ><li class='ez-toc-heading-level-3'><a class=\"ez-toc-link ez-toc-heading-8\" href=\"https:\/\/vsbet.spot\/index.php\/dieu-khoan-dieu-kien-vsbet\/#Tieu_chuan_ve_do_tuoi_va_kha_nang_chiu_trach_nhiem_phap_ly\" >Ti\u00eau chu\u1ea9n v\u1ec1 \u0111\u1ed9 tu\u1ed5i v\u00e0 kh\u1ea3 n\u0103ng ch\u1ecbu tr\u00e1ch nhi\u1ec7m ph\u00e1p l\u00fd<\/a><\/li><li class='ez-toc-page-1 ez-toc-heading-level-3'><a class=\"ez-toc-link ez-toc-heading-9\" href=\"https:\/\/vsbet.spot\/index.php\/dieu-khoan-dieu-kien-vsbet\/#Yeu_cau_thong_tin_dang_ky_tai_khoan_chinh_xac\" >Y\u00eau c\u1ea7u th\u00f4ng tin \u0111\u0103ng k\u00fd t\u00e0i kho\u1ea3n ch\u00ednh x\u00e1c<\/a><\/li><li class='ez-toc-page-1 ez-toc-heading-level-3'><a class=\"ez-toc-link ez-toc-heading-10\" href=\"https:\/\/vsbet.spot\/index.php\/dieu-khoan-dieu-kien-vsbet\/#Quy_dinh_lien_quan_den_so_luong_tai_khoan_va_xac_thuc_danh_tinh\" >Quy \u0111\u1ecbnh li\u00ean quan \u0111\u1ebfn s\u1ed1 l\u01b0\u1ee3ng t\u00e0i kho\u1ea3n v\u00e0 x\u00e1c th\u1ef1c danh t\u00ednh<\/a><\/li><\/ul><\/li><li class='ez-toc-page-1 ez-toc-heading-level-2'><a class=\"ez-toc-link ez-toc-heading-11\" href=\"https:\/\/vsbet.spot\/index.php\/dieu-khoan-dieu-kien-vsbet\/#Ket_luan\" >K\u1ebft lu\u1eadn<\/a><\/li><\/ul><\/li><\/ul><\/nav><\/div>\n<h1 style=\"text-align: center;\"><span class=\"ez-toc-section\" id=\"Dieu_Khoan_Dieu_Kien_Vsbet_%E2%80%93_Quy_Dinh_Tham_Gia_Quyen_Loi\"><\/span><b>\u0110i\u1ec1u Kho\u1ea3n \u0110i\u1ec1u Ki\u1ec7n Vsbet \u2013 Quy \u0110\u1ecbnh Tham Gia &amp; Quy\u1ec1n L\u1ee3i<\/b><span class=\"ez-toc-section-end\"><\/span><\/h1>\n<p><b>\u0110i\u1ec1u kho\u1ea3n \u0111i\u1ec1u ki\u1ec7n Vsbet<\/b><span style=\"font-weight: 400;\"> \u0111\u01b0\u1ee3c x\u00e2y d\u1ef1ng nh\u1eb1m thi\u1ebft l\u1eadp khu\u00f4n kh\u1ed5 s\u1eed d\u1ee5ng d\u1ecbch v\u1ee5 r\u00f5 r\u00e0ng, gi\u00fap ng\u01b0\u1eddi d\u00f9ng hi\u1ec3u \u0111\u1ea7y \u0111\u1ee7 quy\u1ec1n l\u1ee3i v\u00e0 tr\u00e1ch nhi\u1ec7m khi tham gia n\u1ec1n t\u1ea3ng. N\u1ed9i dung bao g\u1ed3m c\u00e1c quy \u0111\u1ecbnh v\u1ec1 t\u00e0i kho\u1ea3n, giao d\u1ecbch, b\u1ea3o m\u1eadt d\u1eef li\u1ec7u v\u00e0 x\u1eed l\u00fd vi ph\u1ea1m, \u0111\u01b0\u1ee3c tr\u00ecnh b\u00e0y minh b\u1ea1ch, d\u1ec5 ti\u1ebfp c\u1eadn. <strong><a href=\"https:\/\/vsbet.spot\/\">Vsbet<\/a> <\/strong>c\u1eadp nh\u1eadt quy \u0111\u1ecbnh \u0111\u1ecbnh k\u1ef3 \u0111\u1ec3 ph\u00f9 h\u1ee3p v\u1edbi th\u1ef1c t\u1ebf v\u1eadn h\u00e0nh v\u00e0 ti\u00eau chu\u1ea9n an to\u00e0n.<\/span><\/p>\n<h2><span class=\"ez-toc-section\" id=\"Khai_quat_noi_dung_quy_dinh_dieu_khoan_dieu_kien_vsbet\"><\/span><b>Kh\u00e1i qu\u00e1t n\u1ed9i dung quy \u0111\u1ecbnh \u0111i\u1ec1u kho\u1ea3n \u0111i\u1ec1u ki\u1ec7n vsbet<\/b><span class=\"ez-toc-section-end\"><\/span><\/h2>\n<p><span style=\"font-weight: 400;\">\u0110i\u1ec1u kho\u1ea3n \u0111i\u1ec1u ki\u1ec7n Vsbet \u0111\u01b0\u1ee3c x\u00e2y d\u1ef1ng nh\u1eb1m \u0111\u1ea3m b\u1ea3o quy\u1ec1n l\u1ee3i ng\u01b0\u1eddi ch\u01a1i, t\u00ednh minh b\u1ea1ch v\u00e0 an to\u00e0n trong qu\u00e1 tr\u00ecnh s\u1eed d\u1ee5ng d\u1ecbch v\u1ee5. Tr\u01b0\u1edbc h\u1ebft, ng\u01b0\u1eddi d\u00f9ng ph\u1ea3i \u0111\u1ee7 18 tu\u1ed5i tr\u1edf l\u00ean (18+) v\u00e0 ch\u1ecbu tr\u00e1ch nhi\u1ec7m 100% v\u1ec1 t\u00ednh h\u1ee3p ph\u00e1p khi tham gia theo quy \u0111\u1ecbnh t\u1ea1i khu v\u1ef1c sinh s\u1ed1ng. Vi\u1ec7c \u0111\u0103ng k\u00fd account y\u00eau c\u1ea7u cung c\u1ea5p th\u00f4ng tin c\u00e1 nh\u00e2n ch\u00ednh x\u00e1c; m\u1ed7i ng\u01b0\u1eddi ch\u1ec9 \u0111\u01b0\u1ee3c s\u1edf h\u1eefu 01 t\u00e0i kho\u1ea3n duy nh\u1ea5t \u0111\u1ec3 tr\u00e1nh gian l\u1eadn.<\/span><\/p>\n<p><span style=\"font-weight: 400;\">V\u1ec1 t\u00e0i ch\u00ednh, nh\u00e0 c\u00e1i quy \u0111\u1ecbnh m\u1ee9c n\u1ea1p ti\u1ec1n t\u1ed1i thi\u1ec3u t\u1eeb 50.000\u2013100.000 \u0111\u1ed3ng\/l\u1ea7n, trong khi h\u1ea1n m\u1ee9c r\u00fat ti\u1ec1n c\u00f3 th\u1ec3 l\u00ean t\u1edbi 50\u2013100 tri\u1ec7u \u0111\u1ed3ng\/ng\u00e0y, t\u00f9y c\u1ea5p \u0111\u1ed9 t\u00e0i kho\u1ea3n. Th\u1eddi gian x\u1eed l\u00fd giao d\u1ecbch th\u01b0\u1eddng dao \u0111\u1ed9ng t\u1eeb 5 \u0111\u1ebfn 30 ph\u00fat \u0111\u1ed1i v\u1edbi c\u00e1c ph\u01b0\u01a1ng th\u1ee9c ph\u1ed5 bi\u1ebfn.<\/span><\/p>\n<p><span style=\"font-weight: 400;\">Ngo\u00e0i ra, ng\u01b0\u1eddi ch\u01a1i c\u1ea7n tu\u00e2n th\u1ee7 quy \u0111\u1ecbnh khuy\u1ebfn m\u00e3i, trong \u0111\u00f3 m\u1ed7i \u01b0u \u0111\u00e3i ch\u1ec9 \u00e1p d\u1ee5ng 01 l\u1ea7n\/t\u00e0i kho\u1ea3n\/IP\/thi\u1ebft b\u1ecb. M\u1ecdi h\u00e0nh vi l\u1ee3i d\u1ee5ng l\u1ed7i h\u1ec7 th\u1ed1ng, t\u1ea1o nhi\u1ec1u t\u00e0i kho\u1ea3n ho\u1eb7c can thi\u1ec7p k\u1ef9 thu\u1eadt \u0111\u1ec1u c\u00f3 th\u1ec3 d\u1eabn \u0111\u1ebfn kh\u00f3a account v\u0129nh vi\u1ec5n (100%) v\u00e0 h\u1ee7y to\u00e0n b\u1ed9 s\u1ed1 d\u01b0.<\/span><\/p>\n<figure id=\"attachment_246\" aria-describedby=\"caption-attachment-246\" style=\"width: 800px\" class=\"wp-caption aligncenter\"><img loading=\"lazy\" decoding=\"async\" class=\"size-full wp-image-246\" src=\"https:\/\/vsbet.spot\/wp-content\/uploads\/2026\/02\/tong-quan-noi-dung-chinh-trong-dieu-khoan-dieu-kien-vsbet.jpg\" alt=\"T\u1ed5ng quan n\u1ed9i dung ch\u00ednh trong \u0111i\u1ec1u kho\u1ea3n \u0111i\u1ec1u ki\u1ec7n Vsbet\" width=\"800\" height=\"400\" srcset=\"https:\/\/vsbet.spot\/wp-content\/uploads\/2026\/02\/tong-quan-noi-dung-chinh-trong-dieu-khoan-dieu-kien-vsbet.jpg 800w, https:\/\/vsbet.spot\/wp-content\/uploads\/2026\/02\/tong-quan-noi-dung-chinh-trong-dieu-khoan-dieu-kien-vsbet-300x150.jpg 300w, https:\/\/vsbet.spot\/wp-content\/uploads\/2026\/02\/tong-quan-noi-dung-chinh-trong-dieu-khoan-dieu-kien-vsbet-768x384.jpg 768w\" sizes=\"auto, (max-width: 800px) 100vw, 800px\" \/><figcaption id=\"caption-attachment-246\" class=\"wp-caption-text\">T\u1ed5ng quan n\u1ed9i dung ch\u00ednh trong \u0111i\u1ec1u kho\u1ea3n \u0111i\u1ec1u ki\u1ec7n Vsbet<\/figcaption><\/figure>\n<h2><span class=\"ez-toc-section\" id=\"Nguyen_tac_ap_dung_khi_trai_nghiem_dich_vu_tren_Vsbet\"><\/span><b>Nguy\u00ean t\u1eafc \u00e1p d\u1ee5ng khi tr\u1ea3i nghi\u1ec7m d\u1ecbch v\u1ee5 tr\u00ean Vsbet<\/b><span class=\"ez-toc-section-end\"><\/span><\/h2>\n<p><span style=\"font-weight: 400;\">C\u00e1c nguy\u00ean t\u1eafc \u00e1p d\u1ee5ng \u0111\u01b0\u1ee3c x\u00e2y d\u1ef1ng nh\u1eb1m duy tr\u00ec m\u00f4i tr\u01b0\u1eddng s\u1eed d\u1ee5ng \u1ed5n \u0111\u1ecbnh, minh b\u1ea1ch v\u00e0 ph\u00f9 h\u1ee3p v\u1edbi chu\u1ea9n ph\u00e1p l\u00fd hi\u1ec7n h\u00e0nh. \u0110i\u1ec1u kho\u1ea3n \u0111i\u1ec1u ki\u1ec7n Vsbet kh\u00f4ng ch\u1ec9 gi\u1edbi h\u1ea1n quy\u1ec1n truy c\u1eadp m\u00e0 c\u00f2n \u0111\u1ecbnh h\u01b0\u1edbng c\u00e1ch th\u1ee9c tham gia \u0111\u00fang chu\u1ea9n.<\/span><\/p>\n<h3><span class=\"ez-toc-section\" id=\"Su_dung_nen_tang_dung_muc_dich_giai_tri_va_tuan_thu_phap_luat\"><\/span><b>S\u1eed d\u1ee5ng n\u1ec1n t\u1ea3ng \u0111\u00fang m\u1ee5c \u0111\u00edch gi\u1ea3i tr\u00ed v\u00e0 tu\u00e2n th\u1ee7 ph\u00e1p lu\u1eadt<\/b><span class=\"ez-toc-section-end\"><\/span><\/h3>\n<p><span style=\"font-weight: 400;\">Theo \u0111i\u1ec1u kho\u1ea3n \u0111i\u1ec1u ki\u1ec7n Vsbet, to\u00e0n b\u1ed9 d\u1ecbch v\u1ee5 ch\u1ec9 ph\u1ee5c v\u1ee5 nhu c\u1ea7u gi\u1ea3i tr\u00ed c\u00e1 nh\u00e2n h\u1ee3p ph\u00e1p. Vi\u1ec7c khai th\u00e1c n\u1ec1n t\u1ea3ng cho m\u1ee5c \u0111\u00edch th\u01b0\u01a1ng m\u1ea1i tr\u00e1i ph\u00e9p ho\u1eb7c vi ph\u1ea1m quy \u0111\u1ecbnh \u0111\u1ecba ph\u01b0\u01a1ng \u0111\u1ec1u b\u1ecb t\u1eeb ch\u1ed1i.<\/span><\/p>\n<p><span style=\"font-weight: 400;\">H\u1ec7 th\u1ed1ng c\u00f3 c\u01a1 ch\u1ebf theo d\u00f5i h\u00e0nh vi truy c\u1eadp trong c\u00e1c khung th\u1eddi gian c\u1ed1 \u0111\u1ecbnh, \u0111i\u1ec3n h\u00ecnh nh\u01b0 60 ph\u00fat ho\u1eb7c 120 ph\u00fat li\u00ean t\u1ee5c. Khi ph\u00e1t hi\u1ec7n d\u1ea5u hi\u1ec7u s\u1eed d\u1ee5ng b\u1ea5t th\u01b0\u1eddng, account c\u00f3 th\u1ec3 b\u1ecb gi\u1edbi h\u1ea1n t\u1ea1m th\u1eddi \u0111\u1ec3 r\u00e0 so\u00e1t. C\u00e1ch ti\u1ebfp c\u1eadn n\u00e0y gi\u00fap duy tr\u00ec m\u00f4i tr\u01b0\u1eddng \u1ed5n \u0111\u1ecbnh cho to\u00e0n b\u1ed9 h\u1ed9i vi\u00ean.<\/span><\/p>\n<h3><span class=\"ez-toc-section\" id=\"Ngan_chan_cac_hanh_vi_sai_pham_va_gian_lan_he_thong\"><\/span><b>Ng\u0103n ch\u1eb7n c\u00e1c h\u00e0nh vi sai ph\u1ea1m v\u00e0 gian l\u1eadn h\u1ec7 th\u1ed1ng<\/b><span class=\"ez-toc-section-end\"><\/span><\/h3>\n<p><span style=\"font-weight: 400;\">\u0110i\u1ec1u kho\u1ea3n \u0111i\u1ec1u ki\u1ec7n Vsbet quy \u0111\u1ecbnh r\u00f5 c\u00e1c h\u00e0nh vi b\u1ecb nghi\u00eam c\u1ea5m nh\u01b0 s\u1eed d\u1ee5ng c\u00f4ng c\u1ee5 can thi\u1ec7p, thao t\u00e1c t\u1ef1 \u0111\u1ed9ng ho\u1eb7c l\u1ee3i d\u1ee5ng l\u1ed7i k\u1ef9 thu\u1eadt. Khi ph\u00e1t hi\u1ec7n vi ph\u1ea1m, h\u1ec7 th\u1ed1ng s\u1ebd ti\u1ebfn h\u00e0nh \u0111\u1ed1i chi\u1ebfu d\u1eef li\u1ec7u trong v\u00f2ng 24 gi\u1edd tr\u01b0\u1edbc khi \u0111\u01b0a ra quy\u1ebft \u0111\u1ecbnh x\u1eed l\u00fd.<\/span><\/p>\n<p><span style=\"font-weight: 400;\">M\u1ee9c x\u1eed l\u00fd \u0111\u01b0\u1ee3c ph\u00e2n theo c\u1ea5p \u0111\u1ed9, t\u1eeb c\u1ea3nh b\u00e1o, t\u1ea1m kh\u00f3a 72 gi\u1edd cho \u0111\u1ebfn ch\u1ea5m d\u1ee9t quy\u1ec1n truy c\u1eadp v\u0129nh vi\u1ec5n. Vi\u1ec7c \u00e1p d\u1ee5ng theo t\u1eebng m\u1ed1c gi\u00fap \u0111\u1ea3m b\u1ea3o t\u00ednh minh b\u1ea1ch, h\u1ea1n ch\u1ebf tranh ch\u1ea5p kh\u00f4ng c\u1ea7n thi\u1ebft gi\u1eefa hai b\u00ean.<\/span><\/p>\n<figure id=\"attachment_245\" aria-describedby=\"caption-attachment-245\" style=\"width: 800px\" class=\"wp-caption aligncenter\"><img loading=\"lazy\" decoding=\"async\" class=\"size-full wp-image-245\" src=\"https:\/\/vsbet.spot\/wp-content\/uploads\/2026\/02\/nhung-nguyen-tac-duoc-ap-dung-trong-qua-trinh-trai-nghiem.jpg\" alt=\"Nh\u1eefng nguy\u00ean t\u1eafc \u0111\u01b0\u1ee3c \u00e1p d\u1ee5ng trong qu\u00e1 tr\u00ecnh tr\u1ea3i nghi\u1ec7m\" width=\"800\" height=\"400\" srcset=\"https:\/\/vsbet.spot\/wp-content\/uploads\/2026\/02\/nhung-nguyen-tac-duoc-ap-dung-trong-qua-trinh-trai-nghiem.jpg 800w, https:\/\/vsbet.spot\/wp-content\/uploads\/2026\/02\/nhung-nguyen-tac-duoc-ap-dung-trong-qua-trinh-trai-nghiem-300x150.jpg 300w, https:\/\/vsbet.spot\/wp-content\/uploads\/2026\/02\/nhung-nguyen-tac-duoc-ap-dung-trong-qua-trinh-trai-nghiem-768x384.jpg 768w\" sizes=\"auto, (max-width: 800px) 100vw, 800px\" \/><figcaption id=\"caption-attachment-245\" class=\"wp-caption-text\">Nh\u1eefng nguy\u00ean t\u1eafc \u0111\u01b0\u1ee3c \u00e1p d\u1ee5ng trong qu\u00e1 tr\u00ecnh tr\u1ea3i nghi\u1ec7m<\/figcaption><\/figure>\n<h3><span class=\"ez-toc-section\" id=\"Quyen_so_huu_noi_dung_va_trach_nhiem_ban_quyen\"><\/span><b>Quy\u1ec1n s\u1edf h\u1eefu n\u1ed9i dung v\u00e0 tr\u00e1ch nhi\u1ec7m b\u1ea3n quy\u1ec1n<\/b><span class=\"ez-toc-section-end\"><\/span><\/h3>\n<p><span style=\"font-weight: 400;\">To\u00e0n b\u1ed9 h\u00ecnh \u1ea3nh, giao di\u1ec7n, d\u1eef li\u1ec7u hi\u1ec3n th\u1ecb \u0111\u1ec1u thu\u1ed9c quy\u1ec1n s\u1edf h\u1eefu c\u1ee7a Vsbet. \u0110i\u1ec1u kho\u1ea3n \u0111i\u1ec1u ki\u1ec7n Vsbet kh\u00f4ng cho ph\u00e9p sao ch\u00e9p, ch\u1ec9nh s\u1eeda ho\u1eb7c ph\u00e2n ph\u1ed1i l\u1ea1i n\u1ed9i dung khi ch\u01b0a c\u00f3 s\u1ef1 cho ph\u00e9p b\u1eb1ng v\u0103n b\u1ea3n.<\/span><\/p>\n<h2><span class=\"ez-toc-section\" id=\"Dieu_kien_can_dap_ung_de_tham_gia_he_thong_Vsbet\"><\/span><b>\u0110i\u1ec1u ki\u1ec7n c\u1ea7n \u0111\u00e1p \u1ee9ng \u0111\u1ec3 tham gia h\u1ec7 th\u1ed1ng Vsbet<\/b><span class=\"ez-toc-section-end\"><\/span><\/h2>\n<p><span style=\"font-weight: 400;\">B\u00ean c\u1ea1nh nguy\u00ean t\u1eafc s\u1eed d\u1ee5ng, h\u1ec7 th\u1ed1ng c\u00f2n \u0111\u01b0a ra c\u00e1c ti\u00eau chu\u1ea9n c\u1ee5 th\u1ec3 \u0111\u1ed1i v\u1edbi h\u1ed9i vi\u00ean. \u0110i\u1ec1u kho\u1ea3n \u0111i\u1ec1u ki\u1ec7n Vsbet x\u00e1c \u0111\u1ecbnh r\u00f5 ai \u0111\u1ee7 \u0111i\u1ec1u ki\u1ec7n truy c\u1eadp v\u00e0 c\u00e1ch th\u1ee9c duy tr\u00ec tr\u1ea1ng th\u00e1i h\u1ee3p l\u1ec7 c\u1ee7a t\u00e0i kho\u1ea3n.<\/span><\/p>\n<h3><span class=\"ez-toc-section\" id=\"Tieu_chuan_ve_do_tuoi_va_kha_nang_chiu_trach_nhiem_phap_ly\"><\/span><b>Ti\u00eau chu\u1ea9n v\u1ec1 \u0111\u1ed9 tu\u1ed5i v\u00e0 kh\u1ea3 n\u0103ng ch\u1ecbu tr\u00e1ch nhi\u1ec7m ph\u00e1p l\u00fd<\/b><span class=\"ez-toc-section-end\"><\/span><\/h3>\n<p><span style=\"font-weight: 400;\">Ng\u01b0\u1eddi tham gia c\u1ea7n \u0111\u1ee7 18 tu\u1ed5i t\u00ednh theo n\u0103m sinh ghi tr\u00ean gi\u1ea5y t\u1edd h\u1ee3p ph\u00e1p. Trong qu\u00e1 tr\u00ecnh x\u00e1c minh, h\u1ec7 th\u1ed1ng c\u00f3 th\u1ec3 y\u00eau c\u1ea7u \u0111\u1ed1i chi\u1ebfu th\u00f4ng tin \u0111\u1ec3 \u0111\u1ea3m b\u1ea3o t\u00ednh ch\u00ednh x\u00e1c.<\/span><\/p>\n<p><span style=\"font-weight: 400;\">Theo \u0110i\u1ec1u kho\u1ea3n \u0111i\u1ec1u ki\u1ec7n Vsbet, h\u1ed9i vi\u00ean ch\u1ecbu tr\u00e1ch nhi\u1ec7m ho\u00e0n to\u00e0n v\u1edbi h\u00e0nh vi ph\u00e1t sinh t\u1eeb account c\u1ee7a m\u00ecnh. M\u1ecdi giao d\u1ecbch th\u1ef1c hi\u1ec7n sau khi \u0111\u0103ng nh\u1eadp \u0111\u1ec1u \u0111\u01b0\u1ee3c xem l\u00e0 h\u1ee3p l\u1ec7, tr\u1eeb tr\u01b0\u1eddng h\u1ee3p ch\u1ee9ng minh \u0111\u01b0\u1ee3c truy c\u1eadp tr\u00e1i ph\u00e9p.<\/span><\/p>\n<figure id=\"attachment_242\" aria-describedby=\"caption-attachment-242\" style=\"width: 800px\" class=\"wp-caption aligncenter\"><img loading=\"lazy\" decoding=\"async\" class=\"size-full wp-image-242\" src=\"https:\/\/vsbet.spot\/wp-content\/uploads\/2026\/02\/cac-yeu-cau-dieu-kien-can-dap-ung-de-tham-gia-he-thong.jpg\" alt=\"C\u00e1c y\u00eau c\u1ea7u, \u0111i\u1ec1u ki\u1ec7n c\u1ea7n \u0111\u00e1p \u1ee9ng \u0111\u1ec3 tham gia h\u1ec7 th\u1ed1ng\" width=\"800\" height=\"400\" srcset=\"https:\/\/vsbet.spot\/wp-content\/uploads\/2026\/02\/cac-yeu-cau-dieu-kien-can-dap-ung-de-tham-gia-he-thong.jpg 800w, https:\/\/vsbet.spot\/wp-content\/uploads\/2026\/02\/cac-yeu-cau-dieu-kien-can-dap-ung-de-tham-gia-he-thong-300x150.jpg 300w, https:\/\/vsbet.spot\/wp-content\/uploads\/2026\/02\/cac-yeu-cau-dieu-kien-can-dap-ung-de-tham-gia-he-thong-768x384.jpg 768w\" sizes=\"auto, (max-width: 800px) 100vw, 800px\" \/><figcaption id=\"caption-attachment-242\" class=\"wp-caption-text\">C\u00e1c y\u00eau c\u1ea7u, \u0111i\u1ec1u ki\u1ec7n c\u1ea7n \u0111\u00e1p \u1ee9ng \u0111\u1ec3 tham gia h\u1ec7 th\u1ed1ng<\/figcaption><\/figure>\n<h3><span class=\"ez-toc-section\" id=\"Yeu_cau_thong_tin_dang_ky_tai_khoan_chinh_xac\"><\/span><b>Y\u00eau c\u1ea7u th\u00f4ng tin \u0111\u0103ng k\u00fd t\u00e0i kho\u1ea3n ch\u00ednh x\u00e1c<\/b><span class=\"ez-toc-section-end\"><\/span><\/h3>\n<p><span style=\"font-weight: 400;\">H\u1ec7 th\u1ed1ng y\u00eau c\u1ea7u cung c\u1ea5p \u0111\u1ea7y \u0111\u1ee7 h\u1ecd t\u00ean, s\u1ed1 \u0111i\u1ec7n tho\u1ea1i, email c\u00f9ng gi\u1ea5y t\u1edd nh\u1eadn di\u1ec7n h\u1ee3p l\u1ec7. \u0110i\u1ec1u kho\u1ea3n \u0111i\u1ec1u ki\u1ec7n Vsbet quy \u0111\u1ecbnh m\u1ed7i th\u00f4ng tin li\u00ean h\u1ec7 ch\u1ec9 \u0111\u01b0\u1ee3c g\u1eafn v\u1edbi m\u1ed9t t\u00e0i kho\u1ea3n duy nh\u1ea5t.<\/span><\/p>\n<p><span style=\"font-weight: 400;\">Vi\u1ec7c thay \u0111\u1ed5i d\u1eef li\u1ec7u c\u00e1 nh\u00e2n ch\u1ec9 \u0111\u01b0\u1ee3c th\u1ef1c hi\u1ec7n sau 24 gi\u1edd k\u1ec3 t\u1eeb l\u1ea7n c\u1eadp nh\u1eadt g\u1ea7n nh\u1ea5t. Quy \u0111\u1ecbnh th\u1eddi gian ch\u1edd gi\u00fap h\u1ea1n ch\u1ebf h\u00e0nh vi chi\u1ebfm quy\u1ec1n ki\u1ec3m so\u00e1t t\u00e0i kho\u1ea3n th\u00f4ng qua thay \u0111\u1ed5i th\u00f4ng tin li\u00ean t\u1ee5c.<\/span><\/p>\n<h3><span class=\"ez-toc-section\" id=\"Quy_dinh_lien_quan_den_so_luong_tai_khoan_va_xac_thuc_danh_tinh\"><\/span><b>Quy \u0111\u1ecbnh li\u00ean quan \u0111\u1ebfn s\u1ed1 l\u01b0\u1ee3ng t\u00e0i kho\u1ea3n v\u00e0 x\u00e1c th\u1ef1c danh t\u00ednh<\/b><span class=\"ez-toc-section-end\"><\/span><\/h3>\n<p><span style=\"font-weight: 400;\">Theo \u0110i\u1ec1u kho\u1ea3n \u0111i\u1ec1u ki\u1ec7n Vsbet, vi\u1ec7c t\u1ea1o nhi\u1ec1u t\u00e0i kho\u1ea3n b\u1eb1ng c\u00f9ng m\u1ed9t danh t\u00ednh b\u1ecb xem l\u00e0 vi ph\u1ea1m nghi\u00eam tr\u1ecdng. H\u1ec7 th\u1ed1ng s\u1eed d\u1ee5ng \u0111\u1ed1i chi\u1ebfu IP, thi\u1ebft b\u1ecb v\u00e0 d\u1eef li\u1ec7u x\u00e1c minh \u0111\u1ec3 ph\u00e1t hi\u1ec7n tr\u01b0\u1eddng h\u1ee3p tr\u00f9ng l\u1eb7p.<\/span><\/p>\n<p><span style=\"font-weight: 400;\">Khi c\u1ea7n x\u00e1c th\u1ef1c b\u1ed5 sung, h\u1ed9i vi\u00ean s\u1ebd \u0111\u01b0\u1ee3c y\u00eau c\u1ea7u cung c\u1ea5p gi\u1ea5y t\u1edd trong v\u00f2ng 48 gi\u1edd. N\u1ebfu kh\u00f4ng ho\u00e0n t\u1ea5t \u0111\u00fang h\u1ea1n, quy\u1ec1n truy c\u1eadp c\u00f3 th\u1ec3 b\u1ecb gi\u1edbi h\u1ea1n t\u1ea1m th\u1eddi. C\u01a1 ch\u1ebf n\u00e0y gi\u00fap duy tr\u00ec t\u00ednh minh b\u1ea1ch, \u0111\u1ed3ng th\u1eddi b\u1ea3o v\u1ec7 quy\u1ec1n l\u1ee3i chung c\u1ee7a c\u1ed9ng \u0111\u1ed3ng s\u1eed d\u1ee5ng d\u1ecbch v\u1ee5.<\/span><\/p>\n<h2><span class=\"ez-toc-section\" id=\"Ket_luan\"><\/span><b>K\u1ebft lu\u1eadn<\/b><span class=\"ez-toc-section-end\"><\/span><\/h2>\n<p><a href=\"https:\/\/vsbet.spot\/index.php\/dieu-khoan-dieu-kien-vsbet\/\"><b>\u0110i\u1ec1u kho\u1ea3n \u0111i\u1ec1u ki\u1ec7n Vsbet<\/b><\/a><span style=\"font-weight: 400;\"> \u0111\u00f3ng vai tr\u00f2 n\u1ec1n t\u1ea3ng trong vi\u1ec7c b\u1ea3o v\u1ec7 quy\u1ec1n l\u1ee3i v\u00e0 duy tr\u00ec m\u00f4i tr\u01b0\u1eddng s\u1eed d\u1ee5ng minh b\u1ea1ch. Vi\u1ec7c ch\u1ee7 \u0111\u1ed9ng t\u00ecm hi\u1ec3u quy \u0111\u1ecbnh gi\u00fap ng\u01b0\u1eddi d\u00f9ng tr\u00e1nh c\u00e1c t\u00ecnh hu\u1ed1ng ph\u00e1t sinh kh\u00f4ng mong mu\u1ed1n. Vsbet cam k\u1ebft x\u00e2y d\u1ef1ng h\u1ec7 th\u1ed1ng quy \u0111\u1ecbnh r\u00f5 r\u00e0ng, d\u1ec5 hi\u1ec3u v\u00e0 ph\u00f9 h\u1ee3p v\u1edbi tr\u1ea3i nghi\u1ec7m l\u00e2u d\u00e0i.<\/span><\/p>\n","protected":false},"excerpt":{"rendered":"<p>\u0110i\u1ec1u Kho\u1ea3n \u0110i\u1ec1u Ki\u1ec7n Vsbet \u2013 Quy \u0110\u1ecbnh Tham Gia &amp; Quy\u1ec1n L\u1ee3i \u0110i\u1ec1u kho\u1ea3n \u0111i\u1ec1u ki\u1ec7n Vsbet \u0111\u01b0\u1ee3c x\u00e2y d\u1ef1ng nh\u1eb1m thi\u1ebft l\u1eadp khu\u00f4n kh\u1ed5 s\u1eed d\u1ee5ng d\u1ecbch v\u1ee5 r\u00f5 r\u00e0ng, gi\u00fap ng\u01b0\u1eddi d\u00f9ng hi\u1ec3u \u0111\u1ea7y \u0111\u1ee7 quy\u1ec1n l\u1ee3i v\u00e0 tr\u00e1ch nhi\u1ec7m khi tham gia n\u1ec1n t\u1ea3ng. N\u1ed9i dung bao g\u1ed3m c\u00e1c quy \u0111\u1ecbnh [&#8230;]\n","protected":false},"author":1,"featured_media":243,"parent":0,"menu_order":0,"comment_status":"closed","ping_status":"closed","template":"","meta":{"footnotes":""},"class_list":["post-290","page","type-page","status-publish","has-post-thumbnail","hentry"],"_links":{"self":[{"href":"https:\/\/vsbet.spot\/index.php\/wp-json\/wp\/v2\/pages\/290","targetHints":{"allow":["GET"]}}],"collection":[{"href":"https:\/\/vsbet.spot\/index.php\/wp-json\/wp\/v2\/pages"}],"about":[{"href":"https:\/\/vsbet.spot\/index.php\/wp-json\/wp\/v2\/types\/page"}],"author":[{"embeddable":true,"href":"https:\/\/vsbet.spot\/index.php\/wp-json\/wp\/v2\/users\/1"}],"replies":[{"embeddable":true,"href":"https:\/\/vsbet.spot\/index.php\/wp-json\/wp\/v2\/comments?post=290"}],"version-history":[{"count":2,"href":"https:\/\/vsbet.spot\/index.php\/wp-json\/wp\/v2\/pages\/290\/revisions"}],"predecessor-version":[{"id":292,"href":"https:\/\/vsbet.spot\/index.php\/wp-json\/wp\/v2\/pages\/290\/revisions\/292"}],"wp:featuredmedia":[{"embeddable":true,"href":"https:\/\/vsbet.spot\/index.php\/wp-json\/wp\/v2\/media\/243"}],"wp:attachment":[{"href":"https:\/\/vsbet.spot\/index.php\/wp-json\/wp\/v2\/media?parent=290"}],"curies":[{"name":"wp","href":"https:\/\/api.w.org\/{rel}","templated":true}]}}