{"id":283,"date":"2026-02-03T05:12:04","date_gmt":"2026-02-03T05:12:04","guid":{"rendered":"https:\/\/vsbet.spot\/?page_id=283"},"modified":"2026-02-03T05:12:04","modified_gmt":"2026-02-03T05:12:04","slug":"choi-co-trach-nhiem","status":"publish","type":"page","link":"https:\/\/vsbet.spot\/index.php\/choi-co-trach-nhiem\/","title":{"rendered":"Ch\u01a1i C\u00f3 Tr\u00e1ch Nhi\u1ec7m"},"content":{"rendered":"<div id=\"ez-toc-container\" class=\"ez-toc-v2_0_80 counter-hierarchy ez-toc-counter ez-toc-grey ez-toc-container-direction\">\n<div class=\"ez-toc-title-container\">\n<p class=\"ez-toc-title\" style=\"cursor:inherit\">Table of Contents<\/p>\n<span class=\"ez-toc-title-toggle\"><a href=\"#\" class=\"ez-toc-pull-right ez-toc-btn ez-toc-btn-xs ez-toc-btn-default ez-toc-toggle\" aria-label=\"Toggle Table of Content\"><span class=\"ez-toc-js-icon-con\"><span class=\"\"><span class=\"eztoc-hide\" style=\"display:none;\">Toggle<\/span><span class=\"ez-toc-icon-toggle-span\"><svg style=\"fill: #999;color:#999\" xmlns=\"http:\/\/www.w3.org\/2000\/svg\" class=\"list-377408\" width=\"20px\" height=\"20px\" viewBox=\"0 0 24 24\" fill=\"none\"><path d=\"M6 6H4v2h2V6zm14 0H8v2h12V6zM4 11h2v2H4v-2zm16 0H8v2h12v-2zM4 16h2v2H4v-2zm16 0H8v2h12v-2z\" fill=\"currentColor\"><\/path><\/svg><svg style=\"fill: #999;color:#999\" class=\"arrow-unsorted-368013\" xmlns=\"http:\/\/www.w3.org\/2000\/svg\" width=\"10px\" height=\"10px\" viewBox=\"0 0 24 24\" version=\"1.2\" baseProfile=\"tiny\"><path d=\"M18.2 9.3l-6.2-6.3-6.2 6.3c-.2.2-.3.4-.3.7s.1.5.3.7c.2.2.4.3.7.3h11c.3 0 .5-.1.7-.3.2-.2.3-.5.3-.7s-.1-.5-.3-.7zM5.8 14.7l6.2 6.3 6.2-6.3c.2-.2.3-.5.3-.7s-.1-.5-.3-.7c-.2-.2-.4-.3-.7-.3h-11c-.3 0-.5.1-.7.3-.2.2-.3.5-.3.7s.1.5.3.7z\"\/><\/svg><\/span><\/span><\/span><\/a><\/span><\/div>\n<nav><ul class='ez-toc-list ez-toc-list-level-1 ' ><li class='ez-toc-page-1 ez-toc-heading-level-1'><a class=\"ez-toc-link ez-toc-heading-1\" href=\"https:\/\/vsbet.spot\/index.php\/choi-co-trach-nhiem\/#Choi_Co_Trach_Nhiem_Vsbet_%E2%80%93_Huong_Dan_Chinh_Sach_Day_Du\" >Ch\u01a1i C\u00f3 Tr\u00e1ch Nhi\u1ec7m Vsbet \u2013 H\u01b0\u1edbng D\u1eabn &amp; Ch\u00ednh S\u00e1ch \u0110\u1ea7y \u0110\u1ee7<\/a><ul class='ez-toc-list-level-2' ><li class='ez-toc-heading-level-2'><a class=\"ez-toc-link ez-toc-heading-2\" href=\"https:\/\/vsbet.spot\/index.php\/choi-co-trach-nhiem\/#Tong_quan_chinh_sach_choi_co_trach_nhiem_Vsbet\" >T\u1ed5ng quan ch\u00ednh s\u00e1ch ch\u01a1i c\u00f3 tr\u00e1ch nhi\u1ec7m Vsbet<\/a><\/li><li class='ez-toc-page-1 ez-toc-heading-level-2'><a class=\"ez-toc-link ez-toc-heading-3\" href=\"https:\/\/vsbet.spot\/index.php\/choi-co-trach-nhiem\/#Nhung_nguyen_tac_cot_loi_nham_dam_bao_trai_nghiem_lanh_manh\" >Nh\u1eefng nguy\u00ean t\u1eafc c\u1ed1t l\u00f5i nh\u1eb1m \u0111\u1ea3m b\u1ea3o tr\u1ea3i nghi\u1ec7m l\u00e0nh m\u1ea1nh<\/a><ul class='ez-toc-list-level-3' ><li class='ez-toc-heading-level-3'><a class=\"ez-toc-link ez-toc-heading-4\" href=\"https:\/\/vsbet.spot\/index.php\/choi-co-trach-nhiem\/#Bao_dam_quyen_loi_nguoi_tham_gia_va_an_toan_thong_tin\" >B\u1ea3o \u0111\u1ea3m quy\u1ec1n l\u1ee3i ng\u01b0\u1eddi tham gia v\u00e0 an to\u00e0n th\u00f4ng tin<\/a><\/li><li class='ez-toc-page-1 ez-toc-heading-level-3'><a class=\"ez-toc-link ez-toc-heading-5\" href=\"https:\/\/vsbet.spot\/index.php\/choi-co-trach-nhiem\/#Han_che_nguy_co_le_thuoc_ca_cuoc_va_ton_that_tai_chinh\" >H\u1ea1n ch\u1ebf nguy c\u01a1 l\u1ec7 thu\u1ed9c c\u00e1 c\u01b0\u1ee3c v\u00e0 t\u1ed5n th\u1ea5t t\u00e0i ch\u00ednh<\/a><\/li><li class='ez-toc-page-1 ez-toc-heading-level-3'><a class=\"ez-toc-link ez-toc-heading-6\" href=\"https:\/\/vsbet.spot\/index.php\/choi-co-trach-nhiem\/#Chinh_sach_gioi_han_do_tuoi_nguoi_duoc_phep_truy_cap\" >Ch\u00ednh s\u00e1ch gi\u1edbi h\u1ea1n \u0111\u1ed9 tu\u1ed5i ng\u01b0\u1eddi \u0111\u01b0\u1ee3c ph\u00e9p truy c\u1eadp<\/a><\/li><\/ul><\/li><li class='ez-toc-page-1 ez-toc-heading-level-2'><a class=\"ez-toc-link ez-toc-heading-7\" href=\"https:\/\/vsbet.spot\/index.php\/choi-co-trach-nhiem\/#Huong_dan_tu_dieu_chinh_hanh_vi_khi_tham_gia_ca_cuoc\" >H\u01b0\u1edbng d\u1eabn t\u1ef1 \u0111i\u1ec1u ch\u1ec9nh h\u00e0nh vi khi tham gia c\u00e1 c\u01b0\u1ee3c<\/a><ul class='ez-toc-list-level-3' ><li class='ez-toc-heading-level-3'><a class=\"ez-toc-link ez-toc-heading-8\" href=\"https:\/\/vsbet.spot\/index.php\/choi-co-trach-nhiem\/#Cach_thiet_lap_han_muc_chi_tieu_phu_hop\" >C\u00e1ch thi\u1ebft l\u1eadp h\u1ea1n m\u1ee9c chi ti\u00eau ph\u00f9 h\u1ee3p<\/a><\/li><li class='ez-toc-page-1 ez-toc-heading-level-3'><a class=\"ez-toc-link ez-toc-heading-9\" href=\"https:\/\/vsbet.spot\/index.php\/choi-co-trach-nhiem\/#Phan_bo_thoi_gian_giai_tri_mot_cach_khoa_hoc\" >Ph\u00e2n b\u1ed5 th\u1eddi gian gi\u1ea3i tr\u00ed m\u1ed9t c\u00e1ch khoa h\u1ecdc<\/a><\/li><li class='ez-toc-page-1 ez-toc-heading-level-3'><a class=\"ez-toc-link ez-toc-heading-10\" href=\"https:\/\/vsbet.spot\/index.php\/choi-co-trach-nhiem\/#Khuyen_nghi_tranh_tham_gia_khi_tinh_than_khong_on_dinh\" >Khuy\u1ebfn ngh\u1ecb tr\u00e1nh tham gia khi tinh th\u1ea7n kh\u00f4ng \u1ed5n \u0111\u1ecbnh<\/a><\/li><\/ul><\/li><li class='ez-toc-page-1 ez-toc-heading-level-2'><a class=\"ez-toc-link ez-toc-heading-11\" href=\"https:\/\/vsbet.spot\/index.php\/choi-co-trach-nhiem\/#Ket_luan\" >K\u1ebft lu\u1eadn<\/a><\/li><\/ul><\/li><\/ul><\/nav><\/div>\n<h1 style=\"text-align: center;\"><span class=\"ez-toc-section\" id=\"Choi_Co_Trach_Nhiem_Vsbet_%E2%80%93_Huong_Dan_Chinh_Sach_Day_Du\"><\/span><b>Ch\u01a1i C\u00f3 Tr\u00e1ch Nhi\u1ec7m Vsbet \u2013 H\u01b0\u1edbng D\u1eabn &amp; Ch\u00ednh S\u00e1ch \u0110\u1ea7y \u0110\u1ee7<\/b><span class=\"ez-toc-section-end\"><\/span><\/h1>\n<p><b>Ch\u01a1i c\u00f3 tr\u00e1ch nhi\u1ec7m<\/b><span style=\"font-weight: 400;\"> l\u00e0 y\u1ebfu t\u1ed1 c\u1ed1t l\u00f5i gi\u00fap ng\u01b0\u1eddi ch\u01a1i duy tr\u00ec tr\u1ea3i nghi\u1ec7m c\u00e1 c\u01b0\u1ee3c l\u00e0nh m\u1ea1nh, b\u1ec1n v\u1eefng v\u00e0 an to\u00e0n. T\u1ea1i <a href=\"https:\/\/vsbet.spot\/\">Vsbet<\/a>, nguy\u00ean t\u1eafc n\u00e0y \u0111\u01b0\u1ee3c x\u00e2y d\u1ef1ng th\u00f4ng qua h\u1ec7 th\u1ed1ng ch\u00ednh s\u00e1ch r\u00f5 r\u00e0ng, c\u00f4ng c\u1ee5 ki\u1ec3m so\u00e1t h\u00e0nh vi v\u00e0 h\u01b0\u1edbng d\u1eabn c\u1ee5 th\u1ec3 cho t\u1eebng \u0111\u1ed1i t\u01b0\u1ee3ng ng\u01b0\u1eddi d\u00f9ng.<\/span><\/p>\n<h2><span class=\"ez-toc-section\" id=\"Tong_quan_chinh_sach_choi_co_trach_nhiem_Vsbet\"><\/span><b>T\u1ed5ng quan ch\u00ednh s\u00e1ch ch\u01a1i c\u00f3 tr\u00e1ch nhi\u1ec7m Vsbet<\/b><span class=\"ez-toc-section-end\"><\/span><\/h2>\n<p><span style=\"font-weight: 400;\">Ngay t\u1eeb giai \u0111o\u1ea1n \u0111\u0103ng k\u00fd t\u00e0i kho\u1ea3n, ch\u01a1i c\u00f3 tr\u00e1ch nhi\u1ec7m \u0111\u00e3 tr\u1edf th\u00e0nh \u0111i\u1ec1u ki\u1ec7n b\u1eaft bu\u1ed9c trong h\u1ec7 th\u1ed1ng v\u1eadn h\u00e0nh c\u1ee7a Vsbet. M\u1ed7i h\u1ed9i vi\u00ean c\u1ea7n ho\u00e0n t\u1ea5t x\u00e1c minh danh t\u00ednh, \u0111\u1ed9 tu\u1ed5i h\u1ee3p l\u1ec7 v\u00e0 th\u00f4ng tin li\u00ean h\u1ec7 tr\u01b0\u1edbc khi s\u1eed d\u1ee5ng s\u1ea3n ph\u1ea9m. To\u00e0n b\u1ed9 d\u1eef li\u1ec7u c\u00e1 nh\u00e2n \u0111\u01b0\u1ee3c li\u00ean k\u1ebft v\u1edbi m\u1ed9t t\u00e0i kho\u1ea3n duy nh\u1ea5t nh\u1eb1m h\u1ea1n ch\u1ebf h\u00e0nh vi t\u1ea1o nhi\u1ec1u h\u1ed3 s\u01a1 song song.<\/span><\/p>\n<p><span style=\"font-weight: 400;\">Vsbet \u00e1p d\u1ee5ng c\u01a1 ch\u1ebf ki\u1ec3m so\u00e1t th\u1eddi l\u01b0\u1ee3ng ho\u1ea1t \u0111\u1ed9ng v\u1edbi m\u1ed1c nh\u1eafc nh\u1edf sau m\u1ed7i 30 ph\u00fat truy c\u1eadp li\u00ean t\u1ee5c. Khi t\u1ed5ng th\u1eddi gian trong ng\u00e0y v\u01b0\u1ee3t qu\u00e1 180 ph\u00fat, h\u1ec7 th\u1ed1ng hi\u1ec3n th\u1ecb c\u1ea3nh b\u00e1o r\u00f5 r\u00e0ng tr\u00ean giao di\u1ec7n ch\u00ednh.\u00a0<\/span><\/p>\n<p><span style=\"font-weight: 400;\">Ngo\u00e0i ra, l\u1ecbch s\u1eed giao d\u1ecbch \u0111\u01b0\u1ee3c l\u01b0u tr\u1eef chi ti\u1ebft trong v\u00f2ng 180 ng\u00e0y, cho ph\u00e9p h\u1ed9i vi\u00ean r\u00e0 so\u00e1t to\u00e0n b\u1ed9 d\u00f2ng ti\u1ec1n \u0111\u00e3 s\u1eed d\u1ee5ng. \u0110i\u1ec1u n\u00e0y t\u1ea1o \u0111i\u1ec1u ki\u1ec7n \u0111\u1ec3 ng\u01b0\u1eddi d\u00f9ng \u0111\u00e1nh gi\u00e1 l\u1ea1i m\u1ee9c \u0111\u1ed9 ph\u00f9 h\u1ee3p c\u1ee7a h\u00e0nh vi tham gia theo t\u1eebng giai \u0111o\u1ea1n, t\u1eeb \u0111\u00f3 \u0111i\u1ec1u ch\u1ec9nh k\u1ecbp th\u1eddi.<\/span><\/p>\n<figure id=\"attachment_260\" aria-describedby=\"caption-attachment-260\" style=\"width: 800px\" class=\"wp-caption aligncenter\"><img loading=\"lazy\" decoding=\"async\" class=\"size-full wp-image-260\" src=\"https:\/\/vsbet.spot\/wp-content\/uploads\/2026\/02\/khai-quat-chinh-sach-choi-co-trach-nhiem-vsbet-ap-dung.jpg\" alt=\"Kh\u00e1i qu\u00e1t ch\u00ednh s\u00e1ch ch\u01a1i c\u00f3 tr\u00e1ch nhi\u1ec7m Vsbet \u00e1p d\u1ee5ng\" width=\"800\" height=\"400\" srcset=\"https:\/\/vsbet.spot\/wp-content\/uploads\/2026\/02\/khai-quat-chinh-sach-choi-co-trach-nhiem-vsbet-ap-dung.jpg 800w, https:\/\/vsbet.spot\/wp-content\/uploads\/2026\/02\/khai-quat-chinh-sach-choi-co-trach-nhiem-vsbet-ap-dung-300x150.jpg 300w, https:\/\/vsbet.spot\/wp-content\/uploads\/2026\/02\/khai-quat-chinh-sach-choi-co-trach-nhiem-vsbet-ap-dung-768x384.jpg 768w\" sizes=\"auto, (max-width: 800px) 100vw, 800px\" \/><figcaption id=\"caption-attachment-260\" class=\"wp-caption-text\">Kh\u00e1i qu\u00e1t ch\u00ednh s\u00e1ch ch\u01a1i c\u00f3 tr\u00e1ch nhi\u1ec7m Vsbet \u00e1p d\u1ee5ng<\/figcaption><\/figure>\n<h2><span class=\"ez-toc-section\" id=\"Nhung_nguyen_tac_cot_loi_nham_dam_bao_trai_nghiem_lanh_manh\"><\/span><b>Nh\u1eefng nguy\u00ean t\u1eafc c\u1ed1t l\u00f5i nh\u1eb1m \u0111\u1ea3m b\u1ea3o tr\u1ea3i nghi\u1ec7m l\u00e0nh m\u1ea1nh<\/b><span class=\"ez-toc-section-end\"><\/span><\/h2>\n<p><span style=\"font-weight: 400;\">To\u00e0n b\u1ed9 ch\u00ednh s\u00e1ch t\u1ea1i Vsbet \u0111\u01b0\u1ee3c x\u00e2y d\u1ef1ng xoay quanh vi\u1ec7c gi\u1ea3m thi\u1ec3u r\u1ee7i ro ph\u00e1t sinh t\u1eeb h\u00e0nh vi thi\u1ebfu ki\u1ec3m so\u00e1t. M\u1ed7i nguy\u00ean t\u1eafc \u0111\u1ec1u g\u1eafn li\u1ec1n v\u1edbi c\u00f4ng c\u1ee5 th\u1ef1c t\u1ebf, c\u00f3 th\u1ec3 k\u00edch ho\u1ea1t ho\u1eb7c \u0111i\u1ec1u ch\u1ec9nh tr\u1ef1c ti\u1ebfp trong khu v\u1ef1c t\u00e0i kho\u1ea3n c\u00e1 nh\u00e2n.<\/span><\/p>\n<h3><span class=\"ez-toc-section\" id=\"Bao_dam_quyen_loi_nguoi_tham_gia_va_an_toan_thong_tin\"><\/span><b>B\u1ea3o \u0111\u1ea3m quy\u1ec1n l\u1ee3i ng\u01b0\u1eddi tham gia v\u00e0 an to\u00e0n th\u00f4ng tin<\/b><span class=\"ez-toc-section-end\"><\/span><\/h3>\n<p><span style=\"font-weight: 400;\">Ch\u01a1i c\u00f3 tr\u00e1ch nhi\u1ec7m th\u1ec3 hi\u1ec7n r\u00f5 th\u00f4ng qua vi\u1ec7c Vsbet \u00e1p d\u1ee5ng h\u1ec7 th\u1ed1ng m\u00e3 h\u00f3a hai l\u1edbp \u0111\u1ed1i v\u1edbi to\u00e0n b\u1ed9 d\u1eef li\u1ec7u c\u00e1 nh\u00e2n. M\u1ed7i l\u1ea7n \u0111\u0103ng nh\u1eadp t\u1eeb thi\u1ebft b\u1ecb m\u1edbi \u0111\u1ec1u y\u00eau c\u1ea7u x\u00e1c th\u1ef1c b\u1ed5 sung b\u1eb1ng m\u00e3 g\u1eedi v\u1ec1 email ho\u1eb7c s\u1ed1 \u0111i\u1ec7n tho\u1ea1i \u0111\u00e3 \u0111\u0103ng k\u00fd.<\/span><\/p>\n<p><span style=\"font-weight: 400;\">Trong tr\u01b0\u1eddng h\u1ee3p ph\u00e1t hi\u1ec7n truy c\u1eadp b\u1ea5t th\u01b0\u1eddng, t\u00e0i kho\u1ea3n s\u1ebd t\u1ef1 \u0111\u1ed9ng b\u1ecb t\u1ea1m kh\u00f3a trong 24 gi\u1edd \u0111\u1ec3 x\u00e1c minh. C\u01a1 ch\u1ebf n\u00e0y gi\u00fap h\u1ea1n ch\u1ebf t\u1ed1i \u0111a nguy c\u01a1 l\u1ed9 th\u00f4ng tin, \u0111\u1ed3ng th\u1eddi b\u1ea3o v\u1ec7 quy\u1ec1n l\u1ee3i h\u1ed9i vi\u00ean tr\u01b0\u1edbc c\u00e1c h\u00e0nh vi x\u00e2m nh\u1eadp tr\u00e1i ph\u00e9p.<\/span><\/p>\n<h3><span class=\"ez-toc-section\" id=\"Han_che_nguy_co_le_thuoc_ca_cuoc_va_ton_that_tai_chinh\"><\/span><b>H\u1ea1n ch\u1ebf nguy c\u01a1 l\u1ec7 thu\u1ed9c c\u00e1 c\u01b0\u1ee3c v\u00e0 t\u1ed5n th\u1ea5t t\u00e0i ch\u00ednh<\/b><span class=\"ez-toc-section-end\"><\/span><\/h3>\n<p><span style=\"font-weight: 400;\">M\u1ed9t trong nh\u1eefng tr\u1ecdng t\u00e2m c\u1ee7a ch\u01a1i c\u00f3 tr\u00e1ch nhi\u1ec7m l\u00e0 ki\u1ec3m so\u00e1t m\u1ee9c chi ti\u00eau. Vsbet cung c\u1ea5p c\u00f4ng c\u1ee5 t\u1ef1 \u0111\u1eb7t gi\u1edbi h\u1ea1n theo ng\u00e0y, tu\u1ea7n ho\u1eb7c th\u00e1ng v\u1edbi c\u00e1c m\u1ed1c ph\u1ed5 bi\u1ebfn nh\u01b0 1 tri\u1ec7u, 3 tri\u1ec7u ho\u1eb7c 5 tri\u1ec7u \u0111\u1ed3ng. Khi ch\u1ea1m ng\u01b0\u1ee1ng \u0111\u00e3 thi\u1ebft l\u1eadp, h\u1ec7 th\u1ed1ng s\u1ebd ng\u1eebng cho ph\u00e9p truy c\u1eadp s\u1ea3n ph\u1ea9m cho \u0111\u1ebfn khi h\u1ebft chu k\u1ef3.<\/span><\/p>\n<p><span style=\"font-weight: 400;\">Ngo\u00e0i gi\u1edbi h\u1ea1n t\u00e0i ch\u00ednh, n\u1ec1n t\u1ea3ng c\u00f2n tri\u1ec3n khai t\u00ednh n\u0103ng nh\u1eafc ngh\u1ec9 sau m\u1ed7i 90 ph\u00fat ho\u1ea1t \u0111\u1ed9ng li\u00ean t\u1ee5c. Th\u00f4ng b\u00e1o hi\u1ec3n th\u1ecb to\u00e0n m\u00e0n h\u00ecnh, y\u00eau c\u1ea7u ng\u01b0\u1eddi d\u00f9ng x\u00e1c nh\u1eadn tr\u01b0\u1edbc khi ti\u1ebfp t\u1ee5c. C\u00e1ch ti\u1ebfp c\u1eadn n\u00e0y gi\u00fap gi\u1ea3m t\u00ecnh tr\u1ea1ng tham gia k\u00e9o d\u00e0i do m\u1ea5t ki\u1ec3m so\u00e1t th\u1eddi gian.<\/span><\/p>\n<figure id=\"attachment_252\" aria-describedby=\"caption-attachment-252\" style=\"width: 800px\" class=\"wp-caption aligncenter\"><img loading=\"lazy\" decoding=\"async\" class=\"size-full wp-image-252\" src=\"https:\/\/vsbet.spot\/wp-content\/uploads\/2026\/02\/cac-nguyen-tac-xay-dung-moi-truong-giai-tri-an-toan.jpg\" alt=\"C\u00e1c nguy\u00ean t\u1eafc x\u00e2y d\u1ef1ng m\u00f4i tr\u01b0\u1eddng gi\u1ea3i tr\u00ed an to\u00e0n\" width=\"800\" height=\"400\" srcset=\"https:\/\/vsbet.spot\/wp-content\/uploads\/2026\/02\/cac-nguyen-tac-xay-dung-moi-truong-giai-tri-an-toan.jpg 800w, https:\/\/vsbet.spot\/wp-content\/uploads\/2026\/02\/cac-nguyen-tac-xay-dung-moi-truong-giai-tri-an-toan-300x150.jpg 300w, https:\/\/vsbet.spot\/wp-content\/uploads\/2026\/02\/cac-nguyen-tac-xay-dung-moi-truong-giai-tri-an-toan-768x384.jpg 768w\" sizes=\"auto, (max-width: 800px) 100vw, 800px\" \/><figcaption id=\"caption-attachment-252\" class=\"wp-caption-text\">C\u00e1c nguy\u00ean t\u1eafc x\u00e2y d\u1ef1ng m\u00f4i tr\u01b0\u1eddng gi\u1ea3i tr\u00ed an to\u00e0n<\/figcaption><\/figure>\n<h3><span class=\"ez-toc-section\" id=\"Chinh_sach_gioi_han_do_tuoi_nguoi_duoc_phep_truy_cap\"><\/span><b>Ch\u00ednh s\u00e1ch gi\u1edbi h\u1ea1n \u0111\u1ed9 tu\u1ed5i ng\u01b0\u1eddi \u0111\u01b0\u1ee3c ph\u00e9p truy c\u1eadp<\/b><span class=\"ez-toc-section-end\"><\/span><\/h3>\n<p><span style=\"font-weight: 400;\">Vsbet quy \u0111\u1ecbnh r\u00f5 ch\u1ec9 ng\u01b0\u1eddi t\u1eeb \u0111\u1ee7 18 tu\u1ed5i tr\u1edf l\u00ean m\u1edbi \u0111\u01b0\u1ee3c ph\u00e9p t\u1ea1o t\u00e0i kho\u1ea3n. Trong qu\u00e1 tr\u00ecnh x\u00e1c minh, h\u1ed9i vi\u00ean c\u1ea7n cung c\u1ea5p gi\u1ea5y t\u1edd t\u00f9y th\u00e2n h\u1ee3p l\u1ec7 \u0111\u1ec3 \u0111\u1ed1i chi\u1ebfu th\u00f4ng tin c\u00e1 nh\u00e2n.<\/span><\/p>\n<p><span style=\"font-weight: 400;\">H\u1ec7 th\u1ed1ng t\u1ef1 \u0111\u1ed9ng ph\u00e1t hi\u1ec7n tr\u01b0\u1eddng h\u1ee3p khai b\u00e1o sai l\u1ec7ch n\u0103m sinh ho\u1eb7c s\u1eed d\u1ee5ng gi\u1ea5y t\u1edd kh\u00f4ng tr\u00f9ng kh\u1edbp. Khi \u0111\u00f3, t\u00e0i kho\u1ea3n s\u1ebd b\u1ecb t\u1eeb ch\u1ed1i truy c\u1eadp v\u00e0 y\u00eau c\u1ea7u b\u1ed5 sung th\u00f4ng tin. Vi\u1ec7c ki\u1ec3m so\u00e1t ch\u1eb7t ch\u1ebd ngay t\u1eeb \u0111\u1ea7u gi\u00fap ch\u01a1i c\u00f3 tr\u00e1ch nhi\u1ec7m \u0111\u01b0\u1ee3c th\u1ef1c thi \u0111\u1ed3ng b\u1ed9, b\u1ea3o v\u1ec7 nh\u00f3m ch\u01b0a \u0111\u1ee7 \u0111i\u1ec1u ki\u1ec7n tham gia.<\/span><\/p>\n<h2><span class=\"ez-toc-section\" id=\"Huong_dan_tu_dieu_chinh_hanh_vi_khi_tham_gia_ca_cuoc\"><\/span><b>H\u01b0\u1edbng d\u1eabn t\u1ef1 \u0111i\u1ec1u ch\u1ec9nh h\u00e0nh vi khi tham gia c\u00e1 c\u01b0\u1ee3c<\/b><span class=\"ez-toc-section-end\"><\/span><\/h2>\n<p><span style=\"font-weight: 400;\">B\u00ean c\u1ea1nh h\u1ec7 th\u1ed1ng ki\u1ec3m so\u00e1t t\u1ef1 \u0111\u1ed9ng, Vsbet khuy\u1ebfn kh\u00edch h\u1ed9i vi\u00ean ch\u1ee7 \u0111\u1ed9ng \u0111i\u1ec1u ch\u1ec9nh h\u00e0nh vi th\u00f4ng qua c\u00e1c h\u01b0\u1edbng d\u1eabn c\u1ee5 th\u1ec3. Nh\u1eefng khuy\u1ebfn ngh\u1ecb d\u01b0\u1edbi \u0111\u00e2y \u0111\u01b0\u1ee3c x\u00e2y d\u1ef1ng d\u1ef1a tr\u00ean th\u00f3i quen s\u1eed d\u1ee5ng th\u1ef1c t\u1ebf, d\u1ec5 \u00e1p d\u1ee5ng trong sinh ho\u1ea1t h\u1eb1ng ng\u00e0y.<\/span><\/p>\n<h3><span class=\"ez-toc-section\" id=\"Cach_thiet_lap_han_muc_chi_tieu_phu_hop\"><\/span><b>C\u00e1ch thi\u1ebft l\u1eadp h\u1ea1n m\u1ee9c chi ti\u00eau ph\u00f9 h\u1ee3p<\/b><span class=\"ez-toc-section-end\"><\/span><\/h3>\n<p><span style=\"font-weight: 400;\">\u0110\u1ec3 ch\u01a1i c\u00f3 tr\u00e1ch nhi\u1ec7m hi\u1ec7u qu\u1ea3, h\u1ed9i vi\u00ean n\u00ean x\u00e1c \u0111\u1ecbnh r\u00f5 ng\u00e2n s\u00e1ch gi\u1ea3i tr\u00ed ngay t\u1eeb \u0111\u1ea7u. M\u1ee9c khuy\u1ebfn ngh\u1ecb ph\u1ed5 bi\u1ebfn l\u00e0 kh\u00f4ng v\u01b0\u1ee3t qu\u00e1 10% thu nh\u1eadp nh\u00e0n r\u1ed7i trong th\u00e1ng. V\u00ed d\u1ee5, v\u1edbi kho\u1ea3n thu nh\u1eadp d\u01b0 10 tri\u1ec7u \u0111\u1ed3ng, h\u1ea1n m\u1ee9c h\u1ee3p l\u00fd n\u00ean d\u1eebng \u1edf 1 tri\u1ec7u \u0111\u1ed3ng.<\/span><\/p>\n<p><span style=\"font-weight: 400;\">Vsbet cho ph\u00e9p \u0111i\u1ec1u ch\u1ec9nh gi\u1edbi h\u1ea1n n\u00e0y t\u1ed1i \u0111a m\u1ed9t l\u1ea7n trong 24 gi\u1edd. Quy \u0111\u1ecbnh n\u00e0y nh\u1eb1m ng\u0103n ch\u1eb7n vi\u1ec7c t\u0103ng ng\u00e2n s\u00e1ch \u0111\u1ed9t ng\u1ed9t do c\u1ea3m x\u00fac nh\u1ea5t th\u1eddi. Khi \u0111\u1ea1t m\u1ee9c \u0111\u00e3 \u0111\u1eb7t, h\u1ec7 th\u1ed1ng s\u1ebd t\u1ef1 \u0111\u1ed9ng kh\u00f3a ch\u1ee9c n\u0103ng li\u00ean quan \u0111\u1ebfn giao d\u1ecbch.<\/span><\/p>\n<figure id=\"attachment_257\" aria-describedby=\"caption-attachment-257\" style=\"width: 800px\" class=\"wp-caption aligncenter\"><img loading=\"lazy\" decoding=\"async\" class=\"size-full wp-image-257\" src=\"https:\/\/vsbet.spot\/wp-content\/uploads\/2026\/02\/huong-dan-nguoi-choi-chu-dong-kiem-soat-hanh-vi.jpg\" alt=\"H\u01b0\u1edbng d\u1eabn ng\u01b0\u1eddi ch\u01a1i ch\u1ee7 \u0111\u1ed9ng ki\u1ec3m so\u00e1t h\u00e0nh vi\" width=\"800\" height=\"400\" srcset=\"https:\/\/vsbet.spot\/wp-content\/uploads\/2026\/02\/huong-dan-nguoi-choi-chu-dong-kiem-soat-hanh-vi.jpg 800w, https:\/\/vsbet.spot\/wp-content\/uploads\/2026\/02\/huong-dan-nguoi-choi-chu-dong-kiem-soat-hanh-vi-300x150.jpg 300w, https:\/\/vsbet.spot\/wp-content\/uploads\/2026\/02\/huong-dan-nguoi-choi-chu-dong-kiem-soat-hanh-vi-768x384.jpg 768w\" sizes=\"auto, (max-width: 800px) 100vw, 800px\" \/><figcaption id=\"caption-attachment-257\" class=\"wp-caption-text\">H\u01b0\u1edbng d\u1eabn ng\u01b0\u1eddi ch\u01a1i ch\u1ee7 \u0111\u1ed9ng ki\u1ec3m so\u00e1t h\u00e0nh vi<\/figcaption><\/figure>\n<h3><span class=\"ez-toc-section\" id=\"Phan_bo_thoi_gian_giai_tri_mot_cach_khoa_hoc\"><\/span><b>Ph\u00e2n b\u1ed5 th\u1eddi gian gi\u1ea3i tr\u00ed m\u1ed9t c\u00e1ch khoa h\u1ecdc<\/b><span class=\"ez-toc-section-end\"><\/span><\/h3>\n<p><span style=\"font-weight: 400;\">Qu\u1ea3n l\u00fd th\u1eddi gian l\u00e0 y\u1ebfu t\u1ed1 quan tr\u1ecdng trong ch\u01a1i c\u00f3 tr\u00e1ch nhi\u1ec7m. Vsbet khuy\u1ebfn ngh\u1ecb m\u1ed7i phi\u00ean ho\u1ea1t \u0111\u1ed9ng kh\u00f4ng k\u00e9o d\u00e0i qu\u00e1 60 ph\u00fat. Sau kho\u1ea3ng th\u1eddi gian n\u00e0y, ng\u01b0\u1eddi d\u00f9ng n\u00ean t\u1ea1m d\u1eebng t\u1ed1i thi\u1ec3u 15 ph\u00fat tr\u01b0\u1edbc khi ti\u1ebfp t\u1ee5c.<\/span><\/p>\n<p><span style=\"font-weight: 400;\">N\u1ec1n t\u1ea3ng t\u00edch h\u1ee3p \u0111\u1ed3ng h\u1ed3 hi\u1ec3n th\u1ecb th\u1eddi l\u01b0\u1ee3ng ngay tr\u00ean giao di\u1ec7n, gi\u00fap h\u1ed9i vi\u00ean theo d\u00f5i li\u00ean t\u1ee5c m\u00e0 kh\u00f4ng c\u1ea7n tho\u00e1t trang. Khi t\u1ed5ng th\u1eddi gian trong ng\u00e0y v\u01b0\u1ee3t qu\u00e1 3 gi\u1edd, h\u1ec7 th\u1ed1ng s\u1ebd g\u1eedi c\u1ea3nh b\u00e1o nh\u1eafc nh\u1edf c\u00e2n nh\u1eafc ngh\u1ec9 ng\u01a1i.<\/span><\/p>\n<h3><span class=\"ez-toc-section\" id=\"Khuyen_nghi_tranh_tham_gia_khi_tinh_than_khong_on_dinh\"><\/span><b>Khuy\u1ebfn ngh\u1ecb tr\u00e1nh tham gia khi tinh th\u1ea7n kh\u00f4ng \u1ed5n \u0111\u1ecbnh<\/b><span class=\"ez-toc-section-end\"><\/span><\/h3>\n<p><span style=\"font-weight: 400;\">Tr\u1ea1ng th\u00e1i c\u1ea3m x\u00fac c\u00f3 \u1ea3nh h\u01b0\u1edfng l\u1edbn \u0111\u1ebfn ch\u1ea5t l\u01b0\u1ee3ng quy\u1ebft \u0111\u1ecbnh. Vsbet khuy\u1ebfn ngh\u1ecb kh\u00f4ng truy c\u1eadp n\u1ec1n t\u1ea3ng khi ng\u01b0\u1eddi d\u00f9ng \u0111ang c\u0103ng th\u1eb3ng, m\u1ec7t m\u1ecfi ho\u1eb7c ch\u1ecbu \u00e1p l\u1ef1c t\u00e0i ch\u00ednh. Trong c\u00e1c tr\u01b0\u1eddng h\u1ee3p n\u00e0y, t\u00ednh n\u0103ng t\u1ef1 kh\u00f3a t\u00e0i kho\u1ea3n c\u00f3 th\u1ec3 \u0111\u01b0\u1ee3c k\u00edch ho\u1ea1t trong 24 gi\u1edd, 72 gi\u1edd ho\u1eb7c 7 ng\u00e0y.<\/span><\/p>\n<h2><span class=\"ez-toc-section\" id=\"Ket_luan\"><\/span><b>K\u1ebft lu\u1eadn<\/b><span class=\"ez-toc-section-end\"><\/span><\/h2>\n<p><a href=\"https:\/\/vsbet.spot\/index.php\/choi-co-trach-nhiem\/\"><b>Ch\u01a1i c\u00f3 tr\u00e1ch nhi\u1ec7m<\/b><\/a><span style=\"font-weight: 400;\"> kh\u00f4ng ch\u1ec9 l\u00e0 khuy\u1ebfn ngh\u1ecb m\u00e0 c\u00f2n l\u00e0 n\u1ec1n t\u1ea3ng \u0111\u1ec3 x\u00e2y d\u1ef1ng th\u00f3i quen c\u00e1 c\u01b0\u1ee3c an to\u00e0n v\u00e0 v\u0103n minh. Khi ng\u01b0\u1eddi ch\u01a1i ch\u1ee7 \u0111\u1ed9ng ki\u1ec3m so\u00e1t h\u00e0nh vi, tr\u1ea3i nghi\u1ec7m gi\u1ea3i tr\u00ed s\u1ebd lu\u00f4n n\u1eb1m trong t\u1ea7m ki\u1ec3m so\u00e1t. Vsbet cam k\u1ebft \u0111\u1ed3ng h\u00e0nh b\u1eb1ng ch\u00ednh s\u00e1ch minh b\u1ea1ch v\u00e0 c\u00f4ng c\u1ee5 h\u1ed7 tr\u1ee3 hi\u1ec7u qu\u1ea3 cho c\u1ed9ng \u0111\u1ed3ng ng\u01b0\u1eddi d\u00f9ng.<\/span><\/p>\n","protected":false},"excerpt":{"rendered":"<p>Ch\u01a1i C\u00f3 Tr\u00e1ch Nhi\u1ec7m Vsbet \u2013 H\u01b0\u1edbng D\u1eabn &amp; Ch\u00ednh S\u00e1ch \u0110\u1ea7y \u0110\u1ee7 Ch\u01a1i c\u00f3 tr\u00e1ch nhi\u1ec7m l\u00e0 y\u1ebfu t\u1ed1 c\u1ed1t l\u00f5i gi\u00fap ng\u01b0\u1eddi ch\u01a1i duy tr\u00ec tr\u1ea3i nghi\u1ec7m c\u00e1 c\u01b0\u1ee3c l\u00e0nh m\u1ea1nh, b\u1ec1n v\u1eefng v\u00e0 an to\u00e0n. T\u1ea1i Vsbet, nguy\u00ean t\u1eafc n\u00e0y \u0111\u01b0\u1ee3c x\u00e2y d\u1ef1ng th\u00f4ng qua h\u1ec7 th\u1ed1ng ch\u00ednh s\u00e1ch r\u00f5 r\u00e0ng, c\u00f4ng [&#8230;]\n","protected":false},"author":1,"featured_media":256,"parent":0,"menu_order":0,"comment_status":"closed","ping_status":"closed","template":"","meta":{"footnotes":""},"class_list":["post-283","page","type-page","status-publish","has-post-thumbnail","hentry"],"_links":{"self":[{"href":"https:\/\/vsbet.spot\/index.php\/wp-json\/wp\/v2\/pages\/283","targetHints":{"allow":["GET"]}}],"collection":[{"href":"https:\/\/vsbet.spot\/index.php\/wp-json\/wp\/v2\/pages"}],"about":[{"href":"https:\/\/vsbet.spot\/index.php\/wp-json\/wp\/v2\/types\/page"}],"author":[{"embeddable":true,"href":"https:\/\/vsbet.spot\/index.php\/wp-json\/wp\/v2\/users\/1"}],"replies":[{"embeddable":true,"href":"https:\/\/vsbet.spot\/index.php\/wp-json\/wp\/v2\/comments?post=283"}],"version-history":[{"count":2,"href":"https:\/\/vsbet.spot\/index.php\/wp-json\/wp\/v2\/pages\/283\/revisions"}],"predecessor-version":[{"id":285,"href":"https:\/\/vsbet.spot\/index.php\/wp-json\/wp\/v2\/pages\/283\/revisions\/285"}],"wp:featuredmedia":[{"embeddable":true,"href":"https:\/\/vsbet.spot\/index.php\/wp-json\/wp\/v2\/media\/256"}],"wp:attachment":[{"href":"https:\/\/vsbet.spot\/index.php\/wp-json\/wp\/v2\/media?parent=283"}],"curies":[{"name":"wp","href":"https:\/\/api.w.org\/{rel}","templated":true}]}}