{"id":280,"date":"2026-02-03T05:10:25","date_gmt":"2026-02-03T05:10:25","guid":{"rendered":"https:\/\/vsbet.spot\/?page_id=280"},"modified":"2026-02-03T05:10:25","modified_gmt":"2026-02-03T05:10:25","slug":"chinh-sach-bao-mat","status":"publish","type":"page","link":"https:\/\/vsbet.spot\/index.php\/chinh-sach-bao-mat\/","title":{"rendered":"Ch\u00ednh S\u00e1ch B\u1ea3o M\u1eadt"},"content":{"rendered":"<div id=\"ez-toc-container\" class=\"ez-toc-v2_0_80 counter-hierarchy ez-toc-counter ez-toc-grey ez-toc-container-direction\">\n<div class=\"ez-toc-title-container\">\n<p class=\"ez-toc-title\" style=\"cursor:inherit\">Table of Contents<\/p>\n<span class=\"ez-toc-title-toggle\"><a href=\"#\" class=\"ez-toc-pull-right ez-toc-btn ez-toc-btn-xs ez-toc-btn-default ez-toc-toggle\" aria-label=\"Toggle Table of Content\"><span class=\"ez-toc-js-icon-con\"><span class=\"\"><span class=\"eztoc-hide\" style=\"display:none;\">Toggle<\/span><span class=\"ez-toc-icon-toggle-span\"><svg style=\"fill: #999;color:#999\" xmlns=\"http:\/\/www.w3.org\/2000\/svg\" class=\"list-377408\" width=\"20px\" height=\"20px\" viewBox=\"0 0 24 24\" fill=\"none\"><path d=\"M6 6H4v2h2V6zm14 0H8v2h12V6zM4 11h2v2H4v-2zm16 0H8v2h12v-2zM4 16h2v2H4v-2zm16 0H8v2h12v-2z\" fill=\"currentColor\"><\/path><\/svg><svg style=\"fill: #999;color:#999\" class=\"arrow-unsorted-368013\" xmlns=\"http:\/\/www.w3.org\/2000\/svg\" width=\"10px\" height=\"10px\" viewBox=\"0 0 24 24\" version=\"1.2\" baseProfile=\"tiny\"><path d=\"M18.2 9.3l-6.2-6.3-6.2 6.3c-.2.2-.3.4-.3.7s.1.5.3.7c.2.2.4.3.7.3h11c.3 0 .5-.1.7-.3.2-.2.3-.5.3-.7s-.1-.5-.3-.7zM5.8 14.7l6.2 6.3 6.2-6.3c.2-.2.3-.5.3-.7s-.1-.5-.3-.7c-.2-.2-.4-.3-.7-.3h-11c-.3 0-.5.1-.7.3-.2.2-.3.5-.3.7s.1.5.3.7z\"\/><\/svg><\/span><\/span><\/span><\/a><\/span><\/div>\n<nav><ul class='ez-toc-list ez-toc-list-level-1 ' ><li class='ez-toc-page-1 ez-toc-heading-level-1'><a class=\"ez-toc-link ez-toc-heading-1\" href=\"https:\/\/vsbet.spot\/index.php\/chinh-sach-bao-mat\/#Chinh_Sach_Bao_Mat_Vsbet_%E2%80%93_Cam_Ket_Bao_Ve_Nguoi_Choi_2026\" >Ch\u00ednh S\u00e1ch B\u1ea3o M\u1eadt Vsbet \u2013 Cam K\u1ebft B\u1ea3o V\u1ec7 Ng\u01b0\u1eddi Ch\u01a1i 2026<\/a><ul class='ez-toc-list-level-2' ><li class='ez-toc-heading-level-2'><a class=\"ez-toc-link ez-toc-heading-2\" href=\"https:\/\/vsbet.spot\/index.php\/chinh-sach-bao-mat\/#Khung_chinh_sach_bao_mat_tai_Vsbet\" >Khung ch\u00ednh s\u00e1ch b\u1ea3o m\u1eadt t\u1ea1i Vsbet<\/a><\/li><li class='ez-toc-page-1 ez-toc-heading-level-2'><a class=\"ez-toc-link ez-toc-heading-3\" href=\"https:\/\/vsbet.spot\/index.php\/chinh-sach-bao-mat\/#Phuong_thuc_Vsbet_khai_thac_va_quan_ly_du_lieu_nguoi_dung\" >Ph\u01b0\u01a1ng th\u1ee9c Vsbet khai th\u00e1c v\u00e0 qu\u1ea3n l\u00fd d\u1eef li\u1ec7u ng\u01b0\u1eddi d\u00f9ng<\/a><ul class='ez-toc-list-level-3' ><li class='ez-toc-heading-level-3'><a class=\"ez-toc-link ez-toc-heading-4\" href=\"https:\/\/vsbet.spot\/index.php\/chinh-sach-bao-mat\/#Cac_muc_tieu_cu_the_khi_thu_thap_thong_tin_ca_nhan\" >C\u00e1c m\u1ee5c ti\u00eau c\u1ee5 th\u1ec3 khi thu th\u1eadp th\u00f4ng tin c\u00e1 nh\u00e2n<\/a><\/li><li class='ez-toc-page-1 ez-toc-heading-level-3'><a class=\"ez-toc-link ez-toc-heading-5\" href=\"https:\/\/vsbet.spot\/index.php\/chinh-sach-bao-mat\/#Quy_trinh_xu_ly_thanh_toan_va_xac_thuc_danh_tinh\" >Quy tr\u00ecnh x\u1eed l\u00fd thanh to\u00e1n v\u00e0 x\u00e1c th\u1ef1c danh t\u00ednh<\/a><\/li><li class='ez-toc-page-1 ez-toc-heading-level-3'><a class=\"ez-toc-link ez-toc-heading-6\" href=\"https:\/\/vsbet.spot\/index.php\/chinh-sach-bao-mat\/#Ung_dung_du_lieu_trong_hoat_dong_ho_tro_nguoi_choi\" >\u1ee8ng d\u1ee5ng d\u1eef li\u1ec7u trong ho\u1ea1t \u0111\u1ed9ng h\u1ed7 tr\u1ee3 ng\u01b0\u1eddi ch\u01a1i<\/a><\/li><\/ul><\/li><li class='ez-toc-page-1 ez-toc-heading-level-2'><a class=\"ez-toc-link ez-toc-heading-7\" href=\"https:\/\/vsbet.spot\/index.php\/chinh-sach-bao-mat\/#Trach_nhiem_bao_ve_du_lieu_va_giai_phap_an_toan\" >Tr\u00e1ch nhi\u1ec7m b\u1ea3o v\u1ec7 d\u1eef li\u1ec7u v\u00e0 gi\u1ea3i ph\u00e1p an to\u00e0n<\/a><ul class='ez-toc-list-level-3' ><li class='ez-toc-heading-level-3'><a class=\"ez-toc-link ez-toc-heading-8\" href=\"https:\/\/vsbet.spot\/index.php\/chinh-sach-bao-mat\/#Cong_nghe_ma_hoa_va_he_thong_phong_ve_ky_thuat\" >C\u00f4ng ngh\u1ec7 m\u00e3 h\u00f3a v\u00e0 h\u1ec7 th\u1ed1ng ph\u00f2ng v\u1ec7 k\u1ef9 thu\u1eadt<\/a><\/li><li class='ez-toc-page-1 ez-toc-heading-level-3'><a class=\"ez-toc-link ez-toc-heading-9\" href=\"https:\/\/vsbet.spot\/index.php\/chinh-sach-bao-mat\/#Kiem_soat_quyen_truy_cap\" >Ki\u1ec3m so\u00e1t quy\u1ec1n truy c\u1eadp<\/a><\/li><li class='ez-toc-page-1 ez-toc-heading-level-3'><a class=\"ez-toc-link ez-toc-heading-10\" href=\"https:\/\/vsbet.spot\/index.php\/chinh-sach-bao-mat\/#Nguyen_tac_khong_chuyen_giao_du_lieu_cho_ben_ngoai\" >Nguy\u00ean t\u1eafc kh\u00f4ng chuy\u1ec3n giao d\u1eef li\u1ec7u cho b\u00ean ngo\u00e0i<\/a><\/li><\/ul><\/li><li class='ez-toc-page-1 ez-toc-heading-level-2'><a class=\"ez-toc-link ez-toc-heading-11\" href=\"https:\/\/vsbet.spot\/index.php\/chinh-sach-bao-mat\/#Ket_luan\" >K\u1ebft lu\u1eadn<\/a><\/li><\/ul><\/li><\/ul><\/nav><\/div>\n<h1 style=\"text-align: center;\"><span class=\"ez-toc-section\" id=\"Chinh_Sach_Bao_Mat_Vsbet_%E2%80%93_Cam_Ket_Bao_Ve_Nguoi_Choi_2026\"><\/span><b>Ch\u00ednh S\u00e1ch B\u1ea3o M\u1eadt Vsbet \u2013 Cam K\u1ebft B\u1ea3o V\u1ec7 Ng\u01b0\u1eddi Ch\u01a1i 2026<\/b><span class=\"ez-toc-section-end\"><\/span><\/h1>\n<p><b>Ch\u00ednh s\u00e1ch b\u1ea3o m\u1eadt<\/b><span style=\"font-weight: 400;\"> l\u00e0 n\u1ec1n t\u1ea3ng gi\u00fap ng\u01b0\u1eddi ch\u01a1i y\u00ean t\u00e2m khi tham gia c\u00e1 c\u01b0\u1ee3c tr\u1ef1c tuy\u1ebfn t\u1ea1i <a href=\"https:\/\/vsbet.spot\/\"><strong>Vsbet<\/strong><\/a>. Nh\u00e0 c\u00e1i x\u00e2y d\u1ef1ng c\u01a1 ch\u1ebf b\u1ea3o v\u1ec7 d\u1eef li\u1ec7u r\u00f5 r\u00e0ng, \u00e1p d\u1ee5ng quy tr\u00ecnh thu th\u1eadp, l\u01b0u tr\u1eef v\u00e0 s\u1eed d\u1ee5ng th\u00f4ng tin theo ti\u00eau chu\u1ea9n an to\u00e0n cao. M\u1ecdi d\u1eef li\u1ec7u c\u00e1 nh\u00e2n, l\u1ecbch s\u1eed giao d\u1ecbch v\u00e0 ho\u1ea1t \u0111\u1ed9ng c\u00e1 c\u01b0\u1ee3c \u0111\u1ec1u \u0111\u01b0\u1ee3c ki\u1ec3m so\u00e1t ch\u1eb7t ch\u1ebd trong su\u1ed1t qu\u00e1 tr\u00ecnh s\u1eed d\u1ee5ng.<\/span><\/p>\n<h2><span class=\"ez-toc-section\" id=\"Khung_chinh_sach_bao_mat_tai_Vsbet\"><\/span><b>Khung ch\u00ednh s\u00e1ch b\u1ea3o m\u1eadt t\u1ea1i Vsbet<\/b><span class=\"ez-toc-section-end\"><\/span><\/h2>\n<p><span style=\"font-weight: 400;\">Ch\u00ednh s\u00e1ch b\u1ea3o m\u1eadt t\u1ea1i Vsbet \u0111\u01b0\u1ee3c x\u00e2y d\u1ef1ng theo c\u00e1c ti\u00eau chu\u1ea9n b\u1ea3o v\u1ec7 d\u1eef li\u1ec7u qu\u1ed1c t\u1ebf nh\u1eb1m \u0111\u1ea3m b\u1ea3o m\u1ecdi th\u00f4ng tin c\u00e1 nh\u00e2n v\u00e0 t\u00e0i ch\u00ednh c\u1ee7a th\u00e0nh vi\u00ean lu\u00f4n \u0111\u01b0\u1ee3c an to\u00e0n. Vsbet s\u1eed d\u1ee5ng c\u00f4ng ngh\u1ec7 m\u00e3 h\u00f3a SSL 256-bit \u2014 t\u01b0\u01a1ng \u0111\u01b0\u01a1ng chu\u1ea9n b\u1ea3o m\u1eadt c\u1ee7a c\u00e1c ng\u00e2n h\u00e0ng qu\u1ed1c t\u1ebf \u2014 \u0111\u1ec3 m\u00e3 h\u00f3a t\u1ea5t c\u1ea3 d\u1eef li\u1ec7u trao \u0111\u1ed5i gi\u1eefa ng\u01b0\u1eddi ch\u01a1i v\u00e0 h\u1ec7 th\u1ed1ng, gi\u00fap ng\u0103n ch\u1eb7n truy c\u1eadp tr\u00e1i ph\u00e9p ho\u1eb7c \u0111\u00e1nh c\u1eafp d\u1eef li\u1ec7u.<\/span><\/p>\n<p><span style=\"font-weight: 400;\">Theo ch\u00ednh s\u00e1ch, nh\u00e0 c\u00e1i ch\u1ec9 thu th\u1eadp d\u1eef li\u1ec7u khi c\u1ea7n thi\u1ebft cho vi\u1ec7c m\u1edf t\u00e0i kho\u1ea3n, x\u00e1c minh danh t\u00ednh v\u00e0 h\u1ed7 tr\u1ee3 giao d\u1ecbch; ph\u1ea7n th\u00f4ng tin n\u00e0y \u0111\u01b0\u1ee3c l\u01b0u tr\u1eef trong c\u01a1 s\u1edf d\u1eef li\u1ec7u \u0111\u01b0\u1ee3c b\u1ea3o v\u1ec7 b\u1edfi c\u01a1 ch\u1ebf b\u0103m m\u1eadt kh\u1ea9u (hashed passwords) v\u00e0 h\u1ec7 th\u1ed1ng x\u00e1c th\u1ef1c nhi\u1ec1u l\u1edbp nh\u01b0 OTP khi \u0111\u0103ng nh\u1eadp.<\/span><\/p>\n<p><span style=\"font-weight: 400;\">Cam k\u1ebft ch\u00ednh s\u00e1ch bao g\u1ed3m kh\u00f4ng chia s\u1ebb th\u00f4ng tin c\u00e1 nh\u00e2n v\u1edbi b\u00ean th\u1ee9 ba n\u1ebfu kh\u00f4ng c\u00f3 s\u1ef1 \u0111\u1ed3ng \u00fd r\u00f5 r\u00e0ng c\u1ee7a ng\u01b0\u1eddi ch\u01a1i; ng\u01b0\u1eddi d\u00f9ng c\u0169ng c\u00f3 quy\u1ec1n xem, ch\u1ec9nh s\u1eeda ho\u1eb7c y\u00eau c\u1ea7u x\u00f3a d\u1eef li\u1ec7u c\u00e1 nh\u00e2n c\u1ee7a m\u00ecnh. Ngo\u00e0i ra, h\u1ec7 th\u1ed1ng gi\u00e1m s\u00e1t ho\u1ea1t \u0111\u1ed9ng b\u1ea5t th\u01b0\u1eddng 24\/7, t\u1ef1 \u0111\u1ed9ng kh\u00f3a truy c\u1eadp n\u1ebfu ph\u00e1t hi\u1ec7n d\u1ea5u hi\u1ec7u x\u00e2m nh\u1eadp, gi\u1ea3m thi\u1ec3u r\u1ee7i ro hack t\u00e0i kho\u1ea3n.<\/span><\/p>\n<figure id=\"attachment_263\" aria-describedby=\"caption-attachment-263\" style=\"width: 800px\" class=\"wp-caption aligncenter\"><img loading=\"lazy\" decoding=\"async\" class=\"size-full wp-image-263\" src=\"https:\/\/vsbet.spot\/wp-content\/uploads\/2026\/02\/tong-quan-ve-he-thong-chinh-sach-bao-mat-thong-tin-vsbet.jpg\" alt=\"T\u1ed5ng quan v\u1ec1 h\u1ec7 th\u1ed1ng ch\u00ednh s\u00e1ch b\u1ea3o m\u1eadt th\u00f4ng tin Vsbet\" width=\"800\" height=\"400\" srcset=\"https:\/\/vsbet.spot\/wp-content\/uploads\/2026\/02\/tong-quan-ve-he-thong-chinh-sach-bao-mat-thong-tin-vsbet.jpg 800w, https:\/\/vsbet.spot\/wp-content\/uploads\/2026\/02\/tong-quan-ve-he-thong-chinh-sach-bao-mat-thong-tin-vsbet-300x150.jpg 300w, https:\/\/vsbet.spot\/wp-content\/uploads\/2026\/02\/tong-quan-ve-he-thong-chinh-sach-bao-mat-thong-tin-vsbet-768x384.jpg 768w\" sizes=\"auto, (max-width: 800px) 100vw, 800px\" \/><figcaption id=\"caption-attachment-263\" class=\"wp-caption-text\">T\u1ed5ng quan v\u1ec1 h\u1ec7 th\u1ed1ng ch\u00ednh s\u00e1ch b\u1ea3o m\u1eadt th\u00f4ng tin Vsbet<\/figcaption><\/figure>\n<h2><span class=\"ez-toc-section\" id=\"Phuong_thuc_Vsbet_khai_thac_va_quan_ly_du_lieu_nguoi_dung\"><\/span><b>Ph\u01b0\u01a1ng th\u1ee9c Vsbet khai th\u00e1c v\u00e0 qu\u1ea3n l\u00fd d\u1eef li\u1ec7u ng\u01b0\u1eddi d\u00f9ng<\/b><span class=\"ez-toc-section-end\"><\/span><\/h2>\n<p><span style=\"font-weight: 400;\">\u0110\u1ec3 duy tr\u00ec n\u1ec1n t\u1ea3ng ho\u1ea1t \u0111\u1ed9ng \u1ed5n \u0111\u1ecbnh, d\u1eef li\u1ec7u \u0111\u01b0\u1ee3c ti\u1ebfp nh\u1eadn theo nguy\u00ean t\u1eafc t\u1ed1i thi\u1ec3u h\u00f3a. Ch\u00ednh s\u00e1ch b\u1ea3o m\u1eadt x\u00e1c \u0111\u1ecbnh r\u00f5 lo\u1ea1i th\u00f4ng tin c\u1ea7n thi\u1ebft cho t\u1eebng ch\u1ee9c n\u0103ng, tr\u00e1nh t\u00ecnh tr\u1ea1ng thu th\u1eadp ngo\u00e0i m\u1ee5c \u0111\u00edch s\u1eed d\u1ee5ng.<\/span><\/p>\n<h3><span class=\"ez-toc-section\" id=\"Cac_muc_tieu_cu_the_khi_thu_thap_thong_tin_ca_nhan\"><\/span><b>C\u00e1c m\u1ee5c ti\u00eau c\u1ee5 th\u1ec3 khi thu th\u1eadp th\u00f4ng tin c\u00e1 nh\u00e2n<\/b><span class=\"ez-toc-section-end\"><\/span><\/h3>\n<p><span style=\"font-weight: 400;\">Th\u00f4ng tin c\u00e1 nh\u00e2n \u0111\u01b0\u1ee3c ti\u1ebfp nh\u1eadn theo t\u1eebng nh\u00f3m ch\u1ee9c n\u0103ng. Theo ch\u00ednh s\u00e1ch b\u1ea3o m\u1eadt, d\u1eef li\u1ec7u \u0111\u0103ng k\u00fd c\u01a1 b\u1ea3n ph\u1ee5c v\u1ee5 cho vi\u1ec7c t\u1ea1o t\u00e0i kho\u1ea3n v\u00e0 x\u00e1c minh truy c\u1eadp. T\u00ean \u0111\u0103ng nh\u1eadp c\u00f3 \u0111\u1ed9 d\u00e0i t\u1eeb 6 \u0111\u1ebfn 12 k\u00fd t\u1ef1 \u0111\u01b0\u1ee3c d\u00f9ng l\u00e0m \u0111\u1ecbnh danh n\u1ed9i b\u1ed9. S\u1ed1 \u0111i\u1ec7n tho\u1ea1i d\u00f9ng cho x\u00e1c th\u1ef1c \u0111\u0103ng nh\u1eadp m\u1ed9t l\u1ea7n, m\u00e3 x\u00e1c minh c\u00f3 hi\u1ec7u l\u1ef1c trong 30 gi\u00e2y.<\/span><\/p>\n<p><span style=\"font-weight: 400;\">Nh\u1eadt k\u00fd \u0111\u0103ng nh\u1eadp \u0111\u01b0\u1ee3c l\u01b0u trong 90 ng\u00e0y \u0111\u1ec3 ph\u1ee5c v\u1ee5 tra so\u00e1t khi ph\u00e1t sinh s\u1ef1 c\u1ed1. Sau m\u1ed1c n\u00e0y, d\u1eef li\u1ec7u t\u1ef1 \u0111\u1ed9ng chuy\u1ec3n sang tr\u1ea1ng th\u00e1i l\u01b0u tr\u1eef d\u00e0i h\u1ea1n v\u00e0 kh\u00f4ng c\u00f2n truy c\u1eadp tr\u1ef1c ti\u1ebfp.<\/span><\/p>\n<h3><span class=\"ez-toc-section\" id=\"Quy_trinh_xu_ly_thanh_toan_va_xac_thuc_danh_tinh\"><\/span><b>Quy tr\u00ecnh x\u1eed l\u00fd thanh to\u00e1n v\u00e0 x\u00e1c th\u1ef1c danh t\u00ednh<\/b><span class=\"ez-toc-section-end\"><\/span><\/h3>\n<p><span style=\"font-weight: 400;\">Giao d\u1ecbch t\u00e0i ch\u00ednh \u0111\u01b0\u1ee3c x\u1eed l\u00fd qua h\u1ec7 th\u1ed1ng ri\u00eang bi\u1ec7t, t\u00e1ch kh\u1ecfi khu v\u1ef1c tr\u00f2 ch\u01a1i. Theo ch\u00ednh s\u00e1ch b\u1ea3o m\u1eadt, m\u1ed7i y\u00eau c\u1ea7u n\u1ea1p ho\u1eb7c r\u00fat ti\u1ec1n \u0111\u01b0\u1ee3c ghi nh\u1eadn b\u1eb1ng m\u00e3 giao d\u1ecbch ri\u00eang, th\u1eddi gian x\u1eed l\u00fd dao \u0111\u1ed9ng t\u1eeb 3 \u0111\u1ebfn 10 ph\u00fat t\u00f9y ph\u01b0\u01a1ng th\u1ee9c.<\/span><\/p>\n<p><span style=\"font-weight: 400;\">Th\u00f4ng tin x\u00e1c th\u1ef1c danh t\u00ednh \u0111\u01b0\u1ee3c ki\u1ec3m tra trong v\u00f2ng 24 gi\u1edd k\u1ec3 t\u1eeb khi ng\u01b0\u1eddi ch\u01a1i g\u1eedi y\u00eau c\u1ea7u. H\u1ed3 s\u01a1 sau khi ho\u00e0n t\u1ea5t x\u00e1c minh s\u1ebd \u0111\u01b0\u1ee3c l\u01b0u tr\u1eef \u1edf tr\u1ea1ng th\u00e1i m\u00e3 h\u00f3a, kh\u00f4ng hi\u1ec3n th\u1ecb cho b\u1ed9 ph\u1eadn h\u1ed7 tr\u1ee3 th\u00f4ng th\u01b0\u1eddng. Chu k\u1ef3 ki\u1ec3m tra l\u1ea1i d\u1eef li\u1ec7u x\u00e1c minh di\u1ec5n ra sau m\u1ed7i 12 th\u00e1ng nh\u1eb1m \u0111\u1ea3m b\u1ea3o t\u00ednh ch\u00ednh x\u00e1c.<\/span><\/p>\n<figure id=\"attachment_258\" aria-describedby=\"caption-attachment-258\" style=\"width: 800px\" class=\"wp-caption aligncenter\"><img loading=\"lazy\" decoding=\"async\" class=\"size-full wp-image-258\" src=\"https:\/\/vsbet.spot\/wp-content\/uploads\/2026\/02\/cach-thuc-nha-cai-thu-thap-su-dung-va-quan-ly-du-lieu.jpg\" alt=\"C\u00e1ch th\u1ee9c nh\u00e0 c\u00e1i thu th\u1eadp, s\u1eed d\u1ee5ng v\u00e0 qu\u1ea3n l\u00fd d\u1eef li\u1ec7u\" width=\"800\" height=\"400\" srcset=\"https:\/\/vsbet.spot\/wp-content\/uploads\/2026\/02\/cach-thuc-nha-cai-thu-thap-su-dung-va-quan-ly-du-lieu.jpg 800w, https:\/\/vsbet.spot\/wp-content\/uploads\/2026\/02\/cach-thuc-nha-cai-thu-thap-su-dung-va-quan-ly-du-lieu-300x150.jpg 300w, https:\/\/vsbet.spot\/wp-content\/uploads\/2026\/02\/cach-thuc-nha-cai-thu-thap-su-dung-va-quan-ly-du-lieu-768x384.jpg 768w\" sizes=\"auto, (max-width: 800px) 100vw, 800px\" \/><figcaption id=\"caption-attachment-258\" class=\"wp-caption-text\">C\u00e1ch th\u1ee9c nh\u00e0 c\u00e1i thu th\u1eadp, s\u1eed d\u1ee5ng v\u00e0 qu\u1ea3n l\u00fd d\u1eef li\u1ec7u<\/figcaption><\/figure>\n<h3><span class=\"ez-toc-section\" id=\"Ung_dung_du_lieu_trong_hoat_dong_ho_tro_nguoi_choi\"><\/span><b>\u1ee8ng d\u1ee5ng d\u1eef li\u1ec7u trong ho\u1ea1t \u0111\u1ed9ng h\u1ed7 tr\u1ee3 ng\u01b0\u1eddi ch\u01a1i<\/b><span class=\"ez-toc-section-end\"><\/span><\/h3>\n<p><span style=\"font-weight: 400;\">D\u1eef li\u1ec7u \u0111\u01b0\u1ee3c khai th\u00e1c c\u00f3 gi\u1edbi h\u1ea1n nh\u1eb1m n\u00e2ng cao hi\u1ec7u qu\u1ea3 x\u1eed l\u00fd y\u00eau c\u1ea7u. Ch\u00ednh s\u00e1ch b\u1ea3o m\u1eadt quy \u0111\u1ecbnh r\u00f5 ph\u1ea1m vi truy xu\u1ea5t th\u00f4ng tin trong qu\u00e1 tr\u00ecnh h\u1ed7 tr\u1ee3. Khi ng\u01b0\u1eddi ch\u01a1i g\u1eedi y\u00eau c\u1ea7u, h\u1ec7 th\u1ed1ng cho ph\u00e9p truy xu\u1ea5t l\u1ecbch s\u1eed li\u00ean quan trong t\u1ed1i \u0111a 90 ng\u00e0y. Th\u1eddi gian x\u1eed l\u00fd trung b\u00ecnh cho m\u1ed9t y\u00eau c\u1ea7u \u0111\u01a1n l\u1ebb n\u1eb1m trong kho\u1ea3ng 1 \u0111\u1ebfn 5 ph\u00fat. Sau khi ho\u00e0n t\u1ea5t, quy\u1ec1n truy c\u1eadp d\u1eef li\u1ec7u l\u1eadp t\u1ee9c k\u1ebft th\u00fac, kh\u00f4ng k\u00e9o d\u00e0i sang phi\u00ean l\u00e0m vi\u1ec7c kh\u00e1c.<\/span><\/p>\n<h2><span class=\"ez-toc-section\" id=\"Trach_nhiem_bao_ve_du_lieu_va_giai_phap_an_toan\"><\/span><b>Tr\u00e1ch nhi\u1ec7m b\u1ea3o v\u1ec7 d\u1eef li\u1ec7u v\u00e0 gi\u1ea3i ph\u00e1p an to\u00e0n<\/b><span class=\"ez-toc-section-end\"><\/span><\/h2>\n<p><span style=\"font-weight: 400;\">\u0110\u1ec3 duy tr\u00ec m\u00f4i tr\u01b0\u1eddng s\u1eed d\u1ee5ng \u1ed5n \u0111\u1ecbnh, ch\u00ednh s\u00e1ch b\u1ea3o m\u1eadt \u0111\u01b0\u1ee3c tri\u1ec3n khai song song v\u1edbi h\u1ec7 th\u1ed1ng k\u1ef9 thu\u1eadt v\u00e0 quy tr\u00ecnh n\u1ed9i b\u1ed9. M\u1ed7i l\u1edbp b\u1ea3o v\u1ec7 c\u00f3 vai tr\u00f2 ri\u00eang, ph\u1ed1i h\u1ee3p ch\u1eb7t ch\u1ebd trong qu\u00e1 tr\u00ecnh v\u1eadn h\u00e0nh.<\/span><\/p>\n<h3><span class=\"ez-toc-section\" id=\"Cong_nghe_ma_hoa_va_he_thong_phong_ve_ky_thuat\"><\/span><b>C\u00f4ng ngh\u1ec7 m\u00e3 h\u00f3a v\u00e0 h\u1ec7 th\u1ed1ng ph\u00f2ng v\u1ec7 k\u1ef9 thu\u1eadt<\/b><span class=\"ez-toc-section-end\"><\/span><\/h3>\n<p><span style=\"font-weight: 400;\">D\u1eef li\u1ec7u \u0111\u01b0\u1ee3c x\u1eed l\u00fd qua c\u01a1 ch\u1ebf m\u00e3 h\u00f3a nhi\u1ec1u l\u1edbp ngay t\u1eeb th\u1eddi \u0111i\u1ec3m ti\u1ebfp nh\u1eadn. Theo ch\u00ednh s\u00e1ch b\u1ea3o m\u1eadt, h\u1ec7 th\u1ed1ng s\u1eed d\u1ee5ng chu\u1ea9n m\u00e3 h\u00f3a 256 bit cho d\u1eef li\u1ec7u l\u01b0u tr\u1eef v\u00e0 \u0111\u01b0\u1eddng truy\u1ec1n n\u1ed9i b\u1ed9.<\/span><\/p>\n<p><span style=\"font-weight: 400;\">M\u00e1y ch\u1ee7 \u0111\u01b0\u1ee3c sao l\u01b0u theo chu k\u1ef3 24 gi\u1edd, m\u1ed7i b\u1ea3n sao l\u01b0u \u0111\u01b0\u1ee3c l\u01b0u gi\u1eef t\u1ed1i \u0111a 30 ng\u00e0y. H\u1ec7 th\u1ed1ng gi\u00e1m s\u00e1t truy c\u1eadp ho\u1ea1t \u0111\u1ed9ng li\u00ean t\u1ee5c, t\u1ef1 \u0111\u1ed9ng ghi nh\u1eadn c\u00e1c h\u00e0nh vi b\u1ea5t th\u01b0\u1eddng k\u00e9o d\u00e0i qu\u00e1 5 ph\u00fat. Khi ph\u00e1t hi\u1ec7n r\u1ee7i ro, truy c\u1eadp s\u1ebd b\u1ecb ch\u1eb7n t\u1ee9c th\u00ec \u0111\u1ec3 ki\u1ec3m tra.<\/span><\/p>\n<h3><span class=\"ez-toc-section\" id=\"Kiem_soat_quyen_truy_cap\"><\/span><b>Ki\u1ec3m so\u00e1t quy\u1ec1n truy c\u1eadp<\/b><span class=\"ez-toc-section-end\"><\/span><\/h3>\n<p><span style=\"font-weight: 400;\">Kh\u00f4ng ph\u1ea3i m\u1ecdi nh\u00e2n s\u1ef1 \u0111\u1ec1u c\u00f3 quy\u1ec1n ti\u1ebfp c\u1eadn d\u1eef li\u1ec7u ng\u01b0\u1eddi d\u00f9ng. Ch\u00ednh s\u00e1ch b\u1ea3o m\u1eadt ph\u00e2n quy\u1ec1n truy c\u1eadp theo t\u1eebng c\u1ea5p \u0111\u1ed9 nhi\u1ec7m v\u1ee5. B\u1ed9 ph\u1eadn h\u1ed7 tr\u1ee3 ch\u1ec9 \u0111\u01b0\u1ee3c truy c\u1eadp th\u00f4ng tin trong th\u1eddi gian x\u1eed l\u00fd y\u00eau c\u1ea7u, m\u1ed7i phi\u00ean truy c\u1eadp gi\u1edbi h\u1ea1n 15 ph\u00fat. Sau khi k\u1ebft th\u00fac, quy\u1ec1n truy c\u1eadp t\u1ef1 \u0111\u1ed9ng b\u1ecb thu h\u1ed3i.<\/span><\/p>\n<figure id=\"attachment_262\" aria-describedby=\"caption-attachment-262\" style=\"width: 800px\" class=\"wp-caption aligncenter\"><img loading=\"lazy\" decoding=\"async\" class=\"size-full wp-image-262\" src=\"https:\/\/vsbet.spot\/wp-content\/uploads\/2026\/02\/nghia-vu-bao-ve-thong-tin-cung-cac-bien-phap-an-toan.jpg\" alt=\"Ngh\u0129a v\u1ee5 b\u1ea3o v\u1ec7 th\u00f4ng tin c\u00f9ng c\u00e1c bi\u1ec7n ph\u00e1p an to\u00e0n\" width=\"800\" height=\"400\" srcset=\"https:\/\/vsbet.spot\/wp-content\/uploads\/2026\/02\/nghia-vu-bao-ve-thong-tin-cung-cac-bien-phap-an-toan.jpg 800w, https:\/\/vsbet.spot\/wp-content\/uploads\/2026\/02\/nghia-vu-bao-ve-thong-tin-cung-cac-bien-phap-an-toan-300x150.jpg 300w, https:\/\/vsbet.spot\/wp-content\/uploads\/2026\/02\/nghia-vu-bao-ve-thong-tin-cung-cac-bien-phap-an-toan-768x384.jpg 768w\" sizes=\"auto, (max-width: 800px) 100vw, 800px\" \/><figcaption id=\"caption-attachment-262\" class=\"wp-caption-text\">Ngh\u0129a v\u1ee5 b\u1ea3o v\u1ec7 th\u00f4ng tin c\u00f9ng c\u00e1c bi\u1ec7n ph\u00e1p an to\u00e0n<\/figcaption><\/figure>\n<h3><span class=\"ez-toc-section\" id=\"Nguyen_tac_khong_chuyen_giao_du_lieu_cho_ben_ngoai\"><\/span><b>Nguy\u00ean t\u1eafc kh\u00f4ng chuy\u1ec3n giao d\u1eef li\u1ec7u cho b\u00ean ngo\u00e0i<\/b><span class=\"ez-toc-section-end\"><\/span><\/h3>\n<p><span style=\"font-weight: 400;\">M\u1ed9t nguy\u00ean t\u1eafc c\u1ed1t l\u00f5i c\u1ee7a ch\u00ednh s\u00e1ch b\u1ea3o m\u1eadt l\u00e0 kh\u00f4ng chia s\u1ebb d\u1eef li\u1ec7u cho b\u00ean th\u1ee9 ba khi ch\u01b0a c\u00f3 s\u1ef1 \u0111\u1ed3ng \u00fd r\u00f5 r\u00e0ng t\u1eeb ng\u01b0\u1eddi ch\u01a1i. Trong tr\u01b0\u1eddng h\u1ee3p ph\u00e1t sinh y\u00eau c\u1ea7u ph\u00e1p l\u00fd, d\u1eef li\u1ec7u ch\u1ec9 \u0111\u01b0\u1ee3c cung c\u1ea5p trong ph\u1ea1m vi t\u1ed1i thi\u1ec3u c\u1ea7n thi\u1ebft. Quy tr\u00ecnh x\u1eed l\u00fd g\u1ed3m 3 b\u01b0\u1edbc ki\u1ec3m tra n\u1ed9i b\u1ed9, th\u1eddi gian th\u1ef1c hi\u1ec7n kh\u00f4ng v\u01b0\u1ee3t qu\u00e1 72 gi\u1edd.<\/span><\/p>\n<h2><span class=\"ez-toc-section\" id=\"Ket_luan\"><\/span><b>K\u1ebft lu\u1eadn<\/b><span class=\"ez-toc-section-end\"><\/span><\/h2>\n<p><a href=\"https:\/\/vsbet.spot\/index.php\/chinh-sach-bao-mat\/\"><b>Ch\u00ednh s\u00e1ch b\u1ea3o m\u1eadt<\/b><\/a><span style=\"font-weight: 400;\"> th\u1ec3 hi\u1ec7n cam k\u1ebft l\u00e2u d\u00e0i c\u1ee7a Vsbet trong vi\u1ec7c b\u1ea3o v\u1ec7 quy\u1ec1n l\u1ee3i ng\u01b0\u1eddi ch\u01a1i. Vi\u1ec7c \u00e1p d\u1ee5ng c\u00e1c bi\u1ec7n ph\u00e1p ki\u1ec3m so\u00e1t d\u1eef li\u1ec7u gi\u00fap h\u1ea1n ch\u1ebf t\u1ed1i \u0111a r\u1ee7i ro trong qu\u00e1 tr\u00ecnh s\u1eed d\u1ee5ng. \u0110\u00e2y l\u00e0 y\u1ebfu t\u1ed1 quan tr\u1ecdng g\u00f3p ph\u1ea7n t\u1ea1o d\u1ef1ng m\u00f4i tr\u01b0\u1eddng c\u00e1 c\u01b0\u1ee3c an to\u00e0n v\u00e0 minh b\u1ea1ch.<\/span><\/p>\n","protected":false},"excerpt":{"rendered":"<p>Ch\u00ednh S\u00e1ch B\u1ea3o M\u1eadt Vsbet \u2013 Cam K\u1ebft B\u1ea3o V\u1ec7 Ng\u01b0\u1eddi Ch\u01a1i 2026 Ch\u00ednh s\u00e1ch b\u1ea3o m\u1eadt l\u00e0 n\u1ec1n t\u1ea3ng gi\u00fap ng\u01b0\u1eddi ch\u01a1i y\u00ean t\u00e2m khi tham gia c\u00e1 c\u01b0\u1ee3c tr\u1ef1c tuy\u1ebfn t\u1ea1i Vsbet. Nh\u00e0 c\u00e1i x\u00e2y d\u1ef1ng c\u01a1 ch\u1ebf b\u1ea3o v\u1ec7 d\u1eef li\u1ec7u r\u00f5 r\u00e0ng, \u00e1p d\u1ee5ng quy tr\u00ecnh thu th\u1eadp, l\u01b0u tr\u1eef v\u00e0 [&#8230;]\n","protected":false},"author":1,"featured_media":261,"parent":0,"menu_order":0,"comment_status":"closed","ping_status":"closed","template":"","meta":{"footnotes":""},"class_list":["post-280","page","type-page","status-publish","has-post-thumbnail","hentry"],"_links":{"self":[{"href":"https:\/\/vsbet.spot\/index.php\/wp-json\/wp\/v2\/pages\/280","targetHints":{"allow":["GET"]}}],"collection":[{"href":"https:\/\/vsbet.spot\/index.php\/wp-json\/wp\/v2\/pages"}],"about":[{"href":"https:\/\/vsbet.spot\/index.php\/wp-json\/wp\/v2\/types\/page"}],"author":[{"embeddable":true,"href":"https:\/\/vsbet.spot\/index.php\/wp-json\/wp\/v2\/users\/1"}],"replies":[{"embeddable":true,"href":"https:\/\/vsbet.spot\/index.php\/wp-json\/wp\/v2\/comments?post=280"}],"version-history":[{"count":2,"href":"https:\/\/vsbet.spot\/index.php\/wp-json\/wp\/v2\/pages\/280\/revisions"}],"predecessor-version":[{"id":282,"href":"https:\/\/vsbet.spot\/index.php\/wp-json\/wp\/v2\/pages\/280\/revisions\/282"}],"wp:featuredmedia":[{"embeddable":true,"href":"https:\/\/vsbet.spot\/index.php\/wp-json\/wp\/v2\/media\/261"}],"wp:attachment":[{"href":"https:\/\/vsbet.spot\/index.php\/wp-json\/wp\/v2\/media?parent=280"}],"curies":[{"name":"wp","href":"https:\/\/api.w.org\/{rel}","templated":true}]}}