{"id":277,"date":"2026-02-03T05:08:54","date_gmt":"2026-02-03T05:08:54","guid":{"rendered":"https:\/\/vsbet.spot\/?page_id=277"},"modified":"2026-02-03T05:08:54","modified_gmt":"2026-02-03T05:08:54","slug":"lien-he-vsbet","status":"publish","type":"page","link":"https:\/\/vsbet.spot\/index.php\/lien-he-vsbet\/","title":{"rendered":"Li\u00ean H\u1ec7 Vsbet"},"content":{"rendered":"<div id=\"ez-toc-container\" class=\"ez-toc-v2_0_80 counter-hierarchy ez-toc-counter ez-toc-grey ez-toc-container-direction\">\n<div class=\"ez-toc-title-container\">\n<p class=\"ez-toc-title\" style=\"cursor:inherit\">Table of Contents<\/p>\n<span class=\"ez-toc-title-toggle\"><a href=\"#\" class=\"ez-toc-pull-right ez-toc-btn ez-toc-btn-xs ez-toc-btn-default ez-toc-toggle\" aria-label=\"Toggle Table of Content\"><span class=\"ez-toc-js-icon-con\"><span class=\"\"><span class=\"eztoc-hide\" style=\"display:none;\">Toggle<\/span><span class=\"ez-toc-icon-toggle-span\"><svg style=\"fill: #999;color:#999\" xmlns=\"http:\/\/www.w3.org\/2000\/svg\" class=\"list-377408\" width=\"20px\" height=\"20px\" viewBox=\"0 0 24 24\" fill=\"none\"><path d=\"M6 6H4v2h2V6zm14 0H8v2h12V6zM4 11h2v2H4v-2zm16 0H8v2h12v-2zM4 16h2v2H4v-2zm16 0H8v2h12v-2z\" fill=\"currentColor\"><\/path><\/svg><svg style=\"fill: #999;color:#999\" class=\"arrow-unsorted-368013\" xmlns=\"http:\/\/www.w3.org\/2000\/svg\" width=\"10px\" height=\"10px\" viewBox=\"0 0 24 24\" version=\"1.2\" baseProfile=\"tiny\"><path d=\"M18.2 9.3l-6.2-6.3-6.2 6.3c-.2.2-.3.4-.3.7s.1.5.3.7c.2.2.4.3.7.3h11c.3 0 .5-.1.7-.3.2-.2.3-.5.3-.7s-.1-.5-.3-.7zM5.8 14.7l6.2 6.3 6.2-6.3c.2-.2.3-.5.3-.7s-.1-.5-.3-.7c-.2-.2-.4-.3-.7-.3h-11c-.3 0-.5.1-.7.3-.2.2-.3.5-.3.7s.1.5.3.7z\"\/><\/svg><\/span><\/span><\/span><\/a><\/span><\/div>\n<nav><ul class='ez-toc-list ez-toc-list-level-1 ' ><li class='ez-toc-page-1 ez-toc-heading-level-1'><a class=\"ez-toc-link ez-toc-heading-1\" href=\"https:\/\/vsbet.spot\/index.php\/lien-he-vsbet\/#Lien_He_Vsbet_%E2%80%93_Huong_Dan_Cac_Kenh_Ho_Tro_Chinh_Thuc_247\" >Li\u00ean H\u1ec7 Vsbet \u2013 H\u01b0\u1edbng D\u1eabn C\u00e1c K\u00eanh H\u1ed7 Tr\u1ee3 Ch\u00ednh Th\u1ee9c 24\/7<\/a><ul class='ez-toc-list-level-2' ><li class='ez-toc-heading-level-2'><a class=\"ez-toc-link ez-toc-heading-2\" href=\"https:\/\/vsbet.spot\/index.php\/lien-he-vsbet\/#Nhung_tinh_huong_nguoi_tham_gia_can_lien_he_Vsbet\" >Nh\u1eefng t\u00ecnh hu\u1ed1ng ng\u01b0\u1eddi tham gia c\u1ea7n li\u00ean h\u1ec7 Vsbet<\/a><\/li><li class='ez-toc-page-1 ez-toc-heading-level-2'><a class=\"ez-toc-link ez-toc-heading-3\" href=\"https:\/\/vsbet.spot\/index.php\/lien-he-vsbet\/#Cac_phuong_thuc_ket_noi_chinh_thuc_voi_bo_phan_cham_soc_cua_Vsbet\" >C\u00e1c ph\u01b0\u01a1ng th\u1ee9c k\u1ebft n\u1ed1i ch\u00ednh th\u1ee9c v\u1edbi b\u1ed9 ph\u1eadn ch\u0103m s\u00f3c c\u1ee7a Vsbet<\/a><ul class='ez-toc-list-level-3' ><li class='ez-toc-heading-level-3'><a class=\"ez-toc-link ez-toc-heading-4\" href=\"https:\/\/vsbet.spot\/index.php\/lien-he-vsbet\/#Trao_doi_truc_tiep_voi_Vsbet_thong_qua_Live_Chat\" >Trao \u0111\u1ed5i tr\u1ef1c ti\u1ebfp v\u1edbi Vsbet th\u00f4ng qua Live Chat<\/a><\/li><li class='ez-toc-page-1 ez-toc-heading-level-3'><a class=\"ez-toc-link ez-toc-heading-5\" href=\"https:\/\/vsbet.spot\/index.php\/lien-he-vsbet\/#Goi_dien_den_tong_dai_ho_tro\" >G\u1ecdi \u0111i\u1ec7n \u0111\u1ebfn t\u1ed5ng \u0111\u00e0i h\u1ed7 tr\u1ee3<\/a><\/li><li class='ez-toc-page-1 ez-toc-heading-level-3'><a class=\"ez-toc-link ez-toc-heading-6\" href=\"https:\/\/vsbet.spot\/index.php\/lien-he-vsbet\/#Gui_yeu_cau_ho_tro_Vsbet_bang_thu_dien_tu\" >G\u1eedi y\u00eau c\u1ea7u h\u1ed7 tr\u1ee3 Vsbet b\u1eb1ng th\u01b0 \u0111i\u1ec7n t\u1eed<\/a><\/li><li class='ez-toc-page-1 ez-toc-heading-level-3'><a class=\"ez-toc-link ez-toc-heading-7\" href=\"https:\/\/vsbet.spot\/index.php\/lien-he-vsbet\/#Ket_noi_thong_qua_nen_tang_MXH\" >K\u1ebft n\u1ed1i th\u00f4ng qua n\u1ec1n t\u1ea3ng MXH<\/a><\/li><li class='ez-toc-page-1 ez-toc-heading-level-3'><a class=\"ez-toc-link ez-toc-heading-8\" href=\"https:\/\/vsbet.spot\/index.php\/lien-he-vsbet\/#Tim_cau_tra_loi_nhanh_tren_trang_hoi_dap_Vsbet\" >T\u00ecm c\u00e2u tr\u1ea3 l\u1eddi nhanh tr\u00ean trang h\u1ecfi \u0111\u00e1p Vsbet<\/a><\/li><\/ul><\/li><li class='ez-toc-page-1 ez-toc-heading-level-2'><a class=\"ez-toc-link ez-toc-heading-9\" href=\"https:\/\/vsbet.spot\/index.php\/lien-he-vsbet\/#Nhung_diem_can_luu_y_truoc_khi_gui_yeu_cau_ho_tro_Vsbet\" >Nh\u1eefng \u0111i\u1ec3m c\u1ea7n l\u01b0u \u00fd tr\u01b0\u1edbc khi g\u1eedi y\u00eau c\u1ea7u h\u1ed7 tr\u1ee3 Vsbet<\/a><\/li><li class='ez-toc-page-1 ez-toc-heading-level-2'><a class=\"ez-toc-link ez-toc-heading-10\" href=\"https:\/\/vsbet.spot\/index.php\/lien-he-vsbet\/#Ket_luan\" >K\u1ebft lu\u1eadn<\/a><\/li><\/ul><\/li><\/ul><\/nav><\/div>\n<h1 style=\"text-align: center;\"><span class=\"ez-toc-section\" id=\"Lien_He_Vsbet_%E2%80%93_Huong_Dan_Cac_Kenh_Ho_Tro_Chinh_Thuc_247\"><\/span><b>Li\u00ean H\u1ec7 Vsbet \u2013 H\u01b0\u1edbng D\u1eabn C\u00e1c K\u00eanh H\u1ed7 Tr\u1ee3 Ch\u00ednh Th\u1ee9c 24\/7<\/b><span class=\"ez-toc-section-end\"><\/span><\/h1>\n<p><b>Li\u00ean h\u1ec7 Vsbet<\/b><span style=\"font-weight: 400;\"> l\u00e0 gi\u1ea3i ph\u00e1p c\u1ea7n thi\u1ebft gi\u00fap ng\u01b0\u1eddi ch\u01a1i ch\u1ee7 \u0111\u1ed9ng x\u1eed l\u00fd m\u1ecdi v\u1ea5n \u0111\u1ec1 ph\u00e1t sinh trong qu\u00e1 tr\u00ecnh c\u00e1 c\u01b0\u1ee3c tr\u1ef1c tuy\u1ebfn. Nh\u00e0 c\u00e1i <strong><a href=\"https:\/\/vsbet.spot\/\">Vsbet<\/a><\/strong> tri\u1ec3n khai nhi\u1ec1u k\u00eanh h\u1ed7 tr\u1ee3 ch\u00ednh th\u1ee9c ho\u1ea1t \u0111\u1ed9ng li\u00ean t\u1ee5c 24\/7, t\u1eeb t\u01b0 v\u1ea5n t\u00e0i kho\u1ea3n, giao d\u1ecbch n\u1ea1p r\u00fat \u0111\u1ebfn h\u1ed7 tr\u1ee3 k\u1ef9 thu\u1eadt khi g\u1eb7p s\u1ef1 c\u1ed1. Th\u00f4ng tin li\u00ean h\u1ec7 \u0111\u01b0\u1ee3c c\u00f4ng b\u1ed1 r\u00f5 r\u00e0ng, d\u1ec5 ti\u1ebfp c\u1eadn tr\u00ean n\u1ec1n t\u1ea3ng ch\u00ednh th\u1ee9c.<\/span><\/p>\n<h2><span class=\"ez-toc-section\" id=\"Nhung_tinh_huong_nguoi_tham_gia_can_lien_he_Vsbet\"><\/span><b>Nh\u1eefng t\u00ecnh hu\u1ed1ng ng\u01b0\u1eddi tham gia c\u1ea7n li\u00ean h\u1ec7 Vsbet<\/b><span class=\"ez-toc-section-end\"><\/span><\/h2>\n<p><span style=\"font-weight: 400;\">Trong qu\u00e1 tr\u00ecnh c\u00e1 c\u01b0\u1ee3c tr\u1ef1c tuy\u1ebfn, kh\u00f4ng ph\u1ea3i l\u00fac n\u00e0o m\u1ecdi thao t\u00e1c c\u0169ng di\u1ec5n ra tr\u01a1n tru. Nhi\u1ec1u t\u00ecnh hu\u1ed1ng ph\u00e1t sinh bu\u1ed9c ng\u01b0\u1eddi ch\u01a1i ph\u1ea3i ch\u1ee7 \u0111\u1ed9ng li\u00ean h\u1ec7 Vsbet \u0111\u1ec3 \u0111\u01b0\u1ee3c x\u1eed l\u00fd k\u1ecbp th\u1eddi, tr\u00e1nh \u1ea3nh h\u01b0\u1edfng \u0111\u1ebfn d\u00f2ng v\u1ed1n ho\u1eb7c tr\u1ea3i nghi\u1ec7m \u0111ang di\u1ec5n ra.<\/span><\/p>\n<p><span style=\"font-weight: 400;\">M\u1ed9t trong nh\u1eefng tr\u01b0\u1eddng h\u1ee3p ph\u1ed5 bi\u1ebfn l\u00e0 giao d\u1ecbch n\u1ea1p ti\u1ec1n \u0111\u00e3 tr\u1eeb t\u1ea1i ng\u00e2n h\u00e0ng nh\u01b0ng s\u1ed1 d\u01b0 ch\u01b0a c\u1eadp nh\u1eadt. V\u1edbi c\u00e1c giao d\u1ecbch d\u1ea1ng n\u00e0y, th\u1eddi gian ch\u1edd th\u01b0\u1eddng k\u00e9o d\u00e0i t\u1eeb 5 \u0111\u1ebfn 15 ph\u00fat. N\u1ebfu v\u01b0\u1ee3t qu\u00e1 m\u1ed1c 20 ph\u00fat, ng\u01b0\u1eddi ch\u01a1i n\u00ean g\u1eedi y\u00eau c\u1ea7u \u0111\u1ec3 ki\u1ec3m tra tr\u1ea1ng th\u00e1i x\u1eed l\u00fd. Ngo\u00e0i ra, vi\u1ec7c r\u00fat ti\u1ec1n ch\u01b0a nh\u1eadn sau kho\u1ea3ng 30 ph\u00fat k\u1ec3 t\u1eeb khi x\u00e1c nh\u1eadn c\u0169ng thu\u1ed9c nh\u00f3m c\u1ea7n h\u1ed7 tr\u1ee3 tr\u1ef1c ti\u1ebfp.<\/span><\/p>\n<p><span style=\"font-weight: 400;\">B\u00ean c\u1ea1nh v\u1ea5n \u0111\u1ec1 t\u00e0i ch\u00ednh, c\u00e1c l\u1ed7i k\u1ef9 thu\u1eadt nh\u01b0 kh\u00f4ng v\u00e0o \u0111\u01b0\u1ee3c tr\u00f2 ch\u01a1i, k\u00e8o c\u01b0\u1ee3c kh\u00f4ng hi\u1ec3n th\u1ecb, phi\u00ean ch\u01a1i b\u1ecb tho\u00e1t \u0111\u1ed9t ng\u1ed9t sau 60 ph\u00fat ho\u1ea1t \u0111\u1ed9ng li\u00ean t\u1ee5c c\u0169ng l\u00e0 l\u00fd do khi\u1ebfn ng\u01b0\u1eddi ch\u01a1i t\u00ecm \u0111\u1ebfn li\u00ean h\u1ec7 \u0111\u1ed9i ng\u0169. \u0110\u1ed1i v\u1edbi h\u1ed9i vi\u00ean m\u1edbi, nh\u1eefng th\u1eafc m\u1eafc li\u00ean quan \u0111\u1ebfn x\u00e1c minh t\u00e0i kho\u1ea3n, c\u1eadp nh\u1eadt th\u00f4ng tin c\u00e1 nh\u00e2n trong v\u00f2ng 24 gi\u1edd \u0111\u1ea7u c\u0169ng th\u01b0\u1eddng c\u1ea7n s\u1ef1 h\u01b0\u1edbng d\u1eabn chi ti\u1ebft t\u1eeb b\u1ed9 ph\u1eadn ch\u0103m s\u00f3c.<\/span><\/p>\n<figure id=\"attachment_264\" aria-describedby=\"caption-attachment-264\" style=\"width: 800px\" class=\"wp-caption aligncenter\"><img loading=\"lazy\" decoding=\"async\" class=\"size-full wp-image-264\" src=\"https:\/\/vsbet.spot\/wp-content\/uploads\/2026\/02\/cac-truong-hop-nguoi-dung-can-lien-he-vsbet.jpg\" alt=\"C\u00e1c tr\u01b0\u1eddng h\u1ee3p ng\u01b0\u1eddi d\u00f9ng c\u1ea7n li\u00ean h\u1ec7 Vsbet\" width=\"800\" height=\"400\" srcset=\"https:\/\/vsbet.spot\/wp-content\/uploads\/2026\/02\/cac-truong-hop-nguoi-dung-can-lien-he-vsbet.jpg 800w, https:\/\/vsbet.spot\/wp-content\/uploads\/2026\/02\/cac-truong-hop-nguoi-dung-can-lien-he-vsbet-300x150.jpg 300w, https:\/\/vsbet.spot\/wp-content\/uploads\/2026\/02\/cac-truong-hop-nguoi-dung-can-lien-he-vsbet-768x384.jpg 768w\" sizes=\"auto, (max-width: 800px) 100vw, 800px\" \/><figcaption id=\"caption-attachment-264\" class=\"wp-caption-text\">C\u00e1c tr\u01b0\u1eddng h\u1ee3p ng\u01b0\u1eddi d\u00f9ng c\u1ea7n li\u00ean h\u1ec7 Vsbet<\/figcaption><\/figure>\n<h2><span class=\"ez-toc-section\" id=\"Cac_phuong_thuc_ket_noi_chinh_thuc_voi_bo_phan_cham_soc_cua_Vsbet\"><\/span><b>C\u00e1c ph\u01b0\u01a1ng th\u1ee9c k\u1ebft n\u1ed1i ch\u00ednh th\u1ee9c v\u1edbi b\u1ed9 ph\u1eadn ch\u0103m s\u00f3c c\u1ee7a Vsbet<\/b><span class=\"ez-toc-section-end\"><\/span><\/h2>\n<p><span style=\"font-weight: 400;\">\u0110\u1ec3 \u0111\u1ea3m b\u1ea3o m\u1ecdi y\u00eau c\u1ea7u \u0111\u01b0\u1ee3c ti\u1ebfp nh\u1eadn \u0111\u00fang k\u00eanh, li\u00ean h\u1ec7 Vsbet \u0111\u01b0\u1ee3c tri\u1ec3n khai th\u00f4ng qua nhi\u1ec1u ph\u01b0\u01a1ng th\u1ee9c kh\u00e1c nhau. M\u1ed7i h\u00ecnh th\u1ee9c ph\u00f9 h\u1ee3p v\u1edbi t\u1eebng lo\u1ea1i v\u1ea5n \u0111\u1ec1, m\u1ee9c \u0111\u1ed9 kh\u1ea9n c\u1ea5p v\u00e0 th\u00f3i quen s\u1eed d\u1ee5ng c\u1ee7a ng\u01b0\u1eddi ch\u01a1i.<\/span><\/p>\n<h3><span class=\"ez-toc-section\" id=\"Trao_doi_truc_tiep_voi_Vsbet_thong_qua_Live_Chat\"><\/span><b>Trao \u0111\u1ed5i tr\u1ef1c ti\u1ebfp v\u1edbi Vsbet th\u00f4ng qua Live Chat<\/b><span class=\"ez-toc-section-end\"><\/span><\/h3>\n<p><span style=\"font-weight: 400;\">Live Chat l\u00e0 l\u1ef1a ch\u1ecdn \u0111\u01b0\u1ee3c nhi\u1ec1u h\u1ed9i vi\u00ean \u01b0u ti\u00ean khi c\u1ea7n ph\u1ea3n h\u1ed3i nhanh. H\u00ecnh th\u1ee9c n\u00e0y cho ph\u00e9p ng\u01b0\u1eddi ch\u01a1i li\u00ean h\u1ec7 Vsbet ngay tr\u00ean giao di\u1ec7n \u0111ang s\u1eed d\u1ee5ng m\u00e0 kh\u00f4ng c\u1ea7n r\u1eddi trang.<\/span><\/p>\n<p><span style=\"font-weight: 400;\">Khi m\u1edf Live Chat, h\u1ec7 th\u1ed1ng s\u1ebd t\u1ef1 \u0111\u1ed9ng k\u1ebft n\u1ed1i trong kho\u1ea3ng 10 \u0111\u1ebfn 30 gi\u00e2y t\u00f9y khung gi\u1edd. Th\u1eddi gian ph\u1ea3n h\u1ed3i trung b\u00ecnh cho m\u1ed7i tin nh\u1eafn dao \u0111\u1ed9ng t\u1eeb 1 \u0111\u1ebfn 3 ph\u00fat. Ng\u01b0\u1eddi ch\u01a1i c\u00f3 th\u1ec3 g\u1eedi h\u00ecnh \u1ea3nh giao d\u1ecbch, m\u00e3 v\u00e9 c\u01b0\u1ee3c ho\u1eb7c m\u00f4 t\u1ea3 l\u1ed7i chi ti\u1ebft \u0111\u1ec3 r\u00fat ng\u1eafn qu\u00e1 tr\u00ecnh x\u1eed l\u00fd. Live Chat ph\u00f9 h\u1ee3p v\u1edbi c\u00e1c v\u1ea5n \u0111\u1ec1 c\u1ea7n gi\u1ea3i quy\u1ebft ngay nh\u01b0 k\u00e8o \u0111ang di\u1ec5n ra, l\u1ed7i truy c\u1eadp t\u1ea1m th\u1eddi, giao d\u1ecbch c\u1ea7n x\u00e1c nh\u1eadn nhanh.<\/span><\/p>\n<h3><span class=\"ez-toc-section\" id=\"Goi_dien_den_tong_dai_ho_tro\"><\/span><b>G\u1ecdi \u0111i\u1ec7n \u0111\u1ebfn t\u1ed5ng \u0111\u00e0i h\u1ed7 tr\u1ee3<\/b><span class=\"ez-toc-section-end\"><\/span><\/h3>\n<p><span style=\"font-weight: 400;\">\u0110\u1ed1i v\u1edbi nh\u1eefng tr\u01b0\u1eddng h\u1ee3p ph\u1ee9c t\u1ea1p, vi\u1ec7c g\u1ecdi \u0111i\u1ec7n tr\u1ef1c ti\u1ebfp gi\u00fap trao \u0111\u1ed5i r\u00f5 r\u00e0ng h\u01a1n so v\u1edbi h\u00ecnh th\u1ee9c nh\u1eafn tin. Khi li\u00ean h\u1ec7 Vsbet qua t\u1ed5ng \u0111\u00e0i, ng\u01b0\u1eddi ch\u01a1i s\u1ebd \u0111\u01b0\u1ee3c h\u01b0\u1edbng d\u1eabn theo t\u1eebng b\u01b0\u1edbc c\u1ee5 th\u1ec3.<\/span><\/p>\n<p><span style=\"font-weight: 400;\">Th\u1eddi gian ti\u1ebfp nh\u1eadn cu\u1ed9c g\u1ecdi th\u01b0\u1eddng k\u00e9o d\u00e0i t\u1eeb 3 \u0111\u1ebfn 5 ph\u00fat cho m\u1ed7i tr\u01b0\u1eddng h\u1ee3p. T\u1ed5ng \u0111\u00e0i ho\u1ea1t \u0111\u1ed9ng theo khung gi\u1edd c\u1ed1 \u0111\u1ecbnh trong ng\u00e0y, ph\u00f9 h\u1ee3p v\u1edbi c\u00e1c v\u1ea5n \u0111\u1ec1 nh\u01b0 x\u00e1c minh t\u00e0i kho\u1ea3n, thay \u0111\u1ed5i th\u00f4ng tin quan tr\u1ecdng, x\u1eed l\u00fd giao d\u1ecbch gi\u00e1 tr\u1ecb l\u1edbn. Ng\u01b0\u1eddi ch\u01a1i n\u00ean chu\u1ea9n b\u1ecb s\u1eb5n t\u00ean t\u00e0i kho\u1ea3n, th\u1eddi gian ph\u00e1t sinh s\u1ef1 c\u1ed1 \u0111\u1ec3 qu\u00e1 tr\u00ecnh trao \u0111\u1ed5i di\u1ec5n ra nhanh g\u1ecdn.<\/span><\/p>\n<figure id=\"attachment_267\" aria-describedby=\"caption-attachment-267\" style=\"width: 800px\" class=\"wp-caption aligncenter\"><img loading=\"lazy\" decoding=\"async\" class=\"size-full wp-image-267\" src=\"https:\/\/vsbet.spot\/wp-content\/uploads\/2026\/02\/nhung-kenh-lien-lac-chinh-thuc-voi-bo-phan-cskh.jpg\" alt=\"Nh\u1eefng k\u00eanh li\u00ean l\u1ea1c ch\u00ednh th\u1ee9c v\u1edbi b\u1ed9 ph\u1eadn CSKH\" width=\"800\" height=\"400\" srcset=\"https:\/\/vsbet.spot\/wp-content\/uploads\/2026\/02\/nhung-kenh-lien-lac-chinh-thuc-voi-bo-phan-cskh.jpg 800w, https:\/\/vsbet.spot\/wp-content\/uploads\/2026\/02\/nhung-kenh-lien-lac-chinh-thuc-voi-bo-phan-cskh-300x150.jpg 300w, https:\/\/vsbet.spot\/wp-content\/uploads\/2026\/02\/nhung-kenh-lien-lac-chinh-thuc-voi-bo-phan-cskh-768x384.jpg 768w\" sizes=\"auto, (max-width: 800px) 100vw, 800px\" \/><figcaption id=\"caption-attachment-267\" class=\"wp-caption-text\">Nh\u1eefng k\u00eanh li\u00ean l\u1ea1c ch\u00ednh th\u1ee9c v\u1edbi b\u1ed9 ph\u1eadn CSKH<\/figcaption><\/figure>\n<h3><span class=\"ez-toc-section\" id=\"Gui_yeu_cau_ho_tro_Vsbet_bang_thu_dien_tu\"><\/span><b>G\u1eedi y\u00eau c\u1ea7u h\u1ed7 tr\u1ee3 Vsbet b\u1eb1ng th\u01b0 \u0111i\u1ec7n t\u1eed<\/b><span class=\"ez-toc-section-end\"><\/span><\/h3>\n<p><span style=\"font-weight: 400;\">Th\u01b0 \u0111i\u1ec7n t\u1eed l\u00e0 k\u00eanh ph\u00f9 h\u1ee3p khi ng\u01b0\u1eddi ch\u01a1i kh\u00f4ng c\u1ea7n ph\u1ea3n h\u1ed3i t\u1ee9c th\u00ec. V\u1edbi h\u00ecnh th\u1ee9c n\u00e0y, li\u00ean h\u1ec7 Vsbet \u0111\u01b0\u1ee3c th\u1ef1c hi\u1ec7n th\u00f4ng qua vi\u1ec7c g\u1eedi n\u1ed9i dung chi ti\u1ebft k\u00e8m t\u00e0i li\u1ec7u li\u00ean quan. Sau khi g\u1eedi th\u01b0, h\u1ec7 th\u1ed1ng s\u1ebd ph\u1ea3n h\u1ed3i x\u00e1c nh\u1eadn trong v\u00f2ng 10 ph\u00fat. Th\u1eddi gian x\u1eed l\u00fd ho\u00e0n t\u1ea5t th\u01b0\u1eddng r\u01a1i v\u00e0o kho\u1ea3ng 6 \u0111\u1ebfn 12 gi\u1edd t\u00f9y m\u1ee9c \u0111\u1ed9 ph\u1ee9c t\u1ea1p.<\/span><\/p>\n<h3><span class=\"ez-toc-section\" id=\"Ket_noi_thong_qua_nen_tang_MXH\"><\/span><b>K\u1ebft n\u1ed1i th\u00f4ng qua n\u1ec1n t\u1ea3ng MXH<\/b><span class=\"ez-toc-section-end\"><\/span><\/h3>\n<p><span style=\"font-weight: 400;\">Ngo\u00e0i c\u00e1c k\u00eanh truy\u1ec1n th\u1ed1ng, li\u00ean h\u1ec7 Vsbet c\u00f2n \u0111\u01b0\u1ee3c tri\u1ec3n khai th\u00f4ng qua c\u00e1c n\u1ec1n t\u1ea3ng m\u1ea1ng x\u00e3 h\u1ed9i ch\u00ednh th\u1ee9c. \u0110\u00e2y l\u00e0 ph\u01b0\u01a1ng \u00e1n thu\u1eadn ti\u1ec7n cho ng\u01b0\u1eddi ch\u01a1i th\u01b0\u1eddng xuy\u00ean s\u1eed d\u1ee5ng \u0111i\u1ec7n tho\u1ea1i. Tin nh\u1eafn g\u1eedi qua m\u1ea1ng x\u00e3 h\u1ed9i th\u01b0\u1eddng \u0111\u01b0\u1ee3c ph\u1ea3n h\u1ed3i trong kho\u1ea3ng 5 \u0111\u1ebfn 10 ph\u00fat.\u00a0<\/span><\/p>\n<h3><span class=\"ez-toc-section\" id=\"Tim_cau_tra_loi_nhanh_tren_trang_hoi_dap_Vsbet\"><\/span><b>T\u00ecm c\u00e2u tr\u1ea3 l\u1eddi nhanh tr\u00ean trang h\u1ecfi \u0111\u00e1p Vsbet<\/b><span class=\"ez-toc-section-end\"><\/span><\/h3>\n<p><span style=\"font-weight: 400;\">Trang h\u1ecfi \u0111\u00e1p l\u00e0 n\u01a1i t\u1ed5ng h\u1ee3p s\u1eb5n c\u00e1c v\u1ea5n \u0111\u1ec1 th\u01b0\u1eddng g\u1eb7p, gi\u00fap ng\u01b0\u1eddi ch\u01a1i t\u1ef1 tra c\u1ee9u tr\u01b0\u1edbc khi li\u00ean h\u1ec7 Vsbet tr\u1ef1c ti\u1ebfp. N\u1ed9i dung \u0111\u01b0\u1ee3c ph\u00e2n lo\u1ea1i theo nh\u00f3m nh\u01b0 t\u00e0i kho\u1ea3n, giao d\u1ecbch, tr\u00f2 ch\u01a1i, k\u1ef9 thu\u1eadt. Vi\u1ec7c tra c\u1ee9u m\u1ea5t kho\u1ea3ng 1 \u0111\u1ebfn 2 ph\u00fat cho m\u1ed7i c\u00e2u h\u1ecfi.\u00a0<\/span><\/p>\n<h2><span class=\"ez-toc-section\" id=\"Nhung_diem_can_luu_y_truoc_khi_gui_yeu_cau_ho_tro_Vsbet\"><\/span><b>Nh\u1eefng \u0111i\u1ec3m c\u1ea7n l\u01b0u \u00fd tr\u01b0\u1edbc khi g\u1eedi y\u00eau c\u1ea7u h\u1ed7 tr\u1ee3 Vsbet<\/b><span class=\"ez-toc-section-end\"><\/span><\/h2>\n<p><span style=\"font-weight: 400;\">\u0110\u1ec3 qu\u00e1 tr\u00ecnh li\u00ean h\u1ec7 Vsbet di\u1ec5n ra hi\u1ec7u qu\u1ea3, ng\u01b0\u1eddi ch\u01a1i n\u00ean chu\u1ea9n b\u1ecb k\u1ef9 th\u00f4ng tin tr\u01b0\u1edbc khi g\u1eedi y\u00eau c\u1ea7u. Vi\u1ec7c m\u00f4 t\u1ea3 r\u00f5 r\u00e0ng ngay t\u1eeb \u0111\u1ea7u gi\u00fap r\u00fat ng\u1eafn th\u1eddi gian x\u1eed l\u00fd v\u00e0 h\u1ea1n ch\u1ebf trao \u0111\u1ed5i qua l\u1ea1i.<\/span><\/p>\n<p><span style=\"font-weight: 400;\">Tr\u01b0\u1edbc h\u1ebft, c\u1ea7n x\u00e1c \u0111\u1ecbnh ch\u00ednh x\u00e1c th\u1eddi \u0111i\u1ec3m ph\u00e1t sinh v\u1ea5n \u0111\u1ec1, v\u00ed d\u1ee5 giao d\u1ecbch di\u1ec5n ra l\u00fac n\u00e0o, tr\u00f2 ch\u01a1i g\u1eb7p l\u1ed7i sau bao l\u00e2u s\u1eed d\u1ee5ng. C\u00e1c m\u1ed1c th\u1eddi gian c\u1ee5 th\u1ec3 nh\u01b0 10 ph\u00fat, 30 ph\u00fat hay 1 gi\u1edd s\u1ebd gi\u00fap b\u1ed9 ph\u1eadn ch\u0103m s\u00f3c khoanh v\u00f9ng nguy\u00ean nh\u00e2n nhanh h\u01a1n. N\u1ebfu li\u00ean quan \u0111\u1ebfn giao d\u1ecbch, ng\u01b0\u1eddi ch\u01a1i n\u00ean l\u01b0u l\u1ea1i h\u00ecnh \u1ea3nh x\u00e1c nh\u1eadn \u0111\u1ec3 cung c\u1ea5p khi c\u1ea7n.<\/span><\/p>\n<p><span style=\"font-weight: 400;\">Ngo\u00e0i ra, n\u00ean l\u1ef1a ch\u1ecdn \u0111\u00fang k\u00eanh li\u00ean h\u1ec7 ph\u00f9 h\u1ee3p v\u1edbi m\u1ee9c \u0111\u1ed9 kh\u1ea9n c\u1ea5p. V\u1ea5n \u0111\u1ec1 \u0111ang di\u1ec5n ra trong phi\u00ean ch\u01a1i n\u00ean \u01b0u ti\u00ean Live Chat. C\u00e1c y\u00eau c\u1ea7u c\u1ea7n \u0111\u1ed1i so\u00e1t chi ti\u1ebft c\u00f3 th\u1ec3 g\u1eedi qua th\u01b0 \u0111i\u1ec7n t\u1eed. Vi\u1ec7c g\u1eedi tr\u00f9ng l\u1eb7p nhi\u1ec1u k\u00eanh c\u00f9ng l\u00fac d\u1ec5 l\u00e0m ch\u1eadm qu\u00e1 tr\u00ecnh x\u1eed l\u00fd do th\u00f4ng tin b\u1ecb ph\u00e2n t\u00e1n.<\/span><\/p>\n<figure id=\"attachment_255\" aria-describedby=\"caption-attachment-255\" style=\"width: 800px\" class=\"wp-caption aligncenter\"><img loading=\"lazy\" decoding=\"async\" class=\"size-full wp-image-255\" src=\"https:\/\/vsbet.spot\/wp-content\/uploads\/2026\/02\/cac-luu-y-quan-trong-truoc-khi-gui-yeu-cau-ho-tro-den-vsbet.jpg\" alt=\"C\u00e1c l\u01b0u \u00fd quan tr\u1ecdng tr\u01b0\u1edbc khi g\u1eedi y\u00eau c\u1ea7u h\u1ed7 tr\u1ee3 \u0111\u1ebfn Vsbet\" width=\"800\" height=\"400\" srcset=\"https:\/\/vsbet.spot\/wp-content\/uploads\/2026\/02\/cac-luu-y-quan-trong-truoc-khi-gui-yeu-cau-ho-tro-den-vsbet.jpg 800w, https:\/\/vsbet.spot\/wp-content\/uploads\/2026\/02\/cac-luu-y-quan-trong-truoc-khi-gui-yeu-cau-ho-tro-den-vsbet-300x150.jpg 300w, https:\/\/vsbet.spot\/wp-content\/uploads\/2026\/02\/cac-luu-y-quan-trong-truoc-khi-gui-yeu-cau-ho-tro-den-vsbet-768x384.jpg 768w\" sizes=\"auto, (max-width: 800px) 100vw, 800px\" \/><figcaption id=\"caption-attachment-255\" class=\"wp-caption-text\">C\u00e1c l\u01b0u \u00fd quan tr\u1ecdng tr\u01b0\u1edbc khi g\u1eedi y\u00eau c\u1ea7u h\u1ed7 tr\u1ee3 \u0111\u1ebfn Vsbet<\/figcaption><\/figure>\n<h2><span class=\"ez-toc-section\" id=\"Ket_luan\"><\/span><b>K\u1ebft lu\u1eadn<\/b><span class=\"ez-toc-section-end\"><\/span><\/h2>\n<p><a href=\"https:\/\/vsbet.spot\/index.php\/lien-he-vsbet\"><b>Li\u00ean h\u1ec7 Vsbet<\/b><\/a><span style=\"font-weight: 400;\"> gi\u00fap ng\u01b0\u1eddi ch\u01a1i y\u00ean t\u00e2m h\u01a1n khi tham gia c\u00e1 c\u01b0\u1ee3c nh\u1edd h\u1ec7 th\u1ed1ng h\u1ed7 tr\u1ee3 r\u00f5 r\u00e0ng v\u00e0 ph\u1ea3n h\u1ed3i nhanh. Vi\u1ec7c s\u1eed d\u1ee5ng \u0111\u00fang k\u00eanh ch\u00ednh th\u1ee9c Vsbet gi\u00fap h\u1ea1n ch\u1ebf r\u1ee7i ro v\u00e0 x\u1eed l\u00fd v\u1ea5n \u0111\u1ec1 hi\u1ec7u qu\u1ea3 h\u01a1n. \u0110\u00e2y l\u00e0 y\u1ebfu t\u1ed1 quan tr\u1ecdng g\u00f3p ph\u1ea7n duy tr\u00ec tr\u1ea3i nghi\u1ec7m \u1ed5n \u0111\u1ecbnh cho h\u1ed9i vi\u00ean l\u00e2u d\u00e0i.<\/span><\/p>\n","protected":false},"excerpt":{"rendered":"<p>Li\u00ean H\u1ec7 Vsbet \u2013 H\u01b0\u1edbng D\u1eabn C\u00e1c K\u00eanh H\u1ed7 Tr\u1ee3 Ch\u00ednh Th\u1ee9c 24\/7 Li\u00ean h\u1ec7 Vsbet l\u00e0 gi\u1ea3i ph\u00e1p c\u1ea7n thi\u1ebft gi\u00fap ng\u01b0\u1eddi ch\u01a1i ch\u1ee7 \u0111\u1ed9ng x\u1eed l\u00fd m\u1ecdi v\u1ea5n \u0111\u1ec1 ph\u00e1t sinh trong qu\u00e1 tr\u00ecnh c\u00e1 c\u01b0\u1ee3c tr\u1ef1c tuy\u1ebfn. Nh\u00e0 c\u00e1i Vsbet tri\u1ec3n khai nhi\u1ec1u k\u00eanh h\u1ed7 tr\u1ee3 ch\u00ednh th\u1ee9c ho\u1ea1t \u0111\u1ed9ng li\u00ean t\u1ee5c [&#8230;]\n","protected":false},"author":1,"featured_media":265,"parent":0,"menu_order":0,"comment_status":"closed","ping_status":"closed","template":"","meta":{"footnotes":""},"class_list":["post-277","page","type-page","status-publish","has-post-thumbnail","hentry"],"_links":{"self":[{"href":"https:\/\/vsbet.spot\/index.php\/wp-json\/wp\/v2\/pages\/277","targetHints":{"allow":["GET"]}}],"collection":[{"href":"https:\/\/vsbet.spot\/index.php\/wp-json\/wp\/v2\/pages"}],"about":[{"href":"https:\/\/vsbet.spot\/index.php\/wp-json\/wp\/v2\/types\/page"}],"author":[{"embeddable":true,"href":"https:\/\/vsbet.spot\/index.php\/wp-json\/wp\/v2\/users\/1"}],"replies":[{"embeddable":true,"href":"https:\/\/vsbet.spot\/index.php\/wp-json\/wp\/v2\/comments?post=277"}],"version-history":[{"count":2,"href":"https:\/\/vsbet.spot\/index.php\/wp-json\/wp\/v2\/pages\/277\/revisions"}],"predecessor-version":[{"id":279,"href":"https:\/\/vsbet.spot\/index.php\/wp-json\/wp\/v2\/pages\/277\/revisions\/279"}],"wp:featuredmedia":[{"embeddable":true,"href":"https:\/\/vsbet.spot\/index.php\/wp-json\/wp\/v2\/media\/265"}],"wp:attachment":[{"href":"https:\/\/vsbet.spot\/index.php\/wp-json\/wp\/v2\/media?parent=277"}],"curies":[{"name":"wp","href":"https:\/\/api.w.org\/{rel}","templated":true}]}}