{"id":23,"date":"2026-02-01T05:34:48","date_gmt":"2026-02-01T05:34:48","guid":{"rendered":"https:\/\/vsbet.spot\/?page_id=23"},"modified":"2026-02-03T05:26:03","modified_gmt":"2026-02-03T05:26:03","slug":"rut-tien-vsbet","status":"publish","type":"page","link":"https:\/\/vsbet.spot\/index.php\/rut-tien-vsbet\/","title":{"rendered":"R\u00fat ti\u1ec1n vsbet"},"content":{"rendered":"<div id=\"ez-toc-container\" class=\"ez-toc-v2_0_80 counter-hierarchy ez-toc-counter ez-toc-grey ez-toc-container-direction\">\n<div class=\"ez-toc-title-container\">\n<p class=\"ez-toc-title\" style=\"cursor:inherit\">Table of Contents<\/p>\n<span class=\"ez-toc-title-toggle\"><a href=\"#\" class=\"ez-toc-pull-right ez-toc-btn ez-toc-btn-xs ez-toc-btn-default ez-toc-toggle\" aria-label=\"Toggle Table of Content\"><span class=\"ez-toc-js-icon-con\"><span class=\"\"><span class=\"eztoc-hide\" style=\"display:none;\">Toggle<\/span><span class=\"ez-toc-icon-toggle-span\"><svg style=\"fill: #999;color:#999\" xmlns=\"http:\/\/www.w3.org\/2000\/svg\" class=\"list-377408\" width=\"20px\" height=\"20px\" viewBox=\"0 0 24 24\" fill=\"none\"><path d=\"M6 6H4v2h2V6zm14 0H8v2h12V6zM4 11h2v2H4v-2zm16 0H8v2h12v-2zM4 16h2v2H4v-2zm16 0H8v2h12v-2z\" fill=\"currentColor\"><\/path><\/svg><svg style=\"fill: #999;color:#999\" class=\"arrow-unsorted-368013\" xmlns=\"http:\/\/www.w3.org\/2000\/svg\" width=\"10px\" height=\"10px\" viewBox=\"0 0 24 24\" version=\"1.2\" baseProfile=\"tiny\"><path d=\"M18.2 9.3l-6.2-6.3-6.2 6.3c-.2.2-.3.4-.3.7s.1.5.3.7c.2.2.4.3.7.3h11c.3 0 .5-.1.7-.3.2-.2.3-.5.3-.7s-.1-.5-.3-.7zM5.8 14.7l6.2 6.3 6.2-6.3c.2-.2.3-.5.3-.7s-.1-.5-.3-.7c-.2-.2-.4-.3-.7-.3h-11c-.3 0-.5.1-.7.3-.2.2-.3.5-.3.7s.1.5.3.7z\"\/><\/svg><\/span><\/span><\/span><\/a><\/span><\/div>\n<nav><ul class='ez-toc-list ez-toc-list-level-1 ' ><li class='ez-toc-page-1 ez-toc-heading-level-1'><a class=\"ez-toc-link ez-toc-heading-1\" href=\"https:\/\/vsbet.spot\/index.php\/rut-tien-vsbet\/#Rut_Tien_Vsbet_%E2%80%93_Huong_Dan_Nam_Bat_Cac_Dieu_Kien_Can_Biet\" >R\u00fat Ti\u1ec1n Vsbet \u2013 H\u01b0\u1edbng D\u1eabn N\u1eafm B\u1eaft C\u00e1c \u0110i\u1ec1u Ki\u1ec7n C\u1ea7n Bi\u1ebft<\/a><ul class='ez-toc-list-level-2' ><li class='ez-toc-heading-level-2'><a class=\"ez-toc-link ez-toc-heading-2\" href=\"https:\/\/vsbet.spot\/index.php\/rut-tien-vsbet\/#Nhung_quy_dinh_rut_tien_VSBET_nguoi_choi_can_nam_ro\" >Nh\u1eefng quy \u0111\u1ecbnh r\u00fat ti\u1ec1n VSBET ng\u01b0\u1eddi ch\u01a1i c\u1ea7n n\u1eafm r\u00f5<\/a><\/li><li class='ez-toc-page-1 ez-toc-heading-level-2'><a class=\"ez-toc-link ez-toc-heading-3\" href=\"https:\/\/vsbet.spot\/index.php\/rut-tien-vsbet\/#Phuong_thuc_thanh_toan_rut_tien_dang_ap_dung_tai_VSBET\" >Ph\u01b0\u01a1ng th\u1ee9c thanh to\u00e1n r\u00fat ti\u1ec1n \u0111ang \u00e1p d\u1ee5ng t\u1ea1i VSBET<\/a><ul class='ez-toc-list-level-3' ><li class='ez-toc-heading-level-3'><a class=\"ez-toc-link ez-toc-heading-4\" href=\"https:\/\/vsbet.spot\/index.php\/rut-tien-vsbet\/#Rut_tien_tu_VSBET_ve_tai_khoan_ngan_hang\" >R\u00fat ti\u1ec1n t\u1eeb VSBET v\u1ec1 t\u00e0i kho\u1ea3n ng\u00e2n h\u00e0ng<\/a><\/li><li class='ez-toc-page-1 ez-toc-heading-level-3'><a class=\"ez-toc-link ez-toc-heading-5\" href=\"https:\/\/vsbet.spot\/index.php\/rut-tien-vsbet\/#Rut_thong_qua_vi_thanh_toan_dien_tu\" >R\u00fat th\u00f4ng qua v\u00ed thanh to\u00e1n \u0111i\u1ec7n t\u1eed<\/a><\/li><\/ul><\/li><li class='ez-toc-page-1 ez-toc-heading-level-2'><a class=\"ez-toc-link ez-toc-heading-6\" href=\"https:\/\/vsbet.spot\/index.php\/rut-tien-vsbet\/#Quy_trinh_thuc_hien_rut_tien_tai_VSBET\" >Quy tr\u00ecnh th\u1ef1c hi\u1ec7n r\u00fat ti\u1ec1n t\u1ea1i VSBET<\/a><ul class='ez-toc-list-level-3' ><li class='ez-toc-heading-level-3'><a class=\"ez-toc-link ez-toc-heading-7\" href=\"https:\/\/vsbet.spot\/index.php\/rut-tien-vsbet\/#Thao_tac_tren_trang_chu\" >Thao t\u00e1c tr\u00ean trang ch\u1ee7<\/a><\/li><li class='ez-toc-page-1 ez-toc-heading-level-3'><a class=\"ez-toc-link ez-toc-heading-8\" href=\"https:\/\/vsbet.spot\/index.php\/rut-tien-vsbet\/#Cach_dien_thong_tin_nhan_tien_dung_chuan\" >C\u00e1ch \u0111i\u1ec1n th\u00f4ng tin nh\u1eadn ti\u1ec1n \u0111\u00fang chu\u1ea9n<\/a><\/li><li class='ez-toc-page-1 ez-toc-heading-level-3'><a class=\"ez-toc-link ez-toc-heading-9\" href=\"https:\/\/vsbet.spot\/index.php\/rut-tien-vsbet\/#Cac_diem_can_chu_y_truoc_khi_xac_nhan_yeu_cau_rut_tien\" >C\u00e1c \u0111i\u1ec3m c\u1ea7n ch\u00fa \u00fd tr\u01b0\u1edbc khi x\u00e1c nh\u1eadn y\u00eau c\u1ea7u r\u00fat ti\u1ec1n<\/a><\/li><\/ul><\/li><li class='ez-toc-page-1 ez-toc-heading-level-2'><a class=\"ez-toc-link ez-toc-heading-10\" href=\"https:\/\/vsbet.spot\/index.php\/rut-tien-vsbet\/#Ket_luan\" >K\u1ebft lu\u1eadn<\/a><\/li><\/ul><\/li><\/ul><\/nav><\/div>\n<h1 style=\"text-align: center;\"><span class=\"ez-toc-section\" id=\"Rut_Tien_Vsbet_%E2%80%93_Huong_Dan_Nam_Bat_Cac_Dieu_Kien_Can_Biet\"><\/span><b>R\u00fat Ti\u1ec1n Vsbet \u2013 H\u01b0\u1edbng D\u1eabn N\u1eafm B\u1eaft C\u00e1c \u0110i\u1ec1u Ki\u1ec7n C\u1ea7n Bi\u1ebft<\/b><span class=\"ez-toc-section-end\"><\/span><\/h1>\n<p><b>R\u00fat ti\u1ec1n VSBET<\/b><span style=\"font-weight: 400;\"> l\u00e0 quy tr\u00ecnh \u0111\u01b0\u1ee3c thi\u1ebft k\u1ebf t\u1ed1i \u01b0u nh\u1eb1m gi\u00fap h\u1ed9i vi\u00ean nh\u1eadn ti\u1ec1n th\u1eafng c\u01b0\u1ee3c thu\u1eadn ti\u1ec7n, an to\u00e0n. N\u1ec1n t\u1ea3ng <strong><a href=\"https:\/\/vsbet.spot\/\">Vsbet<\/a><\/strong> h\u1ed7 tr\u1ee3 \u0111a d\u1ea1ng ph\u01b0\u01a1ng th\u1ee9c giao d\u1ecbch, th\u1eddi gian x\u1eed l\u00fd \u0111\u01b0\u1ee3c c\u00f4ng b\u1ed1 minh b\u1ea1ch theo t\u1eebng k\u00eanh. M\u1ed7i y\u00eau c\u1ea7u \u0111\u1ec1u tr\u1ea3i qua b\u01b0\u1edbc ki\u1ec3m tra t\u1ef1 \u0111\u1ed9ng k\u1ebft h\u1ee3p x\u00e1c minh th\u1ee7 c\u00f4ng \u0111\u1ec3 h\u1ea1n ch\u1ebf sai s\u00f3t.<\/span><\/p>\n<h2><span class=\"ez-toc-section\" id=\"Nhung_quy_dinh_rut_tien_VSBET_nguoi_choi_can_nam_ro\"><\/span><b>Nh\u1eefng quy \u0111\u1ecbnh r\u00fat ti\u1ec1n VSBET ng\u01b0\u1eddi ch\u01a1i c\u1ea7n n\u1eafm r\u00f5<\/b><span class=\"ez-toc-section-end\"><\/span><\/h2>\n<p><span style=\"font-weight: 400;\">R\u00fat ti\u1ec1n VSBET \u0111\u01b0\u1ee3c x\u00e2y d\u1ef1ng d\u1ef1a tr\u00ean b\u1ed9 quy t\u1eafc r\u00f5 r\u00e0ng nh\u1eb1m gi\u00fap h\u1ed9i vi\u00ean ch\u1ee7 \u0111\u1ed9ng qu\u1ea3n l\u00fd gi\u00e1 tr\u1ecb th\u1eafng c\u01b0\u1ee3c sau m\u1ed7i phi\u00ean tham gia. Ngay khi t\u1ea1o t\u00e0i kho\u1ea3n, h\u1ec7 th\u1ed1ng y\u00eau c\u1ea7u x\u00e1c minh danh t\u00ednh t\u1ed1i thi\u1ec3u 1 l\u1ea7n b\u1eb1ng gi\u1ea5y t\u1edd h\u1ee3p l\u1ec7. Th\u1eddi gian x\u00e1c minh ho\u00e0n t\u1ea5t trong 24 gi\u1edd, \u0111\u00e2y l\u00e0 \u0111i\u1ec1u ki\u1ec7n b\u1eaft bu\u1ed9c tr\u01b0\u1edbc khi g\u1eedi y\u00eau c\u1ea7u giao d\u1ecbch.<\/span><\/p>\n<p><span style=\"font-weight: 400;\">M\u1ed9t t\u00e0i kho\u1ea3n h\u1ee3p l\u1ec7 \u0111\u01b0\u1ee3c ph\u00e9p t\u1ea1o t\u1ed1i \u0111a 3 y\u00eau c\u1ea7u m\u1ed7i ng\u00e0y, m\u1ed7i y\u00eau c\u1ea7u c\u00f3 h\u1ea1n m\u1ee9c t\u1ed1i thi\u1ec3u 200.000 VN\u0110, t\u1ed1i \u0111a 300.000.000 VN\u0110. Kho\u1ea3ng c\u00e1ch gi\u1eefa hai l\u1ea7n g\u1eedi y\u00eau c\u1ea7u l\u00e0 30 ph\u00fat \u0111\u1ec3 h\u1ec7 th\u1ed1ng x\u1eed l\u00fd d\u1eef li\u1ec7u. Giao d\u1ecbch ch\u1ec9 \u0111\u01b0\u1ee3c ch\u1ea5p nh\u1eadn khi to\u00e0n b\u1ed9 khuy\u1ebfn m\u00e3i \u0111\u00e3 ho\u00e0n th\u00e0nh \u0111\u1ee7 v\u00f2ng doanh thu theo quy \u0111\u1ecbnh hi\u1ec3n th\u1ecb trong t\u00e0i kho\u1ea3n h\u1ed9i vi\u00ean.<\/span><\/p>\n<p><span style=\"font-weight: 400;\">Ngo\u00e0i ra, h\u1ec7 th\u1ed1ng t\u1ef1 \u0111\u1ed9ng ki\u1ec3m tra l\u1ecbch s\u1eed \u0111\u0103ng nh\u1eadp trong 72 gi\u1edd g\u1ea7n nh\u1ea5t. N\u1ebfu ph\u00e1t hi\u1ec7n \u0111\u0103ng nh\u1eadp t\u1eeb nhi\u1ec1u IP kh\u00e1c nhau trong th\u1eddi gian ng\u1eafn, y\u00eau c\u1ea7u s\u1ebd t\u1ea1m ho\u00e3n \u0111\u1ec3 ki\u1ec3m tra an to\u00e0n. Nh\u1eefng quy \u0111\u1ecbnh n\u00e0y gi\u00fap r\u00fat ti\u1ec1n di\u1ec5n ra \u1ed5n \u0111\u1ecbnh, h\u1ea1n ch\u1ebf sai s\u00f3t ph\u00e1t sinh trong qu\u00e1 tr\u00ecnh x\u1eed l\u00fd.<\/span><\/p>\n<figure id=\"attachment_224\" aria-describedby=\"caption-attachment-224\" style=\"width: 800px\" class=\"wp-caption aligncenter\"><img loading=\"lazy\" decoding=\"async\" class=\"size-full wp-image-224\" src=\"https:\/\/vsbet.spot\/wp-content\/uploads\/2026\/02\/cac-dieu-khoan-rut-tien-vsbet-ma-nguoi-choi-can-hieu-ro.jpg\" alt=\"C\u00e1c \u0111i\u1ec1u kho\u1ea3n r\u00fat ti\u1ec1n VSBET m\u00e0 ng\u01b0\u1eddi ch\u01a1i c\u1ea7n hi\u1ec3u r\u00f5\" width=\"800\" height=\"400\" srcset=\"https:\/\/vsbet.spot\/wp-content\/uploads\/2026\/02\/cac-dieu-khoan-rut-tien-vsbet-ma-nguoi-choi-can-hieu-ro.jpg 800w, https:\/\/vsbet.spot\/wp-content\/uploads\/2026\/02\/cac-dieu-khoan-rut-tien-vsbet-ma-nguoi-choi-can-hieu-ro-300x150.jpg 300w, https:\/\/vsbet.spot\/wp-content\/uploads\/2026\/02\/cac-dieu-khoan-rut-tien-vsbet-ma-nguoi-choi-can-hieu-ro-768x384.jpg 768w\" sizes=\"auto, (max-width: 800px) 100vw, 800px\" \/><figcaption id=\"caption-attachment-224\" class=\"wp-caption-text\">C\u00e1c \u0111i\u1ec1u kho\u1ea3n r\u00fat ti\u1ec1n VSBET m\u00e0 ng\u01b0\u1eddi ch\u01a1i c\u1ea7n hi\u1ec3u r\u00f5<\/figcaption><\/figure>\n<h2><span class=\"ez-toc-section\" id=\"Phuong_thuc_thanh_toan_rut_tien_dang_ap_dung_tai_VSBET\"><\/span><b>Ph\u01b0\u01a1ng th\u1ee9c thanh to\u00e1n r\u00fat ti\u1ec1n \u0111ang \u00e1p d\u1ee5ng t\u1ea1i VSBET<\/b><span class=\"ez-toc-section-end\"><\/span><\/h2>\n<p><span style=\"font-weight: 400;\">Hi\u1ec7n t\u1ea1i, r\u00fat ti\u1ec1n VSBET h\u1ed7 tr\u1ee3 nhi\u1ec1u k\u00eanh giao d\u1ecbch nh\u1eb1m \u0111\u00e1p \u1ee9ng th\u00f3i quen t\u00e0i ch\u00ednh \u0111a d\u1ea1ng c\u1ee7a h\u1ed9i vi\u00ean. M\u1ed7i ph\u01b0\u01a1ng th\u1ee9c c\u00f3 th\u1eddi gian x\u1eed l\u00fd, h\u1ea1n m\u1ee9c ri\u00eang, \u0111\u01b0\u1ee3c c\u00f4ng b\u1ed1 chi ti\u1ebft trong khu v\u1ef1c h\u1ed7 tr\u1ee3.\u00a0<\/span><\/p>\n<h3><span class=\"ez-toc-section\" id=\"Rut_tien_tu_VSBET_ve_tai_khoan_ngan_hang\"><\/span><b>R\u00fat ti\u1ec1n t\u1eeb VSBET v\u1ec1 t\u00e0i kho\u1ea3n ng\u00e2n h\u00e0ng<\/b><span class=\"ez-toc-section-end\"><\/span><\/h3>\n<p><span style=\"font-weight: 400;\">V\u1edbi h\u00ecnh th\u1ee9c chuy\u1ec3n v\u1ec1 ng\u00e2n h\u00e0ng n\u1ed9i \u0111\u1ecba, r\u00fat ti\u1ec1n VSBET \u00e1p d\u1ee5ng cho h\u01a1n 35 ng\u00e2n h\u00e0ng ph\u1ed5 bi\u1ebfn t\u1ea1i Vi\u1ec7t Nam. Th\u1eddi gian x\u1eed l\u00fd trung b\u00ecnh t\u1eeb 5 \u0111\u1ebfn 15 ph\u00fat trong khung gi\u1edd 09:00\u201323:00 h\u1eb1ng ng\u00e0y. Ngo\u00e0i khung gi\u1edd n\u00e0y, y\u00eau c\u1ea7u v\u1eabn \u0111\u01b0\u1ee3c ghi nh\u1eadn nh\u01b0ng ho\u00e0n t\u1ea5t v\u00e0o \u0111\u1ea7u ng\u00e0y h\u00f4m sau.<\/span><\/p>\n<p><span style=\"font-weight: 400;\">H\u1ea1n m\u1ee9c m\u1ed7i l\u1ea7n giao d\u1ecbch t\u1ed1i thi\u1ec3u 500.000 VN\u0110, t\u1ed1i \u0111a 200.000.000 VN\u0110. Th\u00f4ng tin ng\u00e2n h\u00e0ng ph\u1ea3i tr\u00f9ng kh\u1edbp 100% v\u1edbi t\u00ean \u0111\u0103ng k\u00fd t\u00e0i kho\u1ea3n. Sai l\u1ec7ch d\u00f9 ch\u1ec9 1 k\u00fd t\u1ef1 c\u0169ng khi\u1ebfn h\u1ec7 th\u1ed1ng t\u1eeb ch\u1ed1i x\u1eed l\u00fd.<\/span><\/p>\n<h3><span class=\"ez-toc-section\" id=\"Rut_thong_qua_vi_thanh_toan_dien_tu\"><\/span><b>R\u00fat th\u00f4ng qua v\u00ed thanh to\u00e1n \u0111i\u1ec7n t\u1eed<\/b><span class=\"ez-toc-section-end\"><\/span><\/h3>\n<p><span style=\"font-weight: 400;\">Ngo\u00e0i ng\u00e2n h\u00e0ng, r\u00fat ti\u1ec1n VSBET c\u00f2n h\u1ed7 tr\u1ee3 c\u00e1c v\u00ed \u0111i\u1ec7n t\u1eed ph\u1ed5 bi\u1ebfn v\u1edbi t\u1ed1c \u0111\u1ed9 x\u1eed l\u00fd nhanh. Th\u1eddi gian ho\u00e0n t\u1ea5t th\u01b0\u1eddng dao \u0111\u1ed9ng t\u1eeb 2 \u0111\u1ebfn 10 ph\u00fat, kh\u00f4ng ph\u1ee5 thu\u1ed9c ng\u00e0y ngh\u1ec9. H\u1ea1n m\u1ee9c m\u1ed7i giao d\u1ecbch t\u1eeb 300.000 VN\u0110 \u0111\u1ebfn 100.000.000 VN\u0110.<\/span><\/p>\n<p><span style=\"font-weight: 400;\">\u01afu \u0111i\u1ec3m c\u1ee7a v\u00ed \u0111i\u1ec7n t\u1eed l\u00e0 gi\u1ea3m thi\u1ec3u l\u1ed7i sai th\u00f4ng tin nh\u1edd li\u00ean k\u1ebft tr\u1ef1c ti\u1ebfp s\u1ed1 \u0111i\u1ec7n tho\u1ea1i. Tuy nhi\u00ean, m\u1ed7i t\u00e0i kho\u1ea3n ch\u1ec9 \u0111\u01b0\u1ee3c li\u00ean k\u1ebft t\u1ed1i \u0111a 1 v\u00ed \u0111\u1ec3 \u0111\u1ea3m b\u1ea3o an to\u00e0n. Vi\u1ec7c \u0111a d\u1ea1ng k\u00eanh thanh to\u00e1n gi\u00fap r\u00fat ti\u1ec1n linh ho\u1ea1t h\u01a1n cho h\u1ed9i vi\u00ean th\u01b0\u1eddng xuy\u00ean giao d\u1ecbch.<\/span><\/p>\n<figure id=\"attachment_226\" aria-describedby=\"caption-attachment-226\" style=\"width: 800px\" class=\"wp-caption aligncenter\"><img loading=\"lazy\" decoding=\"async\" class=\"size-full wp-image-226\" src=\"https:\/\/vsbet.spot\/wp-content\/uploads\/2026\/02\/nhung-hinh-thuc-thanh-toan-hien-dang-duoc-ho-tro.jpg\" alt=\"Nh\u1eefng h\u00ecnh th\u1ee9c thanh to\u00e1n hi\u1ec7n \u0111ang \u0111\u01b0\u1ee3c h\u1ed7 tr\u1ee3\" width=\"800\" height=\"400\" srcset=\"https:\/\/vsbet.spot\/wp-content\/uploads\/2026\/02\/nhung-hinh-thuc-thanh-toan-hien-dang-duoc-ho-tro.jpg 800w, https:\/\/vsbet.spot\/wp-content\/uploads\/2026\/02\/nhung-hinh-thuc-thanh-toan-hien-dang-duoc-ho-tro-300x150.jpg 300w, https:\/\/vsbet.spot\/wp-content\/uploads\/2026\/02\/nhung-hinh-thuc-thanh-toan-hien-dang-duoc-ho-tro-768x384.jpg 768w\" sizes=\"auto, (max-width: 800px) 100vw, 800px\" \/><figcaption id=\"caption-attachment-226\" class=\"wp-caption-text\">Nh\u1eefng h\u00ecnh th\u1ee9c thanh to\u00e1n hi\u1ec7n \u0111ang \u0111\u01b0\u1ee3c h\u1ed7 tr\u1ee3<\/figcaption><\/figure>\n<h2><span class=\"ez-toc-section\" id=\"Quy_trinh_thuc_hien_rut_tien_tai_VSBET\"><\/span><b>Quy tr\u00ecnh th\u1ef1c hi\u1ec7n r\u00fat ti\u1ec1n t\u1ea1i VSBET<\/b><span class=\"ez-toc-section-end\"><\/span><\/h2>\n<p><span style=\"font-weight: 400;\">Quy tr\u00ecnh r\u00fat ti\u1ec1n VSBET \u0111\u01b0\u1ee3c thi\u1ebft k\u1ebf tinh g\u1ecdn, d\u1ec5 thao t\u00e1c ngay c\u1ea3 v\u1edbi ng\u01b0\u1eddi m\u1edbi. M\u1ecdi b\u01b0\u1edbc \u0111\u1ec1u hi\u1ec3n th\u1ecb tr\u1ef1c quan trong khu v\u1ef1c c\u00e1 nh\u00e2n, gi\u00fap h\u1ed9i vi\u00ean theo d\u00f5i tr\u1ea1ng th\u00e1i x\u1eed l\u00fd theo th\u1eddi gian th\u1ef1c. Vi\u1ec7c n\u1eafm r\u00f5 t\u1eebng b\u01b0\u1edbc s\u1ebd gi\u00fap h\u1ea1n ch\u1ebf t\u1ed1i \u0111a thao t\u00e1c sai.<\/span><\/p>\n<h3><span class=\"ez-toc-section\" id=\"Thao_tac_tren_trang_chu\"><\/span><b>Thao t\u00e1c tr\u00ean trang ch\u1ee7<\/b><span class=\"ez-toc-section-end\"><\/span><\/h3>\n<p><span style=\"font-weight: 400;\">\u0110\u1ec3 b\u1eaft \u0111\u1ea7u r\u00fat ti\u1ec1n VSBET, h\u1ed9i vi\u00ean \u0111\u0103ng nh\u1eadp t\u00e0i kho\u1ea3n, ch\u1ecdn m\u1ee5c \u201cGiao d\u1ecbch\u201d, sau \u0111\u00f3 nh\u1ea5n v\u00e0o \u201cY\u00eau c\u1ea7u nh\u1eadn gi\u00e1 tr\u1ecb\u201d. H\u1ec7 th\u1ed1ng s\u1ebd hi\u1ec3n th\u1ecb s\u1ed1 d\u01b0 kh\u1ea3 d\u1ee5ng sau khi tr\u1eeb c\u00e1c kho\u1ea3n \u0111ang ch\u1edd x\u1eed l\u00fd.<\/span><\/p>\n<p><span style=\"font-weight: 400;\">Ti\u1ebfp theo, ng\u01b0\u1eddi d\u00f9ng ch\u1ecdn ph\u01b0\u01a1ng th\u1ee9c mong mu\u1ed1n, nh\u1eadp s\u1ed1 l\u01b0\u1ee3ng trong h\u1ea1n m\u1ee9c cho ph\u00e9p. Th\u1eddi gian thao t\u00e1c trung b\u00ecnh ch\u01b0a \u0111\u1ebfn 60 gi\u00e2y. Sau khi g\u1eedi y\u00eau c\u1ea7u, tr\u1ea1ng th\u00e1i s\u1ebd chuy\u1ec3n sang \u201c\u0110ang x\u1eed l\u00fd\u201d.<\/span><\/p>\n<h3><span class=\"ez-toc-section\" id=\"Cach_dien_thong_tin_nhan_tien_dung_chuan\"><\/span><b>C\u00e1ch \u0111i\u1ec1n th\u00f4ng tin nh\u1eadn ti\u1ec1n \u0111\u00fang chu\u1ea9n<\/b><span class=\"ez-toc-section-end\"><\/span><\/h3>\n<p><span style=\"font-weight: 400;\">Th\u00f4ng tin nh\u1eadn l\u00e0 y\u1ebfu t\u1ed1 \u1ea3nh h\u01b0\u1edfng tr\u1ef1c ti\u1ebfp \u0111\u1ebfn t\u1ed1c \u0111\u1ed9 r\u00fat ti\u1ec1n VSBET. H\u1ed9i vi\u00ean c\u1ea7n \u0111\u1ea3m b\u1ea3o t\u00ean ng\u01b0\u1eddi nh\u1eadn, s\u1ed1 t\u00e0i kho\u1ea3n ho\u1eb7c s\u1ed1 v\u00ed tr\u00f9ng kh\u1edbp ho\u00e0n to\u00e0n v\u1edbi d\u1eef li\u1ec7u \u0111\u00e3 x\u00e1c minh tr\u01b0\u1edbc \u0111\u00f3. Kh\u00f4ng s\u1eed d\u1ee5ng k\u00fd t\u1ef1 \u0111\u1eb7c bi\u1ec7t hay kho\u1ea3ng tr\u1eafng d\u01b0 th\u1eeba.<\/span><\/p>\n<p><span style=\"font-weight: 400;\">H\u1ec7 th\u1ed1ng t\u1ef1 \u0111\u1ed9ng l\u01b0u th\u00f4ng tin cho nh\u1eefng l\u1ea7n giao d\u1ecbch sau, tuy nhi\u00ean v\u1eabn cho ph\u00e9p ch\u1ec9nh s\u1eeda khi c\u1ea7n. M\u1ed7i l\u1ea7n ch\u1ec9nh s\u1eeda th\u00f4ng tin s\u1ebd k\u00edch ho\u1ea1t th\u1eddi gian ch\u1edd 24 gi\u1edd tr\u01b0\u1edbc khi g\u1eedi y\u00eau c\u1ea7u m\u1edbi.<\/span><\/p>\n<figure id=\"attachment_231\" aria-describedby=\"caption-attachment-231\" style=\"width: 800px\" class=\"wp-caption aligncenter\"><img loading=\"lazy\" decoding=\"async\" class=\"size-full wp-image-231\" src=\"https:\/\/vsbet.spot\/wp-content\/uploads\/2026\/02\/trinh-tu-va-cac-buoc-tien-hanh-rut-tien-tai-nha-cai.jpg\" alt=\"Tr\u00ecnh t\u1ef1 v\u00e0 c\u00e1c b\u01b0\u1edbc ti\u1ebfn h\u00e0nh r\u00fat ti\u1ec1n t\u1ea1i nh\u00e0 c\u00e1i\" width=\"800\" height=\"400\" srcset=\"https:\/\/vsbet.spot\/wp-content\/uploads\/2026\/02\/trinh-tu-va-cac-buoc-tien-hanh-rut-tien-tai-nha-cai.jpg 800w, https:\/\/vsbet.spot\/wp-content\/uploads\/2026\/02\/trinh-tu-va-cac-buoc-tien-hanh-rut-tien-tai-nha-cai-300x150.jpg 300w, https:\/\/vsbet.spot\/wp-content\/uploads\/2026\/02\/trinh-tu-va-cac-buoc-tien-hanh-rut-tien-tai-nha-cai-768x384.jpg 768w\" sizes=\"auto, (max-width: 800px) 100vw, 800px\" \/><figcaption id=\"caption-attachment-231\" class=\"wp-caption-text\">Tr\u00ecnh t\u1ef1 v\u00e0 c\u00e1c b\u01b0\u1edbc ti\u1ebfn h\u00e0nh r\u00fat ti\u1ec1n t\u1ea1i nh\u00e0 c\u00e1i<\/figcaption><\/figure>\n<h3><span class=\"ez-toc-section\" id=\"Cac_diem_can_chu_y_truoc_khi_xac_nhan_yeu_cau_rut_tien\"><\/span><b>C\u00e1c \u0111i\u1ec3m c\u1ea7n ch\u00fa \u00fd tr\u01b0\u1edbc khi x\u00e1c nh\u1eadn y\u00eau c\u1ea7u r\u00fat ti\u1ec1n<\/b><span class=\"ez-toc-section-end\"><\/span><\/h3>\n<p><span style=\"font-weight: 400;\">Tr\u01b0\u1edbc khi x\u00e1c nh\u1eadn r\u00fat ti\u1ec1n VSBET, h\u1ed9i vi\u00ean n\u00ean ki\u1ec3m tra l\u1ea1i 3 y\u1ebfu t\u1ed1: s\u1ed1 d\u01b0 kh\u1ea3 d\u1ee5ng, \u0111i\u1ec1u ki\u1ec7n doanh thu, th\u00f4ng tin nh\u1eadn. N\u1ebfu c\u00f2n v\u00f2ng c\u01b0\u1ee3c ch\u01b0a ho\u00e0n th\u00e0nh, h\u1ec7 th\u1ed1ng s\u1ebd hi\u1ec3n th\u1ecb c\u1ea3nh b\u00e1o ngay l\u1eadp t\u1ee9c.<\/span><\/p>\n<p><span style=\"font-weight: 400;\">Ngo\u00e0i ra, m\u1ed7i y\u00eau c\u1ea7u ch\u1ec9 \u0111\u01b0\u1ee3c ch\u1ec9nh s\u1eeda trong v\u00f2ng 2 ph\u00fat \u0111\u1ea7u ti\u00ean sau khi g\u1eedi. Sau th\u1eddi gian n\u00e0y, tr\u1ea1ng th\u00e1i s\u1ebd kh\u00f3a \u0111\u1ec3 ti\u1ebfn h\u00e0nh x\u1eed l\u00fd. Vi\u1ec7c ki\u1ec3m tra k\u1ef9 tr\u01b0\u1edbc khi x\u00e1c nh\u1eadn gi\u00fap giao d\u1ecbch di\u1ec5n ra nhanh, kh\u00f4ng c\u1ea7n h\u1ee7y hay g\u1eedi l\u1ea1i nhi\u1ec1u l\u1ea7n.<\/span><\/p>\n<h2><span class=\"ez-toc-section\" id=\"Ket_luan\"><\/span><b>K\u1ebft lu\u1eadn<\/b><span class=\"ez-toc-section-end\"><\/span><\/h2>\n<p><a href=\"https:\/\/vsbet.spot\/index.php\/rut-tien-vsbet\/\"><b>R\u00fat ti\u1ec1n VSBET<\/b><\/a><span style=\"font-weight: 400;\"> mang \u0111\u1ebfn s\u1ef1 ch\u1ee7 \u0111\u1ed9ng v\u00e0 y\u00ean t\u00e2m nh\u1edd quy tr\u00ecnh r\u00f5 r\u00e0ng, d\u1ec5 th\u1ef1c hi\u1ec7n cho m\u1ecdi h\u1ed9i vi\u00ean. C\u00e1c \u0111i\u1ec1u ki\u1ec7n giao d\u1ecbch \u0111\u01b0\u1ee3c c\u00f4ng b\u1ed1 minh b\u1ea1ch gi\u00fap h\u1ea1n ch\u1ebf ph\u00e1t sinh kh\u00f4ng mong mu\u1ed1n. \u0110\u00e2y l\u00e0 y\u1ebfu t\u1ed1 quan tr\u1ecdng g\u00f3p ph\u1ea7n x\u00e2y d\u1ef1ng uy t\u00edn l\u00e2u d\u00e0i cho th\u01b0\u01a1ng hi\u1ec7u Vsbet.<\/span><\/p>\n","protected":false},"excerpt":{"rendered":"<p>R\u00fat Ti\u1ec1n Vsbet \u2013 H\u01b0\u1edbng D\u1eabn N\u1eafm B\u1eaft C\u00e1c \u0110i\u1ec1u Ki\u1ec7n C\u1ea7n Bi\u1ebft R\u00fat ti\u1ec1n VSBET l\u00e0 quy tr\u00ecnh \u0111\u01b0\u1ee3c thi\u1ebft k\u1ebf t\u1ed1i \u01b0u nh\u1eb1m gi\u00fap h\u1ed9i vi\u00ean nh\u1eadn ti\u1ec1n th\u1eafng c\u01b0\u1ee3c thu\u1eadn ti\u1ec7n, an to\u00e0n. N\u1ec1n t\u1ea3ng Vsbet h\u1ed7 tr\u1ee3 \u0111a d\u1ea1ng ph\u01b0\u01a1ng th\u1ee9c giao d\u1ecbch, th\u1eddi gian x\u1eed l\u00fd \u0111\u01b0\u1ee3c c\u00f4ng b\u1ed1 minh [&#8230;]\n","protected":false},"author":1,"featured_media":229,"parent":0,"menu_order":0,"comment_status":"closed","ping_status":"closed","template":"","meta":{"footnotes":""},"class_list":["post-23","page","type-page","status-publish","has-post-thumbnail","hentry"],"_links":{"self":[{"href":"https:\/\/vsbet.spot\/index.php\/wp-json\/wp\/v2\/pages\/23","targetHints":{"allow":["GET"]}}],"collection":[{"href":"https:\/\/vsbet.spot\/index.php\/wp-json\/wp\/v2\/pages"}],"about":[{"href":"https:\/\/vsbet.spot\/index.php\/wp-json\/wp\/v2\/types\/page"}],"author":[{"embeddable":true,"href":"https:\/\/vsbet.spot\/index.php\/wp-json\/wp\/v2\/users\/1"}],"replies":[{"embeddable":true,"href":"https:\/\/vsbet.spot\/index.php\/wp-json\/wp\/v2\/comments?post=23"}],"version-history":[{"count":3,"href":"https:\/\/vsbet.spot\/index.php\/wp-json\/wp\/v2\/pages\/23\/revisions"}],"predecessor-version":[{"id":303,"href":"https:\/\/vsbet.spot\/index.php\/wp-json\/wp\/v2\/pages\/23\/revisions\/303"}],"wp:featuredmedia":[{"embeddable":true,"href":"https:\/\/vsbet.spot\/index.php\/wp-json\/wp\/v2\/media\/229"}],"wp:attachment":[{"href":"https:\/\/vsbet.spot\/index.php\/wp-json\/wp\/v2\/media?parent=23"}],"curies":[{"name":"wp","href":"https:\/\/api.w.org\/{rel}","templated":true}]}}