{"id":21,"date":"2026-02-01T05:34:42","date_gmt":"2026-02-01T05:34:42","guid":{"rendered":"https:\/\/vsbet.spot\/?page_id=21"},"modified":"2026-02-03T05:22:23","modified_gmt":"2026-02-03T05:22:23","slug":"nap-tien-vsbet","status":"publish","type":"page","link":"https:\/\/vsbet.spot\/index.php\/nap-tien-vsbet\/","title":{"rendered":"N\u1ea1p ti\u1ec1n vsbet"},"content":{"rendered":"<div id=\"ez-toc-container\" class=\"ez-toc-v2_0_80 counter-hierarchy ez-toc-counter ez-toc-grey ez-toc-container-direction\">\n<div class=\"ez-toc-title-container\">\n<p class=\"ez-toc-title\" style=\"cursor:inherit\">Table of Contents<\/p>\n<span class=\"ez-toc-title-toggle\"><a href=\"#\" class=\"ez-toc-pull-right ez-toc-btn ez-toc-btn-xs ez-toc-btn-default ez-toc-toggle\" aria-label=\"Toggle Table of Content\"><span class=\"ez-toc-js-icon-con\"><span class=\"\"><span class=\"eztoc-hide\" style=\"display:none;\">Toggle<\/span><span class=\"ez-toc-icon-toggle-span\"><svg style=\"fill: #999;color:#999\" xmlns=\"http:\/\/www.w3.org\/2000\/svg\" class=\"list-377408\" width=\"20px\" height=\"20px\" viewBox=\"0 0 24 24\" fill=\"none\"><path d=\"M6 6H4v2h2V6zm14 0H8v2h12V6zM4 11h2v2H4v-2zm16 0H8v2h12v-2zM4 16h2v2H4v-2zm16 0H8v2h12v-2z\" fill=\"currentColor\"><\/path><\/svg><svg style=\"fill: #999;color:#999\" class=\"arrow-unsorted-368013\" xmlns=\"http:\/\/www.w3.org\/2000\/svg\" width=\"10px\" height=\"10px\" viewBox=\"0 0 24 24\" version=\"1.2\" baseProfile=\"tiny\"><path d=\"M18.2 9.3l-6.2-6.3-6.2 6.3c-.2.2-.3.4-.3.7s.1.5.3.7c.2.2.4.3.7.3h11c.3 0 .5-.1.7-.3.2-.2.3-.5.3-.7s-.1-.5-.3-.7zM5.8 14.7l6.2 6.3 6.2-6.3c.2-.2.3-.5.3-.7s-.1-.5-.3-.7c-.2-.2-.4-.3-.7-.3h-11c-.3 0-.5.1-.7.3-.2.2-.3.5-.3.7s.1.5.3.7z\"\/><\/svg><\/span><\/span><\/span><\/a><\/span><\/div>\n<nav><ul class='ez-toc-list ez-toc-list-level-1 ' ><li class='ez-toc-page-1 ez-toc-heading-level-1'><a class=\"ez-toc-link ez-toc-heading-1\" href=\"https:\/\/vsbet.spot\/index.php\/nap-tien-vsbet\/#Nap_Tien_Vsbet_%E2%80%93_Huong_Dan_Nhanh_Chong_An_Toan_Don_Gian\" >N\u1ea1p Ti\u1ec1n Vsbet &#8211; H\u01b0\u1edbng D\u1eabn Nhanh Ch\u00f3ng, An To\u00e0n, \u0110\u01a1n Gi\u1ea3n<\/a><ul class='ez-toc-list-level-2' ><li class='ez-toc-heading-level-2'><a class=\"ez-toc-link ez-toc-heading-2\" href=\"https:\/\/vsbet.spot\/index.php\/nap-tien-vsbet\/#Muc_dich_cua_viec_nap_tien_Vsbet_khi_tham_gia_trai_nghiem\" >M\u1ee5c \u0111\u00edch c\u1ee7a vi\u1ec7c n\u1ea1p ti\u1ec1n Vsbet khi tham gia tr\u1ea3i nghi\u1ec7m<\/a><\/li><li class='ez-toc-page-1 ez-toc-heading-level-2'><a class=\"ez-toc-link ez-toc-heading-3\" href=\"https:\/\/vsbet.spot\/index.php\/nap-tien-vsbet\/#Nhung_phuong_thuc_bo_sung_so_du_duoc_Vsbet_ho_tro\" >Nh\u1eefng ph\u01b0\u01a1ng th\u1ee9c b\u1ed5 sung s\u1ed1 d\u01b0 \u0111\u01b0\u1ee3c Vsbet h\u1ed7 tr\u1ee3<\/a><ul class='ez-toc-list-level-3' ><li class='ez-toc-heading-level-3'><a class=\"ez-toc-link ez-toc-heading-4\" href=\"https:\/\/vsbet.spot\/index.php\/nap-tien-vsbet\/#Bo_sung_so_du_thong_qua_chuyen_khoan_ngan_hang\" >B\u1ed5 sung s\u1ed1 d\u01b0 th\u00f4ng qua chuy\u1ec3n kho\u1ea3n ng\u00e2n h\u00e0ng<\/a><\/li><li class='ez-toc-page-1 ez-toc-heading-level-3'><a class=\"ez-toc-link ez-toc-heading-5\" href=\"https:\/\/vsbet.spot\/index.php\/nap-tien-vsbet\/#Nap_tien_bang_cac_loai_vi_thanh_toan_dien_tu\" >N\u1ea1p ti\u1ec1n b\u1eb1ng c\u00e1c lo\u1ea1i v\u00ed thanh to\u00e1n \u0111i\u1ec7n t\u1eed<\/a><\/li><li class='ez-toc-page-1 ez-toc-heading-level-3'><a class=\"ez-toc-link ez-toc-heading-6\" href=\"https:\/\/vsbet.spot\/index.php\/nap-tien-vsbet\/#Giao_dich_nap_tien_su_dung_tai_san_ky_thuat_so\" >Giao d\u1ecbch n\u1ea1p ti\u1ec1n s\u1eed d\u1ee5ng t\u00e0i s\u1ea3n k\u1ef9 thu\u1eadt s\u1ed1<\/a><\/li><li class='ez-toc-page-1 ez-toc-heading-level-3'><a class=\"ez-toc-link ez-toc-heading-7\" href=\"https:\/\/vsbet.spot\/index.php\/nap-tien-vsbet\/#Thuc_hien_nap_tien_bang_hinh_thuc_quet_ma_QR\" >Th\u1ef1c hi\u1ec7n n\u1ea1p ti\u1ec1n b\u1eb1ng h\u00ecnh th\u1ee9c qu\u00e9t m\u00e3 QR<\/a><\/li><\/ul><\/li><li class='ez-toc-page-1 ez-toc-heading-level-2'><a class=\"ez-toc-link ez-toc-heading-8\" href=\"https:\/\/vsbet.spot\/index.php\/nap-tien-vsbet\/#Quy_trinh_thuc_hien_nap_tien_Vsbet_tung_buoc\" >Quy tr\u00ecnh th\u1ef1c hi\u1ec7n n\u1ea1p ti\u1ec1n Vsbet t\u1eebng b\u01b0\u1edbc<\/a><\/li><li class='ez-toc-page-1 ez-toc-heading-level-2'><a class=\"ez-toc-link ez-toc-heading-9\" href=\"https:\/\/vsbet.spot\/index.php\/nap-tien-vsbet\/#Ket_luan\" >K\u1ebft lu\u1eadn<\/a><\/li><\/ul><\/li><\/ul><\/nav><\/div>\n<h1 style=\"text-align: center;\"><span class=\"ez-toc-section\" id=\"Nap_Tien_Vsbet_%E2%80%93_Huong_Dan_Nhanh_Chong_An_Toan_Don_Gian\"><\/span><b>N\u1ea1p Ti\u1ec1n Vsbet &#8211; H\u01b0\u1edbng D\u1eabn Nhanh Ch\u00f3ng, An To\u00e0n, \u0110\u01a1n Gi\u1ea3n<\/b><span class=\"ez-toc-section-end\"><\/span><\/h1>\n<p><b>N\u1ea1p ti\u1ec1n Vsbet<\/b><span style=\"font-weight: 400;\"> l\u00e0 b\u01b0\u1edbc quan tr\u1ecdng gi\u00fap h\u1ed9i vi\u00ean k\u00edch ho\u1ea1t tr\u1ea3i nghi\u1ec7m c\u00e1 c\u01b0\u1ee3c tr\u1ecdn v\u1eb9n tr\u00ean n\u1ec1n t\u1ea3ng n\u00e0y. H\u1ec7 th\u1ed1ng <strong><a href=\"https:\/\/vsbet.spot\/\">Vsbet<\/a><\/strong> h\u1ed7 tr\u1ee3 nhi\u1ec1u h\u00ecnh th\u1ee9c thanh to\u00e1n linh ho\u1ea1t, ph\u00f9 h\u1ee3p v\u1edbi th\u00f3i quen s\u1eed d\u1ee5ng c\u1ee7a ng\u01b0\u1eddi d\u00f9ng t\u1ea1i Vi\u1ec7t Nam. T\u1ed1c \u0111\u1ed9 x\u1eed l\u00fd giao d\u1ecbch \u0111\u01b0\u1ee3c t\u1ed1i \u01b0u nh\u1eb1m \u0111\u1ea3m b\u1ea3o ti\u1ec1n v\u00e0o t\u00e0i kho\u1ea3n nhanh, h\u1ea1n ch\u1ebf gi\u00e1n \u0111o\u1ea1n khi tham gia.\u00a0<\/span><\/p>\n<h2><span class=\"ez-toc-section\" id=\"Muc_dich_cua_viec_nap_tien_Vsbet_khi_tham_gia_trai_nghiem\"><\/span><b>M\u1ee5c \u0111\u00edch c\u1ee7a vi\u1ec7c n\u1ea1p ti\u1ec1n Vsbet khi tham gia tr\u1ea3i nghi\u1ec7m<\/b><span class=\"ez-toc-section-end\"><\/span><\/h2>\n<p><span style=\"font-weight: 400;\">N\u1ea1p ti\u1ec1n Vsbet l\u00e0 b\u01b0\u1edbc quan tr\u1ecdng gi\u00fap ng\u01b0\u1eddi ch\u01a1i m\u1edf kh\u00f3a to\u00e0n b\u1ed9 t\u00ednh n\u0103ng v\u00e0 tr\u1ea3i nghi\u1ec7m tr\u1ecdn v\u1eb9n h\u1ec7 sinh th\u00e1i gi\u1ea3i tr\u00ed tr\u1ef1c tuy\u1ebfn. Khi ho\u00e0n t\u1ea5t n\u1ea1p ti\u1ec1n, ng\u01b0\u1eddi d\u00f9ng c\u00f3 th\u1ec3 tham gia h\u01a1n 1.000 tr\u00f2 ch\u01a1i \u0111a d\u1ea1ng nh\u01b0 c\u00e1 c\u01b0\u1ee3c th\u1ec3 thao, casino tr\u1ef1c tuy\u1ebfn, game slots v\u00e0 b\u1eafn c\u00e1. Theo th\u1ed1ng k\u00ea, h\u01a1n 80% ng\u01b0\u1eddi ch\u01a1i th\u1ef1c hi\u1ec7n n\u1ea1p ti\u1ec1n ngay trong l\u1ea7n \u0111\u0103ng nh\u1eadp \u0111\u1ea7u ti\u00ean \u0111\u1ec3 t\u1eadn d\u1ee5ng c\u00e1c \u01b0u \u0111\u00e3i ch\u00e0o m\u1eebng.<\/span><\/p>\n<p><span style=\"font-weight: 400;\">M\u1ed9t trong nh\u1eefng m\u1ee5c \u0111\u00edch ch\u00ednh c\u1ee7a vi\u1ec7c n\u1ea1p ti\u1ec1n l\u00e0 k\u00edch ho\u1ea1t c\u00e1c ch\u01b0\u01a1ng tr\u00ecnh khuy\u1ebfn m\u00e3i. Vsbet th\u01b0\u1eddng xuy\u00ean cung c\u1ea5p \u01b0u \u0111\u00e3i n\u1ea1p l\u1ea7n \u0111\u1ea7u l\u00ean \u0111\u1ebfn 100% gi\u00e1 tr\u1ecb, v\u1edbi m\u1ee9c th\u01b0\u1edfng t\u1ed1i \u0111a 10.000.000 VN\u0110, gi\u00fap ng\u01b0\u1eddi ch\u01a1i gia t\u0103ng v\u1ed1n tr\u1ea3i nghi\u1ec7m m\u00e0 kh\u00f4ng c\u1ea7n \u0111\u1ea7u t\u01b0 th\u00eam. Ngo\u00e0i ra, vi\u1ec7c n\u1ea1p ti\u1ec1n c\u00f2n gi\u00fap ng\u01b0\u1eddi ch\u01a1i ki\u1ec3m tra t\u1ed1c \u0111\u1ed9 v\u00e0 \u0111\u1ed9 an to\u00e0n c\u1ee7a h\u1ec7 th\u1ed1ng giao d\u1ecbch, v\u1edbi th\u1eddi gian x\u1eed l\u00fd trung b\u00ecnh ch\u1ec9 1\u20133 ph\u00fat.<\/span><\/p>\n<p><span style=\"font-weight: 400;\">B\u00ean c\u1ea1nh \u0111\u00f3, n\u1ea1p ti\u1ec1n gi\u00fap ng\u01b0\u1eddi ch\u01a1i ch\u1ee7 \u0111\u1ed9ng qu\u1ea3n l\u00fd ng\u00e2n s\u00e1ch, l\u1ef1a ch\u1ecdn m\u1ee9c c\u01b0\u1ee3c ph\u00f9 h\u1ee3p v\u00e0 x\u00e2y d\u1ef1ng chi\u1ebfn l\u01b0\u1ee3c gi\u1ea3i tr\u00ed hi\u1ec7u qu\u1ea3. Nh\u1edd \u0111\u00f3, tr\u1ea3i nghi\u1ec7m t\u1ea1i Vsbet tr\u1edf n\u00ean li\u1ec1n m\u1ea1ch, minh b\u1ea1ch v\u00e0 h\u1ea5p d\u1eabn h\u01a1n cho c\u1ea3 ng\u01b0\u1eddi ch\u01a1i m\u1edbi l\u1eabn h\u1ed9i vi\u00ean l\u00e2u n\u0103m<\/span><\/p>\n<figure id=\"attachment_238\" aria-describedby=\"caption-attachment-238\" style=\"width: 800px\" class=\"wp-caption aligncenter\"><img loading=\"lazy\" decoding=\"async\" class=\"size-full wp-image-238\" src=\"https:\/\/vsbet.spot\/wp-content\/uploads\/2026\/02\/y-nghia-va-vai-tro-cua-viec-nap-tien-vsbet.jpg\" alt=\"\u00dd ngh\u0129a v\u00e0 vai tr\u00f2 c\u1ee7a vi\u1ec7c n\u1ea1p ti\u1ec1n Vsbet\" width=\"800\" height=\"400\" srcset=\"https:\/\/vsbet.spot\/wp-content\/uploads\/2026\/02\/y-nghia-va-vai-tro-cua-viec-nap-tien-vsbet.jpg 800w, https:\/\/vsbet.spot\/wp-content\/uploads\/2026\/02\/y-nghia-va-vai-tro-cua-viec-nap-tien-vsbet-300x150.jpg 300w, https:\/\/vsbet.spot\/wp-content\/uploads\/2026\/02\/y-nghia-va-vai-tro-cua-viec-nap-tien-vsbet-768x384.jpg 768w\" sizes=\"auto, (max-width: 800px) 100vw, 800px\" \/><figcaption id=\"caption-attachment-238\" class=\"wp-caption-text\">\u00dd ngh\u0129a v\u00e0 vai tr\u00f2 c\u1ee7a vi\u1ec7c n\u1ea1p ti\u1ec1n Vsbet<\/figcaption><\/figure>\n<h2><span class=\"ez-toc-section\" id=\"Nhung_phuong_thuc_bo_sung_so_du_duoc_Vsbet_ho_tro\"><\/span><b>Nh\u1eefng ph\u01b0\u01a1ng th\u1ee9c b\u1ed5 sung s\u1ed1 d\u01b0 \u0111\u01b0\u1ee3c Vsbet h\u1ed7 tr\u1ee3<\/b><span class=\"ez-toc-section-end\"><\/span><\/h2>\n<p><span style=\"font-weight: 400;\">Vsbet tri\u1ec3n khai nhi\u1ec1u h\u00ecnh th\u1ee9c giao d\u1ecbch kh\u00e1c nhau nh\u1eb1m ph\u00f9 h\u1ee3p th\u00f3i quen c\u1ee7a h\u1ed9i vi\u00ean. M\u1ed7i ph\u01b0\u01a1ng th\u1ee9c \u0111\u1ec1u c\u00f3 gi\u1edbi h\u1ea1n ri\u00eang, th\u1eddi gian x\u1eed l\u00fd kh\u00e1c nhau. Vi\u1ec7c l\u1ef1a ch\u1ecdn \u0111\u00fang c\u00e1ch n\u1ea1p ti\u1ec1n Vsbet gi\u00fap gi\u1ea3m r\u1ee7i ro sai s\u00f3t trong qu\u00e1 tr\u00ecnh thao t\u00e1c.<\/span><\/p>\n<h3><span class=\"ez-toc-section\" id=\"Bo_sung_so_du_thong_qua_chuyen_khoan_ngan_hang\"><\/span><b>B\u1ed5 sung s\u1ed1 d\u01b0 th\u00f4ng qua chuy\u1ec3n kho\u1ea3n ng\u00e2n h\u00e0ng<\/b><span class=\"ez-toc-section-end\"><\/span><\/h3>\n<p><span style=\"font-weight: 400;\">H\u00ecnh th\u1ee9c chuy\u1ec3n kho\u1ea3n \u00e1p d\u1ee5ng cho c\u00e1c ng\u00e2n h\u00e0ng n\u1ed9i \u0111\u1ecba ph\u1ed5 bi\u1ebfn. H\u1ed9i vi\u00ean c\u1ea7n nh\u1eadp \u0111\u00fang s\u1ed1 t\u00e0i kho\u1ea3n nh\u1eadn, n\u1ed9i dung giao d\u1ecbch theo m\u00e3 hi\u1ec3n th\u1ecb tr\u00ean h\u1ec7 th\u1ed1ng. Th\u1eddi gian c\u1eadp nh\u1eadt s\u1ed1 d\u01b0 th\u01b0\u1eddng dao \u0111\u1ed9ng t\u1eeb 1 \u0111\u1ebfn 5 ph\u00fat n\u1ebfu chuy\u1ec3n trong gi\u1edd h\u00e0nh ch\u00ednh. V\u1edbi n\u1ea1p ti\u1ec1n Vsbet b\u1eb1ng c\u00e1ch n\u00e0y, gi\u00e1 tr\u1ecb t\u1ed1i thi\u1ec3u \u0111\u01b0\u1ee3c ch\u1ea5p nh\u1eadn l\u00e0 100.000 \u0111\u01a1n v\u1ecb, t\u1ed1i \u0111a cho m\u1ed7i giao d\u1ecbch l\u00e0 200.000.000 \u0111\u01a1n v\u1ecb.<\/span><\/p>\n<h3><span class=\"ez-toc-section\" id=\"Nap_tien_bang_cac_loai_vi_thanh_toan_dien_tu\"><\/span><b>N\u1ea1p ti\u1ec1n b\u1eb1ng c\u00e1c lo\u1ea1i v\u00ed thanh to\u00e1n \u0111i\u1ec7n t\u1eed<\/b><span class=\"ez-toc-section-end\"><\/span><\/h3>\n<p><span style=\"font-weight: 400;\">C\u00e1c v\u00ed \u0111i\u1ec7n t\u1eed \u0111\u01b0\u1ee3c t\u00edch h\u1ee3p tr\u1ef1c ti\u1ebfp v\u00e0o h\u1ec7 th\u1ed1ng, cho ph\u00e9p giao d\u1ecbch ch\u1ec9 trong 3 b\u01b0\u1edbc x\u00e1c nh\u1eadn. Ng\u01b0\u1eddi d\u00f9ng c\u1ea7n \u0111\u0103ng nh\u1eadp v\u00ed, x\u00e1c th\u1ef1c giao d\u1ecbch, ho\u00e0n t\u1ea5t. \u01afu \u0111i\u1ec3m c\u1ee7a n\u1ea1p ti\u1ec1n Vsbet qua v\u00ed \u0111i\u1ec7n t\u1eed n\u1eb1m \u1edf t\u1ed1c \u0111\u1ed9 x\u1eed l\u00fd g\u1ea7n nh\u01b0 t\u1ee9c th\u00ec, th\u01b0\u1eddng d\u01b0\u1edbi 30 gi\u00e2y. Gi\u1edbi h\u1ea1n m\u1ed7i l\u1ea7n giao d\u1ecbch dao \u0111\u1ed9ng t\u1eeb 50.000 \u0111\u1ebfn 100.000.000 \u0111\u01a1n v\u1ecb t\u00f9y v\u00ed \u0111\u01b0\u1ee3c ch\u1ecdn.<\/span><\/p>\n<figure id=\"attachment_233\" aria-describedby=\"caption-attachment-233\" style=\"width: 800px\" class=\"wp-caption aligncenter\"><img loading=\"lazy\" decoding=\"async\" class=\"size-full wp-image-233\" src=\"https:\/\/vsbet.spot\/wp-content\/uploads\/2026\/02\/cac-hinh-thuc-nap-tien-va-bo-sung-so-du-duoc-ho-tro.jpg\" alt=\"C\u00e1c h\u00ecnh th\u1ee9c n\u1ea1p ti\u1ec1n v\u00e0 b\u1ed5 sung s\u1ed1 d\u01b0 \u0111\u01b0\u1ee3c h\u1ed7 tr\u1ee3\" width=\"800\" height=\"400\" srcset=\"https:\/\/vsbet.spot\/wp-content\/uploads\/2026\/02\/cac-hinh-thuc-nap-tien-va-bo-sung-so-du-duoc-ho-tro.jpg 800w, https:\/\/vsbet.spot\/wp-content\/uploads\/2026\/02\/cac-hinh-thuc-nap-tien-va-bo-sung-so-du-duoc-ho-tro-300x150.jpg 300w, https:\/\/vsbet.spot\/wp-content\/uploads\/2026\/02\/cac-hinh-thuc-nap-tien-va-bo-sung-so-du-duoc-ho-tro-768x384.jpg 768w\" sizes=\"auto, (max-width: 800px) 100vw, 800px\" \/><figcaption id=\"caption-attachment-233\" class=\"wp-caption-text\">C\u00e1c h\u00ecnh th\u1ee9c n\u1ea1p ti\u1ec1n v\u00e0 b\u1ed5 sung s\u1ed1 d\u01b0 \u0111\u01b0\u1ee3c h\u1ed7 tr\u1ee3<\/figcaption><\/figure>\n<h3><span class=\"ez-toc-section\" id=\"Giao_dich_nap_tien_su_dung_tai_san_ky_thuat_so\"><\/span><b>Giao d\u1ecbch n\u1ea1p ti\u1ec1n s\u1eed d\u1ee5ng t\u00e0i s\u1ea3n k\u1ef9 thu\u1eadt s\u1ed1<\/b><span class=\"ez-toc-section-end\"><\/span><\/h3>\n<p><span style=\"font-weight: 400;\">H\u00ecnh th\u1ee9c n\u00e0y ph\u00f9 h\u1ee3p v\u1edbi h\u1ed9i vi\u00ean quen thu\u1ed9c c\u00f4ng ngh\u1ec7 blockchain. H\u1ec7 th\u1ed1ng h\u1ed7 tr\u1ee3 m\u1ed9t s\u1ed1 lo\u1ea1i t\u00e0i s\u1ea3n ph\u1ed5 bi\u1ebfn, \u00e1p d\u1ee5ng \u0111\u1ecba ch\u1ec9 v\u00ed c\u1ed1 \u0111\u1ecbnh cho t\u1eebng giao d\u1ecbch. Khi th\u1ef1c hi\u1ec7n n\u1ea1p ti\u1ec1n Vsbet theo ph\u01b0\u01a1ng th\u1ee9c n\u00e0y, ng\u01b0\u1eddi d\u00f9ng c\u1ea7n ch\u1edd \u0111\u1ee7 2 x\u00e1c nh\u1eadn m\u1ea1ng \u0111\u1ec3 s\u1ed1 d\u01b0 \u0111\u01b0\u1ee3c ghi nh\u1eadn. Th\u1eddi gian x\u1eed l\u00fd th\u01b0\u1eddng trong kho\u1ea3ng 5 \u0111\u1ebfn 15 ph\u00fat t\u00f9y t\u1ed1c \u0111\u1ed9 m\u1ea1ng l\u01b0\u1edbi.<\/span><\/p>\n<h3><span class=\"ez-toc-section\" id=\"Thuc_hien_nap_tien_bang_hinh_thuc_quet_ma_QR\"><\/span><b>Th\u1ef1c hi\u1ec7n n\u1ea1p ti\u1ec1n b\u1eb1ng h\u00ecnh th\u1ee9c qu\u00e9t m\u00e3 QR<\/b><span class=\"ez-toc-section-end\"><\/span><\/h3>\n<p><span style=\"font-weight: 400;\">Qu\u00e9t m\u00e3 QR gi\u00fap r\u00fat ng\u1eafn thao t\u00e1c nh\u1eadp li\u1ec7u, h\u1ea1n ch\u1ebf nh\u1ea7m l\u1eabn th\u00f4ng tin. H\u1ed9i vi\u00ean ch\u1ec9 c\u1ea7n m\u1edf \u1ee9ng d\u1ee5ng ng\u00e2n h\u00e0ng ho\u1eb7c v\u00ed h\u1ed7 tr\u1ee3, qu\u00e9t m\u00e3 hi\u1ec3n th\u1ecb tr\u00ean h\u1ec7 th\u1ed1ng.<\/span><span style=\"font-weight: 400;\"><br \/>\n<\/span><\/p>\n<p><span style=\"font-weight: 400;\">V\u1edbi n\u1ea1p ti\u1ec1n Vsbet b\u1eb1ng QR, to\u00e0n b\u1ed9 th\u00f4ng tin nh\u01b0 s\u1ed1 t\u00e0i kho\u1ea3n, n\u1ed9i dung giao d\u1ecbch \u0111\u01b0\u1ee3c t\u1ef1 \u0111\u1ed9ng \u0111i\u1ec1n s\u1eb5n. Ph\u01b0\u01a1ng th\u1ee9c n\u00e0y ph\u00f9 h\u1ee3p cho giao d\u1ecbch c\u00f3 gi\u00e1 tr\u1ecb t\u1eeb 100.000 \u0111\u1ebfn 50.000.000 \u0111\u01a1n v\u1ecb.<\/span><\/p>\n<h2><span class=\"ez-toc-section\" id=\"Quy_trinh_thuc_hien_nap_tien_Vsbet_tung_buoc\"><\/span><b>Quy tr\u00ecnh th\u1ef1c hi\u1ec7n n\u1ea1p ti\u1ec1n Vsbet t\u1eebng b\u01b0\u1edbc<\/b><span class=\"ez-toc-section-end\"><\/span><\/h2>\n<p><span style=\"font-weight: 400;\">Quy tr\u00ecnh \u0111\u01b0\u1ee3c thi\u1ebft k\u1ebf \u0111\u01a1n gi\u1ea3n, r\u00f5 r\u00e0ng nh\u1eb1m h\u1ea1n ch\u1ebf sai s\u00f3t trong qu\u00e1 tr\u00ecnh thao t\u00e1c. Tr\u01b0\u1edbc khi b\u1eaft \u0111\u1ea7u n\u1ea1p ti\u1ec1n Vsbet, h\u1ed9i vi\u00ean c\u1ea7n \u0111\u0103ng nh\u1eadp t\u00e0i kho\u1ea3n \u0111\u00e3 x\u00e1c minh \u0111\u1ea7y \u0111\u1ee7.<\/span><\/p>\n<ul>\n<li style=\"font-weight: 400;\" aria-level=\"1\"><span style=\"font-weight: 400;\">B\u01b0\u1edbc \u0111\u1ea7u ti\u00ean l\u00e0 truy c\u1eadp m\u1ee5c giao d\u1ecbch tr\u00ean giao di\u1ec7n ch\u00ednh. T\u1ea1i \u0111\u00e2y, ng\u01b0\u1eddi d\u00f9ng l\u1ef1a ch\u1ecdn ph\u01b0\u01a1ng th\u1ee9c ph\u00f9 h\u1ee3p v\u1edbi nhu c\u1ea7u.<\/span><\/li>\n<li style=\"font-weight: 400;\" aria-level=\"1\"><span style=\"font-weight: 400;\">B\u01b0\u1edbc ti\u1ebfp theo l\u00e0 nh\u1eadp gi\u00e1 tr\u1ecb giao d\u1ecbch trong gi\u1edbi h\u1ea1n cho ph\u00e9p c\u1ee7a ph\u01b0\u01a1ng th\u1ee9c \u0111\u00e3 ch\u1ecdn. H\u1ec7 th\u1ed1ng s\u1ebd hi\u1ec3n th\u1ecb ch\u00ednh x\u00e1c th\u00f4ng tin c\u1ea7n x\u00e1c nh\u1eadn.<\/span><\/li>\n<li style=\"font-weight: 400;\" aria-level=\"1\"><span style=\"font-weight: 400;\">Sau khi ho\u00e0n t\u1ea5t x\u00e1c th\u1ef1c, ng\u01b0\u1eddi d\u00f9ng ch\u1edd h\u1ec7 th\u1ed1ng x\u1eed l\u00fd. Th\u1eddi gian ghi nh\u1eadn s\u1ed1 d\u01b0 ph\u1ee5 thu\u1ed9c v\u00e0o h\u00ecnh th\u1ee9c giao d\u1ecbch. N\u1ebfu qu\u00e1 15 ph\u00fat ch\u01b0a c\u1eadp nh\u1eadt, h\u1ed9i vi\u00ean c\u00f3 th\u1ec3 g\u1eedi y\u00eau c\u1ea7u h\u1ed7 tr\u1ee3 k\u00e8m h\u00ecnh \u1ea3nh x\u00e1c nh\u1eadn.<\/span><\/li>\n<\/ul>\n<p><span style=\"font-weight: 400;\">Trong su\u1ed1t quy tr\u00ecnh, h\u1ec7 th\u1ed1ng t\u1ef1 \u0111\u1ed9ng ghi l\u1ea1i l\u1ecbch s\u1eed giao d\u1ecbch trong v\u00f2ng 90 ng\u00e0y. \u0110i\u1ec1u n\u00e0y gi\u00fap ng\u01b0\u1eddi d\u00f9ng d\u1ec5 d\u00e0ng ki\u1ec3m tra l\u1ea1i khi c\u1ea7n \u0111\u1ed1i so\u00e1t.\u00a0 Ngo\u00e0i ra, h\u1ed9i vi\u00ean n\u00ean th\u1ef1c hi\u1ec7n giao d\u1ecbch t\u1eeb thi\u1ebft b\u1ecb c\u00e1 nh\u00e2n, h\u1ea1n ch\u1ebf s\u1eed d\u1ee5ng m\u1ea1ng c\u00f4ng c\u1ed9ng. \u0110i\u1ec1u n\u00e0y gi\u00fap qu\u00e1 tr\u00ecnh di\u1ec5n ra \u1ed5n \u0111\u1ecbnh h\u01a1n, tr\u00e1nh gi\u00e1n \u0111o\u1ea1n do l\u1ed7i x\u00e1c th\u1ef1c.<\/span><\/p>\n<figure id=\"attachment_236\" aria-describedby=\"caption-attachment-236\" style=\"width: 800px\" class=\"wp-caption aligncenter\"><img loading=\"lazy\" decoding=\"async\" class=\"size-full wp-image-236\" src=\"https:\/\/vsbet.spot\/wp-content\/uploads\/2026\/02\/huong-dan-chi-tiet-cac-buoc-thuc-hien-nap-tien-vao-vsbet.jpg\" alt=\"H\u01b0\u1edbng d\u1eabn chi ti\u1ebft c\u00e1c b\u01b0\u1edbc th\u1ef1c hi\u1ec7n n\u1ea1p ti\u1ec1n v\u00e0o Vsbet\" width=\"800\" height=\"400\" srcset=\"https:\/\/vsbet.spot\/wp-content\/uploads\/2026\/02\/huong-dan-chi-tiet-cac-buoc-thuc-hien-nap-tien-vao-vsbet.jpg 800w, https:\/\/vsbet.spot\/wp-content\/uploads\/2026\/02\/huong-dan-chi-tiet-cac-buoc-thuc-hien-nap-tien-vao-vsbet-300x150.jpg 300w, https:\/\/vsbet.spot\/wp-content\/uploads\/2026\/02\/huong-dan-chi-tiet-cac-buoc-thuc-hien-nap-tien-vao-vsbet-768x384.jpg 768w\" sizes=\"auto, (max-width: 800px) 100vw, 800px\" \/><figcaption id=\"caption-attachment-236\" class=\"wp-caption-text\">H\u01b0\u1edbng d\u1eabn chi ti\u1ebft c\u00e1c b\u01b0\u1edbc th\u1ef1c hi\u1ec7n n\u1ea1p ti\u1ec1n v\u00e0o Vsbet<\/figcaption><\/figure>\n<h2><span class=\"ez-toc-section\" id=\"Ket_luan\"><\/span><b>K\u1ebft lu\u1eadn<\/b><span class=\"ez-toc-section-end\"><\/span><\/h2>\n<p><a href=\"https:\/\/vsbet.spot\/index.php\/nap-tien-vsbet\/\"><b>N\u1ea1p ti\u1ec1n Vsbet<\/b><\/a><span style=\"font-weight: 400;\"> \u0111\u01b0\u1ee3c thi\u1ebft k\u1ebf theo h\u01b0\u1edbng \u0111\u01a1n gi\u1ea3n h\u00f3a thao t\u00e1c nh\u01b0ng v\u1eabn \u0111\u1ea3m b\u1ea3o an to\u00e0n cho ng\u01b0\u1eddi d\u00f9ng. Khi th\u1ef1c hi\u1ec7n \u0111\u00fang quy tr\u00ecnh, giao d\u1ecbch s\u1ebd \u0111\u01b0\u1ee3c x\u1eed l\u00fd nhanh v\u00e0 h\u1ea1n ch\u1ebf t\u1ed1i \u0111a s\u1ef1 c\u1ed1 ph\u00e1t sinh. Vsbet lu\u00f4n duy tr\u00ec h\u1ec7 th\u1ed1ng thanh to\u00e1n \u1ed5n \u0111\u1ecbnh nh\u1eb1m mang l\u1ea1i tr\u1ea3i nghi\u1ec7m li\u1ec1n m\u1ea1ch cho h\u1ed9i vi\u00ean.<\/span><\/p>\n","protected":false},"excerpt":{"rendered":"<p>N\u1ea1p Ti\u1ec1n Vsbet &#8211; H\u01b0\u1edbng D\u1eabn Nhanh Ch\u00f3ng, An To\u00e0n, \u0110\u01a1n Gi\u1ea3n N\u1ea1p ti\u1ec1n Vsbet l\u00e0 b\u01b0\u1edbc quan tr\u1ecdng gi\u00fap h\u1ed9i vi\u00ean k\u00edch ho\u1ea1t tr\u1ea3i nghi\u1ec7m c\u00e1 c\u01b0\u1ee3c tr\u1ecdn v\u1eb9n tr\u00ean n\u1ec1n t\u1ea3ng n\u00e0y. H\u1ec7 th\u1ed1ng Vsbet h\u1ed7 tr\u1ee3 nhi\u1ec1u h\u00ecnh th\u1ee9c thanh to\u00e1n linh ho\u1ea1t, ph\u00f9 h\u1ee3p v\u1edbi th\u00f3i quen s\u1eed d\u1ee5ng c\u1ee7a ng\u01b0\u1eddi [&#8230;]\n","protected":false},"author":1,"featured_media":237,"parent":0,"menu_order":0,"comment_status":"closed","ping_status":"closed","template":"","meta":{"footnotes":""},"class_list":["post-21","page","type-page","status-publish","has-post-thumbnail","hentry"],"_links":{"self":[{"href":"https:\/\/vsbet.spot\/index.php\/wp-json\/wp\/v2\/pages\/21","targetHints":{"allow":["GET"]}}],"collection":[{"href":"https:\/\/vsbet.spot\/index.php\/wp-json\/wp\/v2\/pages"}],"about":[{"href":"https:\/\/vsbet.spot\/index.php\/wp-json\/wp\/v2\/types\/page"}],"author":[{"embeddable":true,"href":"https:\/\/vsbet.spot\/index.php\/wp-json\/wp\/v2\/users\/1"}],"replies":[{"embeddable":true,"href":"https:\/\/vsbet.spot\/index.php\/wp-json\/wp\/v2\/comments?post=21"}],"version-history":[{"count":3,"href":"https:\/\/vsbet.spot\/index.php\/wp-json\/wp\/v2\/pages\/21\/revisions"}],"predecessor-version":[{"id":298,"href":"https:\/\/vsbet.spot\/index.php\/wp-json\/wp\/v2\/pages\/21\/revisions\/298"}],"wp:featuredmedia":[{"embeddable":true,"href":"https:\/\/vsbet.spot\/index.php\/wp-json\/wp\/v2\/media\/237"}],"wp:attachment":[{"href":"https:\/\/vsbet.spot\/index.php\/wp-json\/wp\/v2\/media?parent=21"}],"curies":[{"name":"wp","href":"https:\/\/api.w.org\/{rel}","templated":true}]}}