{"id":19,"date":"2026-02-01T05:34:34","date_gmt":"2026-02-01T05:34:34","guid":{"rendered":"https:\/\/vsbet.spot\/?page_id=19"},"modified":"2026-02-03T05:15:12","modified_gmt":"2026-02-03T05:15:12","slug":"dang-ky-vsbet","status":"publish","type":"page","link":"https:\/\/vsbet.spot\/index.php\/dang-ky-vsbet\/","title":{"rendered":"\u0110\u0103ng k\u00fd vsbet"},"content":{"rendered":"<div id=\"ez-toc-container\" class=\"ez-toc-v2_0_80 counter-hierarchy ez-toc-counter ez-toc-grey ez-toc-container-direction\">\n<div class=\"ez-toc-title-container\">\n<p class=\"ez-toc-title\" style=\"cursor:inherit\">Table of Contents<\/p>\n<span class=\"ez-toc-title-toggle\"><a href=\"#\" class=\"ez-toc-pull-right ez-toc-btn ez-toc-btn-xs ez-toc-btn-default ez-toc-toggle\" aria-label=\"Toggle Table of Content\"><span class=\"ez-toc-js-icon-con\"><span class=\"\"><span class=\"eztoc-hide\" style=\"display:none;\">Toggle<\/span><span class=\"ez-toc-icon-toggle-span\"><svg style=\"fill: #999;color:#999\" xmlns=\"http:\/\/www.w3.org\/2000\/svg\" class=\"list-377408\" width=\"20px\" height=\"20px\" viewBox=\"0 0 24 24\" fill=\"none\"><path d=\"M6 6H4v2h2V6zm14 0H8v2h12V6zM4 11h2v2H4v-2zm16 0H8v2h12v-2zM4 16h2v2H4v-2zm16 0H8v2h12v-2z\" fill=\"currentColor\"><\/path><\/svg><svg style=\"fill: #999;color:#999\" class=\"arrow-unsorted-368013\" xmlns=\"http:\/\/www.w3.org\/2000\/svg\" width=\"10px\" height=\"10px\" viewBox=\"0 0 24 24\" version=\"1.2\" baseProfile=\"tiny\"><path d=\"M18.2 9.3l-6.2-6.3-6.2 6.3c-.2.2-.3.4-.3.7s.1.5.3.7c.2.2.4.3.7.3h11c.3 0 .5-.1.7-.3.2-.2.3-.5.3-.7s-.1-.5-.3-.7zM5.8 14.7l6.2 6.3 6.2-6.3c.2-.2.3-.5.3-.7s-.1-.5-.3-.7c-.2-.2-.4-.3-.7-.3h-11c-.3 0-.5.1-.7.3-.2.2-.3.5-.3.7s.1.5.3.7z\"\/><\/svg><\/span><\/span><\/span><\/a><\/span><\/div>\n<nav><ul class='ez-toc-list ez-toc-list-level-1 ' ><li class='ez-toc-page-1 ez-toc-heading-level-1'><a class=\"ez-toc-link ez-toc-heading-1\" href=\"https:\/\/vsbet.spot\/index.php\/dang-ky-vsbet\/#Dang_Ky_Vsbet_%E2%80%93_Huong_Dan_Chi_Tiet_Tao_Tai_Khoan_Nhanh_Chong\" >\u0110\u0103ng K\u00fd Vsbet \u2013 H\u01b0\u1edbng D\u1eabn Chi Ti\u1ebft T\u1ea1o T\u00e0i Kho\u1ea3n Nhanh Ch\u00f3ng<\/a><ul class='ez-toc-list-level-2' ><li class='ez-toc-heading-level-2'><a class=\"ez-toc-link ez-toc-heading-2\" href=\"https:\/\/vsbet.spot\/index.php\/dang-ky-vsbet\/#Nhung_yeu_cau_can_dap_ung_truoc_khi_dang_ky_Vsbet\" >Nh\u1eefng y\u00eau c\u1ea7u c\u1ea7n \u0111\u00e1p \u1ee9ng tr\u01b0\u1edbc khi \u0111\u0103ng k\u00fd Vsbet<\/a><\/li><li class='ez-toc-page-1 ez-toc-heading-level-2'><a class=\"ez-toc-link ez-toc-heading-3\" href=\"https:\/\/vsbet.spot\/index.php\/dang-ky-vsbet\/#Quy_trinh_mo_tai_khoan_Vsbet_truc_tiep_tren_website\" >Quy tr\u00ecnh m\u1edf t\u00e0i kho\u1ea3n Vsbet tr\u1ef1c ti\u1ebfp tr\u00ean website<\/a><ul class='ez-toc-list-level-3' ><li class='ez-toc-heading-level-3'><a class=\"ez-toc-link ez-toc-heading-4\" href=\"https:\/\/vsbet.spot\/index.php\/dang-ky-vsbet\/#Truy_cap_dung_dia_chi_dang_ky_cua_nen_tang\" >Truy c\u1eadp \u0111\u00fang \u0111\u1ecba ch\u1ec9 \u0111\u0103ng k\u00fd c\u1ee7a n\u1ec1n t\u1ea3ng<\/a><\/li><li class='ez-toc-page-1 ez-toc-heading-level-3'><a class=\"ez-toc-link ez-toc-heading-5\" href=\"https:\/\/vsbet.spot\/index.php\/dang-ky-vsbet\/#Cung_cap_thong_tin_can_thiet\" >Cung c\u1ea5p th\u00f4ng tin c\u1ea7n thi\u1ebft<\/a><\/li><li class='ez-toc-page-1 ez-toc-heading-level-3'><a class=\"ez-toc-link ez-toc-heading-6\" href=\"https:\/\/vsbet.spot\/index.php\/dang-ky-vsbet\/#Hoan_tat_xac_nhan_tai_khoan_thong_qua_ma_OTP\" >Ho\u00e0n t\u1ea5t x\u00e1c nh\u1eadn t\u00e0i kho\u1ea3n th\u00f4ng qua m\u00e3 OTP<\/a><\/li><\/ul><\/li><li class='ez-toc-page-1 ez-toc-heading-level-2'><a class=\"ez-toc-link ez-toc-heading-7\" href=\"https:\/\/vsbet.spot\/index.php\/dang-ky-vsbet\/#Cach_tao_tai_khoan_bang_ung_dung_tren_dien_thoai\" >C\u00e1ch t\u1ea1o t\u00e0i kho\u1ea3n b\u1eb1ng \u1ee9ng d\u1ee5ng tr\u00ean \u0111i\u1ec7n tho\u1ea1i<\/a><ul class='ez-toc-list-level-3' ><li class='ez-toc-heading-level-3'><a class=\"ez-toc-link ez-toc-heading-8\" href=\"https:\/\/vsbet.spot\/index.php\/dang-ky-vsbet\/#Cai_dat_ung_dung\" >C\u00e0i \u0111\u1eb7t \u1ee9ng d\u1ee5ng<\/a><\/li><li class='ez-toc-page-1 ez-toc-heading-level-3'><a class=\"ez-toc-link ez-toc-heading-9\" href=\"https:\/\/vsbet.spot\/index.php\/dang-ky-vsbet\/#Thuc_hien_dang_ky_o_ung_dung\" >Th\u1ef1c hi\u1ec7n \u0111\u0103ng k\u00fd \u1edf \u1ee9ng d\u1ee5ng<\/a><\/li><\/ul><\/li><li class='ez-toc-page-1 ez-toc-heading-level-2'><a class=\"ez-toc-link ez-toc-heading-10\" href=\"https:\/\/vsbet.spot\/index.php\/dang-ky-vsbet\/#Nhung_diem_can_ghi_nho_trong_qua_trinh_dang_ky_Vsbet\" >Nh\u1eefng \u0111i\u1ec3m c\u1ea7n ghi nh\u1edb trong qu\u00e1 tr\u00ecnh \u0111\u0103ng k\u00fd Vsbet<\/a><\/li><li class='ez-toc-page-1 ez-toc-heading-level-2'><a class=\"ez-toc-link ez-toc-heading-11\" href=\"https:\/\/vsbet.spot\/index.php\/dang-ky-vsbet\/#Ket_luan\" >K\u1ebft lu\u1eadn<\/a><\/li><\/ul><\/li><\/ul><\/nav><\/div>\n<h1 style=\"text-align: center;\"><span class=\"ez-toc-section\" id=\"Dang_Ky_Vsbet_%E2%80%93_Huong_Dan_Chi_Tiet_Tao_Tai_Khoan_Nhanh_Chong\"><\/span><b>\u0110\u0103ng K\u00fd Vsbet \u2013 H\u01b0\u1edbng D\u1eabn Chi Ti\u1ebft T\u1ea1o T\u00e0i Kho\u1ea3n Nhanh Ch\u00f3ng<\/b><span class=\"ez-toc-section-end\"><\/span><\/h1>\n<p><b>\u0110\u0103ng k\u00fd Vsbet<\/b><span style=\"font-weight: 400;\"> l\u00e0 b\u01b0\u1edbc \u0111\u1ea7u ti\u00ean \u0111\u1ec3 ng\u01b0\u1eddi d\u00f9ng ti\u1ebfp c\u1eadn h\u1ec7 sinh th\u00e1i gi\u1ea3i tr\u00ed tr\u1ef1c tuy\u1ebfn v\u1edbi quy tr\u00ecnh t\u1ed1i gi\u1ea3n v\u00e0 d\u1ec5 th\u1ef1c hi\u1ec7n. N\u1ec1n t\u1ea3ng <strong><a href=\"https:\/\/vsbet.spot\/\">Vsbet<\/a> <\/strong>thi\u1ebft k\u1ebf giao di\u1ec7n th\u00e2n thi\u1ec7n, cho ph\u00e9p ho\u00e0n t\u1ea5t t\u1ea1o t\u00e0i kho\u1ea3n th\u00f4ng qua v\u00e0i thao t\u00e1c c\u01a1 b\u1ea3n tr\u00ean c\u1ea3 m\u00e1y t\u00ednh l\u1eabn thi\u1ebft b\u1ecb di \u0111\u1ed9ng.<\/span><\/p>\n<h2><span class=\"ez-toc-section\" id=\"Nhung_yeu_cau_can_dap_ung_truoc_khi_dang_ky_Vsbet\"><\/span><b>Nh\u1eefng y\u00eau c\u1ea7u c\u1ea7n \u0111\u00e1p \u1ee9ng tr\u01b0\u1edbc khi \u0111\u0103ng k\u00fd Vsbet<\/b><span class=\"ez-toc-section-end\"><\/span><\/h2>\n<p><span style=\"font-weight: 400;\">Ngay khi b\u1eaft \u0111\u1ea7u \u0111\u0103ng k\u00fd Vsbet, ng\u01b0\u1eddi d\u00f9ng c\u1ea7n \u0111\u00e1p \u1ee9ng m\u1ed9t s\u1ed1 \u0111i\u1ec1u ki\u1ec7n c\u01a1 b\u1ea3n \u0111\u1ec3 h\u1ec7 th\u1ed1ng cho ph\u00e9p kh\u1edfi t\u1ea1o t\u00e0i kho\u1ea3n. Tr\u01b0\u1edbc h\u1ebft, \u0111\u1ed9 tu\u1ed5i t\u1ed1i thi\u1ec3u \u0111\u01b0\u1ee3c ch\u1ea5p nh\u1eadn l\u00e0 18, t\u00ednh theo n\u0103m sinh ghi tr\u00ean gi\u1ea5y t\u1edd c\u00e1 nh\u00e2n h\u1ee3p l\u1ec7. Th\u00f4ng tin n\u00e0y s\u1ebd \u0111\u01b0\u1ee3c \u0111\u1ed1i chi\u1ebfu trong giai \u0111o\u1ea1n x\u00e1c minh sau \u0111\u00f3.<\/span><\/p>\n<p><span style=\"font-weight: 400;\">Thi\u1ebft b\u1ecb s\u1eed d\u1ee5ng c\u1ea7n c\u00f3 k\u1ebft n\u1ed1i internet \u1ed5n \u0111\u1ecbnh, tr\u00ecnh duy\u1ec7t \u0111\u01b0\u1ee3c c\u1eadp nh\u1eadt trong v\u00f2ng 12 th\u00e1ng g\u1ea7n nh\u1ea5t \u0111\u1ec3 \u0111\u1ea3m b\u1ea3o hi\u1ec3n th\u1ecb \u0111\u1ea7y \u0111\u1ee7 giao di\u1ec7n. V\u1edbi ng\u01b0\u1eddi d\u00f9ng di \u0111\u1ed9ng, h\u1ec7 \u0111i\u1ec1u h\u00e0nh Android t\u1eeb phi\u00ean b\u1ea3n 8.0 ho\u1eb7c iOS t\u1eeb 13 tr\u1edf l\u00ean s\u1ebd mang l\u1ea1i tr\u1ea3i nghi\u1ec7m t\u1ed1i \u01b0u h\u01a1n.<\/span><\/p>\n<p><span style=\"font-weight: 400;\">Ngo\u00e0i ra, m\u1ed7i s\u1ed1 \u0111i\u1ec7n tho\u1ea1i c\u00f9ng \u0111\u1ecba ch\u1ec9 email ch\u1ec9 \u0111\u01b0\u1ee3c s\u1eed d\u1ee5ng cho m\u1ed9t t\u00e0i kho\u1ea3n duy nh\u1ea5t. Quy \u0111\u1ecbnh n\u00e0y gi\u00fap h\u1ea1n ch\u1ebf t\u00ecnh tr\u1ea1ng tr\u00f9ng l\u1eb7p h\u1ed3 s\u01a1, \u0111\u1ed3ng th\u1eddi h\u1ed7 tr\u1ee3 qu\u1ea3n l\u00fd th\u00f4ng tin ch\u00ednh x\u00e1c.<\/span><\/p>\n<figure id=\"attachment_232\" aria-describedby=\"caption-attachment-232\" style=\"width: 800px\" class=\"wp-caption aligncenter\"><img loading=\"lazy\" decoding=\"async\" class=\"size-full wp-image-232\" src=\"https:\/\/vsbet.spot\/wp-content\/uploads\/2026\/02\/cac-dieu-kien-can-thoa-man-truoc-khi-dang-ky-vsbet.jpg\" alt=\"C\u00e1c \u0111i\u1ec1u ki\u1ec7n c\u1ea7n th\u1ecfa m\u00e3n tr\u01b0\u1edbc khi \u0111\u0103ng k\u00fd Vsbet\" width=\"800\" height=\"400\" srcset=\"https:\/\/vsbet.spot\/wp-content\/uploads\/2026\/02\/cac-dieu-kien-can-thoa-man-truoc-khi-dang-ky-vsbet.jpg 800w, https:\/\/vsbet.spot\/wp-content\/uploads\/2026\/02\/cac-dieu-kien-can-thoa-man-truoc-khi-dang-ky-vsbet-300x150.jpg 300w, https:\/\/vsbet.spot\/wp-content\/uploads\/2026\/02\/cac-dieu-kien-can-thoa-man-truoc-khi-dang-ky-vsbet-768x384.jpg 768w\" sizes=\"auto, (max-width: 800px) 100vw, 800px\" \/><figcaption id=\"caption-attachment-232\" class=\"wp-caption-text\">C\u00e1c \u0111i\u1ec1u ki\u1ec7n c\u1ea7n th\u1ecfa m\u00e3n tr\u01b0\u1edbc khi \u0111\u0103ng k\u00fd Vsbet<\/figcaption><\/figure>\n<h2><span class=\"ez-toc-section\" id=\"Quy_trinh_mo_tai_khoan_Vsbet_truc_tiep_tren_website\"><\/span><b>Quy tr\u00ecnh m\u1edf t\u00e0i kho\u1ea3n Vsbet tr\u1ef1c ti\u1ebfp tr\u00ean website<\/b><span class=\"ez-toc-section-end\"><\/span><\/h2>\n<p><span style=\"font-weight: 400;\">Thao t\u00e1c tr\u1ef1c ti\u1ebfp tr\u00ean website l\u00e0 c\u00e1ch ph\u1ed5 bi\u1ebfn, ph\u00f9 h\u1ee3p v\u1edbi ng\u01b0\u1eddi d\u00f9ng quen s\u1eed d\u1ee5ng m\u00e1y t\u00ednh ho\u1eb7c tr\u00ecnh duy\u1ec7t di \u0111\u1ed9ng. \u0110\u0103ng k\u00fd Vsbet theo h\u00ecnh th\u1ee9c n\u00e0y cho ph\u00e9p ho\u00e0n t\u1ea5t h\u1ed3 s\u01a1 trong kho\u1ea3ng 3 \u0111\u1ebfn 5 ph\u00fat n\u1ebfu th\u00f4ng tin \u0111\u01b0\u1ee3c chu\u1ea9n b\u1ecb s\u1eb5n.<\/span><\/p>\n<h3><span class=\"ez-toc-section\" id=\"Truy_cap_dung_dia_chi_dang_ky_cua_nen_tang\"><\/span><b>Truy c\u1eadp \u0111\u00fang \u0111\u1ecba ch\u1ec9 \u0111\u0103ng k\u00fd c\u1ee7a n\u1ec1n t\u1ea3ng<\/b><span class=\"ez-toc-section-end\"><\/span><\/h3>\n<p><span style=\"font-weight: 400;\">Ng\u01b0\u1eddi d\u00f9ng c\u1ea7n nh\u1eadp ch\u00ednh x\u00e1c \u0111\u1ecba ch\u1ec9 website c\u1ee7a Vsbet tr\u00ean thanh tr\u00ecnh duy\u1ec7t. Sau khi giao di\u1ec7n t\u1ea3i xong, n\u00fat t\u1ea1o t\u00e0i kho\u1ea3n th\u01b0\u1eddng \u0111\u01b0\u1ee3c \u0111\u1eb7t t\u1ea1i g\u00f3c tr\u00ean c\u00f9ng b\u00ean ph\u1ea3i m\u00e0n h\u00ecnh.<\/span><\/p>\n<p><span style=\"font-weight: 400;\">H\u1ec7 th\u1ed1ng khuy\u1ebfn ngh\u1ecb ki\u1ec3m tra bi\u1ec3u t\u01b0\u1ee3ng \u1ed5 kh\u00f3a tr\u00ean thanh \u0111\u1ecba ch\u1ec9 \u0111\u1ec3 \u0111\u1ea3m b\u1ea3o k\u1ebft n\u1ed1i \u0111ang s\u1eed d\u1ee5ng giao th\u1ee9c b\u1ea3o m\u1eadt. B\u01b0\u1edbc n\u00e0y tuy \u0111\u01a1n gi\u1ea3n nh\u01b0ng \u0111\u00f3ng vai tr\u00f2 quan tr\u1ecdng trong to\u00e0n b\u1ed9 qu\u00e1 tr\u00ecnh \u0111\u0103ng k\u00fd Vsbet, \u0111\u1eb7c bi\u1ec7t v\u1edbi ng\u01b0\u1eddi d\u00f9ng m\u1edbi.<\/span><\/p>\n<figure id=\"attachment_251\" aria-describedby=\"caption-attachment-251\" style=\"width: 800px\" class=\"wp-caption aligncenter\"><img loading=\"lazy\" decoding=\"async\" class=\"size-full wp-image-251\" src=\"https:\/\/vsbet.spot\/wp-content\/uploads\/2026\/02\/huong-dan-tao-tai-khoan-truc-tiep-tren-trang-web.jpg\" alt=\"H\u01b0\u1edbng d\u1eabn t\u1ea1o t\u00e0i kho\u1ea3n tr\u1ef1c ti\u1ebfp tr\u00ean trang web\" width=\"800\" height=\"400\" srcset=\"https:\/\/vsbet.spot\/wp-content\/uploads\/2026\/02\/huong-dan-tao-tai-khoan-truc-tiep-tren-trang-web.jpg 800w, https:\/\/vsbet.spot\/wp-content\/uploads\/2026\/02\/huong-dan-tao-tai-khoan-truc-tiep-tren-trang-web-300x150.jpg 300w, https:\/\/vsbet.spot\/wp-content\/uploads\/2026\/02\/huong-dan-tao-tai-khoan-truc-tiep-tren-trang-web-768x384.jpg 768w\" sizes=\"auto, (max-width: 800px) 100vw, 800px\" \/><figcaption id=\"caption-attachment-251\" class=\"wp-caption-text\">H\u01b0\u1edbng d\u1eabn t\u1ea1o t\u00e0i kho\u1ea3n tr\u1ef1c ti\u1ebfp tr\u00ean trang web<\/figcaption><\/figure>\n<h3><span class=\"ez-toc-section\" id=\"Cung_cap_thong_tin_can_thiet\"><\/span><b>Cung c\u1ea5p th\u00f4ng tin c\u1ea7n thi\u1ebft<\/b><span class=\"ez-toc-section-end\"><\/span><\/h3>\n<p><span style=\"font-weight: 400;\">Bi\u1ec3u m\u1eabu t\u1ea1o t\u00e0i kho\u1ea3n y\u00eau c\u1ea7u ng\u01b0\u1eddi d\u00f9ng \u0111i\u1ec1n c\u00e1c tr\u01b0\u1eddng c\u01a1 b\u1ea3n nh\u01b0 t\u00ean hi\u1ec3n th\u1ecb, m\u1eadt kh\u1ea9u, s\u1ed1 \u0111i\u1ec7n tho\u1ea1i v\u00e0 email. M\u1eadt kh\u1ea9u n\u00ean c\u00f3 \u0111\u1ed9 d\u00e0i t\u1ed1i thi\u1ec3u 8 k\u00fd t\u1ef1, bao g\u1ed3m ch\u1eef hoa, ch\u1eef th\u01b0\u1eddng c\u00f9ng m\u1ed9t k\u00fd t\u1ef1 \u0111\u1eb7c bi\u1ec7t nh\u1eb1m t\u0103ng \u0111\u1ed9 an to\u00e0n.<\/span><\/p>\n<p><span style=\"font-weight: 400;\">Ngo\u00e0i ra, h\u1ec7 th\u1ed1ng c\u00f3 th\u1ec3 y\u00eau c\u1ea7u l\u1ef1a ch\u1ecdn lo\u1ea1i ti\u1ec1n s\u1eed d\u1ee5ng trong v\u00ed t\u00e0i kho\u1ea3n. M\u1ed7i l\u1ef1a ch\u1ecdn ch\u1ec9 c\u00f3 th\u1ec3 thay \u0111\u1ed5i t\u1ed1i \u0111a m\u1ed9t l\u1ea7n sau khi ho\u00e0n t\u1ea5t \u0111\u0103ng k\u00fd Vsbet, do \u0111\u00f3 ng\u01b0\u1eddi d\u00f9ng c\u1ea7n c\u00e2n nh\u1eafc k\u1ef9 tr\u01b0\u1edbc khi x\u00e1c nh\u1eadn.<\/span><\/p>\n<h3><span class=\"ez-toc-section\" id=\"Hoan_tat_xac_nhan_tai_khoan_thong_qua_ma_OTP\"><\/span><b>Ho\u00e0n t\u1ea5t x\u00e1c nh\u1eadn t\u00e0i kho\u1ea3n th\u00f4ng qua m\u00e3 OTP<\/b><span class=\"ez-toc-section-end\"><\/span><\/h3>\n<p><span style=\"font-weight: 400;\">Sau khi g\u1eedi bi\u1ec3u m\u1eabu, h\u1ec7 th\u1ed1ng s\u1ebd g\u1eedi m\u00e3 OTP g\u1ed3m 6 ch\u1eef s\u1ed1 v\u1ec1 s\u1ed1 \u0111i\u1ec7n tho\u1ea1i ho\u1eb7c email \u0111\u00e3 khai b\u00e1o. M\u00e3 n\u00e0y c\u00f3 hi\u1ec7u l\u1ef1c trong v\u00f2ng 120 gi\u00e2y. Ng\u01b0\u1eddi d\u00f9ng c\u1ea7n nh\u1eadp ch\u00ednh x\u00e1c m\u00e3 trong th\u1eddi gian quy \u0111\u1ecbnh \u0111\u1ec3 ho\u00e0n t\u1ea5t \u0111\u0103ng k\u00fd Vsbet. N\u1ebfu qu\u00e1 th\u1eddi h\u1ea1n, c\u00f3 th\u1ec3 y\u00eau c\u1ea7u g\u1eedi l\u1ea1i m\u00e3 m\u1edbi sau 60 gi\u00e2y ch\u1edd. Khi x\u00e1c nh\u1eadn th\u00e0nh c\u00f4ng, t\u00e0i kho\u1ea3n s\u1ebd \u0111\u01b0\u1ee3c k\u00edch ho\u1ea1t ngay l\u1eadp t\u1ee9c.<\/span><\/p>\n<h2><span class=\"ez-toc-section\" id=\"Cach_tao_tai_khoan_bang_ung_dung_tren_dien_thoai\"><\/span><b>C\u00e1ch t\u1ea1o t\u00e0i kho\u1ea3n b\u1eb1ng \u1ee9ng d\u1ee5ng tr\u00ean \u0111i\u1ec7n tho\u1ea1i<\/b><span class=\"ez-toc-section-end\"><\/span><\/h2>\n<p><span style=\"font-weight: 400;\">B\u00ean c\u1ea1nh website, Vsbet cung c\u1ea5p \u1ee9ng d\u1ee5ng ri\u00eang nh\u1eb1m t\u1ed1i \u01b0u tr\u1ea3i nghi\u1ec7m tr\u00ean thi\u1ebft b\u1ecb di \u0111\u1ed9ng. \u0110\u0103ng k\u00fd Vsbet qua \u1ee9ng d\u1ee5ng mang l\u1ea1i t\u1ed1c \u0111\u1ed9 x\u1eed l\u00fd nhanh h\u01a1n, giao di\u1ec7n \u0111\u01b0\u1ee3c tinh ch\u1ec9nh ph\u00f9 h\u1ee3p v\u1edbi m\u00e0n h\u00ecnh nh\u1ecf.<\/span><\/p>\n<h3><span class=\"ez-toc-section\" id=\"Cai_dat_ung_dung\"><\/span><b>C\u00e0i \u0111\u1eb7t \u1ee9ng d\u1ee5ng<\/b><span class=\"ez-toc-section-end\"><\/span><\/h3>\n<p><span style=\"font-weight: 400;\">Ng\u01b0\u1eddi d\u00f9ng Android c\u00f3 th\u1ec3 t\u1ea3i \u1ee9ng d\u1ee5ng th\u00f4ng qua file c\u00e0i \u0111\u1eb7t tr\u1ef1c ti\u1ebfp t\u1eeb trang ch\u1ee7 Vsbet. V\u1edbi iOS, \u1ee9ng d\u1ee5ng \u0111\u01b0\u1ee3c cung c\u1ea5p th\u00f4ng qua kho App Store n\u1ed9i b\u1ed9 theo h\u01b0\u1edbng d\u1eabn tr\u00ean website. Dung l\u01b0\u1ee3ng \u1ee9ng d\u1ee5ng dao \u0111\u1ed9ng kho\u1ea3ng 70 MB, th\u1eddi gian t\u1ea3i v\u1ec1 trung b\u00ecnh t\u1eeb 1 \u0111\u1ebfn 2 ph\u00fat t\u00f9y t\u1ed1c \u0111\u1ed9 m\u1ea1ng.<\/span><\/p>\n<h3><span class=\"ez-toc-section\" id=\"Thuc_hien_dang_ky_o_ung_dung\"><\/span><b>Th\u1ef1c hi\u1ec7n \u0111\u0103ng k\u00fd \u1edf \u1ee9ng d\u1ee5ng<\/b><span class=\"ez-toc-section-end\"><\/span><\/h3>\n<p><span style=\"font-weight: 400;\">Khi m\u1edf \u1ee9ng d\u1ee5ng l\u1ea7n \u0111\u1ea7u, ng\u01b0\u1eddi d\u00f9ng ch\u1ecdn m\u1ee5c t\u1ea1o t\u00e0i kho\u1ea3n v\u00e0 \u0111i\u1ec1n th\u00f4ng tin t\u01b0\u01a1ng t\u1ef1 nh\u01b0 tr\u00ean website. C\u00e1c tr\u01b0\u1eddng nh\u1eadp li\u1ec7u \u0111\u01b0\u1ee3c s\u1eafp x\u1ebfp theo t\u1eebng b\u01b0\u1edbc, gi\u00fap h\u1ea1n ch\u1ebf sai s\u00f3t.<\/span><\/p>\n<p><span style=\"font-weight: 400;\">Qu\u00e1 tr\u00ecnh x\u00e1c nh\u1eadn OTP trong \u1ee9ng d\u1ee5ng th\u01b0\u1eddng di\u1ec5n ra nhanh h\u01a1n do h\u1ec7 th\u1ed1ng t\u1ef1 \u0111\u1ed9ng nh\u1eadn di\u1ec7n tin nh\u1eafn. Sau khi ho\u00e0n t\u1ea5t, \u0111\u0103ng k\u00fd Vsbet \u0111\u01b0\u1ee3c x\u00e1c nh\u1eadn th\u00e0nh c\u00f4ng, ng\u01b0\u1eddi d\u00f9ng c\u00f3 th\u1ec3 truy c\u1eadp \u0111\u1ea7y \u0111\u1ee7 t\u00ednh n\u0103ng ngay l\u1eadp t\u1ee9c.<\/span><\/p>\n<figure id=\"attachment_247\" aria-describedby=\"caption-attachment-247\" style=\"width: 800px\" class=\"wp-caption aligncenter\"><img loading=\"lazy\" decoding=\"async\" class=\"size-full wp-image-247\" src=\"https:\/\/vsbet.spot\/wp-content\/uploads\/2026\/02\/cach-dang-ky-va-thiet-lap-tai-khoan-thong-qua-ung-dung.jpg\" alt=\"C\u00e1ch \u0111\u0103ng k\u00fd v\u00e0 thi\u1ebft l\u1eadp t\u00e0i kho\u1ea3n th\u00f4ng qua \u1ee9ng d\u1ee5ng\" width=\"800\" height=\"400\" srcset=\"https:\/\/vsbet.spot\/wp-content\/uploads\/2026\/02\/cach-dang-ky-va-thiet-lap-tai-khoan-thong-qua-ung-dung.jpg 800w, https:\/\/vsbet.spot\/wp-content\/uploads\/2026\/02\/cach-dang-ky-va-thiet-lap-tai-khoan-thong-qua-ung-dung-300x150.jpg 300w, https:\/\/vsbet.spot\/wp-content\/uploads\/2026\/02\/cach-dang-ky-va-thiet-lap-tai-khoan-thong-qua-ung-dung-768x384.jpg 768w\" sizes=\"auto, (max-width: 800px) 100vw, 800px\" \/><figcaption id=\"caption-attachment-247\" class=\"wp-caption-text\">C\u00e1ch \u0111\u0103ng k\u00fd v\u00e0 thi\u1ebft l\u1eadp t\u00e0i kho\u1ea3n th\u00f4ng qua \u1ee9ng d\u1ee5ng<\/figcaption><\/figure>\n<h2><span class=\"ez-toc-section\" id=\"Nhung_diem_can_ghi_nho_trong_qua_trinh_dang_ky_Vsbet\"><\/span><b>Nh\u1eefng \u0111i\u1ec3m c\u1ea7n ghi nh\u1edb trong qu\u00e1 tr\u00ecnh \u0111\u0103ng k\u00fd Vsbet<\/b><span class=\"ez-toc-section-end\"><\/span><\/h2>\n<p><span style=\"font-weight: 400;\">Trong su\u1ed1t qu\u00e1 tr\u00ecnh \u0111\u0103ng k\u00fd Vsbet, ng\u01b0\u1eddi d\u00f9ng c\u1ea7n l\u01b0u \u00fd m\u1ed9t s\u1ed1 \u0111i\u1ec3m quan tr\u1ecdng nh\u1eb1m \u0111\u1ea3m b\u1ea3o t\u00e0i kho\u1ea3n ho\u1ea1t \u0111\u1ed9ng \u1ed5n \u0111\u1ecbnh v\u1ec1 l\u00e2u d\u00e0i. Tr\u01b0\u1edbc h\u1ebft, th\u00f4ng tin c\u00e1 nh\u00e2n c\u1ea7n tr\u00f9ng kh\u1edbp v\u1edbi gi\u1ea5y t\u1edd x\u00e1c minh \u0111\u1ec3 tr\u00e1nh b\u1ecb h\u1ea1n ch\u1ebf quy\u1ec1n truy c\u1eadp khi r\u00fat ti\u1ec1n.<\/span><\/p>\n<p><span style=\"font-weight: 400;\">M\u1ed7i t\u00e0i kho\u1ea3n ch\u1ec9 n\u00ean \u0111\u01b0\u1ee3c s\u1eed d\u1ee5ng tr\u00ean t\u1ed1i \u0111a 3 thi\u1ebft b\u1ecb kh\u00e1c nhau trong c\u00f9ng m\u1ed9t kho\u1ea3ng th\u1eddi gian. Khi \u0111\u0103ng nh\u1eadp t\u1eeb thi\u1ebft b\u1ecb th\u1ee9 t\u01b0, h\u1ec7 th\u1ed1ng s\u1ebd y\u00eau c\u1ea7u x\u00e1c th\u1ef1c b\u1ed5 sung nh\u1eb1m \u0111\u1ea3m b\u1ea3o an to\u00e0n.<\/span><\/p>\n<p><span style=\"font-weight: 400;\">Ngo\u00e0i ra, vi\u1ec7c thay \u0111\u1ed5i th\u00f4ng tin li\u00ean h\u1ec7 nh\u01b0 s\u1ed1 \u0111i\u1ec7n tho\u1ea1i ho\u1eb7c email ch\u1ec9 \u0111\u01b0\u1ee3c th\u1ef1c hi\u1ec7n sau 24 gi\u1edd k\u1ec3 t\u1eeb khi \u0111\u0103ng k\u00fd ho\u00e0n t\u1ea5t. Quy \u0111\u1ecbnh n\u00e0y gi\u00fap h\u1ea1n ch\u1ebf r\u1ee7i ro chi\u1ebfm quy\u1ec1n ki\u1ec3m so\u00e1t t\u00e0i kho\u1ea3n.<\/span><\/p>\n<h2><span class=\"ez-toc-section\" id=\"Ket_luan\"><\/span><b>K\u1ebft lu\u1eadn<\/b><span class=\"ez-toc-section-end\"><\/span><\/h2>\n<p><a href=\"https:\/\/vsbet.spot\/index.php\/dang-ky-vsbet\/\"><b>\u0110\u0103ng k\u00fd Vsbet<\/b><\/a><span style=\"font-weight: 400;\"> gi\u00fap ng\u01b0\u1eddi d\u00f9ng nhanh ch\u00f3ng ti\u1ebfp c\u1eadn n\u1ec1n t\u1ea3ng v\u1edbi quy tr\u00ecnh r\u00f5 r\u00e0ng v\u00e0 d\u1ec5 thao t\u00e1c. Vi\u1ec7c ho\u00e0n t\u1ea5t th\u00f4ng tin ch\u00ednh x\u00e1c ngay t\u1eeb \u0111\u1ea7u h\u1ed7 tr\u1ee3 qu\u00e1 tr\u00ecnh s\u1eed d\u1ee5ng v\u1ec1 sau di\u1ec5n ra su\u00f4n s\u1ebb h\u01a1n. Vsbet cam k\u1ebft mang \u0111\u1ebfn m\u00f4i tr\u01b0\u1eddng truy c\u1eadp \u1ed5n \u0111\u1ecbnh, b\u1ea3o m\u1eadt v\u00e0 th\u00e2n thi\u1ec7n cho m\u1ecdi ng\u01b0\u1eddi d\u00f9ng.<\/span><\/p>\n","protected":false},"excerpt":{"rendered":"<p>\u0110\u0103ng K\u00fd Vsbet \u2013 H\u01b0\u1edbng D\u1eabn Chi Ti\u1ebft T\u1ea1o T\u00e0i Kho\u1ea3n Nhanh Ch\u00f3ng \u0110\u0103ng k\u00fd Vsbet l\u00e0 b\u01b0\u1edbc \u0111\u1ea7u ti\u00ean \u0111\u1ec3 ng\u01b0\u1eddi d\u00f9ng ti\u1ebfp c\u1eadn h\u1ec7 sinh th\u00e1i gi\u1ea3i tr\u00ed tr\u1ef1c tuy\u1ebfn v\u1edbi quy tr\u00ecnh t\u1ed1i gi\u1ea3n v\u00e0 d\u1ec5 th\u1ef1c hi\u1ec7n. N\u1ec1n t\u1ea3ng Vsbet thi\u1ebft k\u1ebf giao di\u1ec7n th\u00e2n thi\u1ec7n, cho ph\u00e9p ho\u00e0n t\u1ea5t t\u1ea1o [&#8230;]\n","protected":false},"author":1,"featured_media":249,"parent":0,"menu_order":0,"comment_status":"closed","ping_status":"closed","template":"","meta":{"footnotes":""},"class_list":["post-19","page","type-page","status-publish","has-post-thumbnail","hentry"],"_links":{"self":[{"href":"https:\/\/vsbet.spot\/index.php\/wp-json\/wp\/v2\/pages\/19","targetHints":{"allow":["GET"]}}],"collection":[{"href":"https:\/\/vsbet.spot\/index.php\/wp-json\/wp\/v2\/pages"}],"about":[{"href":"https:\/\/vsbet.spot\/index.php\/wp-json\/wp\/v2\/types\/page"}],"author":[{"embeddable":true,"href":"https:\/\/vsbet.spot\/index.php\/wp-json\/wp\/v2\/users\/1"}],"replies":[{"embeddable":true,"href":"https:\/\/vsbet.spot\/index.php\/wp-json\/wp\/v2\/comments?post=19"}],"version-history":[{"count":3,"href":"https:\/\/vsbet.spot\/index.php\/wp-json\/wp\/v2\/pages\/19\/revisions"}],"predecessor-version":[{"id":289,"href":"https:\/\/vsbet.spot\/index.php\/wp-json\/wp\/v2\/pages\/19\/revisions\/289"}],"wp:featuredmedia":[{"embeddable":true,"href":"https:\/\/vsbet.spot\/index.php\/wp-json\/wp\/v2\/media\/249"}],"wp:attachment":[{"href":"https:\/\/vsbet.spot\/index.php\/wp-json\/wp\/v2\/media?parent=19"}],"curies":[{"name":"wp","href":"https:\/\/api.w.org\/{rel}","templated":true}]}}