{"id":17,"date":"2026-02-01T05:34:27","date_gmt":"2026-02-01T05:34:27","guid":{"rendered":"https:\/\/vsbet.spot\/?page_id=17"},"modified":"2026-02-03T05:13:49","modified_gmt":"2026-02-03T05:13:49","slug":"dai-ly-vsbet","status":"publish","type":"page","link":"https:\/\/vsbet.spot\/index.php\/dai-ly-vsbet\/","title":{"rendered":"\u0110\u1ea1i l\u00fd vsbet"},"content":{"rendered":"<div id=\"ez-toc-container\" class=\"ez-toc-v2_0_80 counter-hierarchy ez-toc-counter ez-toc-grey ez-toc-container-direction\">\n<div class=\"ez-toc-title-container\">\n<p class=\"ez-toc-title\" style=\"cursor:inherit\">Table of Contents<\/p>\n<span class=\"ez-toc-title-toggle\"><a href=\"#\" class=\"ez-toc-pull-right ez-toc-btn ez-toc-btn-xs ez-toc-btn-default ez-toc-toggle\" aria-label=\"Toggle Table of Content\"><span class=\"ez-toc-js-icon-con\"><span class=\"\"><span class=\"eztoc-hide\" style=\"display:none;\">Toggle<\/span><span class=\"ez-toc-icon-toggle-span\"><svg style=\"fill: #999;color:#999\" xmlns=\"http:\/\/www.w3.org\/2000\/svg\" class=\"list-377408\" width=\"20px\" height=\"20px\" viewBox=\"0 0 24 24\" fill=\"none\"><path d=\"M6 6H4v2h2V6zm14 0H8v2h12V6zM4 11h2v2H4v-2zm16 0H8v2h12v-2zM4 16h2v2H4v-2zm16 0H8v2h12v-2z\" fill=\"currentColor\"><\/path><\/svg><svg style=\"fill: #999;color:#999\" class=\"arrow-unsorted-368013\" xmlns=\"http:\/\/www.w3.org\/2000\/svg\" width=\"10px\" height=\"10px\" viewBox=\"0 0 24 24\" version=\"1.2\" baseProfile=\"tiny\"><path d=\"M18.2 9.3l-6.2-6.3-6.2 6.3c-.2.2-.3.4-.3.7s.1.5.3.7c.2.2.4.3.7.3h11c.3 0 .5-.1.7-.3.2-.2.3-.5.3-.7s-.1-.5-.3-.7zM5.8 14.7l6.2 6.3 6.2-6.3c.2-.2.3-.5.3-.7s-.1-.5-.3-.7c-.2-.2-.4-.3-.7-.3h-11c-.3 0-.5.1-.7.3-.2.2-.3.5-.3.7s.1.5.3.7z\"\/><\/svg><\/span><\/span><\/span><\/a><\/span><\/div>\n<nav><ul class='ez-toc-list ez-toc-list-level-1 ' ><li class='ez-toc-page-1 ez-toc-heading-level-1'><a class=\"ez-toc-link ez-toc-heading-1\" href=\"https:\/\/vsbet.spot\/index.php\/dai-ly-vsbet\/#Dai_Ly_Vsbet_%E2%80%93_Chi_Tiet_Chuong_Trinh_Hop_Tac_Quyen_Loi\" >\u0110\u1ea1i L\u00fd Vsbet \u2013 Chi Ti\u1ebft Ch\u01b0\u01a1ng Tr\u00ecnh H\u1ee3p T\u00e1c &amp; Quy\u1ec1n L\u1ee3i<\/a><ul class='ez-toc-list-level-2' ><li class='ez-toc-heading-level-2'><a class=\"ez-toc-link ez-toc-heading-2\" href=\"https:\/\/vsbet.spot\/index.php\/dai-ly-vsbet\/#Yeu_cau_can_dap_ung_de_tham_gia_chuong_trinh_dai_ly_Vsbet\" >Y\u00eau c\u1ea7u c\u1ea7n \u0111\u00e1p \u1ee9ng \u0111\u1ec3 tham gia ch\u01b0\u01a1ng tr\u00ecnh \u0111\u1ea1i l\u00fd Vsbet<\/a><\/li><li class='ez-toc-page-1 ez-toc-heading-level-2'><a class=\"ez-toc-link ez-toc-heading-3\" href=\"https:\/\/vsbet.spot\/index.php\/dai-ly-vsbet\/#Co_che_phan_chia_loi_nhuan_va_thu_nhap_cho_doi_tac\" >C\u01a1 ch\u1ebf ph\u00e2n chia l\u1ee3i nhu\u1eadn v\u00e0 thu nh\u1eadp cho \u0111\u1ed1i t\u00e1c<\/a><ul class='ez-toc-list-level-3' ><li class='ez-toc-heading-level-3'><a class=\"ez-toc-link ez-toc-heading-4\" href=\"https:\/\/vsbet.spot\/index.php\/dai-ly-vsbet\/#Nguyen_tac_xac_dinh_khoan_hoa_hong_phat_sinh\" >Nguy\u00ean t\u1eafc x\u00e1c \u0111\u1ecbnh kho\u1ea3n hoa h\u1ed3ng ph\u00e1t sinh<\/a><\/li><li class='ez-toc-page-1 ez-toc-heading-level-3'><a class=\"ez-toc-link ez-toc-heading-5\" href=\"https:\/\/vsbet.spot\/index.php\/dai-ly-vsbet\/#Muc_chia_loi_nhuan_dua_tren_tong_doanh_thu_dat_duoc\" >M\u1ee9c chia l\u1ee3i nhu\u1eadn d\u1ef1a tr\u00ean t\u1ed5ng doanh thu \u0111\u1ea1t \u0111\u01b0\u1ee3c<\/a><\/li><li class='ez-toc-page-1 ez-toc-heading-level-3'><a class=\"ez-toc-link ez-toc-heading-6\" href=\"https:\/\/vsbet.spot\/index.php\/dai-ly-vsbet\/#Quy_trinh_chi_tra_hoa_hong_cung_cac_quyen_loi_bo_sung\" >Quy tr\u00ecnh chi tr\u1ea3 hoa h\u1ed3ng c\u00f9ng c\u00e1c quy\u1ec1n l\u1ee3i b\u1ed5 sung<\/a><\/li><\/ul><\/li><li class='ez-toc-page-1 ez-toc-heading-level-2'><a class=\"ez-toc-link ez-toc-heading-7\" href=\"https:\/\/vsbet.spot\/index.php\/dai-ly-vsbet\/#Quy_trinh_dang_ky_tham_gia_he_thong_doi_tac_Vsbet\" >Quy tr\u00ecnh \u0111\u0103ng k\u00fd tham gia h\u1ec7 th\u1ed1ng \u0111\u1ed1i t\u00e1c Vsbet<\/a><ul class='ez-toc-list-level-3' ><li class='ez-toc-heading-level-3'><a class=\"ez-toc-link ez-toc-heading-8\" href=\"https:\/\/vsbet.spot\/index.php\/dai-ly-vsbet\/#Cac_buoc_dang_ky_truc_tuyen_tren_nen_tang\" >C\u00e1c b\u01b0\u1edbc \u0111\u0103ng k\u00fd tr\u1ef1c tuy\u1ebfn tr\u00ean n\u1ec1n t\u1ea3ng<\/a><\/li><li class='ez-toc-page-1 ez-toc-heading-level-3'><a class=\"ez-toc-link ez-toc-heading-9\" href=\"https:\/\/vsbet.spot\/index.php\/dai-ly-vsbet\/#Quy_trinh_xac_minh_thong_tin_va_xet_duyet_ho_so\" >Quy tr\u00ecnh x\u00e1c minh th\u00f4ng tin v\u00e0 x\u00e9t duy\u1ec7t h\u1ed3 s\u01a1<\/a><\/li><li class='ez-toc-page-1 ez-toc-heading-level-3'><a class=\"ez-toc-link ez-toc-heading-10\" href=\"https:\/\/vsbet.spot\/index.php\/dai-ly-vsbet\/#Cach_kich_hoat_va_bat_dau_su_dung_tai_khoan_doi_tac\" >C\u00e1ch k\u00edch ho\u1ea1t v\u00e0 b\u1eaft \u0111\u1ea7u s\u1eed d\u1ee5ng t\u00e0i kho\u1ea3n \u0111\u1ed1i t\u00e1c<\/a><\/li><\/ul><\/li><li class='ez-toc-page-1 ez-toc-heading-level-2'><a class=\"ez-toc-link ez-toc-heading-11\" href=\"https:\/\/vsbet.spot\/index.php\/dai-ly-vsbet\/#Ket_luan\" >K\u1ebft lu\u1eadn<\/a><\/li><\/ul><\/li><\/ul><\/nav><\/div>\n<h1 style=\"text-align: center;\"><span class=\"ez-toc-section\" id=\"Dai_Ly_Vsbet_%E2%80%93_Chi_Tiet_Chuong_Trinh_Hop_Tac_Quyen_Loi\"><\/span><b>\u0110\u1ea1i L\u00fd Vsbet \u2013 Chi Ti\u1ebft Ch\u01b0\u01a1ng Tr\u00ecnh H\u1ee3p T\u00e1c &amp; Quy\u1ec1n L\u1ee3i<\/b><span class=\"ez-toc-section-end\"><\/span><\/h1>\n<p><b>\u0110\u1ea1i l\u00fd Vsbet<\/b><span style=\"font-weight: 400;\"> mang \u0111\u1ebfn m\u00f4 h\u00ecnh h\u1ee3p t\u00e1c linh ho\u1ea1t, gi\u00fap \u0111\u1ed1i t\u00e1c khai th\u00e1c ti\u1ec1m n\u0103ng thu nh\u1eadp th\u00f4ng qua h\u1ec7 th\u1ed1ng qu\u1ea3n l\u00fd minh b\u1ea1ch v\u00e0 ch\u00ednh s\u00e1ch chia s\u1ebb l\u1ee3i nhu\u1eadn r\u00f5 r\u00e0ng. Khi tham gia, \u0111\u1ed1i t\u00e1c <strong><a href=\"https:\/\/vsbet.spot\/\">Vsbet<\/a><\/strong> \u0111\u01b0\u1ee3c cung c\u1ea5p c\u00f4ng c\u1ee5 theo d\u00f5i hi\u1ec7u su\u1ea5t, h\u1ed7 tr\u1ee3 k\u1ef9 thu\u1eadt chuy\u00ean bi\u1ec7t v\u00e0 t\u00e0i nguy\u00ean truy\u1ec1n th\u00f4ng \u0111\u1ed3ng b\u1ed9.<\/span><\/p>\n<h2><span class=\"ez-toc-section\" id=\"Yeu_cau_can_dap_ung_de_tham_gia_chuong_trinh_dai_ly_Vsbet\"><\/span><b>Y\u00eau c\u1ea7u c\u1ea7n \u0111\u00e1p \u1ee9ng \u0111\u1ec3 tham gia ch\u01b0\u01a1ng tr\u00ecnh \u0111\u1ea1i l\u00fd Vsbet<\/b><span class=\"ez-toc-section-end\"><\/span><\/h2>\n<p><span style=\"font-weight: 400;\">\u0110\u1ec3 tham gia ch\u01b0\u01a1ng tr\u00ecnh \u0111\u1ea1i l\u00fd Vsbet, ng\u01b0\u1eddi \u0111\u0103ng k\u00fd c\u1ea7n \u0111\u00e1p \u1ee9ng m\u1ed9t s\u1ed1 y\u00eau c\u1ea7u c\u01a1 b\u1ea3n nh\u1eb1m \u0111\u1ea3m b\u1ea3o t\u00ednh minh b\u1ea1ch, hi\u1ec7u qu\u1ea3 v\u00e0 tu\u00e2n th\u1ee7 quy \u0111\u1ecbnh ph\u00e1p l\u00fd. Tr\u01b0\u1edbc h\u1ebft, \u0111\u1ea1i l\u00fd ph\u1ea3i \u0111\u1ee7 18 tu\u1ed5i tr\u1edf l\u00ean (18+) v\u00e0 cung c\u1ea5p \u0111\u1ea7y \u0111\u1ee7 th\u00f4ng tin x\u00e1c minh danh t\u00ednh (KYC), bao g\u1ed3m 100% th\u00f4ng tin c\u00e1 nh\u00e2n h\u1ee3p l\u1ec7 nh\u01b0 CMND\/CCCD ho\u1eb7c h\u1ed9 chi\u1ebfu.<\/span><\/p>\n<p><span style=\"font-weight: 400;\">V\u1ec1 n\u0103ng l\u1ef1c ph\u00e1t tri\u1ec3n th\u1ecb tr\u01b0\u1eddng, Vsbet \u01b0u ti\u00ean c\u00e1c \u0111\u1ed1i t\u00e1c s\u1edf h\u1eefu k\u00eanh marketing s\u1eb5n c\u00f3 nh\u01b0 website, fanpage ho\u1eb7c nh\u00f3m c\u1ed9ng \u0111\u1ed3ng v\u1edbi l\u01b0u l\u01b0\u1ee3ng truy c\u1eadp t\u1ed1i thi\u1ec3u 3.000\u20135.000 l\u01b0\u1ee3t\/th\u00e1ng. \u0110\u1ed1i v\u1edbi \u0111\u1ea1i l\u00fd offline, c\u1ea7n ch\u1ee9ng minh kh\u1ea3 n\u0103ng gi\u1edbi thi\u1ec7u ng\u01b0\u1eddi ch\u01a1i m\u1edbi \u0111\u1ea1t t\u1ed1i thi\u1ec3u 20\u201330 t\u00e0i kho\u1ea3n\/th\u00e1ng.<\/span><\/p>\n<p><span style=\"font-weight: 400;\">Ngo\u00e0i ra, \u0111\u1ea1i l\u00fd c\u1ea7n c\u00f3 hi\u1ec3u bi\u1ebft c\u01a1 b\u1ea3n v\u1ec1 c\u00e1 c\u01b0\u1ee3c tr\u1ef1c tuy\u1ebfn v\u00e0 tu\u00e2n th\u1ee7 quy \u0111\u1ecbnh qu\u1ea3ng b\u00e1 c\u00f3 tr\u00e1ch nhi\u1ec7m, kh\u00f4ng vi ph\u1ea1m ph\u00e1p lu\u1eadt \u0111\u1ecba ph\u01b0\u01a1ng. V\u1ec1 quy\u1ec1n l\u1ee3i, m\u1ee9c hoa h\u1ed3ng \u0111\u1ea1i l\u00fd th\u01b0\u1eddng dao \u0111\u1ed9ng t\u1eeb 30% \u0111\u1ebfn 60% doanh thu r\u00f2ng, t\u00f9y theo hi\u1ec7u su\u1ea5t h\u00e0ng th\u00e1ng. V\u00ed d\u1ee5, n\u1ebfu doanh thu r\u00f2ng \u0111\u1ea1t 100 tri\u1ec7u \u0111\u1ed3ng\/th\u00e1ng, \u0111\u1ea1i l\u00fd c\u00f3 th\u1ec3 nh\u1eadn t\u1eeb 30\u201360 tri\u1ec7u \u0111\u1ed3ng ti\u1ec1n hoa h\u1ed3ng.<\/span><\/p>\n<figure id=\"attachment_250\" aria-describedby=\"caption-attachment-250\" style=\"width: 800px\" class=\"wp-caption aligncenter\"><img loading=\"lazy\" decoding=\"async\" class=\"size-full wp-image-250\" src=\"https:\/\/vsbet.spot\/wp-content\/uploads\/2026\/02\/cac-dieu-kien-can-dap-ung-de-tham-gia-dai-ly-vsbet.jpg\" alt=\"C\u00e1c \u0111i\u1ec1u ki\u1ec7n c\u1ea7n \u0111\u00e1p \u1ee9ng \u0111\u1ec3 tham gia \u0111\u1ea1i l\u00fd Vsbet\" width=\"800\" height=\"400\" srcset=\"https:\/\/vsbet.spot\/wp-content\/uploads\/2026\/02\/cac-dieu-kien-can-dap-ung-de-tham-gia-dai-ly-vsbet.jpg 800w, https:\/\/vsbet.spot\/wp-content\/uploads\/2026\/02\/cac-dieu-kien-can-dap-ung-de-tham-gia-dai-ly-vsbet-300x150.jpg 300w, https:\/\/vsbet.spot\/wp-content\/uploads\/2026\/02\/cac-dieu-kien-can-dap-ung-de-tham-gia-dai-ly-vsbet-768x384.jpg 768w\" sizes=\"auto, (max-width: 800px) 100vw, 800px\" \/><figcaption id=\"caption-attachment-250\" class=\"wp-caption-text\">C\u00e1c \u0111i\u1ec1u ki\u1ec7n c\u1ea7n \u0111\u00e1p \u1ee9ng \u0111\u1ec3 tham gia \u0111\u1ea1i l\u00fd Vsbet<\/figcaption><\/figure>\n<h2><span class=\"ez-toc-section\" id=\"Co_che_phan_chia_loi_nhuan_va_thu_nhap_cho_doi_tac\"><\/span><b>C\u01a1 ch\u1ebf ph\u00e2n chia l\u1ee3i nhu\u1eadn v\u00e0 thu nh\u1eadp cho \u0111\u1ed1i t\u00e1c<\/b><span class=\"ez-toc-section-end\"><\/span><\/h2>\n<p><span style=\"font-weight: 400;\">H\u1ec7 th\u1ed1ng l\u1ee3i nhu\u1eadn \u0111\u01b0\u1ee3c thi\u1ebft k\u1ebf theo h\u01b0\u1edbng linh ho\u1ea1t, ph\u1ea3n \u00e1nh \u0111\u00fang hi\u1ec7u qu\u1ea3 ho\u1ea1t \u0111\u1ed9ng c\u1ee7a t\u1eebng \u0111\u1ed1i t\u00e1c. \u0110\u1ea1i l\u00fd Vsbet kh\u00f4ng b\u1ecb r\u00e0ng bu\u1ed9c m\u1ee9c c\u1ed1 \u0111\u1ecbnh ngay t\u1eeb \u0111\u1ea7u m\u00e0 \u0111\u01b0\u1ee3c \u0111i\u1ec1u ch\u1ec9nh theo k\u1ebft qu\u1ea3 th\u1ef1c t\u1ebf trong t\u1eebng chu k\u1ef3.<\/span><\/p>\n<h3><span class=\"ez-toc-section\" id=\"Nguyen_tac_xac_dinh_khoan_hoa_hong_phat_sinh\"><\/span><b>Nguy\u00ean t\u1eafc x\u00e1c \u0111\u1ecbnh kho\u1ea3n hoa h\u1ed3ng ph\u00e1t sinh<\/b><span class=\"ez-toc-section-end\"><\/span><\/h3>\n<p><span style=\"font-weight: 400;\">Kho\u1ea3n hoa h\u1ed3ng c\u1ee7a \u0111\u1ea1i l\u00fd Vsbet \u0111\u01b0\u1ee3c t\u00ednh d\u1ef1a tr\u00ean doanh thu r\u00f2ng t\u1ea1o ra t\u1eeb nh\u00f3m ng\u01b0\u1eddi d\u00f9ng do \u0111\u1ed1i t\u00e1c qu\u1ea3n l\u00fd. Doanh thu r\u00f2ng \u0111\u01b0\u1ee3c x\u00e1c \u0111\u1ecbnh sau khi \u0111\u00e3 kh\u1ea5u tr\u1eeb chi ph\u00ed v\u1eadn h\u00e0nh, \u01b0u \u0111\u00e3i \u00e1p d\u1ee5ng cho ng\u01b0\u1eddi d\u00f9ng v\u00e0 c\u00e1c kho\u1ea3n \u0111i\u1ec1u ch\u1ec9nh k\u1ef9 thu\u1eadt.<\/span><\/p>\n<p><span style=\"font-weight: 400;\">V\u00ed d\u1ee5, khi t\u1ed5ng doanh thu ph\u00e1t sinh \u0111\u1ea1t 50 tri\u1ec7u \u0111\u1ed3ng trong m\u1ed9t chu k\u1ef3, ph\u1ea7n r\u00f2ng sau kh\u1ea5u tr\u1eeb c\u00f2n 40 tri\u1ec7u \u0111\u1ed3ng s\u1ebd l\u00e0 c\u01a1 s\u1edf \u0111\u1ec3 t\u00ednh hoa h\u1ed3ng. C\u00e1ch t\u00ednh n\u00e0y gi\u00fap \u0111\u1ea3m b\u1ea3o s\u1ef1 c\u00f4ng b\u1eb1ng, ph\u1ea3n \u00e1nh \u0111\u00fang gi\u00e1 tr\u1ecb \u0111\u00f3ng g\u00f3p c\u1ee7a t\u1eebng \u0111\u1ed1i t\u00e1c trong h\u1ec7 th\u1ed1ng.<\/span><\/p>\n<h3><span class=\"ez-toc-section\" id=\"Muc_chia_loi_nhuan_dua_tren_tong_doanh_thu_dat_duoc\"><\/span><b>M\u1ee9c chia l\u1ee3i nhu\u1eadn d\u1ef1a tr\u00ean t\u1ed5ng doanh thu \u0111\u1ea1t \u0111\u01b0\u1ee3c<\/b><span class=\"ez-toc-section-end\"><\/span><\/h3>\n<p><span style=\"font-weight: 400;\">T\u1ef7 l\u1ec7 chia l\u1ee3i nhu\u1eadn \u0111\u01b0\u1ee3c ph\u00e2n theo c\u00e1c m\u1ed1c doanh thu c\u1ee5 th\u1ec3. \u0110\u1ea1i l\u00fd Vsbet \u0111\u1ea1t m\u1ee9c r\u00f2ng t\u1eeb 20 \u0111\u1ebfn d\u01b0\u1edbi 50 tri\u1ec7u \u0111\u1ed3ng c\u00f3 th\u1ec3 nh\u1eadn t\u1ef7 l\u1ec7 25%. Khi doanh thu t\u0103ng l\u00ean m\u1ed1c 50 \u0111\u1ebfn d\u01b0\u1edbi 100 tri\u1ec7u \u0111\u1ed3ng, t\u1ef7 l\u1ec7 \u0111\u01b0\u1ee3c n\u00e2ng l\u00ean 30%.<\/span><\/p>\n<p><span style=\"font-weight: 400;\">\u0110\u1ed1i v\u1edbi \u0111\u1ed1i t\u00e1c duy tr\u00ec doanh thu r\u00f2ng t\u1eeb 100 tri\u1ec7u \u0111\u1ed3ng tr\u1edf l\u00ean trong m\u1ed9t chu k\u1ef3, m\u1ee9c chia c\u00f3 th\u1ec3 \u0111\u1ea1t 35%. Vi\u1ec7c ph\u00e2n t\u1ea7ng r\u00f5 r\u00e0ng gi\u00fap khuy\u1ebfn kh\u00edch m\u1edf r\u1ed9ng quy m\u00f4 ho\u1ea1t \u0111\u1ed9ng, \u0111\u1ed3ng th\u1eddi t\u1ea1o \u0111\u1ed9ng l\u1ef1c duy tr\u00ec hi\u1ec7u su\u1ea5t \u1ed5n \u0111\u1ecbnh theo th\u1eddi gian.<\/span><\/p>\n<figure id=\"attachment_254\" aria-describedby=\"caption-attachment-254\" style=\"width: 800px\" class=\"wp-caption aligncenter\"><img loading=\"lazy\" decoding=\"async\" class=\"size-full wp-image-254\" src=\"https:\/\/vsbet.spot\/wp-content\/uploads\/2026\/02\/phuong-thuc-chia-se-loi-nhuan-va-co-cau-thu-nhap.jpg\" alt=\"Ph\u01b0\u01a1ng th\u1ee9c chia s\u1ebb l\u1ee3i nhu\u1eadn v\u00e0 c\u01a1 c\u1ea5u thu nh\u1eadp\" width=\"800\" height=\"400\" srcset=\"https:\/\/vsbet.spot\/wp-content\/uploads\/2026\/02\/phuong-thuc-chia-se-loi-nhuan-va-co-cau-thu-nhap.jpg 800w, https:\/\/vsbet.spot\/wp-content\/uploads\/2026\/02\/phuong-thuc-chia-se-loi-nhuan-va-co-cau-thu-nhap-300x150.jpg 300w, https:\/\/vsbet.spot\/wp-content\/uploads\/2026\/02\/phuong-thuc-chia-se-loi-nhuan-va-co-cau-thu-nhap-768x384.jpg 768w\" sizes=\"auto, (max-width: 800px) 100vw, 800px\" \/><figcaption id=\"caption-attachment-254\" class=\"wp-caption-text\">Ph\u01b0\u01a1ng th\u1ee9c chia s\u1ebb l\u1ee3i nhu\u1eadn v\u00e0 c\u01a1 c\u1ea5u thu nh\u1eadp<\/figcaption><\/figure>\n<h3><span class=\"ez-toc-section\" id=\"Quy_trinh_chi_tra_hoa_hong_cung_cac_quyen_loi_bo_sung\"><\/span><b>Quy tr\u00ecnh chi tr\u1ea3 hoa h\u1ed3ng c\u00f9ng c\u00e1c quy\u1ec1n l\u1ee3i b\u1ed5 sung<\/b><span class=\"ez-toc-section-end\"><\/span><\/h3>\n<p><span style=\"font-weight: 400;\">Hoa h\u1ed3ng c\u1ee7a \u0111\u1ea1i l\u00fd Vsbet \u0111\u01b0\u1ee3c t\u1ed5ng k\u1ebft theo chu k\u1ef3 7 ng\u00e0y. Sau khi h\u1ec7 th\u1ed1ng ho\u00e0n t\u1ea5t \u0111\u1ed1i so\u00e1t, kho\u1ea3n thu nh\u1eadp s\u1ebd \u0111\u01b0\u1ee3c chuy\u1ec3n v\u1ec1 v\u00ed \u0111\u1ed1i t\u00e1c trong v\u00f2ng 24 gi\u1edd. M\u1ecdi giao d\u1ecbch \u0111\u1ec1u hi\u1ec3n th\u1ecb chi ti\u1ebft trong b\u1ea3ng th\u1ed1ng k\u00ea, bao g\u1ed3m ngu\u1ed3n ph\u00e1t sinh v\u00e0 m\u1ed1c th\u1eddi gian c\u1ee5 th\u1ec3.<\/span><\/p>\n<p><span style=\"font-weight: 400;\">Ngo\u00e0i kho\u1ea3n thu nh\u1eadp ch\u00ednh, \u0111\u1ed1i t\u00e1c c\u00f2n \u0111\u01b0\u1ee3c h\u01b0\u1edfng quy\u1ec1n l\u1ee3i b\u1ed5 sung nh\u01b0 h\u1ed7 tr\u1ee3 truy\u1ec1n th\u00f4ng, cung c\u1ea5p banner theo t\u1eebng chi\u1ebfn d\u1ecbch ho\u1eb7c tham gia ch\u01b0\u01a1ng tr\u00ecnh th\u01b0\u1edfng qu\u00fd khi \u0111\u1ea1t m\u1ed1c doanh thu nh\u1ea5t \u0111\u1ecbnh. Nh\u1eefng quy\u1ec1n l\u1ee3i n\u00e0y g\u00f3p ph\u1ea7n gia t\u0103ng gi\u00e1 tr\u1ecb h\u1ee3p t\u00e1c ngo\u00e0i con s\u1ed1 hoa h\u1ed3ng tr\u1ef1c ti\u1ebfp.<\/span><\/p>\n<h2><span class=\"ez-toc-section\" id=\"Quy_trinh_dang_ky_tham_gia_he_thong_doi_tac_Vsbet\"><\/span><b>Quy tr\u00ecnh \u0111\u0103ng k\u00fd tham gia h\u1ec7 th\u1ed1ng \u0111\u1ed1i t\u00e1c Vsbet<\/b><span class=\"ez-toc-section-end\"><\/span><\/h2>\n<p><span style=\"font-weight: 400;\">To\u00e0n b\u1ed9 quy tr\u00ecnh \u0111\u0103ng k\u00fd \u0111\u01b0\u1ee3c s\u1ed1 h\u00f3a nh\u1eb1m ti\u1ebft ki\u1ec7m th\u1eddi gian v\u00e0 gi\u1ea3m th\u1ee7 t\u1ee5c kh\u00f4ng c\u1ea7n thi\u1ebft. \u0110\u1ea1i l\u00fd Vsbet c\u00f3 th\u1ec3 ho\u00e0n t\u1ea5t c\u00e1c b\u01b0\u1edbc c\u1ea7n thi\u1ebft ngay tr\u00ean n\u1ec1n t\u1ea3ng m\u00e0 kh\u00f4ng ph\u1ea3i th\u00f4ng qua trung gian.<\/span><\/p>\n<h3><span class=\"ez-toc-section\" id=\"Cac_buoc_dang_ky_truc_tuyen_tren_nen_tang\"><\/span><b>C\u00e1c b\u01b0\u1edbc \u0111\u0103ng k\u00fd tr\u1ef1c tuy\u1ebfn tr\u00ean n\u1ec1n t\u1ea3ng<\/b><span class=\"ez-toc-section-end\"><\/span><\/h3>\n<p><span style=\"font-weight: 400;\">\u0110\u1ed1i t\u00e1c truy c\u1eadp khu v\u1ef1c \u201cH\u1ee3p t\u00e1c\u201d trong t\u00e0i kho\u1ea3n c\u00e1 nh\u00e2n, sau \u0111\u00f3 \u0111i\u1ec1n \u0111\u1ea7y \u0111\u1ee7 th\u00f4ng tin theo bi\u1ec3u m\u1eabu c\u00f3 s\u1eb5n. C\u00e1c tr\u01b0\u1eddng th\u00f4ng tin bao g\u1ed3m h\u1ecd t\u00ean, ph\u01b0\u01a1ng th\u1ee9c li\u00ean h\u1ec7, k\u00eanh khai th\u00e1c d\u1ef1 ki\u1ebfn v\u00e0 kinh nghi\u1ec7m v\u1eadn h\u00e0nh c\u1ed9ng \u0111\u1ed3ng n\u1ebfu c\u00f3. Sau khi g\u1eedi bi\u1ec3u m\u1eabu, h\u1ec7 th\u1ed1ng s\u1ebd ghi nh\u1eadn th\u1eddi \u0111i\u1ec3m \u0111\u0103ng k\u00fd v\u00e0 c\u1ea5p m\u00e3 h\u1ed3 s\u01a1 \u0111\u1ec3 theo d\u00f5i ti\u1ebfn tr\u00ecnh.\u00a0<\/span><\/p>\n<figure id=\"attachment_248\" aria-describedby=\"caption-attachment-248\" style=\"width: 800px\" class=\"wp-caption aligncenter\"><img loading=\"lazy\" decoding=\"async\" class=\"size-full wp-image-248\" src=\"https:\/\/vsbet.spot\/wp-content\/uploads\/2026\/02\/cac-buoc-dang-ky-va-gia-nhap-he-thong-doi-tac-vsbet.jpg\" alt=\"C\u00e1c b\u01b0\u1edbc \u0111\u0103ng k\u00fd v\u00e0 gia nh\u1eadp h\u1ec7 th\u1ed1ng \u0111\u1ed1i t\u00e1c Vsbet\" width=\"800\" height=\"400\" srcset=\"https:\/\/vsbet.spot\/wp-content\/uploads\/2026\/02\/cac-buoc-dang-ky-va-gia-nhap-he-thong-doi-tac-vsbet.jpg 800w, https:\/\/vsbet.spot\/wp-content\/uploads\/2026\/02\/cac-buoc-dang-ky-va-gia-nhap-he-thong-doi-tac-vsbet-300x150.jpg 300w, https:\/\/vsbet.spot\/wp-content\/uploads\/2026\/02\/cac-buoc-dang-ky-va-gia-nhap-he-thong-doi-tac-vsbet-768x384.jpg 768w\" sizes=\"auto, (max-width: 800px) 100vw, 800px\" \/><figcaption id=\"caption-attachment-248\" class=\"wp-caption-text\">C\u00e1c b\u01b0\u1edbc \u0111\u0103ng k\u00fd v\u00e0 gia nh\u1eadp h\u1ec7 th\u1ed1ng \u0111\u1ed1i t\u00e1c Vsbet<\/figcaption><\/figure>\n<h3><span class=\"ez-toc-section\" id=\"Quy_trinh_xac_minh_thong_tin_va_xet_duyet_ho_so\"><\/span><b>Quy tr\u00ecnh x\u00e1c minh th\u00f4ng tin v\u00e0 x\u00e9t duy\u1ec7t h\u1ed3 s\u01a1<\/b><span class=\"ez-toc-section-end\"><\/span><\/h3>\n<p><span style=\"font-weight: 400;\">H\u1ed3 s\u01a1 \u0111\u0103ng k\u00fd s\u1ebd \u0111\u01b0\u1ee3c b\u1ed9 ph\u1eadn ph\u1ee5 tr\u00e1ch ki\u1ec3m tra trong v\u00f2ng 48 gi\u1edd. C\u00e1c ti\u00eau ch\u00ed x\u00e9t duy\u1ec7t bao g\u1ed3m t\u00ednh ch\u00ednh x\u00e1c c\u1ee7a th\u00f4ng tin, l\u1ecbch s\u1eed ho\u1ea1t \u0111\u1ed9ng t\u00e0i kho\u1ea3n v\u00e0 m\u1ee9c \u0111\u1ed9 ph\u00f9 h\u1ee3p v\u1edbi ch\u01b0\u01a1ng tr\u00ecnh h\u1ee3p t\u00e1c.<\/span><\/p>\n<p><span style=\"font-weight: 400;\">Trong tr\u01b0\u1eddng h\u1ee3p c\u1ea7n b\u1ed5 sung d\u1eef li\u1ec7u, h\u1ec7 th\u1ed1ng s\u1ebd g\u1eedi th\u00f4ng b\u00e1o tr\u1ef1c ti\u1ebfp qua email ho\u1eb7c tin nh\u1eafn n\u1ed9i b\u1ed9. Quy tr\u00ecnh minh b\u1ea1ch gi\u00fap \u0111\u1ea1i l\u00fd Vsbet n\u1eafm r\u00f5 tr\u1ea1ng th\u00e1i h\u1ed3 s\u01a1, tr\u00e1nh t\u00ecnh tr\u1ea1ng ch\u1edd \u0111\u1ee3i kh\u00f4ng r\u00f5 nguy\u00ean nh\u00e2n.<\/span><\/p>\n<h3><span class=\"ez-toc-section\" id=\"Cach_kich_hoat_va_bat_dau_su_dung_tai_khoan_doi_tac\"><\/span><b>C\u00e1ch k\u00edch ho\u1ea1t v\u00e0 b\u1eaft \u0111\u1ea7u s\u1eed d\u1ee5ng t\u00e0i kho\u1ea3n \u0111\u1ed1i t\u00e1c<\/b><span class=\"ez-toc-section-end\"><\/span><\/h3>\n<p><span style=\"font-weight: 400;\">Sau khi \u0111\u01b0\u1ee3c ph\u00ea duy\u1ec7t, t\u00e0i kho\u1ea3n \u0111\u1ed1i t\u00e1c s\u1ebd \u0111\u01b0\u1ee3c k\u00edch ho\u1ea1t t\u1ef1 \u0111\u1ed9ng. \u0110\u1ea1i l\u00fd Vsbet l\u00fac n\u00e0y c\u00f3 quy\u1ec1n truy c\u1eadp b\u1ea3ng qu\u1ea3n l\u00fd ri\u00eang, bao g\u1ed3m li\u00ean k\u1ebft gi\u1edbi thi\u1ec7u, th\u1ed1ng k\u00ea doanh thu v\u00e0 c\u00f4ng c\u1ee5 theo d\u00f5i hi\u1ec7u su\u1ea5t.<\/span><\/p>\n<p><span style=\"font-weight: 400;\">Ngay khi k\u00edch ho\u1ea1t, \u0111\u1ed1i t\u00e1c c\u00f3 th\u1ec3 b\u1eaft \u0111\u1ea7u x\u00e2y d\u1ef1ng nh\u00f3m ng\u01b0\u1eddi d\u00f9ng, tri\u1ec3n khai ho\u1ea1t \u0111\u1ed9ng truy\u1ec1n th\u00f4ng theo \u0111\u1ecbnh h\u01b0\u1edbng c\u00e1 nh\u00e2n. H\u1ec7 th\u1ed1ng c\u1eadp nh\u1eadt d\u1eef li\u1ec7u theo th\u1eddi gian th\u1ef1c, gi\u00fap vi\u1ec7c qu\u1ea3n l\u00fd tr\u1edf n\u00ean tr\u1ef1c quan v\u00e0 d\u1ec5 \u0111i\u1ec1u ch\u1ec9nh.<\/span><\/p>\n<h2><span class=\"ez-toc-section\" id=\"Ket_luan\"><\/span><b>K\u1ebft lu\u1eadn<\/b><span class=\"ez-toc-section-end\"><\/span><\/h2>\n<p><a href=\"https:\/\/vsbet.spot\/index.php\/dai-ly-vsbet\/\"><b>\u0110\u1ea1i l\u00fd Vsbet<\/b><\/a><span style=\"font-weight: 400;\"> l\u00e0 l\u1ef1a ch\u1ecdn ph\u00f9 h\u1ee3p cho nh\u1eefng ai t\u00ecm ki\u1ebfm m\u00f4 h\u00ecnh h\u1ee3p t\u00e1c minh b\u1ea1ch v\u00e0 \u0111\u1ecbnh h\u01b0\u1edbng t\u0103ng tr\u01b0\u1edfng d\u00e0i h\u1ea1n. Vi\u1ec7c hi\u1ec3u r\u00f5 c\u01a1 ch\u1ebf v\u1eadn h\u00e0nh gi\u00fap \u0111\u1ed1i t\u00e1c t\u1eadn d\u1ee5ng t\u1ed1i \u0111a quy\u1ec1n l\u1ee3i s\u1eb5n c\u00f3. Vsbet cam k\u1ebft \u0111\u1ed3ng h\u00e0nh b\u1eb1ng ch\u00ednh s\u00e1ch r\u00f5 r\u00e0ng, h\u1ed7 tr\u1ee3 \u1ed5n \u0111\u1ecbnh v\u00e0 m\u00f4i tr\u01b0\u1eddng h\u1ee3p t\u00e1c b\u1ec1n v\u1eefng.<\/span><\/p>\n","protected":false},"excerpt":{"rendered":"<p>\u0110\u1ea1i L\u00fd Vsbet \u2013 Chi Ti\u1ebft Ch\u01b0\u01a1ng Tr\u00ecnh H\u1ee3p T\u00e1c &amp; Quy\u1ec1n L\u1ee3i \u0110\u1ea1i l\u00fd Vsbet mang \u0111\u1ebfn m\u00f4 h\u00ecnh h\u1ee3p t\u00e1c linh ho\u1ea1t, gi\u00fap \u0111\u1ed1i t\u00e1c khai th\u00e1c ti\u1ec1m n\u0103ng thu nh\u1eadp th\u00f4ng qua h\u1ec7 th\u1ed1ng qu\u1ea3n l\u00fd minh b\u1ea1ch v\u00e0 ch\u00ednh s\u00e1ch chia s\u1ebb l\u1ee3i nhu\u1eadn r\u00f5 r\u00e0ng. Khi tham gia, \u0111\u1ed1i t\u00e1c [&#8230;]\n","protected":false},"author":1,"featured_media":253,"parent":0,"menu_order":0,"comment_status":"closed","ping_status":"closed","template":"","meta":{"footnotes":""},"class_list":["post-17","page","type-page","status-publish","has-post-thumbnail","hentry"],"_links":{"self":[{"href":"https:\/\/vsbet.spot\/index.php\/wp-json\/wp\/v2\/pages\/17","targetHints":{"allow":["GET"]}}],"collection":[{"href":"https:\/\/vsbet.spot\/index.php\/wp-json\/wp\/v2\/pages"}],"about":[{"href":"https:\/\/vsbet.spot\/index.php\/wp-json\/wp\/v2\/types\/page"}],"author":[{"embeddable":true,"href":"https:\/\/vsbet.spot\/index.php\/wp-json\/wp\/v2\/users\/1"}],"replies":[{"embeddable":true,"href":"https:\/\/vsbet.spot\/index.php\/wp-json\/wp\/v2\/comments?post=17"}],"version-history":[{"count":3,"href":"https:\/\/vsbet.spot\/index.php\/wp-json\/wp\/v2\/pages\/17\/revisions"}],"predecessor-version":[{"id":287,"href":"https:\/\/vsbet.spot\/index.php\/wp-json\/wp\/v2\/pages\/17\/revisions\/287"}],"wp:featuredmedia":[{"embeddable":true,"href":"https:\/\/vsbet.spot\/index.php\/wp-json\/wp\/v2\/media\/253"}],"wp:attachment":[{"href":"https:\/\/vsbet.spot\/index.php\/wp-json\/wp\/v2\/media?parent=17"}],"curies":[{"name":"wp","href":"https:\/\/api.w.org\/{rel}","templated":true}]}}